{"id":12382,"date":"2023-08-18T15:14:38","date_gmt":"2023-08-18T21:14:38","guid":{"rendered":"https:\/\/www.oaxaca.gob.mx\/sinfra\/?page_id=12382"},"modified":"2024-08-28T16:23:56","modified_gmt":"2024-08-28T22:23:56","slug":"telecomunicaciones","status":"publish","type":"page","link":"https:\/\/www.oaxaca.gob.mx\/sinfra\/telecomunicaciones\/","title":{"rendered":"Telecomunicaciones"},"content":{"rendered":"<p style=\"font-size: 16px\" align=\"justify\">A ra\u00edz de la pandemia de COVID-19, el acceso a internet y la conectividad se han manifestado como factores de gran relevancia para garantizar el desarrollo econ\u00f3mico y social en todo el mundo. De acuerdo con datos proporcionados por la Organizaci\u00f3n de las Naciones Unidas, se ha contabilizado que el 16% de la poblaci\u00f3n mundial no tiene acceso a redes de banda ancha m\u00f3vil.<\/BR><br \/>\nEn este sentido, el Gobierno Federal, en el marco del Plan Nacional de Desarrollo (PND) 2019-2024 estableci\u00f3 como uno de sus objetivos prioritarios la cobertura de internet para todo el pa\u00eds, se\u00f1alando que adem\u00e1s de las pol\u00edticas de apoyo directo a los sectores m\u00e1s desfavorecidos, se podr\u00e1n impulsar proyectos de inversi\u00f3n en infraestructura, con especial enfoque en las regiones rezagadas.<\/BR><br \/>\nSobre estas bases, el Programa Institucional 2020-2024 del Organismo Promotor de Inversiones en Telecomunicaciones (PROMTEL) se\u00f1ala que los servicios que presta la Red Compartida servir\u00e1n de plataforma para desarrollar una verdadera econom\u00eda para el bienestar, a trav\u00e9s de la inclusi\u00f3n digital y financiera de m\u00e1s de 8 millones de habitantes que se encuentran en zonas que han sido hist\u00f3ricamente desatendidas.<\/BR><br \/>\nDe acuerdo con el Censo Nacional de Poblaci\u00f3n y Vivienda 2020, el estado de Oaxaca ocupa la pen\u00faltima posici\u00f3n a nivel nacional en porcentaje de usuarios con acceso a internet con el 52.5% y en porcentaje de usuarios con acceso a telefon\u00eda celular con el 58.8% de habitantes, lo que contribuye a una mayor desigualdad digital y menores oportunidades de desarrollo.<\/BR><br \/>\nPor lo tanto, y en sinton\u00eda con la pol\u00edtica federal de telecomunicaciones, el Gobierno Estatal impulsar\u00e1 acciones y proyectos para la integraci\u00f3n de comunidades que no cuentan con acceso a estos servicios.<\/p>\n<p><b style=\"font-size: 16px\">Objetivo<\/b><\/p>\n<p style=\"font-size: 16px\" align=\"justify\">5.1 Mejorar la infraestructura y el equipamiento p\u00fablico de las ciudades y comunidades del estado.<\/p>\n<p><b style=\"font-size: 16px\">Estrategia<\/b><\/p>\n<p style=\"font-size: 16px\" align=\"justify\">5.1.4 Impulsar proyectos de ampliaci\u00f3n y mejora de los servicios p\u00fablicos de telecomunicaciones.<\/p>\n<p><b style=\"font-size: 16px\">L\u00edneas de acci\u00f3n<\/b><\/p>\n<p style=\"font-size: 16px\" align=\"justify\">5.1.4.1 Promover la ampliaci\u00f3n de la cobertura de internet y telefon\u00eda celular en las localidades con mayor aislamiento.<br \/>\n5.1.4.2 Promover el mejoramiento de la cobertura de internet y telefon\u00eda celular en las zonas de mayor demanda.<\/p>\n<p style=\"font-size: 16px\" align=\"right\">Plan Estatal de Desarrollo 2022 &#8211; 2028<\/p>\n<p>&nbsp;<\/p>\n<h4 align=\"center\">PROGRAMAS FEDERALES<\/h4>\n<div class=\"su-tabs su-tabs-style-default su-tabs-mobile-stack\" data-active=\"1\" data-scroll-offset=\"0\" data-anchor-in-url=\"no\"><div class=\"su-tabs-nav\"><span class=\"\" data-url=\"\" data-target=\"blank\" tabindex=\"0\" role=\"button\"><strong>Cabinas Telef\u00f3nicas<\/strong><\/span><span class=\"\" data-url=\"\" data-target=\"blank\" tabindex=\"0\" role=\"button\"><strong>Conectividad en Sitios P\u00fablicos<\/strong><\/span><\/div><div class=\"su-tabs-panes\"><div class=\"su-tabs-pane su-u-clearfix su-u-trim\" data-title=\"&lt;strong&gt;Cabinas Telef\u00f3nicas&lt;\/strong&gt;\">\n<p style=\"font-size: 16px\" align=\"justify\"><img loading=\"lazy\" decoding=\"async\" src=\"https:\/\/www.oaxaca.gob.mx\/sinfra\/wp-content\/uploads\/sites\/14\/2024\/07\/Cabinas_Telefonicas_2.png\" alt=\"\" width=\"350\" height=\"400\" align=\"right\" \/>El objetivo de instalar Cabinas Telef\u00f3nicas en las cabeceras municipales es mejorar la comunicaci\u00f3n entre familias, sin importar si se encuentran en otros estados de la Rep\u00fablica Mexicana. La accesibilidad a este servicio sin costo promueve la inclusi\u00f3n en las comunidades m\u00e1s alejadas<\/p>\n<h4>Beneficios<\/h4>\n<ul style=\"font-size: 16px;text-align: left\">\n<li>Llamadas sin costo<\/li>\n<li>Llamadas a toda la Rep\u00fablica<\/li>\n<li>Priorizaci\u00f3n de zonas rurales<\/li>\n<li>Llamadas de emergencia<\/li>\n<li>Ser\u00e1n Puntos de Internet Gratuito<\/li>\n<\/ul>\n<p>&nbsp;<\/p>\n<p style=\"font-size: 16px\">Para m\u00e1s informaci\u00f3n consulta: <a href=\"https:\/\/internetparatodos.cfe.mx\/cfe_teit_servicios\/cabinas-telefonicas\/\" target=\"blank\" rel=\"noopener\">https:\/\/internetparatodos.cfe.mx\/cfe_teit_servicios\/cabinas-telefonicas\/<\/a><\/p>\n<\/div>\n<div class=\"su-tabs-pane su-u-clearfix su-u-trim\" data-title=\"&lt;strong&gt;Conectividad en Sitios P\u00fablicos&lt;\/strong&gt;\">\n<P style=\"font-size: 16px\" align=\"justify\"><img loading=\"lazy\" decoding=\"async\" src=\"https:\/\/www.oaxaca.gob.mx\/sinfra\/wp-content\/uploads\/sites\/14\/2024\/07\/mapa-sitios-publicos-25Julio2024vf.png\" alt=\"\" width=\"490\" height=\"400\" align=\"right\" \/> Tiene como objetivo contribuir al logro de la cobertura universal a trav\u00e9s de la integraci\u00f3n de un Repositorio \u00danico de Sitios P\u00fablicos (RUSP) por conectar, asociados a programas y proyectos p\u00fablicos y con necesidades de conectividad a Internet gratuito, principalmente en aquellos inmuebles ubicados dentro de las Localidades de Atenci\u00f3n Prioritaria de Cobertura Social.<\/BR><br \/>\nEl PCSP a trav\u00e9s del Repositorio \u00danico de Sitios P\u00fablicos (RUSP), es la referencia para que todos los operadores de servicios de internet en M\u00e9xico puedan considerar los sitios p\u00fablicos prioritarios identificados, para el dise\u00f1o y desarrollo de sus propios planes de conectividad, especialmente por la empresa CFE Telecomunicaciones e Internet para Todos (CFETEIT).<\/BR><br \/>\nDurante el ejercicio 2023, el gobierno de Oaxaca integr\u00f3 la propuesta de 649 sitios p\u00fablicos sin servicios de conectividad a internet para ser considerados dentro del Programa de Conectividad en Sitios P\u00fablicos (PCSP).<\/BR><br \/>\n<a href=\"https:\/\/dof.gob.mx\/nota_detalle.php?codigo=5714867&amp;fecha=23\/01\/2024#gsc.tab=0\" rel=\"noopener\" target=\"_blank\">Conectividad en Sitios P\u00fablicos 2024 de la Secretar\u00eda de\u00a0Infraestructura, Comunicaciones y Transportes<\/a><br \/>\n<\/P><\/p>\n<p style=\"font-size: 16px\">Para m\u00e1s informaci\u00f3n consulta:&nbsp;<a href=\"https:\/\/internetparatodos.cfe.mx\/\" target=\"blank\" rel=\"noopener\">https:\/\/internetparatodos.cfe.mx\/<\/a><\/p>\n<\/div><\/div><\/div>\n","protected":false},"excerpt":{"rendered":"<p>A ra\u00edz de la pandemia de COVID-19, el acceso a internet y la conectividad se han manifestado como factores de gran relevancia para garantizar el desarrollo econ\u00f3mico y social en todo el mundo. De acuerdo con datos proporcionados por la Organizaci\u00f3n de las Naciones Unidas, se ha contabilizado que el 16% de la poblaci\u00f3n mundial [&hellip;]<\/p>\n","protected":false},"author":14,"featured_media":0,"parent":0,"menu_order":0,"comment_status":"closed","ping_status":"closed","template":"","meta":{"episode_type":"","audio_file":"","podmotor_file_id":"","podmotor_episode_id":"","cover_image":"","cover_image_id":"","duration":"","filesize":"","filesize_raw":"","date_recorded":"","explicit":"","block":"","itunes_episode_number":"","itunes_title":"","itunes_season_number":"","itunes_episode_type":"","footnotes":""},"categories":[],"tags":[],"class_list":["post-12382","page","type-page","status-publish","hentry"],"acf":[],"publishpress_future_action":{"enabled":false,"date":"2026-05-14 11:31:51","action":"change-status","newStatus":"draft","terms":[],"taxonomy":"category","extraData":[]},"publishpress_future_workflow_manual_trigger":{"enabledWorkflows":[]},"_links":{"self":[{"href":"https:\/\/www.oaxaca.gob.mx\/sinfra\/wp-json\/wp\/v2\/pages\/12382","targetHints":{"allow":["GET"]}}],"collection":[{"href":"https:\/\/www.oaxaca.gob.mx\/sinfra\/wp-json\/wp\/v2\/pages"}],"about":[{"href":"https:\/\/www.oaxaca.gob.mx\/sinfra\/wp-json\/wp\/v2\/types\/page"}],"author":[{"embeddable":true,"href":"https:\/\/www.oaxaca.gob.mx\/sinfra\/wp-json\/wp\/v2\/users\/14"}],"replies":[{"embeddable":true,"href":"https:\/\/www.oaxaca.gob.mx\/sinfra\/wp-json\/wp\/v2\/comments?post=12382"}],"version-history":[{"count":3,"href":"https:\/\/www.oaxaca.gob.mx\/sinfra\/wp-json\/wp\/v2\/pages\/12382\/revisions"}],"predecessor-version":[{"id":13543,"href":"https:\/\/www.oaxaca.gob.mx\/sinfra\/wp-json\/wp\/v2\/pages\/12382\/revisions\/13543"}],"wp:attachment":[{"href":"https:\/\/www.oaxaca.gob.mx\/sinfra\/wp-json\/wp\/v2\/media?parent=12382"}],"wp:term":[{"taxonomy":"category","embeddable":true,"href":"https:\/\/www.oaxaca.gob.mx\/sinfra\/wp-json\/wp\/v2\/categories?post=12382"},{"taxonomy":"post_tag","embeddable":true,"href":"https:\/\/www.oaxaca.gob.mx\/sinfra\/wp-json\/wp\/v2\/tags?post=12382"}],"curies":[{"name":"wp","href":"https:\/\/api.w.org\/{rel}","templated":true}]}}