{"id":12087,"date":"2023-03-24T17:00:27","date_gmt":"2023-03-24T23:00:27","guid":{"rendered":"https:\/\/www.oaxaca.gob.mx\/sinfra\/?page_id=12087"},"modified":"2023-03-27T15:18:45","modified_gmt":"2023-03-27T21:18:45","slug":"leyes-federales-y-estatales","status":"publish","type":"page","link":"https:\/\/www.oaxaca.gob.mx\/sinfra\/leyes-federales-y-estatales\/","title":{"rendered":"Leyes Federales y Estatales"},"content":{"rendered":"<nav style=\"margin-bottom: 30px\">\n<div id=\"nav-tab\" class=\"nav nav-tabs\" role=\"tablist\">\n<a id=\"nav_tab_uno\" class=\"nav-item nav-link active\" role=\"tab\" href=\"#nav_uno\" data-toggle=\"tab\">Leyes Federales<\/a><br \/>\n<a id=\"nav_tab_dos\" class=\"nav-item nav-link \" role=\"tab\" href=\"#nav_dos\" data-toggle=\"tab\">Leyes Estatales<\/a>\n<\/div>\n<\/nav>\n<div id=\"nav-tabContent\" class=\"tab-content\">\n<div id=\"nav_uno\" class=\"tab-pane fade show active\" role=\"tabpanel\" aria-labelledby=\"nav_tab_uno\">\n<h2>Leyes Federales<\/h2>\n<p><\/br><\/p>\n<h3>Codigo<\/h3>\n<p>                 <a href=\"https:\/\/www.oaxaca.gob.mx\/sinfra\/wp-content\/uploads\/sites\/14\/2023\/03\/CODIGO-FISCAL-DE-LA-FEDERACION.pdf\">C\u00f3digo Fiscal de la Federaci\u00f3n <i class=\"far fa-file-pdf fa-2x\"> <\/i><\/a>       <\/br><\/br><\/p>\n<h3>Constituci\u00f3n<\/h3>\n<p>                    <a href=\"https:\/\/www.oaxaca.gob.mx\/sinfra\/wp-content\/uploads\/sites\/14\/2023\/03\/Constitucion-Politica-de-los-Estados-Unidos-Mexicanos.pdf\">Constituci\u00f3n Pol\u00edtica de los Estados Unidos Mexicanos <i class=\"far fa-file-pdf fa-2x\"> <\/i><\/a><br \/>\n<\/br><\/p>\n<h3> Leyes<\/h3>\n<p> <a href=\"https:\/\/www.oaxaca.gob.mx\/sinfra\/wp-content\/uploads\/sites\/14\/2023\/03\/Ley-de-Contabilidad-Gubernamental.pdf\">Ley de Contabilidad Gubernamental  <i class=\"far fa-file-pdf fa-2x\"> <\/i><\/a><br \/>\n <a href=\"https:\/\/www.oaxaca.gob.mx\/sinfra\/wp-content\/uploads\/sites\/14\/2023\/03\/LEY-DE-OBRAS-PUBLICAS-Y-SERVICIOS-RELACIONADAS-CON-LAS-MISMAS-FEDERAL-.pdf\">Ley de Obras P\u00fablicas y Servicios Relacionados con las mismas <i class=\"far fa-file-pdf fa-2x\"> <\/i><\/a>\n                  <\/div>\n<div id=\"nav_dos\" class=\"tab-pane fade show\" role=\"tabpanel\" aria-labelledby=\"nav_tab_dos\">\n<h2> Leyes Estatales<br \/>\n                                 <\/br><\/p>\n<h3>Codigo<\/h3>\n<p>                 <a href=\"https:\/\/www.oaxaca.gob.mx\/sinfra\/wp-content\/uploads\/sites\/14\/2023\/03\/Codigo-de-Procedimientos-Civiles-para-el-Edo-Oax-Ref_Dto_2125_aprob_LXIV_Legis_20_ene_2021_PO_11_8a_secc_13_mzo_2021.pdf\">C\u00f3digo de Procedimiento Civiles para el Estado de Oaxaca<i class=\"far fa-file-pdf fa-2x\"> <\/i><\/a>       <\/br><\/p>\n<p><a href=\"https:\/\/www.oaxaca.gob.mx\/sinfra\/wp-content\/uploads\/sites\/14\/2023\/03\/Codigo_Fiscal_para_el_Estado_de_Oaxaca_Dto_ref_9_aprob_LXV_Legis_9_dic_2021_PO_51_16a_secc_18_dic_2021.pdf\">C\u00f3digo Fiscal para el Estado de Oaxaca<i class=\"far fa-file-pdf fa-2x\"> <\/i><\/a><br \/>\n<\/br><\/p>\n<h3>Constituci\u00f3n<\/h3>\n<p>                    <a href=\"https:\/\/www.oaxaca.gob.mx\/sinfra\/wp-content\/uploads\/sites\/14\/2023\/03\/Constitucion_Politica_del_Estado_Libre_y_Soberano_de_Oaxaca_Dto_ref_761_aprob_LXV_Legis_21_dic_2022_PO_Extra_27_dic_2022.pdf\">Constituci\u00f3n Pol\u00edtica del Estado Libre y Soberano de Oaxaca<i class=\"far fa-file-pdf fa-2x\"> <\/i><\/a><br \/>\n<\/br><\/p>\n<h3> Leyes<\/h3>\n<p> <a href=\"https:\/\/www.oaxaca.gob.mx\/sinfra\/wp-content\/uploads\/sites\/14\/2023\/03\/Ley-de-Archivos-para-el-Estado-de-Oaxaca-txt_orig_Dto_1193_aprob_LXIV_Legis_15_ene_2020_PO_7_XXVI_Secc_15_feb_2020.pdf\">Ley de Archivos para el Estado de Oaxaca <i class=\"far fa-file-pdf fa-2x\"> <\/i><\/a> <\/br><\/p>\n<p> <a href=\"https:\/\/www.oaxaca.gob.mx\/sinfra\/wp-content\/uploads\/sites\/14\/2023\/03\/Ley-de-Entrega-y-Recepcion-de-los-Recursos-y-Bienes-del-Estadodto_ref_2777_aprob_LXIV_Legis_22_sep_2021_PO_41_8a_Secc_9_oct_2021.pdf\">Ley de Entrega-Recepci\u00f3n de los Recursos y Bienes del Estado de Oaxaca <i class=\"far fa-file-pdf fa-2x\"> <\/i><\/a><br \/>\n<\/br><\/p>\n<p> <a href=\"https:\/\/www.oaxaca.gob.mx\/sinfra\/wp-content\/uploads\/sites\/14\/2023\/03\/LEY-DE-JUSTICIA-ADMINISTRATIVA.pdf\">Ley de Procedimiento y Justicia Administrativa para el Estado de Oaxaca <i class=\"far fa-file-pdf fa-2x\"> <\/i><\/a><br \/>\n<\/br><\/p>\n<p> <a href=\"https:\/\/www.oaxaca.gob.mx\/sinfra\/wp-content\/uploads\/sites\/14\/2023\/03\/Ley-de-Obras-Publicas-y-Servicios-Relacionados-del-Estado-del-Estado-de-Oaxaca-Dto_Ref_641_aprob_por_LXV_Legis_13_jul_2022_PO_32_8a_secc_6_ago_2022.pdf\">Ley de Obras P\u00fablicas y Servicios Relacionados del Estado de Oaxaca <i class=\"far fa-file-pdf fa-2x\"> <\/i><\/a><br \/>\n<\/br><\/p>\n<p> <a href=\"https:\/\/www.oaxaca.gob.mx\/sinfra\/wp-content\/uploads\/sites\/14\/2023\/03\/Ley-de-Ordenamiento-Territorial-y-Desarrollo-Urbano-para-el-Estado-de-Oaxaca.pdf\">Ley de Ordenamiento Territorial y Desarrollo Urbano para el Estado de Oaxaca <i class=\"far fa-file-pdf fa-2x\"> <\/i><\/a><br \/>\n<\/br><\/p>\n<p><a href=\"https:\/\/www.oaxaca.gob.mx\/sinfra\/wp-content\/uploads\/sites\/14\/2023\/03\/LEY-DE-PROCEDIMIENTO-Y-JUSTICIA-ADMINISTRATIVA-PARA-EL-ESTADO-DE-OAXACA.pdf\">Ley de Procedimiento y Justicia Administrativa para el Estado de Oaxaca<i class=\"far fa-file-pdf fa-2x\"> <\/i><\/a><br \/>\n<\/br><\/p>\n<p><a href=\"https:\/\/www.oaxaca.gob.mx\/sinfra\/wp-content\/uploads\/sites\/14\/2023\/03\/Ley-de-Responsabilidades-Administrativas-del-Estado-y_Municipios_de_Oaxaca_Dto_ref_2906_aprob_LXIV_Legis_22_oct_2021_PO_49_Sexta_Seccion_4_dic_.pdf\">Ley de Responsabilidades Administrativas del Estado y Municipios de Oaxaca<i class=\"far fa-file-pdf fa-2x\"> <\/i><\/a><br \/>\n<\/br><\/p>\n<p><a href=\"https:\/\/www.oaxaca.gob.mx\/sinfra\/wp-content\/uploads\/sites\/14\/2023\/03\/Ley-Estatal-de-Presupuesto-y-Responsabilidad-Hacendaria-Ref_Dto_14_aprob_LXV_Legis_9_dic_2021_PO_51_16a_Secc_18_dic_2021.pdf\">Ley Estatal de Presupuesto y Responsabilidad Hacendar\u00eda<i class=\"far fa-file-pdf fa-2x\"> <\/i><\/a><br \/>\n<\/br><\/p>\n<p><a href=\"https:\/\/www.oaxaca.gob.mx\/sinfra\/wp-content\/uploads\/sites\/14\/2023\/03\/REFORMA-A-LA-LEY-ORGANICA-2022-11-30.pdf\">Reforma a la Ley Org\u00e1nica<i class=\"far fa-file-pdf fa-2x\"> <\/i><\/a><br \/>\n<\/br><\/p><\/div>\n<\/div><\/div>\n","protected":false},"excerpt":{"rendered":"<p>Leyes Federales Leyes Estatales Leyes Federales Codigo C\u00f3digo Fiscal de la Federaci\u00f3n Constituci\u00f3n Constituci\u00f3n Pol\u00edtica de los Estados Unidos Mexicanos Leyes Ley de Contabilidad Gubernamental Ley de Obras P\u00fablicas y Servicios Relacionados con las mismas Leyes Estatales Codigo C\u00f3digo de Procedimiento Civiles para el Estado de Oaxaca C\u00f3digo Fiscal para el Estado de Oaxaca Constituci\u00f3n [&hellip;]<\/p>\n","protected":false},"author":14,"featured_media":0,"parent":0,"menu_order":0,"comment_status":"closed","ping_status":"closed","template":"","meta":{"episode_type":"","audio_file":"","podmotor_file_id":"","podmotor_episode_id":"","cover_image":"","cover_image_id":"","duration":"","filesize":"","filesize_raw":"","date_recorded":"","explicit":"","block":"","itunes_episode_number":"","itunes_title":"","itunes_season_number":"","itunes_episode_type":"","footnotes":""},"categories":[],"tags":[],"class_list":["post-12087","page","type-page","status-publish","hentry"],"acf":[],"publishpress_future_action":{"enabled":false,"date":"2026-05-04 11:34:23","action":"change-status","newStatus":"draft","terms":[],"taxonomy":"category","extraData":[]},"publishpress_future_workflow_manual_trigger":{"enabledWorkflows":[]},"_links":{"self":[{"href":"https:\/\/www.oaxaca.gob.mx\/sinfra\/wp-json\/wp\/v2\/pages\/12087","targetHints":{"allow":["GET"]}}],"collection":[{"href":"https:\/\/www.oaxaca.gob.mx\/sinfra\/wp-json\/wp\/v2\/pages"}],"about":[{"href":"https:\/\/www.oaxaca.gob.mx\/sinfra\/wp-json\/wp\/v2\/types\/page"}],"author":[{"embeddable":true,"href":"https:\/\/www.oaxaca.gob.mx\/sinfra\/wp-json\/wp\/v2\/users\/14"}],"replies":[{"embeddable":true,"href":"https:\/\/www.oaxaca.gob.mx\/sinfra\/wp-json\/wp\/v2\/comments?post=12087"}],"version-history":[{"count":12,"href":"https:\/\/www.oaxaca.gob.mx\/sinfra\/wp-json\/wp\/v2\/pages\/12087\/revisions"}],"predecessor-version":[{"id":12114,"href":"https:\/\/www.oaxaca.gob.mx\/sinfra\/wp-json\/wp\/v2\/pages\/12087\/revisions\/12114"}],"wp:attachment":[{"href":"https:\/\/www.oaxaca.gob.mx\/sinfra\/wp-json\/wp\/v2\/media?parent=12087"}],"wp:term":[{"taxonomy":"category","embeddable":true,"href":"https:\/\/www.oaxaca.gob.mx\/sinfra\/wp-json\/wp\/v2\/categories?post=12087"},{"taxonomy":"post_tag","embeddable":true,"href":"https:\/\/www.oaxaca.gob.mx\/sinfra\/wp-json\/wp\/v2\/tags?post=12087"}],"curies":[{"name":"wp","href":"https:\/\/api.w.org\/{rel}","templated":true}]}}