{"id":11544,"date":"2023-02-02T17:18:40","date_gmt":"2023-02-02T23:18:40","guid":{"rendered":"https:\/\/www.oaxaca.gob.mx\/sinfra\/?page_id=11544"},"modified":"2023-02-24T17:07:27","modified_gmt":"2023-02-24T23:07:27","slug":"resultado-de-auditorias-de-desempeno-realizada-a-la-cuenta-publica-estatal-2021","status":"publish","type":"page","link":"https:\/\/www.oaxaca.gob.mx\/sinfra\/resultado-de-auditorias-de-desempeno-realizada-a-la-cuenta-publica-estatal-2021\/","title":{"rendered":"Informe o Reportes de Obra"},"content":{"rendered":"<p><a href=\"https:\/\/www.oaxaca.gob.mx\/sinfra\/wp-content\/uploads\/sites\/14\/2023\/02\/REPORTE-O-AUT-EN-LOS-DIFE-CEN-URBANOS-DE-POBLACION-2021.pdf\" target=\"_blank\" rel=\"noopener noreferrer\"><i class=\"far fa-file-pdf fa-2x\"><\/i>Reporte de obras autorizadas en los diferentes centros urbanos de poblaci\u00f3n, Ejercicio 2021<\/a><\/p>\n<p><a href=\"https:\/\/www.oaxaca.gob.mx\/sinfra\/wp-content\/uploads\/sites\/14\/2023\/02\/PROY-INVERSION-AUTORIZADOS-REALIZADOS-2021.pdf\" target=\"_blank\" rel=\"noopener noreferrer\"><i class=\"far fa-file-pdf fa-2x\"><\/i>Reporte de Proyectos de Inversi\u00f3n Autorizados en el Ejercicio 2021, con el registro de Avance F\u00edsico<\/a><\/p>\n<p><a href=\"https:\/\/www.oaxaca.gob.mx\/sinfra\/wp-content\/uploads\/sites\/14\/2023\/02\/PROY-DE-INVERSION-PUBLICA-REFRENDADOS-EN-2021.pdf\" target=\"_blank\" rel=\"noopener noreferrer\"><i class=\"far fa-file-pdf fa-2x\"><\/i>Reporte de Proyectos de Inversi\u00f3n P\u00fablica refrendados a 2021<\/a><\/p>\n","protected":false},"excerpt":{"rendered":"<p>Reporte de obras autorizadas en los diferentes centros urbanos de poblaci\u00f3n, Ejercicio 2021 Reporte de Proyectos de Inversi\u00f3n Autorizados en el Ejercicio 2021, con el registro de Avance F\u00edsico Reporte de Proyectos de Inversi\u00f3n P\u00fablica refrendados a 2021<\/p>\n","protected":false},"author":14,"featured_media":0,"parent":0,"menu_order":0,"comment_status":"closed","ping_status":"closed","template":"","meta":{"episode_type":"","audio_file":"","podmotor_file_id":"","podmotor_episode_id":"","cover_image":"","cover_image_id":"","duration":"","filesize":"","filesize_raw":"","date_recorded":"","explicit":"","block":"","itunes_episode_number":"","itunes_title":"","itunes_season_number":"","itunes_episode_type":"","footnotes":""},"categories":[],"tags":[],"class_list":["post-11544","page","type-page","status-publish","hentry"],"acf":[],"publishpress_future_action":{"enabled":false,"date":"2026-05-23 20:07:03","action":"change-status","newStatus":"draft","terms":[],"taxonomy":"category","extraData":[]},"publishpress_future_workflow_manual_trigger":{"enabledWorkflows":[]},"_links":{"self":[{"href":"https:\/\/www.oaxaca.gob.mx\/sinfra\/wp-json\/wp\/v2\/pages\/11544","targetHints":{"allow":["GET"]}}],"collection":[{"href":"https:\/\/www.oaxaca.gob.mx\/sinfra\/wp-json\/wp\/v2\/pages"}],"about":[{"href":"https:\/\/www.oaxaca.gob.mx\/sinfra\/wp-json\/wp\/v2\/types\/page"}],"author":[{"embeddable":true,"href":"https:\/\/www.oaxaca.gob.mx\/sinfra\/wp-json\/wp\/v2\/users\/14"}],"replies":[{"embeddable":true,"href":"https:\/\/www.oaxaca.gob.mx\/sinfra\/wp-json\/wp\/v2\/comments?post=11544"}],"version-history":[{"count":3,"href":"https:\/\/www.oaxaca.gob.mx\/sinfra\/wp-json\/wp\/v2\/pages\/11544\/revisions"}],"predecessor-version":[{"id":13193,"href":"https:\/\/www.oaxaca.gob.mx\/sinfra\/wp-json\/wp\/v2\/pages\/11544\/revisions\/13193"}],"wp:attachment":[{"href":"https:\/\/www.oaxaca.gob.mx\/sinfra\/wp-json\/wp\/v2\/media?parent=11544"}],"wp:term":[{"taxonomy":"category","embeddable":true,"href":"https:\/\/www.oaxaca.gob.mx\/sinfra\/wp-json\/wp\/v2\/categories?post=11544"},{"taxonomy":"post_tag","embeddable":true,"href":"https:\/\/www.oaxaca.gob.mx\/sinfra\/wp-json\/wp\/v2\/tags?post=11544"}],"curies":[{"name":"wp","href":"https:\/\/api.w.org\/{rel}","templated":true}]}}