{"id":813,"date":"2019-05-13T16:40:38","date_gmt":"2019-05-13T21:40:38","guid":{"rendered":"https:\/\/www.oaxaca.gob.mx\/sicocoi\/?page_id=813"},"modified":"2025-06-09T13:26:53","modified_gmt":"2025-06-09T19:26:53","slug":"preguntas-frecuentes","status":"publish","type":"page","link":"https:\/\/www.oaxaca.gob.mx\/sicocoi\/preguntas-frecuentes\/","title":{"rendered":"Preguntas frecuentes"},"content":{"rendered":"<div style=\"text-align: center;font-weight: bold\">\u00bfQui\u00e9n y cu\u00e1ndo debe emitir la convocatoria de una sesi\u00f3n?<\/div>\n<div style=\"text-align: justify\">La convocatoria deber\u00e1 remitirla el Vocal Ejecutivo a los miembros del comit\u00e9 e invitados, se\u00f1alando el lugar, la fecha y hora de celebraci\u00f3n de la sesi\u00f3n.<br \/>\nDeber\u00e1 notificarse con una anticipaci\u00f3n no menor a cinco d\u00edas h\u00e1biles cuando se trate de una sesi\u00f3n ordinaria. Para el caso de las sesiones extraordinarias, se notificar\u00e1 con una anticipaci\u00f3n de dos d\u00edas h\u00e1biles.<\/div>\n<div style=\"text-align: center;font-weight: bold;margin-top: 2em\">\u00bfQu\u00e9 hacer en caso de no contar con el qu\u00f3rum requerido en una sesi\u00f3n?<\/div>\n<div style=\"text-align: justify\">El qu\u00f3rum legal del Comit\u00e9 se integrar\u00e1 con la asistencia de la mayor\u00eda de sus miembros, siempre que participen el Presidente y el Vocal Ejecutivo.<br \/>\nCuando no se re\u00fana el qu\u00f3rum requerido, el Vocal Ejecutivo har\u00e1 constar por escrito dicha circunstancia y el siguiente d\u00eda h\u00e1bil deber\u00e1 emitir una segunda convocatoria para realizar la sesi\u00f3n, la cual deber\u00e1 celebrarse dentro de los tres d\u00edas h\u00e1biles siguientes a la fecha de la emisi\u00f3n de esta.<\/div>\n<div style=\"text-align: center;font-weight: bold;margin-top: 2em\">\u00bfQu\u00e9 hacer en caso de necesitar una reprogramaci\u00f3n de sesi\u00f3n?<\/div>\n<div style=\"text-align: center;font-weight: bold\">Existiendo convocatoria previa:<\/div>\n<div style=\"text-align: justify\">En caso de haber emitido convocatoria previa, deber\u00e1 remitirse nueva convocatoria dirigida a la L.C.P. Leticia Elsa Reyes L\u00f3pez , Titular de la Secretar\u00eda de Honestidad, Transparencia y Funci\u00f3n P\u00fablica con atenci\u00f3n a la L.C.P. Jes\u00fas Acevedo Merl\u00edn, Director de Control Interno de la Gesti\u00f3n P\u00fablica, indicando los motivos y la justificaci\u00f3n por la cual deber\u00e1 celebrarse la sesi\u00f3n en fecha y hora distinta a la programada.<\/div>\n<div style=\"text-align: center;font-weight: bold\">No existiendo convocatoria previa:<\/div>\n<div style=\"text-align: justify\">En caso no de haber emitido convocatoria, deber\u00e1 remitirse la convocatoria dirigida a la L.C.P. Leticia Elsa Reyes L\u00f3pez , Titular de la Secretar\u00eda de Honestidad, Transparencia y Funci\u00f3n P\u00fablica con atenci\u00f3n a la L.C.P. Jes\u00fas Acevedo Merl\u00edn, Director de Control Interno de la Gesti\u00f3n P\u00fablica, estableciendo fecha y hora para reprogramaci\u00f3n de la sesi\u00f3n, asi como anexarse el orden del d\u00eda correspondiente.<\/div>\n<div style=\"text-align: center;font-weight: bold;margin-top: 2em\">\u00bfQui\u00e9n debe realizar el acta de sesi\u00f3n?<\/div>\n<div style=\"text-align: justify\">El Vocal Ejecutivo deber\u00e1 elaborar las actas de sesiones, remitirlas para revisi\u00f3n de los miembros del Comit\u00e9 y recabar las firmas correspondientes. Se sugiere trabajar previamente el proyecto de acta conjuntamente con el personal de la Direcci\u00f3n de Control Interno de la Gesti\u00f3n P\u00fablica, para garantizar su firma al t\u00e9rmino de la sesi\u00f3n.<\/div>\n<div style=\"text-align: center;font-weight: bold;margin-top: 2em\">\u00bfCu\u00e1ndo debo realizar mi autoevaluaci\u00f3n del Sistema de Control Interno Institucional?<\/div>\n<div style=\"text-align: justify\">El Sistema de Control Interno Institucional (SCII) deber\u00e1 ser evaluado anualmente, en el mes de noviembre de cada ejercicio, por los servidores p\u00fablicos responsables de los procesos prioritarios que previamente fueron seleccionados, identificando y conservando la evidencia documental y\/o electr\u00f3nica que acredite la existencia y suficiencia de la implementaci\u00f3n de los 5 normas generales y sus 17 Principios.<\/div>\n<div style=\"text-align: center;font-weight: bold;margin-top: 2em\">\u00bfPor qu\u00e9 debo realizar mi autoevaluaci\u00f3n del Sistema de Control Interno Institucional?<\/div>\n<div style=\"text-align: justify\">Para que el Coordinador de Control Interno detecte conjuntamente con los responsables de los procesos prioritarios seleccionados (sustantivos y administrativos), la existencia y suficiencia de los elementos de control al interior de cada proceso, y de esta manera, se proceda a establecer y comprometer acciones de mejora en el Programa de Trabajo de Control Interno del siguiente ejercicio, siempre y cuando se identifiquen debilidades de control interno o \u00e1reas de oportunidad que permitan fortalecer el SCII.<\/div>\n","protected":false},"excerpt":{"rendered":"<p>\u00bfQui\u00e9n y cu\u00e1ndo debe emitir la convocatoria de una sesi\u00f3n? La convocatoria deber\u00e1 remitirla el Vocal Ejecutivo a los miembros del comit\u00e9 e invitados, se\u00f1alando el lugar, la fecha y hora de celebraci\u00f3n de la sesi\u00f3n. Deber\u00e1 notificarse con una anticipaci\u00f3n no menor a cinco d\u00edas h\u00e1biles cuando se trate de una sesi\u00f3n ordinaria. Para [&hellip;]<\/p>\n","protected":false},"author":1,"featured_media":0,"parent":0,"menu_order":0,"comment_status":"closed","ping_status":"closed","template":"","meta":{"episode_type":"","audio_file":"","podmotor_file_id":"","podmotor_episode_id":"","cover_image":"","cover_image_id":"","duration":"","filesize":"","filesize_raw":"","date_recorded":"","explicit":"","block":"","itunes_episode_number":"","itunes_title":"","itunes_season_number":"","itunes_episode_type":"","footnotes":""},"categories":[],"tags":[],"class_list":["post-813","page","type-page","status-publish","hentry"],"acf":[],"publishpress_future_action":{"enabled":false,"date":"2026-05-15 11:34:57","action":"change-status","newStatus":"draft","terms":[],"taxonomy":"category","extraData":[]},"publishpress_future_workflow_manual_trigger":{"enabledWorkflows":[]},"_links":{"self":[{"href":"https:\/\/www.oaxaca.gob.mx\/sicocoi\/wp-json\/wp\/v2\/pages\/813","targetHints":{"allow":["GET"]}}],"collection":[{"href":"https:\/\/www.oaxaca.gob.mx\/sicocoi\/wp-json\/wp\/v2\/pages"}],"about":[{"href":"https:\/\/www.oaxaca.gob.mx\/sicocoi\/wp-json\/wp\/v2\/types\/page"}],"author":[{"embeddable":true,"href":"https:\/\/www.oaxaca.gob.mx\/sicocoi\/wp-json\/wp\/v2\/users\/1"}],"replies":[{"embeddable":true,"href":"https:\/\/www.oaxaca.gob.mx\/sicocoi\/wp-json\/wp\/v2\/comments?post=813"}],"version-history":[{"count":2,"href":"https:\/\/www.oaxaca.gob.mx\/sicocoi\/wp-json\/wp\/v2\/pages\/813\/revisions"}],"predecessor-version":[{"id":4369,"href":"https:\/\/www.oaxaca.gob.mx\/sicocoi\/wp-json\/wp\/v2\/pages\/813\/revisions\/4369"}],"wp:attachment":[{"href":"https:\/\/www.oaxaca.gob.mx\/sicocoi\/wp-json\/wp\/v2\/media?parent=813"}],"wp:term":[{"taxonomy":"category","embeddable":true,"href":"https:\/\/www.oaxaca.gob.mx\/sicocoi\/wp-json\/wp\/v2\/categories?post=813"},{"taxonomy":"post_tag","embeddable":true,"href":"https:\/\/www.oaxaca.gob.mx\/sicocoi\/wp-json\/wp\/v2\/tags?post=813"}],"curies":[{"name":"wp","href":"https:\/\/api.w.org\/{rel}","templated":true}]}}