{"id":802,"date":"2019-05-13T15:31:50","date_gmt":"2019-05-13T20:31:50","guid":{"rendered":"https:\/\/www.oaxaca.gob.mx\/sicocoi\/?page_id=802"},"modified":"2024-03-04T12:29:10","modified_gmt":"2024-03-04T18:29:10","slug":"marco-normativo","status":"publish","type":"page","link":"https:\/\/www.oaxaca.gob.mx\/sicocoi\/marco-normativo\/","title":{"rendered":"Marco Normativo"},"content":{"rendered":"<section id=\"accordion\">\n<section class=\"card\">\n<div id=\"headingOne\" class=\"card-header\">\n<h5 class=\"mb-0\"><button class=\"btn btn-link collapsed text-left\" data-bs-toggle=\"collapse\" data-bs-target=\"#collapse1\">Acuerdo por el que se expiden las Disposiciones en materia de Control Interno y el Manual Administrativo de aplicaci\u00f3n general en materia de Control Interno<\/button><\/h5>\n<\/div>\n<div id=\"collapse1\" class=\"collapse\" aria-labelledby=\"headingTwo\" data-parent=\"#accordion\">\n<div class=\"card-body\">\n<ul>\n<li><a href=\"https:\/\/www.oaxaca.gob.mx\/sicocoi\/wp-content\/uploads\/sites\/11\/2023\/11\/MANUAL_ADMINISTRATIVO_2023.pdf\" target=\"_blank\" rel=\"noopener noreferrer\"><img decoding=\"async\" style=\"width: 32px;height: 32px;margin-right: 5px\" src=\"https:\/\/www.oaxaca.gob.mx\/sicocoi\/wp-content\/uploads\/sites\/11\/2019\/05\/Pdf-icon.png\" \/>Descargar<\/a><\/li>\n<\/ul>\n<\/div>\n<\/div>\n<\/section>\n<section class=\"card\">\n<div id=\"headingOne\" class=\"card-header\">\n<h5 class=\"mb-0\"><button class=\"btn btn-link collapsed text-left\" data-bs-toggle=\"collapse\" data-bs-target=\"#collapse2\">Acuerdo de Coordinaci\u00f3n en materia de control Interno, fiscalizaci\u00f3n, prevenci\u00f3n detecci\u00f3n, disuasi\u00f3n de echo de corrupci\u00f3n y mejora de la Gesti\u00f3n Gubernamental, que celebran la Secretar\u00eda de la Funci\u00f3n Publica y el Estado de Oaxaca<\/button><\/h5>\n<\/div>\n<div id=\"collapse2\" class=\"collapse\" aria-labelledby=\"headingTwo\" data-parent=\"#accordion\">\n<div class=\"card-body\">\n<ul>\n<li><a href=\"https:\/\/www.oaxaca.gob.mx\/sicocoi\/wp-content\/uploads\/sites\/11\/2019\/05\/Anexo-002.pdf\" target=\"_blank\" rel=\"noopener noreferrer\"><img decoding=\"async\" style=\"width: 32px;height: 32px;margin-right: 5px\" src=\"https:\/\/www.oaxaca.gob.mx\/sicocoi\/wp-content\/uploads\/sites\/11\/2019\/05\/Pdf-icon.png\" \/>Descargar<\/a><\/li>\n<\/ul>\n<\/div>\n<\/div>\n<\/section>\n<section class=\"card\">\n<div id=\"headingOne\" class=\"card-header\">\n<h5 class=\"mb-0\"><button class=\"btn btn-link collapsed\" data-bs-toggle=\"collapse\" data-bs-target=\"#collapse3\">Plan Estatal de Desarrollo 2022-2028<\/button><\/h5>\n<\/div>\n<div id=\"collapse3\" class=\"collapse\" aria-labelledby=\"headingTwo\" data-parent=\"#accordion\">\n<div class=\"card-body\">\n<ul>\n<li><a href=\"https:\/\/www.oaxaca.gob.mx\/sicocoi\/wp-content\/uploads\/sites\/11\/2023\/11\/PED_2022-208.pdf\" target=\"_blank\" rel=\"noopener noreferrer\"><img decoding=\"async\" style=\"width: 32px;height: 32px;margin-right: 5px\" src=\"https:\/\/www.oaxaca.gob.mx\/sicocoi\/wp-content\/uploads\/sites\/11\/2019\/05\/Pdf-icon.png\" \/>Descargar<\/a><\/li>\n<\/ul>\n<\/div>\n<\/div>\n<\/section>\n<\/section>\n","protected":false},"excerpt":{"rendered":"<p>Acuerdo por el que se expiden las Disposiciones en materia de Control Interno y el Manual Administrativo de aplicaci\u00f3n general en materia de Control Interno Descargar Acuerdo de Coordinaci\u00f3n en materia de control Interno, fiscalizaci\u00f3n, prevenci\u00f3n detecci\u00f3n, disuasi\u00f3n de echo de corrupci\u00f3n y mejora de la Gesti\u00f3n Gubernamental, que celebran la Secretar\u00eda de la Funci\u00f3n [&hellip;]<\/p>\n","protected":false},"author":1,"featured_media":0,"parent":0,"menu_order":0,"comment_status":"closed","ping_status":"closed","template":"","meta":{"episode_type":"","audio_file":"","podmotor_file_id":"","podmotor_episode_id":"","cover_image":"","cover_image_id":"","duration":"","filesize":"","filesize_raw":"","date_recorded":"","explicit":"","block":"","itunes_episode_number":"","itunes_title":"","itunes_season_number":"","itunes_episode_type":"","footnotes":""},"categories":[],"tags":[],"class_list":["post-802","page","type-page","status-publish","hentry"],"acf":[],"publishpress_future_action":{"enabled":false,"date":"2026-05-11 03:28:44","action":"change-status","newStatus":"draft","terms":[],"taxonomy":"category","extraData":[]},"publishpress_future_workflow_manual_trigger":{"enabledWorkflows":[]},"_links":{"self":[{"href":"https:\/\/www.oaxaca.gob.mx\/sicocoi\/wp-json\/wp\/v2\/pages\/802","targetHints":{"allow":["GET"]}}],"collection":[{"href":"https:\/\/www.oaxaca.gob.mx\/sicocoi\/wp-json\/wp\/v2\/pages"}],"about":[{"href":"https:\/\/www.oaxaca.gob.mx\/sicocoi\/wp-json\/wp\/v2\/types\/page"}],"author":[{"embeddable":true,"href":"https:\/\/www.oaxaca.gob.mx\/sicocoi\/wp-json\/wp\/v2\/users\/1"}],"replies":[{"embeddable":true,"href":"https:\/\/www.oaxaca.gob.mx\/sicocoi\/wp-json\/wp\/v2\/comments?post=802"}],"version-history":[{"count":2,"href":"https:\/\/www.oaxaca.gob.mx\/sicocoi\/wp-json\/wp\/v2\/pages\/802\/revisions"}],"predecessor-version":[{"id":3744,"href":"https:\/\/www.oaxaca.gob.mx\/sicocoi\/wp-json\/wp\/v2\/pages\/802\/revisions\/3744"}],"wp:attachment":[{"href":"https:\/\/www.oaxaca.gob.mx\/sicocoi\/wp-json\/wp\/v2\/media?parent=802"}],"wp:term":[{"taxonomy":"category","embeddable":true,"href":"https:\/\/www.oaxaca.gob.mx\/sicocoi\/wp-json\/wp\/v2\/categories?post=802"},{"taxonomy":"post_tag","embeddable":true,"href":"https:\/\/www.oaxaca.gob.mx\/sicocoi\/wp-json\/wp\/v2\/tags?post=802"}],"curies":[{"name":"wp","href":"https:\/\/api.w.org\/{rel}","templated":true}]}}