{"id":776,"date":"2019-05-13T12:46:14","date_gmt":"2019-05-13T17:46:14","guid":{"rendered":"https:\/\/www.oaxaca.gob.mx\/sicocoi\/?page_id=776"},"modified":"2024-03-01T11:34:49","modified_gmt":"2024-03-01T17:34:49","slug":"mision-y-vision","status":"publish","type":"page","link":"https:\/\/www.oaxaca.gob.mx\/sicocoi\/mision-y-vision\/","title":{"rendered":"Misi\u00f3n y Visi\u00f3n"},"content":{"rendered":"\n<div style=\"text-align: left;font-weight: bold;margin-top: 1em\">Misi\u00f3n:<\/div>\n<div style=\"text-align: justify\">Vigilar el establecimiento, mantenimiento y mejora del Sistema de Control Interno Institucional en los organismos p\u00fablicos del poder ejecutivo del Estado de Oaxaca privilegiando el control preventivo aplicable a sus procesos de gesti\u00f3n que permita otorgar un grado de seguridad razonable en la consecuci\u00f3n de las metas y objetivos institucionales con eficacia, eficiencia, econom\u00eda, transparencia y rendici\u00f3n de cuentas, en observancia de las disposiciones legales aplicables.<\/div>\n<div style=\"text-align: left;font-weight: bold;margin-top: 1em\">Visi\u00f3n:<\/div>\n<div style=\"text-align: justify\">Ser la instancia que impulse el desarrollo, fortalecimiento y mantenimiento de un Sistema de Control Interno eficaz y eficiente que contribuya a mejorar de manera continua la gesti\u00f3n gubernamental.<\/div>\n<div style=\"text-align: left;font-weight: bold;margin-top: 1em\">Objetivos:<\/div>\n<div style=\"text-align: justify\">1. Promover en los organismos p\u00fablicos, las pol\u00edticas, estrategias, instrumentos y procedimientos de car\u00e1cter general para la implementaci\u00f3n, consolidaci\u00f3n y mejora del sistema de control interno.<\/div>\n<div style=\"text-align: justify\">2. Asegurar que los Comit\u00e9s de Control Interno de los organismos den cumplimiento con las disposiciones legales aplicables en la materia.<\/div>\n<div style=\"text-align: justify\">3. Implementar sistemas de evaluaci\u00f3n, que permitan conocer el estado que guarda la implementaci\u00f3n del Sistema de Control Interno de los organismos p\u00fablicos.<\/div>\n<div style=\"text-align: justify\">4. Promover la implementaci\u00f3n de los cinco componentes que integran el Sistema de Control Interno al interior de los organismos p\u00fablicos del poder ejecutivo del Estado.<\/div>\n<div style=\"text-align: justify\">5. Promover la implementaci\u00f3n de los cinco componentes que integran el Sistema de Control Interno al interior de los organismos p\u00fablicos del poder ejecutivo del Estado.<\/div>\n","protected":false},"excerpt":{"rendered":"<p>Misi\u00f3n: Vigilar el establecimiento, mantenimiento y mejora del Sistema de Control Interno Institucional en los organismos p\u00fablicos del poder ejecutivo del Estado de Oaxaca privilegiando el control preventivo aplicable a sus procesos de gesti\u00f3n que permita otorgar un grado de seguridad razonable en la consecuci\u00f3n de las metas y objetivos institucionales con eficacia, eficiencia, econom\u00eda, [&hellip;]<\/p>\n","protected":false},"author":1,"featured_media":0,"parent":0,"menu_order":0,"comment_status":"closed","ping_status":"closed","template":"","meta":{"episode_type":"","audio_file":"","podmotor_file_id":"","podmotor_episode_id":"","cover_image":"","cover_image_id":"","duration":"","filesize":"","filesize_raw":"","date_recorded":"","explicit":"","block":"","itunes_episode_number":"","itunes_title":"","itunes_season_number":"","itunes_episode_type":"","footnotes":""},"categories":[],"tags":[],"class_list":["post-776","page","type-page","status-publish","hentry"],"acf":[],"publishpress_future_action":{"enabled":false,"date":"2026-05-11 03:28:54","action":"change-status","newStatus":"draft","terms":[],"taxonomy":"category","extraData":[]},"publishpress_future_workflow_manual_trigger":{"enabledWorkflows":[]},"_links":{"self":[{"href":"https:\/\/www.oaxaca.gob.mx\/sicocoi\/wp-json\/wp\/v2\/pages\/776","targetHints":{"allow":["GET"]}}],"collection":[{"href":"https:\/\/www.oaxaca.gob.mx\/sicocoi\/wp-json\/wp\/v2\/pages"}],"about":[{"href":"https:\/\/www.oaxaca.gob.mx\/sicocoi\/wp-json\/wp\/v2\/types\/page"}],"author":[{"embeddable":true,"href":"https:\/\/www.oaxaca.gob.mx\/sicocoi\/wp-json\/wp\/v2\/users\/1"}],"replies":[{"embeddable":true,"href":"https:\/\/www.oaxaca.gob.mx\/sicocoi\/wp-json\/wp\/v2\/comments?post=776"}],"version-history":[{"count":1,"href":"https:\/\/www.oaxaca.gob.mx\/sicocoi\/wp-json\/wp\/v2\/pages\/776\/revisions"}],"predecessor-version":[{"id":3732,"href":"https:\/\/www.oaxaca.gob.mx\/sicocoi\/wp-json\/wp\/v2\/pages\/776\/revisions\/3732"}],"wp:attachment":[{"href":"https:\/\/www.oaxaca.gob.mx\/sicocoi\/wp-json\/wp\/v2\/media?parent=776"}],"wp:term":[{"taxonomy":"category","embeddable":true,"href":"https:\/\/www.oaxaca.gob.mx\/sicocoi\/wp-json\/wp\/v2\/categories?post=776"},{"taxonomy":"post_tag","embeddable":true,"href":"https:\/\/www.oaxaca.gob.mx\/sicocoi\/wp-json\/wp\/v2\/tags?post=776"}],"curies":[{"name":"wp","href":"https:\/\/api.w.org\/{rel}","templated":true}]}}