{"id":205,"date":"2019-04-09T01:32:11","date_gmt":"2019-04-08T23:32:11","guid":{"rendered":"https:\/\/www.oaxaca.gob.mx\/sicocoi\/?page_id=205"},"modified":"2024-02-27T14:08:28","modified_gmt":"2024-02-27T20:08:28","slug":"contacto","status":"publish","type":"page","link":"https:\/\/www.oaxaca.gob.mx\/sicocoi\/contacto\/","title":{"rendered":"Contacto"},"content":{"rendered":"\n<div>karla.diaz@oaxaca.gob.mx<\/div>\n<div>Lic. Karla D\u00edaz Santib\u00e1\u00f1ez<\/div>\n<div>Jefa del Departamento de Seguimiento de la Gesti\u00f3n y el Desempe\u00f1o Gubernamental<\/div>\n<div>Tel: 5015000 Ext. 10456 \u00f3 10437<\/div>\n<p>&nbsp;<\/p>\n<div>leticia.ramirez@oaxaca.gob.mx<\/div>\n<div>Lic. Leticia Ram\u00edrez Hern\u00e1ndez<\/div>\n<div>Jefa del Departamento de Evaluaci\u00f3n de la Gesti\u00f3n P\u00fablica<\/div>\n<div>Tel: 5015000 Ext. 10456 \u00f3 10437<\/div>\n","protected":false},"excerpt":{"rendered":"<p>karla.diaz@oaxaca.gob.mx Lic. Karla D\u00edaz Santib\u00e1\u00f1ez Jefa del Departamento de Seguimiento de la Gesti\u00f3n y el Desempe\u00f1o Gubernamental Tel: 5015000 Ext. 10456 \u00f3 10437 &nbsp; leticia.ramirez@oaxaca.gob.mx Lic. Leticia Ram\u00edrez Hern\u00e1ndez Jefa del Departamento de Evaluaci\u00f3n de la Gesti\u00f3n P\u00fablica Tel: 5015000 Ext. 10456 \u00f3 10437<\/p>\n","protected":false},"author":1,"featured_media":0,"parent":0,"menu_order":0,"comment_status":"closed","ping_status":"closed","template":"plantillas\/template-contacto.php","meta":{"episode_type":"","audio_file":"","podmotor_file_id":"","podmotor_episode_id":"","cover_image":"","cover_image_id":"","duration":"","filesize":"","filesize_raw":"","date_recorded":"","explicit":"","block":"","itunes_episode_number":"","itunes_title":"","itunes_season_number":"","itunes_episode_type":"","footnotes":""},"categories":[],"tags":[],"class_list":["post-205","page","type-page","status-publish","hentry"],"acf":[],"publishpress_future_action":{"enabled":false,"date":"2026-05-11 03:28:43","action":"change-status","newStatus":"draft","terms":[],"taxonomy":"category","extraData":[]},"publishpress_future_workflow_manual_trigger":{"enabledWorkflows":[]},"_links":{"self":[{"href":"https:\/\/www.oaxaca.gob.mx\/sicocoi\/wp-json\/wp\/v2\/pages\/205","targetHints":{"allow":["GET"]}}],"collection":[{"href":"https:\/\/www.oaxaca.gob.mx\/sicocoi\/wp-json\/wp\/v2\/pages"}],"about":[{"href":"https:\/\/www.oaxaca.gob.mx\/sicocoi\/wp-json\/wp\/v2\/types\/page"}],"author":[{"embeddable":true,"href":"https:\/\/www.oaxaca.gob.mx\/sicocoi\/wp-json\/wp\/v2\/users\/1"}],"replies":[{"embeddable":true,"href":"https:\/\/www.oaxaca.gob.mx\/sicocoi\/wp-json\/wp\/v2\/comments?post=205"}],"version-history":[{"count":1,"href":"https:\/\/www.oaxaca.gob.mx\/sicocoi\/wp-json\/wp\/v2\/pages\/205\/revisions"}],"predecessor-version":[{"id":3726,"href":"https:\/\/www.oaxaca.gob.mx\/sicocoi\/wp-json\/wp\/v2\/pages\/205\/revisions\/3726"}],"wp:attachment":[{"href":"https:\/\/www.oaxaca.gob.mx\/sicocoi\/wp-json\/wp\/v2\/media?parent=205"}],"wp:term":[{"taxonomy":"category","embeddable":true,"href":"https:\/\/www.oaxaca.gob.mx\/sicocoi\/wp-json\/wp\/v2\/categories?post=205"},{"taxonomy":"post_tag","embeddable":true,"href":"https:\/\/www.oaxaca.gob.mx\/sicocoi\/wp-json\/wp\/v2\/tags?post=205"}],"curies":[{"name":"wp","href":"https:\/\/api.w.org\/{rel}","templated":true}]}}