{"id":925,"date":"2017-05-04T07:17:25","date_gmt":"2017-05-04T13:17:25","guid":{"rendered":"https:\/\/www.oaxaca.gob.mx\/sesipinna\/?page_id=925"},"modified":"2017-05-04T07:17:25","modified_gmt":"2017-05-04T13:17:25","slug":"otras-obligaciones","status":"publish","type":"page","link":"https:\/\/www.oaxaca.gob.mx\/sesipinna\/otras-obligaciones\/","title":{"rendered":"Otras Obligaciones"},"content":{"rendered":"<table id=\"example\" class=\"table table-bordered dataTable\">\n<thead class=\"tblHFondo\">\n<tr>\n<th class=\"sorting\" style=\"text-align: center\" colspan=\"1\" rowspan=\"1\">ART\u00cdCULO<\/th>\n<th class=\"sorting\" style=\"text-align: center\" colspan=\"1\" rowspan=\"1\">FRACCI\u00d3N<\/th>\n<th class=\"sorting_asc\" style=\"text-align: center\" colspan=\"1\" rowspan=\"1\">INCISO<\/th>\n<th class=\"sorting\" style=\"text-align: center\" colspan=\"1\" rowspan=\"1\">DESCARGAR<\/th>\n<th class=\"sorting\" style=\"text-align: center\" colspan=\"1\" rowspan=\"1\">OBSERVACIONES<\/th>\n<\/tr>\n<\/thead>\n<tbody>\n<tr class=\"gradeA odd\">\n<td class=\" \" style=\"text-align: center\">\u00a021<\/td>\n<td class=\"center sorting_1\" style=\"text-align: center\">\u00a0VIII<\/td>\n<td class=\" \" style=\"text-align: center\">A<\/td>\n<td class=\"center \"><a href=\"\/sesipinna\/sipot\/otsobligaciones\/21_VIII_A.xls\" target=\"_blank\" rel=\"noopener noreferrer\"><img loading=\"lazy\" decoding=\"async\" class=\"aligncenter\" src=\"\/sesipinna\/wp-content\/plugins\/legislacion\/img\/excel.ico\" alt=\"Descargar\" width=\"30\" height=\"30\" \/><\/a><\/td>\n<td class=\"center \"><\/td>\n<\/tr>\n<tr class=\"gradeA odd\">\n<td class=\" \" style=\"text-align: center\">21<\/td>\n<td class=\"center sorting_1\" style=\"text-align: center\">VIII<\/td>\n<td class=\" \" style=\"text-align: center\">B<\/td>\n<td class=\"center \"><img loading=\"lazy\" decoding=\"async\" class=\"aligncenter\" src=\"\/sesipinna\/wp-content\/plugins\/legislacion\/img\/excel.ico\" alt=\"Descargar\" width=\"30\" height=\"30\" \/><\/td>\n<td class=\"center \">De conformidad con los art\u00edculos 108 y 112 de la Ley de los Derechos de Ni\u00f1as, Ni\u00f1os y Adolescentes en relaci\u00f3n con el art\u00edculo 8 del Reglamento Interno de la Secretar\u00eda Ejecutiva del SIPINNA, no se cuenta con las facultades ni los mecanismos para recepcionar quejas, sugerencias o propuestas<\/td>\n<\/tr>\n<tr class=\"gradeA odd\">\n<td class=\" \" style=\"text-align: center\">\u00a036<\/td>\n<td class=\"center sorting_1\" style=\"text-align: center\">\u00a0I<\/td>\n<td class=\" \" style=\"text-align: center\">&#8211;<\/td>\n<td class=\"center \"><img loading=\"lazy\" decoding=\"async\" class=\"aligncenter\" src=\"\/sesipinna\/wp-content\/plugins\/legislacion\/img\/excel.ico\" alt=\"Descargar\" width=\"30\" height=\"30\" \/><\/td>\n<td class=\"center \">De conformidad con el t\u00edtulo tercero del Reglamento Interno de la Secretar\u00eda Ejecutiva del SIPINNA, no se cuenta con facultades en el rubro de ejercicio de recursos p\u00fablicos para obra p\u00fablica<\/td>\n<\/tr>\n<tr class=\"gradeA even\">\n<td class=\" \" style=\"text-align: center\">71<\/td>\n<td class=\"center sorting_1\" style=\"text-align: center\">I<\/td>\n<td class=\" \" style=\"text-align: center\">B<\/td>\n<td class=\"center \"><img loading=\"lazy\" decoding=\"async\" class=\"aligncenter\" src=\"\/sesipinna\/wp-content\/plugins\/legislacion\/img\/excel.ico\" alt=\"Descargar\" width=\"30\" height=\"30\" \/><\/td>\n<td class=\"center \">Esta fracci\u00f3n no aplica debido a que esta Secretar\u00eda Ejecutiva no recibe recursos para deuda P\u00fablica<\/td>\n<\/tr>\n<tr class=\"gradeA odd\">\n<td class=\" \" style=\"text-align: center\">71<\/td>\n<td class=\"center sorting_1\" style=\"text-align: center\">I<\/td>\n<td class=\" \" style=\"text-align: center\">B (bis)<\/td>\n<td class=\"center \"><a href=\"\/sesipinna\/sipot\/otsobligaciones\/71_I_Bbis.xls\" target=\"_blank\" rel=\"noopener noreferrer\"><img loading=\"lazy\" decoding=\"async\" class=\"aligncenter\" src=\"\/sesipinna\/wp-content\/plugins\/legislacion\/img\/excel.ico\" alt=\"Descargar\" width=\"30\" height=\"30\" \/><\/a><\/td>\n<td class=\"center \"><\/td>\n<\/tr>\n<tr class=\"gradeA even\">\n<td class=\" \" style=\"text-align: center\">71<\/td>\n<td class=\"center sorting_1\" style=\"text-align: center\">I<\/td>\n<td class=\" \" style=\"text-align: center\">G<\/td>\n<td class=\"center \"><img loading=\"lazy\" decoding=\"async\" class=\"aligncenter\" src=\"\/sesipinna\/wp-content\/plugins\/legislacion\/img\/excel.ico\" alt=\"Descargar\" width=\"30\" height=\"30\" \/><\/td>\n<td class=\"center \">Esta fracci\u00f3n no aplica debido a que esta Secretar\u00eda Ejecutiva no recibe recursos para deuda P\u00fablica<\/td>\n<\/tr>\n<tr class=\"gradeA odd\">\n<td class=\" \" style=\"text-align: center\">80<\/td>\n<td class=\"center sorting_1\" style=\"text-align: center\">I<\/td>\n<td class=\" \" style=\"text-align: center\">D<\/td>\n<td class=\"center \"><a href=\"\/sesipinna\/sipot\/otsobligaciones\/80_I_D.xls\" target=\"_blank\" rel=\"noopener noreferrer\"><img loading=\"lazy\" decoding=\"async\" class=\"aligncenter\" src=\"\/sesipinna\/wp-content\/plugins\/legislacion\/img\/excel.ico\" alt=\"Descargar\" width=\"30\" height=\"30\" \/><\/a><\/td>\n<td class=\"center \"><\/td>\n<\/tr>\n<tr class=\"gradeA even\">\n<td class=\" \" style=\"text-align: center\">\u00a080<\/td>\n<td class=\"center sorting_1\" style=\"text-align: center\">\u00a0III<\/td>\n<td class=\" \" style=\"text-align: center\">C<\/td>\n<td class=\"center \"><a href=\"\/sesipinna\/sipot\/otsobligaciones\/80_III_C.xls\" target=\"_blank\" rel=\"noopener noreferrer\"><img loading=\"lazy\" decoding=\"async\" class=\"aligncenter\" src=\"\/sesipinna\/wp-content\/plugins\/legislacion\/img\/excel.ico\" alt=\"Descargar\" width=\"30\" height=\"30\" \/><\/a><\/td>\n<td class=\"center \"><\/td>\n<\/tr>\n<tr class=\"gradeA odd\">\n<td class=\" \" style=\"text-align: center\">\u00a081<\/td>\n<td class=\"center sorting_1\" style=\"text-align: center\">\u00a0&#8211;<\/td>\n<td class=\" \" style=\"text-align: center\">C<\/td>\n<td class=\"center \"><a href=\"\/sesipinna\/sipot\/otsobligaciones\/81_C.xls\" target=\"_blank\" rel=\"noopener noreferrer\"><img loading=\"lazy\" decoding=\"async\" class=\"aligncenter\" src=\"\/sesipinna\/wp-content\/plugins\/legislacion\/img\/excel.ico\" alt=\"Descargar\" width=\"30\" height=\"30\" \/><\/a><\/td>\n<td class=\"center \"><\/td>\n<\/tr>\n<tr class=\"gradeA odd\">\n<td class=\" \" style=\"text-align: center\">\u00a081<\/td>\n<td class=\"center sorting_1\" style=\"text-align: center\">\u00a0&#8211;<\/td>\n<td class=\" \" style=\"text-align: center\">D<\/td>\n<td class=\"center \"><a href=\"\/sesipinna\/sipot\/otsobligaciones\/81_D.xls\" target=\"_blank\" rel=\"noopener noreferrer\"><img loading=\"lazy\" decoding=\"async\" class=\"aligncenter\" src=\"\/sesipinna\/wp-content\/plugins\/legislacion\/img\/excel.ico\" alt=\"Descargar\" width=\"30\" height=\"30\" \/><\/a><\/td>\n<td class=\"center \"><\/td>\n<\/tr>\n<\/tbody>\n<\/table>\n","protected":false},"excerpt":{"rendered":"<p>ART\u00cdCULO FRACCI\u00d3N INCISO DESCARGAR OBSERVACIONES \u00a021 \u00a0VIII A 21 VIII B De conformidad con los art\u00edculos 108 y 112 de la Ley de los Derechos de Ni\u00f1as, Ni\u00f1os y Adolescentes en relaci\u00f3n con el art\u00edculo 8 del Reglamento Interno de la Secretar\u00eda Ejecutiva del SIPINNA, no se cuenta con las facultades ni los mecanismos para [&hellip;]<\/p>\n","protected":false},"author":1,"featured_media":0,"parent":0,"menu_order":0,"comment_status":"closed","ping_status":"closed","template":"","meta":{"episode_type":"","audio_file":"","podmotor_file_id":"","podmotor_episode_id":"","cover_image":"","cover_image_id":"","duration":"","filesize":"","filesize_raw":"","date_recorded":"","explicit":"","block":"","itunes_episode_number":"","itunes_title":"","itunes_season_number":"","itunes_episode_type":"","footnotes":""},"categories":[],"tags":[],"class_list":["post-925","page","type-page","status-publish","hentry"],"acf":[],"publishpress_future_action":{"enabled":false,"date":"2026-04-20 05:23:09","action":"change-status","newStatus":"draft","terms":[],"taxonomy":"category","extraData":[]},"publishpress_future_workflow_manual_trigger":{"enabledWorkflows":[]},"_links":{"self":[{"href":"https:\/\/www.oaxaca.gob.mx\/sesipinna\/wp-json\/wp\/v2\/pages\/925","targetHints":{"allow":["GET"]}}],"collection":[{"href":"https:\/\/www.oaxaca.gob.mx\/sesipinna\/wp-json\/wp\/v2\/pages"}],"about":[{"href":"https:\/\/www.oaxaca.gob.mx\/sesipinna\/wp-json\/wp\/v2\/types\/page"}],"author":[{"embeddable":true,"href":"https:\/\/www.oaxaca.gob.mx\/sesipinna\/wp-json\/wp\/v2\/users\/1"}],"replies":[{"embeddable":true,"href":"https:\/\/www.oaxaca.gob.mx\/sesipinna\/wp-json\/wp\/v2\/comments?post=925"}],"version-history":[{"count":0,"href":"https:\/\/www.oaxaca.gob.mx\/sesipinna\/wp-json\/wp\/v2\/pages\/925\/revisions"}],"wp:attachment":[{"href":"https:\/\/www.oaxaca.gob.mx\/sesipinna\/wp-json\/wp\/v2\/media?parent=925"}],"wp:term":[{"taxonomy":"category","embeddable":true,"href":"https:\/\/www.oaxaca.gob.mx\/sesipinna\/wp-json\/wp\/v2\/categories?post=925"},{"taxonomy":"post_tag","embeddable":true,"href":"https:\/\/www.oaxaca.gob.mx\/sesipinna\/wp-json\/wp\/v2\/tags?post=925"}],"curies":[{"name":"wp","href":"https:\/\/api.w.org\/{rel}","templated":true}]}}