{"id":787,"date":"2016-04-06T10:58:01","date_gmt":"2016-04-06T16:58:01","guid":{"rendered":"https:\/\/www.oaxaca.gob.mx\/sesipinna\/?page_id=787"},"modified":"2025-12-02T10:30:59","modified_gmt":"2025-12-02T16:30:59","slug":"integracion-de-la-secretaria-ejecutiva-del-sidnna","status":"publish","type":"page","link":"https:\/\/www.oaxaca.gob.mx\/sesipinna\/integracion-de-la-secretaria-ejecutiva-del-sipinna\/","title":{"rendered":"Directorio de la SE-SIPINNA"},"content":{"rendered":"<p>&nbsp;<\/p>\n<p><img loading=\"lazy\" decoding=\"async\" class=\"alignnone size-medium wp-image-1847\" src=\"https:\/\/www.oaxaca.gob.mx\/sesipinna\/wp-content\/uploads\/sites\/53\/2023\/01\/maestra-Alma-300x300.jpg\" alt=\"\" width=\"300\" height=\"300\" srcset=\"https:\/\/www.oaxaca.gob.mx\/sesipinna\/wp-content\/uploads\/sites\/53\/2023\/01\/maestra-Alma-300x300.jpg 300w, https:\/\/www.oaxaca.gob.mx\/sesipinna\/wp-content\/uploads\/sites\/53\/2023\/01\/maestra-Alma-150x150.jpg 150w, https:\/\/www.oaxaca.gob.mx\/sesipinna\/wp-content\/uploads\/sites\/53\/2023\/01\/maestra-Alma.jpg 400w\" sizes=\"auto, (max-width: 300px) 100vw, 300px\" \/><\/p>\n<p>Mtra. Alma Deysi Bautista Ramos<\/p>\n<p><strong>Profesi\u00f3n:<\/strong> Maestr\u00eda en Derecho procesal penal y juicios orales<br \/>\n<strong>Cargo:<\/strong> Secretaria Ejecutiva del Sistema Local de Protecci\u00f3n<br \/>\nIntegral de los Derechos de Ni\u00f1as, Ni\u00f1os y Adolescentes del Estado de Oaxaca.<\/p>\n<p><strong>Tel\u00e9fono Oficial:<\/strong> 951 688 78 45<br \/>\n<strong>Direcci\u00f3n:<\/strong> Calle Carteros 206, Col. Postal Oaxaca centro, C.P. 68080<br \/>\n<strong>Correo electr\u00f3nico:<\/strong><a href=\"mailto:sipinna@oaxaca.gob.mx\"> sipinna@oaxaca.gob.mx<\/a><\/p>\n<p>&nbsp;<\/p>\n<p>&nbsp;<\/p>\n<p><img loading=\"lazy\" decoding=\"async\" class=\"alignnone size-medium wp-image-1858\" src=\"https:\/\/www.oaxaca.gob.mx\/sesipinna\/wp-content\/uploads\/sites\/53\/2023\/01\/MTXX_MH20230105131207590-200x300.jpg\" alt=\"\" width=\"200\" height=\"300\" srcset=\"https:\/\/www.oaxaca.gob.mx\/sesipinna\/wp-content\/uploads\/sites\/53\/2023\/01\/MTXX_MH20230105131207590-200x300.jpg 200w, https:\/\/www.oaxaca.gob.mx\/sesipinna\/wp-content\/uploads\/sites\/53\/2023\/01\/MTXX_MH20230105131207590-683x1024.jpg 683w, https:\/\/www.oaxaca.gob.mx\/sesipinna\/wp-content\/uploads\/sites\/53\/2023\/01\/MTXX_MH20230105131207590-768x1152.jpg 768w, https:\/\/www.oaxaca.gob.mx\/sesipinna\/wp-content\/uploads\/sites\/53\/2023\/01\/MTXX_MH20230105131207590-1024x1536.jpg 1024w, https:\/\/www.oaxaca.gob.mx\/sesipinna\/wp-content\/uploads\/sites\/53\/2023\/01\/MTXX_MH20230105131207590-1365x2048.jpg 1365w, https:\/\/www.oaxaca.gob.mx\/sesipinna\/wp-content\/uploads\/sites\/53\/2023\/01\/MTXX_MH20230105131207590-scaled.jpg 1707w\" sizes=\"auto, (max-width: 200px) 100vw, 200px\" \/><\/p>\n<p>Lic. Eugenio Arafat Ch\u00e1vez Bedolla<\/p>\n<p><strong>Profesi\u00f3n: <\/strong>Licenciatura en Ciencias Pol\u00edticas<br \/>\ny Administraci\u00f3n P\u00fablica<br \/>\n<strong>Cargo:\u00a0<\/strong>Jefe del Departamento de Pol\u00edticas P\u00fablicas.<\/p>\n<p><strong>Tel\u00e9fono Oficial:<\/strong> 951 688 78 45<br \/>\n<strong>Direcci\u00f3n:<\/strong> Calle Carteros 206, Col. Postal Oaxaca centro, C.P. 68080<br \/>\n<strong>Correo electr\u00f3nico:<\/strong><a href=\"mailto:politicas.sipinna@oaxaca.gob.mx\"> politicas.sipinna@oaxaca.gob.mx<\/a><\/p>\n<p>&nbsp;<\/p>\n<p><img loading=\"lazy\" decoding=\"async\" class=\"alignnone size-medium wp-image-2188\" src=\"https:\/\/www.oaxaca.gob.mx\/sesipinna\/wp-content\/uploads\/sites\/53\/2025\/12\/licIsa-e1764693029358-171x300.jpeg\" alt=\"\" width=\"171\" height=\"300\" srcset=\"https:\/\/www.oaxaca.gob.mx\/sesipinna\/wp-content\/uploads\/sites\/53\/2025\/12\/licIsa-e1764693029358-171x300.jpeg 171w, https:\/\/www.oaxaca.gob.mx\/sesipinna\/wp-content\/uploads\/sites\/53\/2025\/12\/licIsa-e1764693029358.jpeg 207w\" sizes=\"auto, (max-width: 171px) 100vw, 171px\" \/><\/p>\n<p>Licda. Mar\u00eda Isabel Mart\u00ednez Tello<\/p>\n<p><strong>Profesi\u00f3n: <\/strong>Licenciada en Derecho<\/p>\n<p><strong>Cargo: <\/strong>Jefa del Departamento de Comunicaci\u00f3n social y encargada del Departamento Jur\u00eddico y Sistemas Municipales<\/p>\n<p><strong>Tel\u00e9fono Oficial:<\/strong> 951 688 78 45<br \/>\n<strong>Direcci\u00f3n:<\/strong> Calle Carteros 206, Col. Postal Oaxaca centro, C.P. 68080<br \/>\n<strong>Correo electr\u00f3nico:<\/strong><a href=\"mailto:juridico.sipinna@oaxaca.gob.mx\"> juridico.sipinna@oaxaca.gob.mx<\/a><\/p>\n<p>&nbsp;<\/p>\n<p>&nbsp;<\/p>\n<p>&nbsp;<\/p>\n","protected":false},"excerpt":{"rendered":"<p>&nbsp; Mtra. Alma Deysi Bautista Ramos Profesi\u00f3n: Maestr\u00eda en Derecho procesal penal y juicios orales Cargo: Secretaria Ejecutiva del Sistema Local de Protecci\u00f3n Integral de los Derechos de Ni\u00f1as, Ni\u00f1os y Adolescentes del Estado de Oaxaca. Tel\u00e9fono Oficial: 951 688 78 45 Direcci\u00f3n: Calle Carteros 206, Col. Postal Oaxaca centro, C.P. 68080 Correo electr\u00f3nico: sipinna@oaxaca.gob.mx [&hellip;]<\/p>\n","protected":false},"author":1,"featured_media":0,"parent":0,"menu_order":0,"comment_status":"closed","ping_status":"closed","template":"","meta":{"episode_type":"","audio_file":"","podmotor_file_id":"","podmotor_episode_id":"","cover_image":"","cover_image_id":"","duration":"","filesize":"","filesize_raw":"","date_recorded":"","explicit":"","block":"","itunes_episode_number":"","itunes_title":"","itunes_season_number":"","itunes_episode_type":"","footnotes":""},"categories":[],"tags":[],"class_list":["post-787","page","type-page","status-publish","hentry"],"acf":[],"publishpress_future_action":{"enabled":false,"date":"2026-04-20 03:25:43","action":"change-status","newStatus":"draft","terms":[],"taxonomy":"category","extraData":[]},"publishpress_future_workflow_manual_trigger":{"enabledWorkflows":[]},"_links":{"self":[{"href":"https:\/\/www.oaxaca.gob.mx\/sesipinna\/wp-json\/wp\/v2\/pages\/787","targetHints":{"allow":["GET"]}}],"collection":[{"href":"https:\/\/www.oaxaca.gob.mx\/sesipinna\/wp-json\/wp\/v2\/pages"}],"about":[{"href":"https:\/\/www.oaxaca.gob.mx\/sesipinna\/wp-json\/wp\/v2\/types\/page"}],"author":[{"embeddable":true,"href":"https:\/\/www.oaxaca.gob.mx\/sesipinna\/wp-json\/wp\/v2\/users\/1"}],"replies":[{"embeddable":true,"href":"https:\/\/www.oaxaca.gob.mx\/sesipinna\/wp-json\/wp\/v2\/comments?post=787"}],"version-history":[{"count":2,"href":"https:\/\/www.oaxaca.gob.mx\/sesipinna\/wp-json\/wp\/v2\/pages\/787\/revisions"}],"predecessor-version":[{"id":2189,"href":"https:\/\/www.oaxaca.gob.mx\/sesipinna\/wp-json\/wp\/v2\/pages\/787\/revisions\/2189"}],"wp:attachment":[{"href":"https:\/\/www.oaxaca.gob.mx\/sesipinna\/wp-json\/wp\/v2\/media?parent=787"}],"wp:term":[{"taxonomy":"category","embeddable":true,"href":"https:\/\/www.oaxaca.gob.mx\/sesipinna\/wp-json\/wp\/v2\/categories?post=787"},{"taxonomy":"post_tag","embeddable":true,"href":"https:\/\/www.oaxaca.gob.mx\/sesipinna\/wp-json\/wp\/v2\/tags?post=787"}],"curies":[{"name":"wp","href":"https:\/\/api.w.org\/{rel}","templated":true}]}}