{"id":699,"date":"2016-02-29T16:53:19","date_gmt":"2016-02-29T22:53:19","guid":{"rendered":"https:\/\/www.oaxaca.gob.mx\/sesipinna\/?page_id=699"},"modified":"2016-02-29T16:53:19","modified_gmt":"2016-02-29T22:53:19","slug":"secretaria-ejecutiva","status":"publish","type":"page","link":"https:\/\/www.oaxaca.gob.mx\/sesipinna\/secretaria-ejecutiva\/","title":{"rendered":"Secretaria Ejecutiva"},"content":{"rendered":"<p><strong><a href=\"https:\/\/www.oaxaca.gob.mx\/sesipinna\/wp-content\/uploads\/sites\/53\/2016\/02\/Cristina.jpg\" rel=\"attachment wp-att-687\"><img loading=\"lazy\" decoding=\"async\" class=\"alignnone size-medium wp-image-687\" src=\"\/sipinna\/wp-content\/uploads\/sites\/53\/2016\/02\/Cristina-200x300.jpg\" alt=\"Cristina\" width=\"200\" height=\"300\" \/><\/a><\/strong><\/p>\n<p>C. Mar\u00eda Cristina Salazar Acevedo<\/p>\n<p><strong>Profesi\u00f3n:<\/strong> Licenciada en Antropolog\u00eda Social<br \/>\n<strong>Cargo:<\/strong> Encargada de Despacho de la Secretar\u00eda Ejecutiva del Sistema Local de Protecci\u00f3n<br \/>\nIntegral de los Derechos de Ni\u00f1as, Ni\u00f1os y Adolescentes del Estado de Oaxaca.<\/p>\n<p><strong>Tel\u00e9fono Oficial:<\/strong> 951 688 78 45, Ext. 102<br \/>\n<strong>Direcci\u00f3n:<\/strong> Av. San Felipe del Agua No. 836, Col. San Felipe del Agua, C.P. 68020<br \/>\n<strong>Correo electr\u00f3nico:\u00a0<\/strong><a href=\"mailto:secretariaejecutiva.sipinna@oaxaca.gob.mx\">secretariaejecutiva.sipinna@oaxaca.gob.mx<\/a><\/p>\n<h2>Funciones y atribuciones<\/h2>\n<p>De acuerdo con el Reglamento Interno de la Secretar\u00eda Ejecutiva del Sistema Local de Protecci\u00f3n Integral de los Derechos de Ni\u00f1as, Ni\u00f1os y Adolescentes del Estado de Oaxaca, publicada el 25 de junio del a\u00f1o 2016, en su art\u00edculo 8 establece que la Secretar\u00eda Ejecutiva contar\u00e1 con un Secretario Ejecutivo, que depender\u00e1 directamente del Secretario General de Gobierno y tendr\u00e1 las siguientes facultades:<\/p>\n<p>I. Representar legalmente al Sistema Local de Protecci\u00f3n;<\/p>\n<p>II. Solicitar a las instancias correspondientes informaci\u00f3n respecto a los programas, acciones y presupuestos en materia de derechos de la ni\u00f1ez y adolescencia;<\/p>\n<p>III. Coordinar la elaboraci\u00f3n del Programa Estatal de los derechos de ni\u00f1as, ni\u00f1os y adolescentes en el Estado de Oaxaca;<\/p>\n<p>IV. Administrar el Sistema de Estad\u00edstica e informaci\u00f3n de la Ni\u00f1ez y Adolescencia en el Estado;<\/p>\n<p>V. Coadyuvar con el CONEVAL en la evaluaci\u00f3n de las pol\u00edticas de desarrollo social vinculadas con la protecci\u00f3n de ni\u00f1as, ni\u00f1os y adolescentes;<\/p>\n<p>VI. Promover la instalaci\u00f3n y seguimiento de los Sistemas Municipales de Protecci\u00f3n;<\/p>\n<p>VII. Coordinar con los Sistemas Municipales de Protecci\u00f3n la elaboraci\u00f3n de su Programa Municipal;<\/p>\n<p>VIII. Gestionar ante organismos nacionales e internacionales recursos para implementar acciones que velen por el cumplimiento de los derechos de las ni\u00f1as, ni\u00f1os y adolescentes, conforme a la normatividad federal y estatal vigente.<\/p>\n<p>IX. Convocar a los integrantes del Sistema Local de Protecci\u00f3n a sesiones ordinarias y extraordinarias;<\/p>\n<p>X. Elaborar el Plan Estrat\u00e9gico con la participaci\u00f3n del sector p\u00fablico y privado tomando en cuenta el Plan Estatal de Desarrollo y el Programa Estatal de Protecci\u00f3n;<\/p>\n<p>XI. Proponer adecuaciones al marco legal en materia de derechos de ni\u00f1as, ni\u00f1os y adolescentes;<\/p>\n<p>XII. Administrar los recursos materiales, humanos y financieros de la Secretar\u00eda Ejecutiva;<\/p>\n<p>XIII. Promover y difundir los derechos de las ni\u00f1as, ni\u00f1os y adolescentes en el Estado;<\/p>\n<p>XIV. Promover la cultura de paz y no violencia, la soluci\u00f3n pac\u00edfica de conflictos, la denuncia ante las instancias correspondientes por la violaci\u00f3n a los derechos de ni\u00f1as, ni\u00f1os y adolescentes;<\/p>\n<p>XV. Promover la capacitaci\u00f3n y especializaci\u00f3n a instancias p\u00fablicas y privadas en el \u00e1mbito estatal y municipal sobre los derechos de ni\u00f1as, ni\u00f1os y adolescentes;<\/p>\n<p>XVI. Promover mecanismos de participaci\u00f3n de ni\u00f1as, ni\u00f1os y adolescentes en el Sistema Local de Protecci\u00f3n y en los Sistemas Municipales de Protecci\u00f3n;<\/p>\n<p>XVII. Realizar propuestas de planes y programas de estudio a incorporar en la curr\u00edcula del nivel medio superior y superior, particularmente a las instituciones que forman profesionistas que trabajan con ni\u00f1as, ni\u00f1os y adolescentes;<\/p>\n<p>XVIII. Elaborar el Programa Operativo Anual que contendr\u00e1 las acciones, metas, objetivos de trabajo y presupuesto para su ejecuci\u00f3n;<\/p>\n<p>XIX. Coadyuvar con la Procuradur\u00eda Estatal de Protecci\u00f3n en el dictado de medidas de protecci\u00f3n integral y restituci\u00f3n de los derechos de ni\u00f1as, ni\u00f1os y adolescentes, y<\/p>\n<p>XX. Las que le se\u00f1alen las dem\u00e1s disposiciones normativas aplicables y las que le confiera el Secretario General de Gobierno.<\/p>\n","protected":false},"excerpt":{"rendered":"<p>C. Mar\u00eda Cristina Salazar Acevedo Profesi\u00f3n: Licenciada en Antropolog\u00eda Social Cargo: Encargada de Despacho de la Secretar\u00eda Ejecutiva del Sistema Local de Protecci\u00f3n Integral de los Derechos de Ni\u00f1as, Ni\u00f1os y Adolescentes del Estado de Oaxaca. Tel\u00e9fono Oficial: 951 688 78 45, Ext. 102 Direcci\u00f3n: Av. San Felipe del Agua No. 836, Col. San Felipe [&hellip;]<\/p>\n","protected":false},"author":1,"featured_media":0,"parent":0,"menu_order":0,"comment_status":"closed","ping_status":"closed","template":"","meta":{"episode_type":"","audio_file":"","podmotor_file_id":"","podmotor_episode_id":"","cover_image":"","cover_image_id":"","duration":"","filesize":"","filesize_raw":"","date_recorded":"","explicit":"","block":"","itunes_episode_number":"","itunes_title":"","itunes_season_number":"","itunes_episode_type":"","footnotes":""},"categories":[],"tags":[],"class_list":["post-699","page","type-page","status-publish","hentry"],"acf":[],"publishpress_future_action":{"enabled":false,"date":"2026-04-20 05:22:19","action":"change-status","newStatus":"draft","terms":[],"taxonomy":"category","extraData":[]},"publishpress_future_workflow_manual_trigger":{"enabledWorkflows":[]},"_links":{"self":[{"href":"https:\/\/www.oaxaca.gob.mx\/sesipinna\/wp-json\/wp\/v2\/pages\/699","targetHints":{"allow":["GET"]}}],"collection":[{"href":"https:\/\/www.oaxaca.gob.mx\/sesipinna\/wp-json\/wp\/v2\/pages"}],"about":[{"href":"https:\/\/www.oaxaca.gob.mx\/sesipinna\/wp-json\/wp\/v2\/types\/page"}],"author":[{"embeddable":true,"href":"https:\/\/www.oaxaca.gob.mx\/sesipinna\/wp-json\/wp\/v2\/users\/1"}],"replies":[{"embeddable":true,"href":"https:\/\/www.oaxaca.gob.mx\/sesipinna\/wp-json\/wp\/v2\/comments?post=699"}],"version-history":[{"count":0,"href":"https:\/\/www.oaxaca.gob.mx\/sesipinna\/wp-json\/wp\/v2\/pages\/699\/revisions"}],"wp:attachment":[{"href":"https:\/\/www.oaxaca.gob.mx\/sesipinna\/wp-json\/wp\/v2\/media?parent=699"}],"wp:term":[{"taxonomy":"category","embeddable":true,"href":"https:\/\/www.oaxaca.gob.mx\/sesipinna\/wp-json\/wp\/v2\/categories?post=699"},{"taxonomy":"post_tag","embeddable":true,"href":"https:\/\/www.oaxaca.gob.mx\/sesipinna\/wp-json\/wp\/v2\/tags?post=699"}],"curies":[{"name":"wp","href":"https:\/\/api.w.org\/{rel}","templated":true}]}}