{"id":693,"date":"2016-02-29T16:49:20","date_gmt":"2016-02-29T22:49:20","guid":{"rendered":"https:\/\/www.oaxaca.gob.mx\/sesipinna\/?page_id=693"},"modified":"2025-12-03T12:03:18","modified_gmt":"2025-12-03T18:03:18","slug":"juridico-y-sistemas-municipales","status":"publish","type":"page","link":"https:\/\/www.oaxaca.gob.mx\/sesipinna\/juridico-y-sistemas-municipales\/","title":{"rendered":"Departamento Jur\u00eddico y Sistemas Municipales"},"content":{"rendered":"<p><img loading=\"lazy\" decoding=\"async\" class=\"alignnone size-medium wp-image-2188\" src=\"https:\/\/www.oaxaca.gob.mx\/sesipinna\/wp-content\/uploads\/sites\/53\/2025\/12\/licIsa-e1764693029358-171x300.jpeg\" alt=\"\" width=\"171\" height=\"300\" srcset=\"https:\/\/www.oaxaca.gob.mx\/sesipinna\/wp-content\/uploads\/sites\/53\/2025\/12\/licIsa-e1764693029358-171x300.jpeg 171w, https:\/\/www.oaxaca.gob.mx\/sesipinna\/wp-content\/uploads\/sites\/53\/2025\/12\/licIsa-e1764693029358.jpeg 207w\" sizes=\"auto, (max-width: 171px) 100vw, 171px\" \/><\/p>\n<p>&nbsp;<\/p>\n<p><strong>Profesi\u00f3n:<\/strong> Licda. Mar\u00eda Isabel Mart\u00ednez Tello<br \/>\n<strong>Cargo:<\/strong>\u00a0 Encargada del Departamento Jur\u00eddico y Sistemas Municipales.<\/p>\n<p><strong>Tel\u00e9fono Oficial:<\/strong>\u00a0951 688 78 45<br \/>\n<strong>Direcci\u00f3n:<\/strong> Calle Carteros 206 col. Postal, Oaxaca de Ju\u00e1rez, Oaxaca C.P. 68080<br \/>\n<strong>Correo electr\u00f3nico:\u00a0<\/strong><a href=\"mailto:juridico.sipinna@oaxaca.gob.mx\">juridico.sipinna@oaxaca.gob.mx<\/a><\/p>\n<h2>Funciones y atribuciones<\/h2>\n<p>De acuerdo con el Reglamento Interno de la Secretar\u00eda Ejecutiva del Sistema Local de Protecci\u00f3n Integral de los Derechos de Ni\u00f1as, Ni\u00f1os y Adolescentes del Estado de Oaxaca, publicada el 25 de junio del a\u00f1o 2016, en su art\u00edculo 11 establece que el Departamento Jur\u00eddico y Sistemas Municipales contar\u00e1 con un Jefe de Departamento, quien depender\u00e1 directamente del Secretario Ejecutivo y tendr\u00e1 las siguientes facultades:<\/p>\n<p>I. Proporcionar apoyo y asesor\u00eda jur\u00eddica a la Secretar\u00eda Ejecutiva y a las \u00e1reas administrativas en los asuntos de su competencias;<\/p>\n<p>II. Representar legalmente al Secretario Ejecutivo y efectuar la defensa jur\u00eddica de la Secretar\u00eda Ejecutiva, as\u00ed como, de los dem\u00e1s servidores p\u00fablicos y \u00e1reas administrativas que la integran, ante cualquier autoridad civil, administrativa, del trabajo, jurisdiccional o de otro orden que se ventilen ante los tribunales locales y federales, en los que aquella sea parte como demandado, demandante o tercero perjudicado;<\/p>\n<p>III. Certificar copias, de la documentaci\u00f3n solicitada por autoridades judiciales, administrativas, legislativas y particulares existente en el archivo de la Secretar\u00eda Ejecutiva, conforme a la Ley Estatal de los Derechos;<\/p>\n<p>IV. Atender los asuntos que le encomiende el Secretario Ejecutivo ante autoridades municipales, estatales o federales e instituciones privadas;<\/p>\n<p>V. Dar seguimiento al cumplimiento de los acuerdos del Sistema Local de Protecci\u00f3n e informar al Secretario Ejecutivo;<\/p>\n<p>VI. Coadyuvar con las \u00e1reas jur\u00eddicas de las instituciones con incidencia en el tema, en la elaboraci\u00f3n de propuestas de iniciativas de leyes en materia de derechos de ni\u00f1as, ni\u00f1os y adolescentes;<\/p>\n<p>VII. Elaborar, revisar y supervisar los contratos y convenios en los que sea parte la Secretaria Ejecutiva;<\/p>\n<p>VIII. Coadyuvar con las \u00e1reas administrativas de la Secretar\u00eda Ejecutiva en la elaboraci\u00f3n de actas administrativas por faltas o incidencias laborales;<\/p>\n<p>IX. Compilar los marcos normativos en materia de derechos de ni\u00f1as, ni\u00f1os y adolescentes;<\/p>\n<p>X. Sensibilizar, capacitar y dar seguimiento a las autoridades municipales sobre la instalaci\u00f3n y funcionamiento de los Sistemas Municipales de Protecci\u00f3n, y<\/p>\n<p>XI. Las que se\u00f1alen las dem\u00e1s disposiciones normativas aplicables y las que le confiera su superior jer\u00e1rquico, en el \u00e1mbito de su competencia.<\/p>\n","protected":false},"excerpt":{"rendered":"<p>&nbsp; Profesi\u00f3n: Licda. Mar\u00eda Isabel Mart\u00ednez Tello Cargo:\u00a0 Encargada del Departamento Jur\u00eddico y Sistemas Municipales. Tel\u00e9fono Oficial:\u00a0951 688 78 45 Direcci\u00f3n: Calle Carteros 206 col. Postal, Oaxaca de Ju\u00e1rez, Oaxaca C.P. 68080 Correo electr\u00f3nico:\u00a0juridico.sipinna@oaxaca.gob.mx Funciones y atribuciones De acuerdo con el Reglamento Interno de la Secretar\u00eda Ejecutiva del Sistema Local de Protecci\u00f3n Integral de los [&hellip;]<\/p>\n","protected":false},"author":1,"featured_media":0,"parent":0,"menu_order":0,"comment_status":"closed","ping_status":"closed","template":"","meta":{"episode_type":"","audio_file":"","podmotor_file_id":"","podmotor_episode_id":"","cover_image":"","cover_image_id":"","duration":"","filesize":"","filesize_raw":"","date_recorded":"","explicit":"","block":"","itunes_episode_number":"","itunes_title":"","itunes_season_number":"","itunes_episode_type":"","footnotes":""},"categories":[],"tags":[],"class_list":["post-693","page","type-page","status-publish","hentry"],"acf":[],"publishpress_future_action":{"enabled":false,"date":"2026-04-20 05:21:55","action":"change-status","newStatus":"draft","terms":[],"taxonomy":"category","extraData":[]},"publishpress_future_workflow_manual_trigger":{"enabledWorkflows":[]},"_links":{"self":[{"href":"https:\/\/www.oaxaca.gob.mx\/sesipinna\/wp-json\/wp\/v2\/pages\/693","targetHints":{"allow":["GET"]}}],"collection":[{"href":"https:\/\/www.oaxaca.gob.mx\/sesipinna\/wp-json\/wp\/v2\/pages"}],"about":[{"href":"https:\/\/www.oaxaca.gob.mx\/sesipinna\/wp-json\/wp\/v2\/types\/page"}],"author":[{"embeddable":true,"href":"https:\/\/www.oaxaca.gob.mx\/sesipinna\/wp-json\/wp\/v2\/users\/1"}],"replies":[{"embeddable":true,"href":"https:\/\/www.oaxaca.gob.mx\/sesipinna\/wp-json\/wp\/v2\/comments?post=693"}],"version-history":[{"count":3,"href":"https:\/\/www.oaxaca.gob.mx\/sesipinna\/wp-json\/wp\/v2\/pages\/693\/revisions"}],"predecessor-version":[{"id":2191,"href":"https:\/\/www.oaxaca.gob.mx\/sesipinna\/wp-json\/wp\/v2\/pages\/693\/revisions\/2191"}],"wp:attachment":[{"href":"https:\/\/www.oaxaca.gob.mx\/sesipinna\/wp-json\/wp\/v2\/media?parent=693"}],"wp:term":[{"taxonomy":"category","embeddable":true,"href":"https:\/\/www.oaxaca.gob.mx\/sesipinna\/wp-json\/wp\/v2\/categories?post=693"},{"taxonomy":"post_tag","embeddable":true,"href":"https:\/\/www.oaxaca.gob.mx\/sesipinna\/wp-json\/wp\/v2\/tags?post=693"}],"curies":[{"name":"wp","href":"https:\/\/api.w.org\/{rel}","templated":true}]}}