{"id":52,"date":"2016-02-11T16:55:27","date_gmt":"2016-02-11T22:55:27","guid":{"rendered":"https:\/\/www.oaxaca.gob.mx\/sesipinna\/?page_id=52"},"modified":"2026-02-10T14:06:49","modified_gmt":"2026-02-10T20:06:49","slug":"marco-juridico","status":"publish","type":"page","link":"https:\/\/www.oaxaca.gob.mx\/sesipinna\/marco-juridico\/","title":{"rendered":"Marco jur\u00eddico"},"content":{"rendered":"<nav style=\"margin-bottom: 30px\">\n<div id=\"nav-tab\" class=\"nav nav-tabs\" role=\"tablist\">\n<div class=\"su-table su-table-responsive su-table-alternate\">\n<table>\n<tbody>\n<tr>\n<td>Reglas de las Naciones Unidas para la Protecci\u00f3n de los Menores Privados de Libertad<\/td>\n<td><a href=\"https:\/\/drive.google.com\/file\/d\/1BttTdGxMsl7sXxsz3k3XCjW3UZiy9x57\/view?usp=share_link\">Descarga<\/a><\/td>\n<\/tr>\n<tr>\n<td align=\"left\" valign=\"top\" height=\"46\"><span style=\"color: #000000;font-family: Arial\">Manual de Organizaci\u00f3n de la Secretar\u00eda Ejecutiva del Sistema Local de Protecci\u00f3n Integral de los Derechos de Ni\u00f1as, Ni\u00f1os y Adolescentes<\/span><\/td>\n<td><a href=\"https:\/\/drive.google.com\/file\/d\/12knp1NafqBFeZ2Q_59L_H3aKgVJwtM4f\/view?usp=sharing\">Descarga<\/a><\/td>\n<\/tr>\n<tr>\n<td align=\"left\" valign=\"top\" height=\"46\"><span style=\"color: #000000;font-family: Arial\">Manual de Procedimientos de la Secretar\u00eda Ejecutiva del Sistema Local de Protecci\u00f3n Integral de los Derechos de Ni\u00f1as, Ni\u00f1os y Adolescentes<\/span><\/td>\n<td><a href=\"https:\/\/drive.google.com\/file\/d\/1wz43MxfyoehYGKanj7g9fDZTqSE9BZRS\/view?usp=sharing\">Descarga<\/a><\/td>\n<\/tr>\n<tr>\n<td align=\"left\" valign=\"top\" height=\"46\"><span style=\"color: #000000;font-family: Arial\">Directrices de las Naciones unidas para la Prevenci\u00f3n de la Delincuencia Juvenil \u201cDirectrices de Riad\u201d<\/span><\/td>\n<td><a href=\"https:\/\/drive.google.com\/file\/d\/19CoqUvoq3gzdoKPBCvKdoc5sMySW3vH9\/view?usp=sharing \">Descarga<\/a><\/td>\n<\/tr>\n<tr>\n<td align=\"left\" valign=\"top\" height=\"46\"><span style=\"color: #000000;font-family: Arial\">Declaraci\u00f3n sobre los Principios Sociales y Jur\u00eddicos Relativos a la Protecci\u00f3n y Bienestar de los Ni\u00f1os, con particular referencia a la Adopci\u00f3n y la Colocaci\u00f3n en Hogares de Guarda, en los planos Nacional e Internacional<\/span><\/td>\n<td><a href=\"https:\/\/drive.google.com\/file\/d\/1Jmo0ouJx67XDcB-Qef5ZuX3WOfNgkJxX\/view?usp=share_link\">Descarga<\/a><\/td>\n<\/tr>\n<tr>\n<td align=\"left\" valign=\"top\" height=\"46\"><span style=\"color: #000000;font-family: Arial\">Ley Org\u00e1nica del Poder Ejecutivo del Estado de Oaxaca<\/span><\/td>\n<td><a href=\"https:\/\/www.congresooaxaca.gob.mx\/docs66.congresooaxaca.gob.mx\/legislacion_estatal\/Ley_Organica_del_Poder_Ejecutivo_(Ref_dto_870_aprob_LXVI_Legis_26_nov_2025_PO_Extra_31_diciembre_2025).pdf\">Descarga<\/a><\/td>\n<\/tr>\n<tr>\n<td align=\"left\" valign=\"top\" height=\"46\"><span style=\"color: #000000;font-family: Arial\">Ley de Transparencia, Acceso a la Informaci\u00f3n P\u00fablica y Buen Gobierno del Estado de Oaxaca<\/span><\/td>\n<td><a href=\"https:\/\/drive.google.com\/file\/d\/1mhH87FvTGxs1g1f7XBpNntV67YhFz6n2\/view\">Descarga<\/a><\/td>\n<\/tr>\n<tr>\n<td align=\"left\" valign=\"top\" height=\"46\"><span style=\"color: #000000;font-family: Arial\">Ley del Servicio Civil para los Empleados del Gobierno del Estado<\/span><\/td>\n<td><a href=\"https:\/\/www.congresooaxaca.gob.mx\/docs66.congresooaxaca.gob.mx\/legislacion_estatal\/Ley_del_Servicio_Civil_para_los_Empleados_de_Gobierno_del_Estado_(Ref_dto_2446_aprob_LXV_Legis_25_sep_2024_PO_41_14a_secc_12_oct_2024).pdf\">Descarga<\/a><\/td>\n<\/tr>\n<tr>\n<td align=\"left\" valign=\"top\" height=\"46\"><span style=\"color: #000000;font-family: Arial\">Ley de Protecci\u00f3n de Datos Personales en posesi\u00f3n de Sujetos Obligados del Estado de Oaxaca<\/span><\/td>\n<td><a href=\"https:\/\/drive.google.com\/file\/d\/1mhH87FvTGxs1g1f7XBpNntV67YhFz6n2\/view?usp=sharing\">Descarga<\/a><\/td>\n<\/tr>\n<tr>\n<td align=\"left\" valign=\"top\" height=\"46\"><span style=\"color: #000000;font-family: Arial\">Reglamento Interno de la Secretar\u00eda Ejecutiva del Sistema Local de Protecci\u00f3n Integral de los Derechos de Ni\u00f1as, Ni\u00f1os y Adolescentes del Estado de Oaxaca<\/span><\/td>\n<td><a href=\"https:\/\/drive.google.com\/file\/d\/1HicOKH8VKYc-1RySycShUNsxgmW4SdQy\/view?usp=sharing\">Descarga<\/a><\/td>\n<\/tr>\n<tr>\n<td align=\"left\" valign=\"top\" height=\"46\"><span style=\"color: #000000;font-family: Arial\">Reglamento de la Ley General de los Derechos de Ni\u00f1as, Ni\u00f1os y Adolescentes<\/span><\/td>\n<td><a href=\"https:\/\/drive.google.com\/file\/d\/13u3vR9l5zgrH7WtaDB0X2hL_JWyEOV_I\/view?usp=share_link\">Descarga<\/a><\/td>\n<\/tr>\n<tr>\n<td align=\"left\" valign=\"top\" height=\"46\"><span style=\"color: #000000;font-family: Arial\">Protocolo Facultativo de la Convenci\u00f3n Sobre los Derechos del Ni\u00f1o Relativo a la Participaci\u00f3n de Ni\u00f1os en los Conflictos Armados<\/span><\/td>\n<td><a href=\"https:\/\/drive.google.com\/file\/d\/1rowcRykZXVfrGvkImSK6aNeKrp8ME8Us\/view?usp=share_link\">Descarga<\/a><\/td>\n<\/tr>\n<tr>\n<td align=\"left\" valign=\"top\" height=\"46\"><span style=\"color: #000000;font-family: Arial\">Convenio 182 de la OIT sobre la Prohibici\u00f3n de las Peores Formas de Trabajo Infantil<\/span><\/td>\n<td><a href=\"https:\/\/drive.google.com\/file\/d\/1FhL-xNJSOTDGYX6k4b6quuLE62LA_-DN\/view?usp=share_link\">Descarga<\/a><\/td>\n<\/tr>\n<tr>\n<td align=\"left\" valign=\"top\" height=\"46\"><span style=\"color: #000000;font-family: Arial\">Protocolo Facultativo de la Convenci\u00f3n Sobre los Derechos del Ni\u00f1o Relativo a un Procedimiento de Comunicaciones<\/span><\/td>\n<td><a href=\"https:\/\/drive.google.com\/file\/d\/14geMmJwSYIPM18BiW5Pg4iaXVxgGuPMp\/view?usp=share_link\">Descarga<\/a><\/td>\n<\/tr>\n<tr>\n<td align=\"left\" valign=\"top\" height=\"46\"><span style=\"color: #000000;font-family: Arial\">Convenio Relativo a la Protecci\u00f3n del Ni\u00f1o y a la Cooperaci\u00f3n en Materia de Adopci\u00f3n internacional<\/span><\/td>\n<td><a href=\"https:\/\/drive.google.com\/file\/d\/13bdCMnwYiTNLj1eAKX_YcDpAnpK0omes\/view?usp=share_link\">Descarga<\/a><\/td>\n<\/tr>\n<tr>\n<td align=\"left\" valign=\"top\" height=\"46\"><span style=\"color: #000000;font-family: Arial\">Convenio 138 sobre la Edad M\u00ednima de Admisi\u00f3n al Empleo<\/span><\/td>\n<td><a href=\"https:\/\/docs.google.com\/document\/d\/11Fz5hemWRPFryiKUT3k5EHvjurtvg0iE\/edit?usp=share_link&amp;ouid=103856841360880818265&amp;rtpof=true&amp;sd=true\">Descarga<\/a><\/td>\n<\/tr>\n<tr>\n<td align=\"left\" valign=\"top\" height=\"46\"><span style=\"color: #000000;font-family: Arial\">Constituci\u00f3n Pol\u00edtica del Estado Libre y Soberano de Oaxaca<\/span><\/td>\n<td><a href=\"https:\/\/drive.google.com\/file\/d\/1fV8Ow4wJDXo_wEAR7RIiOhoKw4M0cE6c\/view?usp=sharing\">Descarga<\/a><\/td>\n<\/tr>\n<tr>\n<td align=\"left\" valign=\"top\" height=\"46\"><span style=\"color: #000000;font-family: Arial\">Ley de los Derechos de Ni\u00f1as, Ni\u00f1os y Adolescentes del Estado de Oaxaca<\/span><\/td>\n<td><a href=\"https:\/\/www.congresooaxaca.gob.mx\/docs66.congresooaxaca.gob.mx\/legislacion_estatal\/Ley_de_los_Derechos_de_Ninias_Ninios_y_Adolescentes_para_el_Estado_de_Oaxaca_(txt_orig_dto_1545_aprob_LXV_20_sep_2023_PO_40_14a_secc_7_oct_2023).pdf\">Descarga<\/a><\/td>\n<\/tr>\n<tr>\n<td align=\"left\" valign=\"top\" height=\"46\"><span style=\"color: #000000;font-family: Arial\">Protocolo Facultativo de la Convenci\u00f3n Sobre los Derechos del Ni\u00f1o Relativo a la Venta de Ni\u00f1os, la Prostituci\u00f3n Infantil y la Utilizaci\u00f3n de los Ni\u00f1os en la Pornograf\u00eda<\/span><\/td>\n<td><a href=\"https:\/\/drive.google.com\/file\/d\/1pvhYpVHkXnJjSc5PjNE56_RO_TsT7Oxt\/view?usp=share_link\">Descarga<\/a><\/td>\n<\/tr>\n<tr>\n<td align=\"left\" valign=\"top\" height=\"46\"><span style=\"color: #000000;font-family: Arial\">Constituci\u00f3n Pol\u00edtica de los Estados Unidos Mexicanos<\/span><\/td>\n<td><a href=\"https:\/\/drive.google.com\/file\/d\/1UuLnOfY8y6GByfHgs8L3CyKg6tRy5NHp\/view?usp=sharing\">Descarga<\/a><\/td>\n<\/tr>\n<tr>\n<td align=\"left\" valign=\"top\" bgcolor=\"#FFFFFF\" height=\"46\"><span style=\"color: #000000;font-family: Arial\">Convenci\u00f3n Interamericana Sobre Restituci\u00f3n Internacional de Menores<\/span><\/td>\n<td><a href=\"https:\/\/drive.google.com\/file\/d\/1vcGY1nmL78c-50Zj2UZRD3Mkt4s67aHu\/view?usp=share_link\">Descarga<\/a><\/td>\n<\/tr>\n<tr>\n<td align=\"left\" valign=\"top\" height=\"46\"><span style=\"color: #000000;font-family: Arial\">Convenci\u00f3n sobre los Derechos de las Personas con Discapacidad y su Protocolo Facultativo<\/span><\/td>\n<td><a href=\"https:\/\/drive.google.com\/file\/d\/1KKkvmex4ogylWQzF_cbAUcrX0eJ3BjeX\/view?usp=share_link\">Descarga<\/a><\/td>\n<\/tr>\n<tr>\n<td align=\"left\" valign=\"top\" height=\"46\"><span style=\"color: #000000;font-family: Arial\">Convenci\u00f3n Interamericana Sobre Conflictos de Leyes en Materia de Adopci\u00f3n de Menores<\/span><\/td>\n<td><a href=\"https:\/\/drive.google.com\/file\/d\/1OzcKj6JA6JP00MICswSraa-eQnYqRhA1\/view?usp=share_link\">Descarga<\/a><\/td>\n<\/tr>\n<tr>\n<td align=\"left\" valign=\"top\" height=\"46\"><span style=\"color: #000000;font-family: Arial\">Convenci\u00f3n sobre los Derechos del Ni\u00f1o<\/span><\/td>\n<td><a href=\"https:\/\/drive.google.com\/file\/d\/1ZpsLNhUaVpIefUoJsXy0yabXTTLUU9qb\/view?usp=share_link\">Descarga<\/a><\/td>\n<\/tr>\n<tr>\n<td align=\"left\" valign=\"top\" height=\"46\"><span style=\"color: #000000;font-family: Arial\">Lineamientos para la integraci\u00f3n, organizaci\u00f3n y funcionamiento de las Comisiones del Sistema Local de Protecci\u00f3n Integral de los Derechos de Ni\u00f1as, Ni\u00f1os y Adolescentes del Estado de Oaxaca<\/span><\/td>\n<td><a href=\"https:\/\/drive.google.com\/file\/d\/1ApsVwhmRfK9zeWdpoR6630xxXK7KKdlk\/view?usp=sharing\">Descarga<\/a><\/td>\n<\/tr>\n<tr>\n<td align=\"left\" valign=\"top\" height=\"46\"><span style=\"color: #000000;font-family: Arial\"> Ley General de los Derechos de Ni\u00f1as, Ni\u00f1os y Adolescentes<\/span><\/td>\n<td><a href=\"https:\/\/www.diputados.gob.mx\/LeyesBiblio\/pdf\/LGDNNA.pdf\">Descarga<\/a><\/td>\n<\/tr>\n<\/tbody>\n<\/table>\n<\/div>\n<\/div>\n<\/nav>\n","protected":false},"excerpt":{"rendered":"","protected":false},"author":1,"featured_media":0,"parent":0,"menu_order":0,"comment_status":"closed","ping_status":"closed","template":"","meta":{"episode_type":"","audio_file":"","podmotor_file_id":"","podmotor_episode_id":"","cover_image":"","cover_image_id":"","duration":"","filesize":"","filesize_raw":"","date_recorded":"","explicit":"","block":"","itunes_episode_number":"","itunes_title":"","itunes_season_number":"","itunes_episode_type":"","footnotes":""},"categories":[],"tags":[],"class_list":["post-52","page","type-page","status-publish","hentry"],"acf":[],"publishpress_future_action":{"enabled":false,"date":"2026-04-20 01:26:38","action":"change-status","newStatus":"draft","terms":[],"taxonomy":"category","extraData":[]},"publishpress_future_workflow_manual_trigger":{"enabledWorkflows":[]},"_links":{"self":[{"href":"https:\/\/www.oaxaca.gob.mx\/sesipinna\/wp-json\/wp\/v2\/pages\/52","targetHints":{"allow":["GET"]}}],"collection":[{"href":"https:\/\/www.oaxaca.gob.mx\/sesipinna\/wp-json\/wp\/v2\/pages"}],"about":[{"href":"https:\/\/www.oaxaca.gob.mx\/sesipinna\/wp-json\/wp\/v2\/types\/page"}],"author":[{"embeddable":true,"href":"https:\/\/www.oaxaca.gob.mx\/sesipinna\/wp-json\/wp\/v2\/users\/1"}],"replies":[{"embeddable":true,"href":"https:\/\/www.oaxaca.gob.mx\/sesipinna\/wp-json\/wp\/v2\/comments?post=52"}],"version-history":[{"count":2,"href":"https:\/\/www.oaxaca.gob.mx\/sesipinna\/wp-json\/wp\/v2\/pages\/52\/revisions"}],"predecessor-version":[{"id":2110,"href":"https:\/\/www.oaxaca.gob.mx\/sesipinna\/wp-json\/wp\/v2\/pages\/52\/revisions\/2110"}],"wp:attachment":[{"href":"https:\/\/www.oaxaca.gob.mx\/sesipinna\/wp-json\/wp\/v2\/media?parent=52"}],"wp:term":[{"taxonomy":"category","embeddable":true,"href":"https:\/\/www.oaxaca.gob.mx\/sesipinna\/wp-json\/wp\/v2\/categories?post=52"},{"taxonomy":"post_tag","embeddable":true,"href":"https:\/\/www.oaxaca.gob.mx\/sesipinna\/wp-json\/wp\/v2\/tags?post=52"}],"curies":[{"name":"wp","href":"https:\/\/api.w.org\/{rel}","templated":true}]}}