{"id":447,"date":"2016-02-29T13:44:12","date_gmt":"2016-02-29T19:44:12","guid":{"rendered":"https:\/\/www.oaxaca.gob.mx\/sesipinna\/?page_id=447"},"modified":"2025-12-03T14:48:18","modified_gmt":"2025-12-03T20:48:18","slug":"donde-estabamos","status":"publish","type":"page","link":"https:\/\/www.oaxaca.gob.mx\/sesipinna\/donde-estabamos\/","title":{"rendered":"\u00bfD\u00f3nde est\u00e1bamos?"},"content":{"rendered":"<p><strong>Objetivo:<\/strong> Sensibilizar sobre el tema de trata de ni\u00f1as, ni\u00f1os y adolescentes a la poblaci\u00f3n oaxaque\u00f1a.<\/p>\n<p><img loading=\"lazy\" decoding=\"async\" class=\"alignnone size-medium wp-image-2203\" src=\"https:\/\/www.oaxaca.gob.mx\/sesipinna\/wp-content\/uploads\/sites\/53\/2025\/12\/ANTERIOR-SIPINNA-300x236.png\" alt=\"\" width=\"300\" height=\"236\" srcset=\"https:\/\/www.oaxaca.gob.mx\/sesipinna\/wp-content\/uploads\/sites\/53\/2025\/12\/ANTERIOR-SIPINNA-300x236.png 300w, https:\/\/www.oaxaca.gob.mx\/sesipinna\/wp-content\/uploads\/sites\/53\/2025\/12\/ANTERIOR-SIPINNA.png 626w\" sizes=\"auto, (max-width: 300px) 100vw, 300px\" \/>\u00a0 \u00a0 \u00a0 \u00a0 \u00a0 \u00a0 \u00a0 \u00a0 \u00a0 \u00a0 \u00a0 \u00a0 \u00a0 <img loading=\"lazy\" decoding=\"async\" class=\"alignnone size-medium wp-image-2204\" src=\"https:\/\/www.oaxaca.gob.mx\/sesipinna\/wp-content\/uploads\/sites\/53\/2025\/12\/DIRANTERIOR-225x300.webp\" alt=\"\" width=\"225\" height=\"300\" srcset=\"https:\/\/www.oaxaca.gob.mx\/sesipinna\/wp-content\/uploads\/sites\/53\/2025\/12\/DIRANTERIOR-225x300.webp 225w, https:\/\/www.oaxaca.gob.mx\/sesipinna\/wp-content\/uploads\/sites\/53\/2025\/12\/DIRANTERIOR.webp 382w\" sizes=\"auto, (max-width: 225px) 100vw, 225px\" \/><\/p>\n","protected":false},"excerpt":{"rendered":"<p>Objetivo: Sensibilizar sobre el tema de trata de ni\u00f1as, ni\u00f1os y adolescentes a la poblaci\u00f3n oaxaque\u00f1a. \u00a0 \u00a0 \u00a0 \u00a0 \u00a0 \u00a0 \u00a0 \u00a0 \u00a0 \u00a0 \u00a0 \u00a0 \u00a0<\/p>\n","protected":false},"author":1,"featured_media":0,"parent":0,"menu_order":0,"comment_status":"closed","ping_status":"closed","template":"","meta":{"episode_type":"","audio_file":"","podmotor_file_id":"","podmotor_episode_id":"","cover_image":"","cover_image_id":"","duration":"","filesize":"","filesize_raw":"","date_recorded":"","explicit":"","block":"","itunes_episode_number":"","itunes_title":"","itunes_season_number":"","itunes_episode_type":"","footnotes":""},"categories":[],"tags":[],"class_list":["post-447","page","type-page","status-publish","hentry"],"acf":[],"publishpress_future_action":{"enabled":false,"date":"2026-04-20 05:22:22","action":"change-status","newStatus":"draft","terms":[],"taxonomy":"category","extraData":[]},"publishpress_future_workflow_manual_trigger":{"enabledWorkflows":[]},"_links":{"self":[{"href":"https:\/\/www.oaxaca.gob.mx\/sesipinna\/wp-json\/wp\/v2\/pages\/447","targetHints":{"allow":["GET"]}}],"collection":[{"href":"https:\/\/www.oaxaca.gob.mx\/sesipinna\/wp-json\/wp\/v2\/pages"}],"about":[{"href":"https:\/\/www.oaxaca.gob.mx\/sesipinna\/wp-json\/wp\/v2\/types\/page"}],"author":[{"embeddable":true,"href":"https:\/\/www.oaxaca.gob.mx\/sesipinna\/wp-json\/wp\/v2\/users\/1"}],"replies":[{"embeddable":true,"href":"https:\/\/www.oaxaca.gob.mx\/sesipinna\/wp-json\/wp\/v2\/comments?post=447"}],"version-history":[{"count":3,"href":"https:\/\/www.oaxaca.gob.mx\/sesipinna\/wp-json\/wp\/v2\/pages\/447\/revisions"}],"predecessor-version":[{"id":2205,"href":"https:\/\/www.oaxaca.gob.mx\/sesipinna\/wp-json\/wp\/v2\/pages\/447\/revisions\/2205"}],"wp:attachment":[{"href":"https:\/\/www.oaxaca.gob.mx\/sesipinna\/wp-json\/wp\/v2\/media?parent=447"}],"wp:term":[{"taxonomy":"category","embeddable":true,"href":"https:\/\/www.oaxaca.gob.mx\/sesipinna\/wp-json\/wp\/v2\/categories?post=447"},{"taxonomy":"post_tag","embeddable":true,"href":"https:\/\/www.oaxaca.gob.mx\/sesipinna\/wp-json\/wp\/v2\/tags?post=447"}],"curies":[{"name":"wp","href":"https:\/\/api.w.org\/{rel}","templated":true}]}}