{"id":401,"date":"2016-02-27T11:58:50","date_gmt":"2016-02-27T17:58:50","guid":{"rendered":"https:\/\/www.oaxaca.gob.mx\/sesipinna\/?page_id=401"},"modified":"2016-02-27T11:58:50","modified_gmt":"2016-02-27T17:58:50","slug":"sintesis-informativa","status":"publish","type":"page","link":"https:\/\/www.oaxaca.gob.mx\/sesipinna\/sintesis-informativa\/","title":{"rendered":"VOCES"},"content":{"rendered":"<p style=\"text-align: center\"><strong>La Secretar\u00eda Ejecutiva del Sistema Local de Protecci\u00f3n Integral<\/strong><\/p>\n<p style=\"text-align: center\"><strong>de los Derechos de Ni\u00f1as, Ni\u00f1os y Adolescentes, SE-SIDNNA<\/strong><\/p>\n<p style=\"text-align: center\"><strong>presenta<\/strong><\/p>\n<p style=\"text-align: center\">\n<p style=\"text-align: center\"><a href=\"https:\/\/www.oaxaca.gob.mx\/sesipinna\/wp-content\/uploads\/sites\/53\/2016\/02\/79df6d0d-5747-4039-b2c0-958022bd9b90.jpg\" rel=\"attachment wp-att-814\"><img loading=\"lazy\" decoding=\"async\" class=\"alignnone size-medium wp-image-814\" src=\"\/sipinna\/wp-content\/uploads\/sites\/53\/2016\/02\/79df6d0d-5747-4039-b2c0-958022bd9b90-300x74.jpg\" alt=\"79df6d0d-5747-4039-b2c0-958022bd9b90\" width=\"600\" height=\"148\" srcset=\"https:\/\/www.oaxaca.gob.mx\/sesipinna\/wp-content\/uploads\/sites\/53\/2016\/02\/79df6d0d-5747-4039-b2c0-958022bd9b90-300x74.jpg 300w, https:\/\/www.oaxaca.gob.mx\/sesipinna\/wp-content\/uploads\/sites\/53\/2016\/02\/79df6d0d-5747-4039-b2c0-958022bd9b90-768x190.jpg 768w, https:\/\/www.oaxaca.gob.mx\/sesipinna\/wp-content\/uploads\/sites\/53\/2016\/02\/79df6d0d-5747-4039-b2c0-958022bd9b90-1024x253.jpg 1024w, https:\/\/www.oaxaca.gob.mx\/sesipinna\/wp-content\/uploads\/sites\/53\/2016\/02\/79df6d0d-5747-4039-b2c0-958022bd9b90.jpg 1345w\" sizes=\"auto, (max-width: 600px) 100vw, 600px\" \/><\/a><\/p>\n<p style=\"text-align: center\">un servicio informativo emitido por el equipo de comunicaci\u00f3n y difusi\u00f3n de la SE-SIDNNA para facilitar el conocimiento de los derechos de las ni\u00f1as, ni\u00f1os y adolescentes a trav\u00e9s de un medio digital que incluye informaci\u00f3n actual y oportuna sobre los contextos estatal, nacional e internacional.<\/p>\n<p>&nbsp;<\/p>\n<p>Para recibir una emisi\u00f3n diaria de VOCES es necesario te suscribas \u00a1es totalmente gratuito!<\/p>\n<p><a href=\"http:\/\/goo.gl\/ADSeH9\">http:\/\/goo.gl\/ADSeH9<\/a><\/p>\n<p>&nbsp;<\/p>\n<p>Por las caracter\u00edsticas t\u00e9cnicas del servicio el correo aparecer\u00e1 en tu bandeja de \u201cspam\u201d o en la pesta\u00f1a de \u201cpromociones\u201d, s\u00f3lo tienes que localizar el correo en alguna de estas bandejas o teclear la palabra \u201cvoces\u201d desde la barra de b\u00fasqueda de tu servidor de correo, dar clic derecho sobre el mensaje y elegir la opci\u00f3n \u201cMover a la pesta\u00f1a &gt; Principal\u201d, para que a partir de ese momento puedas visualizarlo en tu bandeja de correo principal. En algunas ocasiones al abrir el mensaje ver\u00e1s una advertencia diciendo que tengas mucho cuidado, que los ladrones de datos personales suelen utilizar contenidos de este tipo, pero no te preocupes esto se debe al servidor desde el cual se env\u00eda el servicio informativo pero es totalmente seguro.<\/p>\n<p>&nbsp;<\/p>\n<p>Puedes visualizar una edici\u00f3n de VOCES aqu\u00ed: <a href=\"http:\/\/goo.gl\/KvaPHb\">http:\/\/goo.gl\/KvaPHb<\/a><\/p>\n","protected":false},"excerpt":{"rendered":"<p>La Secretar\u00eda Ejecutiva del Sistema Local de Protecci\u00f3n Integral de los Derechos de Ni\u00f1as, Ni\u00f1os y Adolescentes, SE-SIDNNA presenta un servicio informativo emitido por el equipo de comunicaci\u00f3n y difusi\u00f3n de la SE-SIDNNA para facilitar el conocimiento de los derechos de las ni\u00f1as, ni\u00f1os y adolescentes a trav\u00e9s de un medio digital que incluye informaci\u00f3n [&hellip;]<\/p>\n","protected":false},"author":1,"featured_media":0,"parent":0,"menu_order":0,"comment_status":"closed","ping_status":"closed","template":"","meta":{"episode_type":"","audio_file":"","podmotor_file_id":"","podmotor_episode_id":"","cover_image":"","cover_image_id":"","duration":"","filesize":"","filesize_raw":"","date_recorded":"","explicit":"","block":"","itunes_episode_number":"","itunes_title":"","itunes_season_number":"","itunes_episode_type":"","footnotes":""},"categories":[],"tags":[],"class_list":["post-401","page","type-page","status-publish","hentry"],"acf":[],"publishpress_future_action":{"enabled":false,"date":"2026-04-20 05:23:08","action":"change-status","newStatus":"draft","terms":[],"taxonomy":"category","extraData":[]},"publishpress_future_workflow_manual_trigger":{"enabledWorkflows":[]},"_links":{"self":[{"href":"https:\/\/www.oaxaca.gob.mx\/sesipinna\/wp-json\/wp\/v2\/pages\/401","targetHints":{"allow":["GET"]}}],"collection":[{"href":"https:\/\/www.oaxaca.gob.mx\/sesipinna\/wp-json\/wp\/v2\/pages"}],"about":[{"href":"https:\/\/www.oaxaca.gob.mx\/sesipinna\/wp-json\/wp\/v2\/types\/page"}],"author":[{"embeddable":true,"href":"https:\/\/www.oaxaca.gob.mx\/sesipinna\/wp-json\/wp\/v2\/users\/1"}],"replies":[{"embeddable":true,"href":"https:\/\/www.oaxaca.gob.mx\/sesipinna\/wp-json\/wp\/v2\/comments?post=401"}],"version-history":[{"count":0,"href":"https:\/\/www.oaxaca.gob.mx\/sesipinna\/wp-json\/wp\/v2\/pages\/401\/revisions"}],"wp:attachment":[{"href":"https:\/\/www.oaxaca.gob.mx\/sesipinna\/wp-json\/wp\/v2\/media?parent=401"}],"wp:term":[{"taxonomy":"category","embeddable":true,"href":"https:\/\/www.oaxaca.gob.mx\/sesipinna\/wp-json\/wp\/v2\/categories?post=401"},{"taxonomy":"post_tag","embeddable":true,"href":"https:\/\/www.oaxaca.gob.mx\/sesipinna\/wp-json\/wp\/v2\/tags?post=401"}],"curies":[{"name":"wp","href":"https:\/\/api.w.org\/{rel}","templated":true}]}}