{"id":39,"date":"2016-02-11T16:42:43","date_gmt":"2016-02-11T22:42:43","guid":{"rendered":"https:\/\/www.oaxaca.gob.mx\/sesipinna\/?page_id=39"},"modified":"2016-02-11T16:42:43","modified_gmt":"2016-02-11T22:42:43","slug":"facultades","status":"publish","type":"page","link":"https:\/\/www.oaxaca.gob.mx\/sesipinna\/facultades\/","title":{"rendered":"Atribuciones del SIPINNA"},"content":{"rendered":"<p style=\"text-align: justify\">De acuerdo con la Ley de los Derechos de Ni\u00f1as, Ni\u00f1os y Adolescentes del estado de Oaxaca, publicada el 16 de diciembre del a\u00f1o 2015, en su art\u00edculo 108 establece que el SIPINNA tiene las siguientes atribuciones:<\/p>\n<p>I. Dise\u00f1ar, generar, ejecutar, coordinar y evaluar pol\u00edticas p\u00fablicas, planes, proyectos, protocolos y acciones encaminadas al fortalecimiento de los derechos protegidos por esta Ley y dem\u00e1s disposiciones aplicables; para lo cual procurar\u00e1 la coordinaci\u00f3n de esfuerzos interinstitucionales e intersectoriales y de la sociedad civil;<\/p>\n<p>II. Coadyuvar en la adopci\u00f3n y consolidaci\u00f3n del Sistema Nacional de Protecci\u00f3n;<\/p>\n<p>III. Garantizar la transversalidad de la perspectiva de derechos de ni\u00f1as, ni\u00f1os y adolescentes en la elaboraci\u00f3n de programas sectoriales o, en su caso, institucionales espec\u00edficos, as\u00ed como en las pol\u00edticas y acciones de las dependencias y entidades de la administraci\u00f3n p\u00fablica local;<\/p>\n<p>IV. Elaborar, aprobar e implementar un Plan Anual de Actividades para el cumplimiento integral de los derechos de ni\u00f1as, ni\u00f1os y adolescentes apoy\u00e1ndose para ello en la participaci\u00f3n de las organizaciones civiles, as\u00ed como de ni\u00f1as, ni\u00f1os y adolescentes, el cual deber\u00e1 sustentarse en un diagn\u00f3stico sobre la situaci\u00f3n que guardan sus derechos y en las acciones necesarias para darle cumplimiento, as\u00ed como en las acciones de las instituciones responsables de ello;<\/p>\n<p>V. Difundir el marco jur\u00eddico local, nacional e internacional de protecci\u00f3n a los derechos de ni\u00f1as, ni\u00f1os y adolescentes, base del conocimiento, desarrollo y respeto de los derechos de las ni\u00f1as, ni\u00f1os y adolescentes;<\/p>\n<p>VI. Generar los mecanismos necesarios para garantizar la participaci\u00f3n directa y efectiva de ni\u00f1as, ni\u00f1os y adolescentes en los procesos de elaboraci\u00f3n de programas y pol\u00edticas locales para la protecci\u00f3n integral de sus derechos, de acuerdo a lo estipulado en la presente Ley;<\/p>\n<p>VII. Establecer en sus presupuestos, rubros destinados a la protecci\u00f3n de los derechos de ni\u00f1as, ni\u00f1os y adolescentes, los cuales tendr\u00e1n una realizaci\u00f3n progresiva;<\/p>\n<p>VIII. Participar en la elaboraci\u00f3n del Programa Nacional;<\/p>\n<p>IX. Elaborar y ejecutar el Programa Local con la participaci\u00f3n de los sectores p\u00fablico, social y privado, as\u00ed como de ni\u00f1as, ni\u00f1os y adolescentes;<\/p>\n<p>X. Llevar a cabo el seguimiento, monitoreo y evaluaci\u00f3n de la ejecuci\u00f3n del Programa Local;<\/p>\n<p>XI. Emitir un informe anual sobre los avances del Programa Local y remitirlo al Sistema Nacional de Protecci\u00f3n;<\/p>\n<p>XII. Garantizar la participaci\u00f3n de ni\u00f1as, ni\u00f1os y adolescentes en el ejercicio de sus derechos humanos, tomando en consideraci\u00f3n las medidas especiales que se requieran y las disposiciones prescritas en la presente Ley;<\/p>\n<p>XIII. Fortalecer las acciones de corresponsabilidad y cercan\u00eda entre las instancias p\u00fablicas y privadas con ni\u00f1as, ni\u00f1os y adolescentes;<\/p>\n<p>XIV. Realizar acciones de formaci\u00f3n y capacitaci\u00f3n de manera sistem\u00e1tica y continua sobre el conocimiento y respeto de los derechos humanos de ni\u00f1as, ni\u00f1os y adolescentes, especialmente en coordinaci\u00f3n con sus padres, tutores o responsables legales y con aquellas personas que trabajan desde los diversos \u00e1mbitos en la garant\u00eda de sus derechos;<\/p>\n<p>XV. Impulsar reformas, en el \u00e1mbito de su competencia, para el cumplimiento de los objetivos de la presente Ley;<\/p>\n<p>XVI. Celebrar convenios de coordinaci\u00f3n en la materia;<\/p>\n<p>XVII. Realizar con apoyo de especialistas de la sociedad civil, estudios espec\u00edficos sobre temas que considere de importante trascendencia;<\/p>\n<p>XVIII. Difundir y desarrollar el conocimiento y respeto de los derechos de ni\u00f1as, ni\u00f1os y adolescentes, en su promoci\u00f3n, atenci\u00f3n, desarrollo, defensa y protecci\u00f3n y restituci\u00f3n de los mismo;<\/p>\n<p>XIX. Auxiliar a la Procuradur\u00eda Estatal de Protecci\u00f3n en las medidas urgentes de protecci\u00f3n que \u00e9sta determine, y coordinar las acciones que correspondan en el \u00e1mbito de sus atribuciones, y<\/p>\n<p>XX. Las dem\u00e1s que le otorguen otras disposiciones jur\u00eddicas aplicables.<\/p>\n","protected":false},"excerpt":{"rendered":"<p>De acuerdo con la Ley de los Derechos de Ni\u00f1as, Ni\u00f1os y Adolescentes del estado de Oaxaca, publicada el 16 de diciembre del a\u00f1o 2015, en su art\u00edculo 108 establece que el SIPINNA tiene las siguientes atribuciones: I. Dise\u00f1ar, generar, ejecutar, coordinar y evaluar pol\u00edticas p\u00fablicas, planes, proyectos, protocolos y acciones encaminadas al fortalecimiento de [&hellip;]<\/p>\n","protected":false},"author":1,"featured_media":0,"parent":0,"menu_order":0,"comment_status":"closed","ping_status":"closed","template":"","meta":{"episode_type":"","audio_file":"","podmotor_file_id":"","podmotor_episode_id":"","cover_image":"","cover_image_id":"","duration":"","filesize":"","filesize_raw":"","date_recorded":"","explicit":"","block":"","itunes_episode_number":"","itunes_title":"","itunes_season_number":"","itunes_episode_type":"","footnotes":""},"categories":[],"tags":[],"class_list":["post-39","page","type-page","status-publish","hentry"],"acf":[],"publishpress_future_action":{"enabled":false,"date":"2026-04-20 05:21:17","action":"change-status","newStatus":"draft","terms":[],"taxonomy":"category","extraData":[]},"publishpress_future_workflow_manual_trigger":{"enabledWorkflows":[]},"_links":{"self":[{"href":"https:\/\/www.oaxaca.gob.mx\/sesipinna\/wp-json\/wp\/v2\/pages\/39","targetHints":{"allow":["GET"]}}],"collection":[{"href":"https:\/\/www.oaxaca.gob.mx\/sesipinna\/wp-json\/wp\/v2\/pages"}],"about":[{"href":"https:\/\/www.oaxaca.gob.mx\/sesipinna\/wp-json\/wp\/v2\/types\/page"}],"author":[{"embeddable":true,"href":"https:\/\/www.oaxaca.gob.mx\/sesipinna\/wp-json\/wp\/v2\/users\/1"}],"replies":[{"embeddable":true,"href":"https:\/\/www.oaxaca.gob.mx\/sesipinna\/wp-json\/wp\/v2\/comments?post=39"}],"version-history":[{"count":0,"href":"https:\/\/www.oaxaca.gob.mx\/sesipinna\/wp-json\/wp\/v2\/pages\/39\/revisions"}],"wp:attachment":[{"href":"https:\/\/www.oaxaca.gob.mx\/sesipinna\/wp-json\/wp\/v2\/media?parent=39"}],"wp:term":[{"taxonomy":"category","embeddable":true,"href":"https:\/\/www.oaxaca.gob.mx\/sesipinna\/wp-json\/wp\/v2\/categories?post=39"},{"taxonomy":"post_tag","embeddable":true,"href":"https:\/\/www.oaxaca.gob.mx\/sesipinna\/wp-json\/wp\/v2\/tags?post=39"}],"curies":[{"name":"wp","href":"https:\/\/api.w.org\/{rel}","templated":true}]}}