{"id":35,"date":"2016-02-11T16:42:00","date_gmt":"2016-02-11T22:42:00","guid":{"rendered":"https:\/\/www.oaxaca.gob.mx\/sesipinna\/?page_id=35"},"modified":"2016-02-11T16:42:00","modified_gmt":"2016-02-11T22:42:00","slug":"misionvision","status":"publish","type":"page","link":"https:\/\/www.oaxaca.gob.mx\/sesipinna\/misionvision\/","title":{"rendered":"Misi\u00f3n, visi\u00f3n y objetivos"},"content":{"rendered":"<h3 style=\"text-align: justify\">Misi\u00f3n<\/h3>\n<p style=\"text-align: justify\">Contribuir en la Generaci\u00f3n y Desarrollo de Pol\u00edticas P\u00fablicas, Programas y Acciones para Proteger y Garantizar el Respeto de los Derechos de Ni\u00f1as, Ni\u00f1os y Adolescentes en Oaxaca y Promover su Desarrollo Integral con el Objeto de Mejorar sus Condiciones de Vida.<\/p>\n<p>&nbsp;<\/p>\n<h3 style=\"text-align: justify\">Visi\u00f3n<\/h3>\n<p style=\"text-align: justify\">Hacer del <strong>SESIPINNA<\/strong> una Instancia Articuladora de los Esfuerzos que Gobierno y Sociedad Civil Realicen en el Estado para la Promoci\u00f3n, Protecci\u00f3n y Satisfacci\u00f3n de los Derechos de Ni\u00f1as, Ni\u00f1os y Adolescentes.<\/p>\n<p>&nbsp;<\/p>\n<h3>Objetivo<\/h3>\n<p>Promover la garant\u00eda y pleno goce de los derechos de ni\u00f1as, ni\u00f1os y adolescentes en el estado de Oaxaca, mediante la articulaci\u00f3n de acciones interinstitucionales e intersectoriales con las instituciones responsables de las pol\u00edticas p\u00fablicas; impulsando la adecuaci\u00f3n legislativa; promoci\u00f3n, difusi\u00f3n y fortalecimiento del conocimiento de los derechos de ni\u00f1as, ni\u00f1os y adolescentes; la creaci\u00f3n de sistemas municipales de protecci\u00f3n integral, as\u00ed como el seguimiento y monitoreo de la ejecuci\u00f3n del Programa Estatal de Protecci\u00f3n de Ni\u00f1as, Ni\u00f1os y Adolescentes del Estado de Oaxaca.<\/p>\n","protected":false},"excerpt":{"rendered":"<p>Misi\u00f3n Contribuir en la Generaci\u00f3n y Desarrollo de Pol\u00edticas P\u00fablicas, Programas y Acciones para Proteger y Garantizar el Respeto de los Derechos de Ni\u00f1as, Ni\u00f1os y Adolescentes en Oaxaca y Promover su Desarrollo Integral con el Objeto de Mejorar sus Condiciones de Vida. &nbsp; Visi\u00f3n Hacer del SESIPINNA una Instancia Articuladora de los Esfuerzos que [&hellip;]<\/p>\n","protected":false},"author":1,"featured_media":0,"parent":0,"menu_order":0,"comment_status":"closed","ping_status":"closed","template":"","meta":{"episode_type":"","audio_file":"","podmotor_file_id":"","podmotor_episode_id":"","cover_image":"","cover_image_id":"","duration":"","filesize":"","filesize_raw":"","date_recorded":"","explicit":"","block":"","itunes_episode_number":"","itunes_title":"","itunes_season_number":"","itunes_episode_type":"","footnotes":""},"categories":[],"tags":[],"class_list":["post-35","page","type-page","status-publish","hentry"],"acf":[],"publishpress_future_action":{"enabled":false,"date":"2026-04-30 10:57:47","action":"change-status","newStatus":"draft","terms":[],"taxonomy":"category","extraData":[]},"publishpress_future_workflow_manual_trigger":{"enabledWorkflows":[]},"_links":{"self":[{"href":"https:\/\/www.oaxaca.gob.mx\/sesipinna\/wp-json\/wp\/v2\/pages\/35","targetHints":{"allow":["GET"]}}],"collection":[{"href":"https:\/\/www.oaxaca.gob.mx\/sesipinna\/wp-json\/wp\/v2\/pages"}],"about":[{"href":"https:\/\/www.oaxaca.gob.mx\/sesipinna\/wp-json\/wp\/v2\/types\/page"}],"author":[{"embeddable":true,"href":"https:\/\/www.oaxaca.gob.mx\/sesipinna\/wp-json\/wp\/v2\/users\/1"}],"replies":[{"embeddable":true,"href":"https:\/\/www.oaxaca.gob.mx\/sesipinna\/wp-json\/wp\/v2\/comments?post=35"}],"version-history":[{"count":0,"href":"https:\/\/www.oaxaca.gob.mx\/sesipinna\/wp-json\/wp\/v2\/pages\/35\/revisions"}],"wp:attachment":[{"href":"https:\/\/www.oaxaca.gob.mx\/sesipinna\/wp-json\/wp\/v2\/media?parent=35"}],"wp:term":[{"taxonomy":"category","embeddable":true,"href":"https:\/\/www.oaxaca.gob.mx\/sesipinna\/wp-json\/wp\/v2\/categories?post=35"},{"taxonomy":"post_tag","embeddable":true,"href":"https:\/\/www.oaxaca.gob.mx\/sesipinna\/wp-json\/wp\/v2\/tags?post=35"}],"curies":[{"name":"wp","href":"https:\/\/api.w.org\/{rel}","templated":true}]}}