{"id":1380,"date":"2019-05-29T19:11:55","date_gmt":"2019-05-29T17:11:55","guid":{"rendered":"https:\/\/www.oaxaca.gob.mx\/sesipinna\/?page_id=1380"},"modified":"2024-10-10T12:05:56","modified_gmt":"2024-10-10T18:05:56","slug":"titular","status":"publish","type":"page","link":"https:\/\/www.oaxaca.gob.mx\/sesipinna\/titular\/","title":{"rendered":"Titular"},"content":{"rendered":"<h3><img loading=\"lazy\" decoding=\"async\" class=\"alignnone size-medium wp-image-1847\" src=\"https:\/\/www.oaxaca.gob.mx\/sesipinna\/wp-content\/uploads\/sites\/53\/2023\/01\/maestra-Alma-300x300.jpg\" alt=\"\" width=\"300\" height=\"300\" srcset=\"https:\/\/www.oaxaca.gob.mx\/sesipinna\/wp-content\/uploads\/sites\/53\/2023\/01\/maestra-Alma-300x300.jpg 300w, https:\/\/www.oaxaca.gob.mx\/sesipinna\/wp-content\/uploads\/sites\/53\/2023\/01\/maestra-Alma-150x150.jpg 150w, https:\/\/www.oaxaca.gob.mx\/sesipinna\/wp-content\/uploads\/sites\/53\/2023\/01\/maestra-Alma.jpg 400w\" sizes=\"auto, (max-width: 300px) 100vw, 300px\" \/><\/h3>\n<h3>Mtra. Alma Deysi Bautista Ramos<\/h3>\n<p><strong>Profesi\u00f3n:<\/strong><em> Maestr\u00eda en Derecho procesal penal y juicios orales<\/em><br \/>\n<strong>Cargo:<\/strong>\u00a0<em>Secretaria Ejecutiva del Sistema Local de Protecci\u00f3n<\/em><br \/>\n<em>Integral de los Derechos de Ni\u00f1as, Ni\u00f1os y Adolescentes del Estado de Oaxaca.<\/em><\/p>\n<p><strong>Tel\u00e9fono Oficial:<\/strong>\u00a0<em>951 688 78 45<\/em><br \/>\n<strong>Direcci\u00f3n:<\/strong> Calle Carteros 206 col. Postal, Oaxaca de Ju\u00e1rez, Oaxaca C.P. 68080<br \/>\n<strong>Correo electr\u00f3nico:<\/strong>\u00a0<em>sipinna@oaxaca.gob.mx<\/em><\/p>\n","protected":false},"excerpt":{"rendered":"<p>Mtra. Alma Deysi Bautista Ramos Profesi\u00f3n: Maestr\u00eda en Derecho procesal penal y juicios orales Cargo:\u00a0Secretaria Ejecutiva del Sistema Local de Protecci\u00f3n Integral de los Derechos de Ni\u00f1as, Ni\u00f1os y Adolescentes del Estado de Oaxaca. Tel\u00e9fono Oficial:\u00a0951 688 78 45 Direcci\u00f3n: Calle Carteros 206 col. Postal, Oaxaca de Ju\u00e1rez, Oaxaca C.P. 68080 Correo electr\u00f3nico:\u00a0sipinna@oaxaca.gob.mx<\/p>\n","protected":false},"author":1,"featured_media":0,"parent":0,"menu_order":0,"comment_status":"closed","ping_status":"closed","template":"","meta":{"episode_type":"","audio_file":"","podmotor_file_id":"","podmotor_episode_id":"","cover_image":"","cover_image_id":"","duration":"","filesize":"","filesize_raw":"","date_recorded":"","explicit":"","block":"","itunes_episode_number":"","itunes_title":"","itunes_season_number":"","itunes_episode_type":"","footnotes":""},"categories":[],"tags":[],"class_list":["post-1380","page","type-page","status-publish","hentry"],"acf":[],"publishpress_future_action":{"enabled":false,"date":"2026-05-18 07:49:30","action":"change-status","newStatus":"draft","terms":[],"taxonomy":"category","extraData":[]},"publishpress_future_workflow_manual_trigger":{"enabledWorkflows":[]},"_links":{"self":[{"href":"https:\/\/www.oaxaca.gob.mx\/sesipinna\/wp-json\/wp\/v2\/pages\/1380","targetHints":{"allow":["GET"]}}],"collection":[{"href":"https:\/\/www.oaxaca.gob.mx\/sesipinna\/wp-json\/wp\/v2\/pages"}],"about":[{"href":"https:\/\/www.oaxaca.gob.mx\/sesipinna\/wp-json\/wp\/v2\/types\/page"}],"author":[{"embeddable":true,"href":"https:\/\/www.oaxaca.gob.mx\/sesipinna\/wp-json\/wp\/v2\/users\/1"}],"replies":[{"embeddable":true,"href":"https:\/\/www.oaxaca.gob.mx\/sesipinna\/wp-json\/wp\/v2\/comments?post=1380"}],"version-history":[{"count":3,"href":"https:\/\/www.oaxaca.gob.mx\/sesipinna\/wp-json\/wp\/v2\/pages\/1380\/revisions"}],"predecessor-version":[{"id":1849,"href":"https:\/\/www.oaxaca.gob.mx\/sesipinna\/wp-json\/wp\/v2\/pages\/1380\/revisions\/1849"}],"wp:attachment":[{"href":"https:\/\/www.oaxaca.gob.mx\/sesipinna\/wp-json\/wp\/v2\/media?parent=1380"}],"wp:term":[{"taxonomy":"category","embeddable":true,"href":"https:\/\/www.oaxaca.gob.mx\/sesipinna\/wp-json\/wp\/v2\/categories?post=1380"},{"taxonomy":"post_tag","embeddable":true,"href":"https:\/\/www.oaxaca.gob.mx\/sesipinna\/wp-json\/wp\/v2\/tags?post=1380"}],"curies":[{"name":"wp","href":"https:\/\/api.w.org\/{rel}","templated":true}]}}