{"id":1031,"date":"2017-04-06T10:48:11","date_gmt":"2017-04-06T16:48:11","guid":{"rendered":"https:\/\/www.oaxaca.gob.mx\/sesipinna\/?page_id=1031"},"modified":"2017-04-06T10:48:11","modified_gmt":"2017-04-06T16:48:11","slug":"diagnosticos","status":"publish","type":"page","link":"https:\/\/www.oaxaca.gob.mx\/sesipinna\/diagnosticos\/","title":{"rendered":"Diagn\u00f3sticos"},"content":{"rendered":"\n<table id=\"tablepress-tbl-diagnostico\" class=\"tablepress tablepress-id-tbl-diagnostico\">\n<thead>\n<tr class=\"row-1\">\n\t<th class=\"column-1\">N\u00famero<\/th><th class=\"column-2\">T\u00edtulo del documento<\/th><th class=\"column-3\">Descarga<\/th>\n<\/tr>\n<\/thead>\n<tbody class=\"row-striping row-hover\">\n<tr class=\"row-2\">\n\t<td class=\"column-1\"><b>001<\/b><\/td><td class=\"column-2\">Los derechos de la infancia y la adolescencia en Oaxaca<\/td><td class=\"column-3\"><a href=\"\/sesipinna\/wp-content\/uploads\/sites\/53\/pdf\/diagnosticos\/sitan_oax.pdf\" target=\"_blank\"><i class=\"far fa-file-pdf fa-2x\">\u00a0<\/i><\/a><\/td>\n<\/tr>\n<tr class=\"row-3\">\n\t<td class=\"column-1\"><b>002<\/b><\/td><td class=\"column-2\">Panorama de los derechos de ni\u00f1as y ni\u00f1os en la primera infancia en Oaxaca<\/td><td class=\"column-3\"><a href=\"\/sesipinna\/wp-content\/uploads\/sites\/53\/pdf\/diagnosticos\/primera_infancia.pdf\" target=\"_blank\"><i class=\"far fa-file-pdf fa-2x\">\u00a0<\/i><\/a><\/td>\n<\/tr>\n<tr class=\"row-4\">\n\t<td class=\"column-1\"><b>003<\/b><\/td><td class=\"column-2\">Estudio-diagn\u00f3stico sobre la situaci\u00f3n de trabajo infantil de los ni\u00f1os, ni\u00f1as y adolescentes del Estado de Oaxaca<\/td><td class=\"column-3\"><a href=\"\/sesipinna\/wp-content\/uploads\/sites\/53\/sipot\/politicas\/dxTI.pdf\" target=\"_blank\"><i class=\"far fa-file-pdf fa-2x\">\u00a0<\/i><\/a><\/td>\n<\/tr>\n<tr class=\"row-5\">\n\t<td class=\"column-1\"><b>004<\/b><\/td><td class=\"column-2\">Estrategia Estatal para la Prevenci\u00f3n del embarazo en adolescentes Oaxaca<\/td><td class=\"column-3\"><a href=\"\/sesipinna\/wp-content\/uploads\/sites\/53\/pdf\/diagnosticos\/embarazo_adolescente.pdf\" target=\"_blank\"><i class=\"far fa-file-pdf fa-2x\">\u00a0<\/i><\/a><\/td>\n<\/tr>\n<\/tbody>\n<\/table>\n<!-- #tablepress-tbl-diagnostico from cache -->\n","protected":false},"excerpt":{"rendered":"","protected":false},"author":1,"featured_media":0,"parent":0,"menu_order":0,"comment_status":"closed","ping_status":"closed","template":"","meta":{"episode_type":"","audio_file":"","podmotor_file_id":"","podmotor_episode_id":"","cover_image":"","cover_image_id":"","duration":"","filesize":"","filesize_raw":"","date_recorded":"","explicit":"","block":"","itunes_episode_number":"","itunes_title":"","itunes_season_number":"","itunes_episode_type":"","footnotes":""},"categories":[],"tags":[],"class_list":["post-1031","page","type-page","status-publish","hentry"],"acf":[],"publishpress_future_action":{"enabled":false,"date":"2026-04-20 05:23:57","action":"change-status","newStatus":"draft","terms":[],"taxonomy":"category","extraData":[]},"publishpress_future_workflow_manual_trigger":{"enabledWorkflows":[]},"_links":{"self":[{"href":"https:\/\/www.oaxaca.gob.mx\/sesipinna\/wp-json\/wp\/v2\/pages\/1031","targetHints":{"allow":["GET"]}}],"collection":[{"href":"https:\/\/www.oaxaca.gob.mx\/sesipinna\/wp-json\/wp\/v2\/pages"}],"about":[{"href":"https:\/\/www.oaxaca.gob.mx\/sesipinna\/wp-json\/wp\/v2\/types\/page"}],"author":[{"embeddable":true,"href":"https:\/\/www.oaxaca.gob.mx\/sesipinna\/wp-json\/wp\/v2\/users\/1"}],"replies":[{"embeddable":true,"href":"https:\/\/www.oaxaca.gob.mx\/sesipinna\/wp-json\/wp\/v2\/comments?post=1031"}],"version-history":[{"count":0,"href":"https:\/\/www.oaxaca.gob.mx\/sesipinna\/wp-json\/wp\/v2\/pages\/1031\/revisions"}],"wp:attachment":[{"href":"https:\/\/www.oaxaca.gob.mx\/sesipinna\/wp-json\/wp\/v2\/media?parent=1031"}],"wp:term":[{"taxonomy":"category","embeddable":true,"href":"https:\/\/www.oaxaca.gob.mx\/sesipinna\/wp-json\/wp\/v2\/categories?post=1031"},{"taxonomy":"post_tag","embeddable":true,"href":"https:\/\/www.oaxaca.gob.mx\/sesipinna\/wp-json\/wp\/v2\/tags?post=1031"}],"curies":[{"name":"wp","href":"https:\/\/api.w.org\/{rel}","templated":true}]}}