{"id":9,"date":"2017-04-28T10:29:42","date_gmt":"2017-04-28T16:29:42","guid":{"rendered":"http:\/\/www.secretariadoejecutivo.oaxaca.gob.mx\/?page_id=9"},"modified":"2017-04-28T10:29:42","modified_gmt":"2017-04-28T16:29:42","slug":"sesesp","status":"publish","type":"page","link":"https:\/\/www.oaxaca.gob.mx\/sesesp\/sesesp\/","title":{"rendered":"SESESP"},"content":{"rendered":"<p>\t\t\t\t<strong>LEY DEL SISTEMA ESTATAL DE SEGURIDAD PUBLICA<\/strong><\/p>\n<p><strong>CAP\u00cdTULO II <\/strong><\/p>\n<p><strong>DEL SECRETARIADO EJECUTIVO DEL SISTEMA ESTATAL DE SEGURIDAD P\u00daBLICA<\/strong><\/p>\n<p><strong> Art\u00edculo 22. El Secretariado Ejecutivo es un \u00d3rgano Administrativo Desconcentrado de la Secretar\u00eda General de Gobierno y operativo del Sistema Estatal de Seguridad P\u00fablica, con autonom\u00eda t\u00e9cnica, de gesti\u00f3n y presupuestal, responsable del funcionamiento del mismo.<\/strong>\t\t\t\t<\/p>\n","protected":false},"excerpt":{"rendered":"<p>LEY DEL SISTEMA ESTATAL DE SEGURIDAD PUBLICA CAP\u00cdTULO II DEL SECRETARIADO EJECUTIVO DEL SISTEMA ESTATAL DE SEGURIDAD P\u00daBLICA Art\u00edculo 22. El Secretariado Ejecutivo es un \u00d3rgano Administrativo Desconcentrado de la Secretar\u00eda General de Gobierno y operativo del Sistema Estatal de Seguridad P\u00fablica, con autonom\u00eda t\u00e9cnica, de gesti\u00f3n y presupuestal, responsable del funcionamiento del mismo.<\/p>\n","protected":false},"author":1,"featured_media":0,"parent":0,"menu_order":0,"comment_status":"closed","ping_status":"closed","template":"","meta":{"episode_type":"","audio_file":"","podmotor_file_id":"","podmotor_episode_id":"","cover_image":"","cover_image_id":"","duration":"","filesize":"","filesize_raw":"","date_recorded":"","explicit":"","block":"","itunes_episode_number":"","itunes_title":"","itunes_season_number":"","itunes_episode_type":"","footnotes":""},"categories":[],"tags":[],"class_list":["post-9","page","type-page","status-publish","hentry"],"acf":[],"publishpress_future_action":{"enabled":false,"date":"2026-04-11 06:10:23","action":"change-status","newStatus":"draft","terms":[],"taxonomy":"category","extraData":[]},"publishpress_future_workflow_manual_trigger":{"enabledWorkflows":[]},"_links":{"self":[{"href":"https:\/\/www.oaxaca.gob.mx\/sesesp\/wp-json\/wp\/v2\/pages\/9","targetHints":{"allow":["GET"]}}],"collection":[{"href":"https:\/\/www.oaxaca.gob.mx\/sesesp\/wp-json\/wp\/v2\/pages"}],"about":[{"href":"https:\/\/www.oaxaca.gob.mx\/sesesp\/wp-json\/wp\/v2\/types\/page"}],"author":[{"embeddable":true,"href":"https:\/\/www.oaxaca.gob.mx\/sesesp\/wp-json\/wp\/v2\/users\/1"}],"replies":[{"embeddable":true,"href":"https:\/\/www.oaxaca.gob.mx\/sesesp\/wp-json\/wp\/v2\/comments?post=9"}],"version-history":[{"count":0,"href":"https:\/\/www.oaxaca.gob.mx\/sesesp\/wp-json\/wp\/v2\/pages\/9\/revisions"}],"wp:attachment":[{"href":"https:\/\/www.oaxaca.gob.mx\/sesesp\/wp-json\/wp\/v2\/media?parent=9"}],"wp:term":[{"taxonomy":"category","embeddable":true,"href":"https:\/\/www.oaxaca.gob.mx\/sesesp\/wp-json\/wp\/v2\/categories?post=9"},{"taxonomy":"post_tag","embeddable":true,"href":"https:\/\/www.oaxaca.gob.mx\/sesesp\/wp-json\/wp\/v2\/tags?post=9"}],"curies":[{"name":"wp","href":"https:\/\/api.w.org\/{rel}","templated":true}]}}