{"id":868,"date":"2019-05-17T19:22:36","date_gmt":"2019-05-17T17:22:36","guid":{"rendered":"https:\/\/www.oaxaca.gob.mx\/sesesp\/?page_id=868"},"modified":"2019-08-01T17:33:45","modified_gmt":"2019-08-01T22:33:45","slug":"funciones","status":"publish","type":"page","link":"https:\/\/www.oaxaca.gob.mx\/sesesp\/funciones\/","title":{"rendered":"Funciones"},"content":{"rendered":"<section id=\"accordion\">\n<section class=\"card\">\n<div id=\"headingUno\" class=\"card-header\">\n<h5 class=\"mb-0\">\n        <button class=\"btn btn-link collapsed\" data-toggle=\"collapse\" data-target=\"#collapseUno\">ARTICULO 15.<\/button><br \/>\n      <\/h5>\n<\/p><\/div>\n<div id=\"collapseUno\" class=\"collapse\" aria-labelledby=\"headingUno\" data-parent=\"#accordion\">\n<div class=\"card-body\">\nLas Instancias Intermunicipales promover\u00e1n y aplicar\u00e1n los mecanismos de coordinaci\u00f3n entre los Municipios, que permitan la formulaci\u00f3n de pol\u00edticas y programas ante el Consejo Regional, as\u00ed como para la ejecuci\u00f3n de acciones que aseguren el cumplimiento de la funci\u00f3n de la seguridad p\u00fablica en aquellas demarcaciones territoriales. <\/p>\n<p>El Secretario Ejecutivo realizar\u00e1 las acciones necesarias para asegurar que la coordinaci\u00f3n sea efectiva y eficaz e informar\u00e1 de ello al Consejo Estatal. El Secretariado Ejecutivo se coordinar\u00e1 con los miembros de los Consejos Regionales e Instancias Intermunicipales para dar seguimiento a las resoluciones que<br \/>\nadopte el Consejo Estatal, en los t\u00e9rminos de esta Ley.\n      <\/p><\/div>\n<\/p><\/div>\n<\/section>\n<section class=\"card\">\n<div id=\"headingDos\" class=\"card-header\">\n<h5 class=\"mb-0\">\n        <button class=\"btn btn-link collapsed\" data-toggle=\"collapse\" data-target=\"#collapseDos\">ARTICULO 22<\/button><br \/>\n      <\/h5>\n<\/p><\/div>\n<div id=\"collapseDos\" class=\"collapse\" aria-labelledby=\"headingDos\" data-parent=\"#accordion\">\n<div class=\"card-body\">\nEl Secretariado Ejecutivo es un \u00d3rgano Administrativo Desconcentrado de la Secretar\u00eda General de Gobierno y operativo del Sistema Estatal de Seguridad P\u00fablica, con autonom\u00eda t\u00e9cnica, de gesti\u00f3n y presupuestal, responsable del funcionamiento del mismo.\n      <\/div>\n<\/p><\/div>\n<\/section>\n<section class=\"card\">\n<div id=\"headingTres\" class=\"card-header\">\n<h5 class=\"mb-0\">\n        <button class=\"btn btn-link collapsed\" data-toggle=\"collapse\" data-target=\"#collapseTres\">ARTICULO 24<\/button><br \/>\n      <\/h5>\n<\/p><\/div>\n<div id=\"collapseTres\" class=\"collapse\" aria-labelledby=\"headingTres\" data-parent=\"#accordion\">\n<div class=\"card-body\">\n\n<table id=\"tablepress-13\" class=\"tablepress tablepress-id-13\">\n<thead>\n<tr class=\"row-1\">\n\t<td class=\"column-1\"><\/td><td class=\"column-2\"><\/td>\n<\/tr>\n<\/thead>\n<tbody class=\"row-striping row-hover\">\n<tr class=\"row-2\">\n\t<td class=\"column-1\">I. Ejecutar y dar seguimiento a los acuerdos y resoluciones del Consejo Estatal de Seguridad<br \/>\nP\u00fablica y de su Presidente;<br \/>\n<\/td><td class=\"column-2\">II. Vigilar el debido resguardo de la informaci\u00f3n contenida en las bases de datos establecidas en<br \/>\nla Ley General, en la presente Ley, y en las dem\u00e1s disposiciones jur\u00eddicas aplicables, que<br \/>\nintegren las Instituciones Policiales, en el \u00e1mbito de sus respectivas competencias;<\/td>\n<\/tr>\n<tr class=\"row-3\">\n\t<td class=\"column-1\">III. Coordinar la realizaci\u00f3n de estudios especializados sobre las materias de seguridad p\u00fablica y<br \/>\nformular recomendaciones a las instancias locales de coordinaci\u00f3n;<\/td><td class=\"column-2\">IV. Compilar los acuerdos que se tomen en los Consejos Nacional y Estatal del Sistema de<br \/>\nSeguridad P\u00fablica, para su observancia, elaborar el archivo de estos y de los Instrumentos<br \/>\nJur\u00eddicos que se deriven, e informar sobre \u00e9stos a las \u00c1reas que corresponda;<\/td>\n<\/tr>\n<tr class=\"row-4\">\n\t<td class=\"column-1\">V. Informar peri\u00f3dicamente de sus actividades al Presidente del Consejo Estatal de Seguridad<br \/>\nP\u00fablica y dem\u00e1s integrantes;<\/td><td class=\"column-2\">VI. Celebrar los convenios de coordinaci\u00f3n, colaboraci\u00f3n y concertaci\u00f3n necesarios para el<br \/>\ncumplimiento de los fines del Sistema Nacional y Estatal de Seguridad P\u00fablica;<\/td>\n<\/tr>\n<tr class=\"row-5\">\n\t<td class=\"column-1\">VII. Verificar el cumplimiento, por parte de las autoridades del Estado, de las disposiciones de la<br \/>\nLey General, de esta Ley, de los convenios generales y espec\u00edficos en la materia, as\u00ed como de<br \/>\nlas dem\u00e1s disposiciones aplicables, e informar lo conducente al Consejo Estatal;<br \/>\n<\/td><td class=\"column-2\">VIII. Verificar que las Instituciones de Seguridad P\u00fablica cumplan con las pol\u00edticas, lineamientos,<br \/>\nprotocolos y acciones que para su buen desempe\u00f1o aprueben los Consejos Estatal y Nacional;<\/td>\n<\/tr>\n<tr class=\"row-6\">\n\t<td class=\"column-1\">IX. Requerir a las Instituciones de Seguridad P\u00fablica la informaci\u00f3n relativa a la ejecuci\u00f3n de los<br \/>\nprogramas en materia de seguridad p\u00fablica para evaluar el cumplimiento de sus objetivos y<br \/>\nmetas;<br \/>\n<\/td><td class=\"column-2\">X. Verificar que se cumplan los criterios de evaluaci\u00f3n de las Instituciones de Seguridad P\u00fablica<br \/>\nque se acuerden por las instancias competentes del Sistema Nacional;<br \/>\n<\/td>\n<\/tr>\n<tr class=\"row-7\">\n\t<td class=\"column-1\">XI. Dar seguimiento a las obligaciones contra\u00eddas por el Gobierno del Estado en las Conferencias<br \/>\nNacionales, informando al Consejo Estatal lo procedente;<\/td><td class=\"column-2\">XII. Elaborar y publicar los informes de actividades del Consejo Estatal;<\/td>\n<\/tr>\n<tr class=\"row-8\">\n\t<td class=\"column-1\">XIII. Colaborar con las Instituciones de Seguridad P\u00fablica, para fortalecer y eficientar los<br \/>\nmecanismos de coordinaci\u00f3n, en especial para el desarrollo de las carreras Ministerial, Policial<br \/>\ny Pericial;<\/td><td class=\"column-2\">XIV. Analizar la viabilidad de los proyectos de Programas de Seguridad P\u00fablica Municipal que le<br \/>\nsoliciten los Presidentes Municipales previo acuerdo de sus Ayuntamientos, en congruencia<br \/>\ncon el Programa Estatal de la materia;<\/td>\n<\/tr>\n<tr class=\"row-9\">\n\t<td class=\"column-1\">XV. Coadyuvar con la Auditor\u00eda Superior de la Federaci\u00f3n y dem\u00e1s instancias de fiscalizaci\u00f3n,<br \/>\nproporcionando la informaci\u00f3n con la que cuente respecto del ejercicio de los recursos de los<br \/>\nfondos de aportaci\u00f3n y ayuda federal para la seguridad p\u00fablica;<\/td><td class=\"column-2\">XVI. Supervisar, en coordinaci\u00f3n con las dem\u00e1s instancias competentes, la correcta aplicaci\u00f3n de<br \/>\nlos recursos de los fondos de aportaci\u00f3n y ayuda federal que reciba el estado, y aquellos que<br \/>\nsean determinados en el presupuesto de egresos de la federaci\u00f3n y que por convenio sean<br \/>\ndestinados al estado y a los municipios;<\/td>\n<\/tr>\n<tr class=\"row-10\">\n\t<td class=\"column-1\">XVII. Dictar las medidas necesarias para garantizar el adecuado funcionamiento del Sistema Estatal<br \/>\nde Seguridad P\u00fablica;<\/td><td class=\"column-2\">XVIII. Gestionar ante las autoridades competentes, la ministraci\u00f3n de los fondos de ayuda federal de<br \/>\nseguridad p\u00fablica, de conformidad con los criterios aprobados por el Consejo Nacional, la<br \/>\nnormatividad aplicable, y <\/td>\n<\/tr>\n<tr class=\"row-11\">\n\t<td class=\"column-1\">XIX. Las dem\u00e1s que le otorga esta Ley y dem\u00e1s disposiciones aplicables, as\u00ed como, las que le<br \/>\nencomiende el Consejo Estatal de Seguridad P\u00fablica;<\/td><td class=\"column-2\">XX. Formular propuestas para el Programa Rector de Profesionalizaci\u00f3n;<\/td>\n<\/tr>\n<tr class=\"row-12\">\n\t<td class=\"column-1\">XXI. Proponer al Consejo Estatal las pol\u00edticas, lineamientos, protocolos y acciones para el buen<br \/>\ndesempe\u00f1o de la Instituciones de Seguridad P\u00fablica;<br \/>\n<\/td><td class=\"column-2\">XXII. Presentar quejas o denuncias ante las autoridades competentes por el incumplimiento de la<br \/>\nLey, los acuerdos generales, los convenios y dem\u00e1s disposiciones aplicables, as\u00ed como por el<br \/>\nuso il\u00edcito o indebido de los recursos federales en materia de seguridad p\u00fablica, e informar al<br \/>\nConsejo Estatal;<\/td>\n<\/tr>\n<tr class=\"row-13\">\n\t<td class=\"column-1\">XXIII. Coordinar la homologaci\u00f3n de la Carrera Policial, la Profesionalizaci\u00f3n y el R\u00e9gimen<br \/>\nDisciplinario en las Instituciones de Seguridad P\u00fablica;<br \/>\n<\/td><td class=\"column-2\">XXIV. Celebrar toda clase de actos, contratos y convenios inherentes al objeto del Secretariado<br \/>\nEjecutivo;<br \/>\n<\/td>\n<\/tr>\n<tr class=\"row-14\">\n\t<td class=\"column-1\">Concentrar, controlar y administrar en una cuenta espec\u00edfica los recursos federales destinados<br \/>\na la seguridad p\u00fablica que se programen, presupuesten o aporten para el Estado y, en su caso,<br \/>\nlos Municipios;<\/td><td class=\"column-2\">XXVI. Las que en el \u00e1mbito de sus respectivas competencias le confieran el Gobernador del Estado<br \/>\no el Secretario General de Gobierno y le se\u00f1alen la Ley y dem\u00e1s disposiciones normativas<br \/>\naplicables.<\/td>\n<\/tr>\n<\/tbody>\n<\/table>\n<!-- #tablepress-13 from cache -->\n      <\/div>\n<\/p><\/div>\n<\/section>\n","protected":false},"excerpt":{"rendered":"<p>ARTICULO 15. Las Instancias Intermunicipales promover\u00e1n y aplicar\u00e1n los mecanismos de coordinaci\u00f3n entre los Municipios, que permitan la formulaci\u00f3n de pol\u00edticas y programas ante el Consejo Regional, as\u00ed como para la ejecuci\u00f3n de acciones que aseguren el cumplimiento de la funci\u00f3n de la seguridad p\u00fablica en aquellas demarcaciones territoriales. El Secretario Ejecutivo realizar\u00e1 las acciones [&hellip;]<\/p>\n","protected":false},"author":1,"featured_media":0,"parent":0,"menu_order":0,"comment_status":"closed","ping_status":"closed","template":"","meta":{"episode_type":"","audio_file":"","podmotor_file_id":"","podmotor_episode_id":"","cover_image":"","cover_image_id":"","duration":"","filesize":"","filesize_raw":"","date_recorded":"","explicit":"","block":"","itunes_episode_number":"","itunes_title":"","itunes_season_number":"","itunes_episode_type":"","footnotes":""},"categories":[],"tags":[],"class_list":["post-868","page","type-page","status-publish","hentry"],"acf":[],"publishpress_future_action":{"enabled":false,"date":"2026-05-11 07:16:40","action":"change-status","newStatus":"draft","terms":[],"taxonomy":"category","extraData":[]},"publishpress_future_workflow_manual_trigger":{"enabledWorkflows":[]},"_links":{"self":[{"href":"https:\/\/www.oaxaca.gob.mx\/sesesp\/wp-json\/wp\/v2\/pages\/868","targetHints":{"allow":["GET"]}}],"collection":[{"href":"https:\/\/www.oaxaca.gob.mx\/sesesp\/wp-json\/wp\/v2\/pages"}],"about":[{"href":"https:\/\/www.oaxaca.gob.mx\/sesesp\/wp-json\/wp\/v2\/types\/page"}],"author":[{"embeddable":true,"href":"https:\/\/www.oaxaca.gob.mx\/sesesp\/wp-json\/wp\/v2\/users\/1"}],"replies":[{"embeddable":true,"href":"https:\/\/www.oaxaca.gob.mx\/sesesp\/wp-json\/wp\/v2\/comments?post=868"}],"version-history":[{"count":24,"href":"https:\/\/www.oaxaca.gob.mx\/sesesp\/wp-json\/wp\/v2\/pages\/868\/revisions"}],"predecessor-version":[{"id":1336,"href":"https:\/\/www.oaxaca.gob.mx\/sesesp\/wp-json\/wp\/v2\/pages\/868\/revisions\/1336"}],"wp:attachment":[{"href":"https:\/\/www.oaxaca.gob.mx\/sesesp\/wp-json\/wp\/v2\/media?parent=868"}],"wp:term":[{"taxonomy":"category","embeddable":true,"href":"https:\/\/www.oaxaca.gob.mx\/sesesp\/wp-json\/wp\/v2\/categories?post=868"},{"taxonomy":"post_tag","embeddable":true,"href":"https:\/\/www.oaxaca.gob.mx\/sesesp\/wp-json\/wp\/v2\/tags?post=868"}],"curies":[{"name":"wp","href":"https:\/\/api.w.org\/{rel}","templated":true}]}}