{"id":7355,"date":"2023-06-29T14:20:18","date_gmt":"2023-06-29T20:20:18","guid":{"rendered":"https:\/\/www.oaxaca.gob.mx\/sesesp\/?page_id=7355"},"modified":"2023-06-29T14:20:18","modified_gmt":"2023-06-29T20:20:18","slug":"fofisp","status":"publish","type":"page","link":"https:\/\/www.oaxaca.gob.mx\/sesesp\/fofisp\/","title":{"rendered":"FOFISP"},"content":{"rendered":"<p>El FOFISP es un fondo considerado en el Presupuesto de Egresos de la Federaci\u00f3n (PEF) 2023, a trav\u00e9s del cual la Federaci\u00f3n transfiere recursos al Secretariado Ejecutivo del SNSP para beneficiar a las entidades federativas en el fortalecimiento de las Instituciones de Seguridad P\u00fablica estatales y municipales.<\/p>\n<\/ol>\n<p>&nbsp;<br \/>\n<a href=\"https:\/\/www.gob.mx\/sesnsp\/acciones-y-programas\/fondo-para-el-fortalecimiento-de-las-instituciones-de-seguridad-publica-fofisp?state=published\" target=\"_blank\" rel=\"noopener noreferrer\">Fuente:\u00a0 Fondo para el Fortalecimiento de las Instituciones de Seguridad P\u00fablica (FOFISP)<\/a><\/p>\n\n<table id=\"tablepress-32\" class=\"tablepress tablepress-id-32\">\n<thead>\n<tr class=\"row-1\">\n\t<th class=\"column-1\">DESCRIPCI\u00d3N<\/th><th class=\"column-2\">ENLACE<\/th>\n<\/tr>\n<\/thead>\n<tbody class=\"row-striping row-hover\">\n<tr class=\"row-2\">\n\t<td class=\"column-1\">Convenios, Anexos y Proyectos<\/td><td class=\"column-2\"><a target=\"_blank\" href=\"https:\/\/www.oaxaca.gob.mx\/sesesp\/convenios-fofisp\/\" rel=\"noopener noreferrer\"><i class=\"fa fa-link fa-2x\">&nbsp;<\/i><\/a><\/td>\n<\/tr>\n<tr class=\"row-3\">\n\t<td class=\"column-1\">Informes Mensuales<\/td><td class=\"column-2\"><a target=\"_blank\" href=\"https:\/\/www.oaxaca.gob.mx\/sesesp\/informes-mensuales-fofisp\/\" rel=\"noopener noreferrer\"><i class=\"fa fa-link fa-2x\">&nbsp;<\/i><\/a><\/td>\n<\/tr>\n<tr class=\"row-4\">\n\t<td class=\"column-1\">Informes Trimestrales<\/td><td class=\"column-2\"><a target=\"_blank\" href=\"https:\/\/www.oaxaca.gob.mx\/sesesp\/informes-trimestrales-fofisp\/\" rel=\"noopener noreferrer\"><i class=\"fa fa-link fa-2x\">&nbsp;<\/i><\/a><\/td>\n<\/tr>\n<tr class=\"row-5\">\n\t<td class=\"column-1\">Evaluaciones<\/td><td class=\"column-2\"><\/td>\n<\/tr>\n<tr class=\"row-6\">\n\t<td class=\"column-1\">Bolsa Concursable 2023<\/td><td class=\"column-2\"><a target=\"_blank\" href=\"https:\/\/www.oaxaca.gob.mx\/sesesp\/fofisp2023-bolsaconsursable\/\" rel=\"noopener noreferrer\"><i class=\"fa fa-link fa-2x\">&nbsp;<\/i><\/a><\/td>\n<\/tr>\n<tr class=\"row-7\">\n\t<td class=\"column-1\">PAAASOP FOFISP 2023<\/td><td class=\"column-2\"><a target=\"_blank\" href=\"https:\/\/www.oaxaca.gob.mx\/sesesp\/wp-content\/uploads\/sites\/16\/2024\/06\/PAAASOP-FOFISP-2023.pdf\" rel=\"noopener noreferrer\"><i class=\"fa fa-link fa-2x\">&nbsp;<\/i><\/a><\/td>\n<\/tr>\n<\/tbody>\n<\/table>\n<!-- #tablepress-32 from cache -->\n","protected":false},"excerpt":{"rendered":"<p>El FOFISP es un fondo considerado en el Presupuesto de Egresos de la Federaci\u00f3n (PEF) 2023, a trav\u00e9s del cual la Federaci\u00f3n transfiere recursos al Secretariado Ejecutivo del SNSP para beneficiar a las entidades federativas en el fortalecimiento de las Instituciones de Seguridad P\u00fablica estatales y municipales. &nbsp; Fuente:\u00a0 Fondo para el Fortalecimiento de las [&hellip;]<\/p>\n","protected":false},"author":15,"featured_media":0,"parent":0,"menu_order":0,"comment_status":"closed","ping_status":"closed","template":"","meta":{"episode_type":"","audio_file":"","podmotor_file_id":"","podmotor_episode_id":"","cover_image":"","cover_image_id":"","duration":"","filesize":"","filesize_raw":"","date_recorded":"","explicit":"","block":"","itunes_episode_number":"","itunes_title":"","itunes_season_number":"","itunes_episode_type":"","footnotes":""},"categories":[],"tags":[],"class_list":["post-7355","page","type-page","status-publish","hentry"],"acf":[],"publishpress_future_action":{"enabled":false,"date":"2026-05-17 12:06:15","action":"change-status","newStatus":"draft","terms":[],"taxonomy":"category","extraData":[]},"publishpress_future_workflow_manual_trigger":{"enabledWorkflows":[]},"_links":{"self":[{"href":"https:\/\/www.oaxaca.gob.mx\/sesesp\/wp-json\/wp\/v2\/pages\/7355","targetHints":{"allow":["GET"]}}],"collection":[{"href":"https:\/\/www.oaxaca.gob.mx\/sesesp\/wp-json\/wp\/v2\/pages"}],"about":[{"href":"https:\/\/www.oaxaca.gob.mx\/sesesp\/wp-json\/wp\/v2\/types\/page"}],"author":[{"embeddable":true,"href":"https:\/\/www.oaxaca.gob.mx\/sesesp\/wp-json\/wp\/v2\/users\/15"}],"replies":[{"embeddable":true,"href":"https:\/\/www.oaxaca.gob.mx\/sesesp\/wp-json\/wp\/v2\/comments?post=7355"}],"version-history":[{"count":1,"href":"https:\/\/www.oaxaca.gob.mx\/sesesp\/wp-json\/wp\/v2\/pages\/7355\/revisions"}],"predecessor-version":[{"id":7368,"href":"https:\/\/www.oaxaca.gob.mx\/sesesp\/wp-json\/wp\/v2\/pages\/7355\/revisions\/7368"}],"wp:attachment":[{"href":"https:\/\/www.oaxaca.gob.mx\/sesesp\/wp-json\/wp\/v2\/media?parent=7355"}],"wp:term":[{"taxonomy":"category","embeddable":true,"href":"https:\/\/www.oaxaca.gob.mx\/sesesp\/wp-json\/wp\/v2\/categories?post=7355"},{"taxonomy":"post_tag","embeddable":true,"href":"https:\/\/www.oaxaca.gob.mx\/sesesp\/wp-json\/wp\/v2\/tags?post=7355"}],"curies":[{"name":"wp","href":"https:\/\/api.w.org\/{rel}","templated":true}]}}