{"id":57,"date":"2017-04-28T10:44:28","date_gmt":"2017-04-28T16:44:28","guid":{"rendered":"http:\/\/www.secretariadoejecutivo.oaxaca.gob.mx\/?page_id=57"},"modified":"2019-08-01T13:09:02","modified_gmt":"2019-08-01T18:09:02","slug":"apoyo-a-muncipios","status":"publish","type":"page","link":"https:\/\/www.oaxaca.gob.mx\/sesesp\/apoyo-a-muncipios\/","title":{"rendered":"Atenci\u00f3n Municipal"},"content":{"rendered":"\n<table id=\"tablepress-10\" class=\"tablepress tablepress-id-10\">\n<thead>\n<tr class=\"row-1\">\n\t<th class=\"column-1\">DEPENDENCIA<\/th><th class=\"column-2\">DIRECCI\u00d3N<\/th><th class=\"column-3\">CONTACTO<\/th>\n<\/tr>\n<\/thead>\n<tbody class=\"row-striping row-hover\">\n<tr class=\"row-2\">\n\t<td class=\"column-1\">Secretariado Ejecutivo del Sistema Estatal de Seguridad P\u00fablica<\/td><td class=\"column-2\">1\u00aa Privada de Amapolas #112, Colonia Reforma, Oaxaca de Ju\u00e1rez, Oaxaca. C.P. 68050<\/td><td class=\"column-3\">dulce.gonzalez@oaxaca.gob.mx<br \/>\n<br \/>\nTel. (951)  951 133 6258<\/td>\n<\/tr>\n<tr class=\"row-3\">\n\t<td class=\"column-1\">Registro \u00danico de Polic\u00edas de Oaxaca<\/td><td class=\"column-2\">Prolongaci\u00f3n de Xicot\u00e9ncatl # 1031, Col. Eliseo Jim\u00e9nez Ruiz. Oaxaca de Ju\u00e1rez, Oax. C.P. 68120<\/td><td class=\"column-3\"><br \/>\nTel. (951) 50.1.50.48<\/td>\n<\/tr>\n<tr class=\"row-4\">\n\t<td class=\"column-1\">Centro Estatal de Evaluaci\u00f3n Y Control de Confianza (C3)<\/td><td class=\"column-2\">Murgu\u00eda # 206, (entre Reforma y 5 de mayo). Col. Centro. Oaxaca de Ju\u00e1rez, Oax.<\/td><td class=\"column-3\">Tel. (951) 501.68.40 \/ 42 <\/td>\n<\/tr>\n<tr class=\"row-5\">\n\t<td class=\"column-1\">Secretar\u00eda de Seguridad P\u00fablica<\/td><td class=\"column-2\">Belisario Dom\u00ednguez # 428, Col. Reforma Oaxaca de Ju\u00e1rez, Oax. C.P. 68020<\/td><td class=\"column-3\">Tel. (951) 50.20.800<\/td>\n<\/tr>\n<tr class=\"row-6\">\n\t<td class=\"column-1\">Instituto de Profesionalizaci\u00f3n Policial<\/td><td class=\"column-2\">Carretera Federal 190 Km. Tramo Oaxaca-Etla Oaxaca, Oax.<\/td><td class=\"column-3\">Tel. (951) 521.27.30<\/td>\n<\/tr>\n<tr class=\"row-7\">\n\t<td class=\"column-1\">Centro Estatal de Prevenci\u00f3n Del Delito<\/td><td class=\"column-2\">Colima #208, Fracc. San Felipe del Agua Oaxaca de Ju\u00e1rez, Oax. C.P. 68050<\/td><td class=\"column-3\">Tel. (951) 520.00.59<\/td>\n<\/tr>\n<\/tbody>\n<\/table>\n<!-- #tablepress-10 from cache -->\n","protected":false},"excerpt":{"rendered":"","protected":false},"author":1,"featured_media":0,"parent":0,"menu_order":0,"comment_status":"closed","ping_status":"closed","template":"","meta":{"episode_type":"","audio_file":"","podmotor_file_id":"","podmotor_episode_id":"","cover_image":"","cover_image_id":"","duration":"","filesize":"","filesize_raw":"","date_recorded":"","explicit":"","block":"","itunes_episode_number":"","itunes_title":"","itunes_season_number":"","itunes_episode_type":"","footnotes":""},"categories":[],"tags":[],"class_list":["post-57","page","type-page","status-publish","hentry"],"acf":[],"publishpress_future_action":{"enabled":false,"date":"2026-05-15 06:08:55","action":"change-status","newStatus":"draft","terms":[],"taxonomy":"category","extraData":[]},"publishpress_future_workflow_manual_trigger":{"enabledWorkflows":[]},"_links":{"self":[{"href":"https:\/\/www.oaxaca.gob.mx\/sesesp\/wp-json\/wp\/v2\/pages\/57","targetHints":{"allow":["GET"]}}],"collection":[{"href":"https:\/\/www.oaxaca.gob.mx\/sesesp\/wp-json\/wp\/v2\/pages"}],"about":[{"href":"https:\/\/www.oaxaca.gob.mx\/sesesp\/wp-json\/wp\/v2\/types\/page"}],"author":[{"embeddable":true,"href":"https:\/\/www.oaxaca.gob.mx\/sesesp\/wp-json\/wp\/v2\/users\/1"}],"replies":[{"embeddable":true,"href":"https:\/\/www.oaxaca.gob.mx\/sesesp\/wp-json\/wp\/v2\/comments?post=57"}],"version-history":[{"count":5,"href":"https:\/\/www.oaxaca.gob.mx\/sesesp\/wp-json\/wp\/v2\/pages\/57\/revisions"}],"predecessor-version":[{"id":1302,"href":"https:\/\/www.oaxaca.gob.mx\/sesesp\/wp-json\/wp\/v2\/pages\/57\/revisions\/1302"}],"wp:attachment":[{"href":"https:\/\/www.oaxaca.gob.mx\/sesesp\/wp-json\/wp\/v2\/media?parent=57"}],"wp:term":[{"taxonomy":"category","embeddable":true,"href":"https:\/\/www.oaxaca.gob.mx\/sesesp\/wp-json\/wp\/v2\/categories?post=57"},{"taxonomy":"post_tag","embeddable":true,"href":"https:\/\/www.oaxaca.gob.mx\/sesesp\/wp-json\/wp\/v2\/tags?post=57"}],"curies":[{"name":"wp","href":"https:\/\/api.w.org\/{rel}","templated":true}]}}