{"id":51,"date":"2017-04-28T10:43:04","date_gmt":"2017-04-28T16:43:04","guid":{"rendered":"http:\/\/www.secretariadoejecutivo.oaxaca.gob.mx\/?page_id=51"},"modified":"2017-04-28T10:43:04","modified_gmt":"2017-04-28T16:43:04","slug":"repuve","status":"publish","type":"page","link":"https:\/\/www.oaxaca.gob.mx\/sesesp\/repuve\/","title":{"rendered":"REPUVE"},"content":{"rendered":"<p class=\"txt_gral\"><strong>\u00bfQU\u00c9 ES EL REGISTRO P\u00daBLICO VEHICULAR?<\/strong><\/p>\n<p class=\"txt_gral\">Es un Registro de informaci\u00f3n a nivel nacional que tiene como prop\u00f3sito otorgar seguridad p\u00fablica y jur\u00eddica a los actos que se realicen con veh\u00edculos que circulen en territorio nacional, mediante la identificaci\u00f3n y control vehicular; adem\u00e1s de brindar servicios de informaci\u00f3n al p\u00fablico.<\/p>\n<p>La operaci\u00f3n del Registro y la aplicaci\u00f3n de la Ley del Registro P\u00fablico Vehicular corresponden al Ejecutivo Federal, por conducto del Secretariado Ejecutivo del Sistema Nacional de Seguridad P\u00fablica.<\/p>\n<p class=\"txt_gral\">El Registro estar\u00e1 conformado por una base de datos integrada por la informaci\u00f3n que de cada veh\u00edculo proporcionen las Autoridades Federales, las Entidades Federativas y los Sujetos Obligados a realizar las inscripciones y a presentar los avisos, de conformidad con lo dispuesto en esta Ley.<\/p>\n<p class=\"txt_gral\"><strong>\u00a0PRINCIPALES BENEFICIOS.<\/strong><\/p>\n<table cellspacing=\"0\" cellpadding=\"0\">\n<tbody>\n<tr>\n<td valign=\"top\" width=\"3%\">\n<p class=\"txt_gral\" align=\"center\"><img loading=\"lazy\" decoding=\"async\" src=\"http:\/\/www.repuve.gob.mx\/imgs\/bullet.png\" alt=\"http:\/\/www.repuve.gob.mx\/images\/u005.gif\" width=\"10\" height=\"8\" \/><\/p>\n<\/td>\n<td valign=\"top\" width=\"96%\">\n<p class=\"txt_gral\">Fortalecer la seguridad p\u00fablica y jur\u00eddica: La mayor parte de los delitos cometidos en el pa\u00eds est\u00e1n relacionados de alguna manera con veh\u00edculos.<\/p>\n<\/td>\n<\/tr>\n<tr>\n<td valign=\"top\" width=\"3%\">\n<p class=\"txt_gral\" align=\"center\"><img loading=\"lazy\" decoding=\"async\" src=\"http:\/\/www.repuve.gob.mx\/imgs\/bullet.png\" alt=\"http:\/\/www.repuve.gob.mx\/images\/u005.gif\" width=\"10\" height=\"8\" \/><\/p>\n<\/td>\n<td valign=\"top\" width=\"96%\">\n<p class=\"txt_gral\">Proveer a la ciudadan\u00eda de certeza jur\u00eddica sobre la propiedad de un veh\u00edculo.<\/p>\n<\/td>\n<\/tr>\n<tr>\n<td valign=\"top\" width=\"3%\">\n<p class=\"txt_gral\" align=\"center\"><img loading=\"lazy\" decoding=\"async\" src=\"http:\/\/www.repuve.gob.mx\/imgs\/bullet.png\" alt=\"http:\/\/www.repuve.gob.mx\/images\/u005.gif\" width=\"10\" height=\"8\" \/><\/p>\n<\/td>\n<td valign=\"top\" width=\"96%\">\n<p class=\"txt_gral\">Proporcionar un instrumento de informaci\u00f3n que les permita a los diferentes Sujetos Obligados, tomar sus decisiones sobre una base m\u00e1s certera al momento de realizar sus operaciones con respecto a los veh\u00edculos.<\/p>\n<\/td>\n<\/tr>\n<\/tbody>\n<\/table>\n<p><span class=\"txt_gral\">\u00a0<\/span><\/p>\n<p class=\"txt_gral\"><strong>PRINCIPALES SERVICIOS A LA CIUDADAN\u00cdA QUE PROPORCIONA.<\/strong><\/p>\n<table cellspacing=\"0\" cellpadding=\"0\">\n<tbody>\n<tr>\n<td valign=\"top\">\n<p class=\"txt_gral\" align=\"center\"><img loading=\"lazy\" decoding=\"async\" src=\"http:\/\/www.repuve.gob.mx\/imgs\/bullet.png\" alt=\"http:\/\/www.repuve.gob.mx\/images\/u005.gif\" width=\"10\" height=\"8\" \/><\/p>\n<\/td>\n<td valign=\"top\" width=\"96%\">\n<p class=\"txt_gral\">Consulta a trav\u00e9s de p\u00e1gina web<\/p>\n<ul>\n<ul>\n<li class=\"txt_gral\">Consulta de informaci\u00f3n en l\u00ednea<\/li>\n<li class=\"txt_gral\">Denuncia an\u00f3nima en caso de veh\u00edculos robados<\/li>\n<li class=\"txt_gral\">Directorios para dudas de datos presentados<\/li>\n<\/ul>\n<\/ul>\n<\/td>\n<\/tr>\n<tr>\n<td valign=\"top\">\n<p class=\"txt_gral\" align=\"center\"><img loading=\"lazy\" decoding=\"async\" src=\"http:\/\/www.repuve.gob.mx\/imgs\/bullet.png\" alt=\"http:\/\/www.repuve.gob.mx\/images\/u005.gif\" width=\"10\" height=\"8\" \/><\/p>\n<\/td>\n<td valign=\"top\" width=\"96%\">\n<p class=\"txt_gral\">Consulta a trav\u00e9s de tecnolog\u00eda WAP (telefon\u00eda celular)<\/p>\n<\/td>\n<\/tr>\n<\/tbody>\n<\/table>\n<p>Fuente:\u00a0http:\/\/www.repuve.gob.mx\/acerca.html\t\t\t\t<\/p>\n","protected":false},"excerpt":{"rendered":"<p>\u00bfQU\u00c9 ES EL REGISTRO P\u00daBLICO VEHICULAR? Es un Registro de informaci\u00f3n a nivel nacional que tiene como prop\u00f3sito otorgar seguridad p\u00fablica y jur\u00eddica a los actos que se realicen con veh\u00edculos que circulen en territorio nacional, mediante la identificaci\u00f3n y control vehicular; adem\u00e1s de brindar servicios de informaci\u00f3n al p\u00fablico. La operaci\u00f3n del Registro y [&hellip;]<\/p>\n","protected":false},"author":1,"featured_media":0,"parent":0,"menu_order":0,"comment_status":"closed","ping_status":"closed","template":"","meta":{"episode_type":"","audio_file":"","podmotor_file_id":"","podmotor_episode_id":"","cover_image":"","cover_image_id":"","duration":"","filesize":"","filesize_raw":"","date_recorded":"","explicit":"","block":"","itunes_episode_number":"","itunes_title":"","itunes_season_number":"","itunes_episode_type":"","footnotes":""},"categories":[],"tags":[],"class_list":["post-51","page","type-page","status-publish","hentry"],"acf":[],"publishpress_future_action":{"enabled":false,"date":"2026-04-30 10:05:20","action":"change-status","newStatus":"draft","terms":[],"taxonomy":"category","extraData":[]},"publishpress_future_workflow_manual_trigger":{"enabledWorkflows":[]},"_links":{"self":[{"href":"https:\/\/www.oaxaca.gob.mx\/sesesp\/wp-json\/wp\/v2\/pages\/51","targetHints":{"allow":["GET"]}}],"collection":[{"href":"https:\/\/www.oaxaca.gob.mx\/sesesp\/wp-json\/wp\/v2\/pages"}],"about":[{"href":"https:\/\/www.oaxaca.gob.mx\/sesesp\/wp-json\/wp\/v2\/types\/page"}],"author":[{"embeddable":true,"href":"https:\/\/www.oaxaca.gob.mx\/sesesp\/wp-json\/wp\/v2\/users\/1"}],"replies":[{"embeddable":true,"href":"https:\/\/www.oaxaca.gob.mx\/sesesp\/wp-json\/wp\/v2\/comments?post=51"}],"version-history":[{"count":0,"href":"https:\/\/www.oaxaca.gob.mx\/sesesp\/wp-json\/wp\/v2\/pages\/51\/revisions"}],"wp:attachment":[{"href":"https:\/\/www.oaxaca.gob.mx\/sesesp\/wp-json\/wp\/v2\/media?parent=51"}],"wp:term":[{"taxonomy":"category","embeddable":true,"href":"https:\/\/www.oaxaca.gob.mx\/sesesp\/wp-json\/wp\/v2\/categories?post=51"},{"taxonomy":"post_tag","embeddable":true,"href":"https:\/\/www.oaxaca.gob.mx\/sesesp\/wp-json\/wp\/v2\/tags?post=51"}],"curies":[{"name":"wp","href":"https:\/\/api.w.org\/{rel}","templated":true}]}}