{"id":47,"date":"2017-04-28T10:42:24","date_gmt":"2017-04-28T16:42:24","guid":{"rendered":"http:\/\/www.secretariadoejecutivo.oaxaca.gob.mx\/?page_id=47"},"modified":"2019-08-01T11:50:51","modified_gmt":"2019-08-01T16:50:51","slug":"fortaseg","status":"publish","type":"page","link":"https:\/\/www.oaxaca.gob.mx\/sesesp\/fortaseg\/","title":{"rendered":"FORTASEG"},"content":{"rendered":"<p>&nbsp;<\/p>\n<h3>\u00bfQue es el FORTASEG?<\/h3>\n<p>El FORTASEG es un subsidio que se otorga a los municipios y, en su caso, a los estados, cuando \u00e9stos ejercen la funci\u00f3n de seguridad p\u00fablica en lugar de los primeros o coordinados con ellos, para el Fortalecimiento de los temas de Seguridad.<\/p>\n<p>Con este subsidio se cubren aspectos de evaluaci\u00f3n de control de confianza de los elementos operativos de las instituciones policiales municipales, su capacitaci\u00f3n, recursos destinados a la homologaci\u00f3n policial y a la mejora de condiciones laborales de los polic\u00edas, su equipamiento, la construcci\u00f3n de infraestructura, prevenci\u00f3n del delito y la conformaci\u00f3n de bases de datos de seguridad p\u00fablica y centros telef\u00f3nicos de atenci\u00f3n de llamadas de emergencia y en general apoyar la profesionalizaci\u00f3n, certificaci\u00f3n y equipamiento de los elementos de las instituciones de seguridad p\u00fablica. En esencia, la diferencia principal con el SUBSEMUN es que el FORTASEG se basa en el desarrollo de las personas. Fortalecimiento tecnol\u00f3gico, de equipo e infraestructura de las instituciones de seguridad p\u00fablica, a la prevenci\u00f3n social de la violencia y la delincuencia, as\u00ed como a la capacitaci\u00f3n, entre otras, en materia de derechos humanos e igualdad de g\u00e9nero.<\/p>\n<h3>Programas de Prioridad Nacional<\/h3>\n<ol>\n<li>Desarrollo, profesionalizaci\u00f3n y certificaci\u00f3n Policial.<\/li>\n<li>Sistema nacional de informaci\u00f3n para la seguridad p\u00fablica.<\/li>\n<li>Implementaci\u00f3n y desarrollo del sistema de justicia penal.<\/li>\n<li>Tecnolog\u00edas, infraestructura y equipamiento de apoyo a la operaci\u00f3n policial.<\/li>\n<li>Sistema Nacional de Atenci\u00f3n de llamadas de emergencia y denuncias ciudadanas.<\/li>\n<li>Dise\u00f1o de pol\u00edticas p\u00fablicas destinadas a la prevenci\u00f3n social de la violencia.<\/li>\n<\/ol>\n<p>Fuente: <a href=\"https:\/\/www.gob.mx\/sesnsp\/acciones-y-programas\/programa-de-fortalecimiento-para-la-seguridad-fortaseg\">https:\/\/www.gob.mx\/sesnsp\/acciones-y-programas\/programa-de-fortalecimiento-para-la-seguridad-fortaseg<\/a><\/p>\n<h3>Municipios FORTASEG<\/h3>\n<ol>\n<li>Oaxaca de Ju\u00e1rez<\/li>\n<li>Salina Cruz<\/li>\n<li>San Juan Bautista Tuxtepec<\/li>\n<li>Heroica Ciudad de Juchit\u00e1n de Zaragoza<\/li>\n<li>Santa Lucia del Camino<\/li>\n<li>Santa Cruz Xoxocotl\u00e1n<\/li>\n<\/ol>\n\n<table id=\"tablepress-5\" class=\"tablepress tablepress-id-5\">\n<thead>\n<tr class=\"row-1\">\n\t<th class=\"column-1\">NOMBRE<\/th><th class=\"column-2\">DESCARGAR<\/th>\n<\/tr>\n<\/thead>\n<tbody class=\"row-striping row-hover\">\n<tr class=\"row-2\">\n\t<td class=\"column-1\">Lineamientos para el otorgamiento del FORTASEG<\/td><td class=\"column-2\"><a target=\"_blank\" href=\"https:\/\/www.oaxaca.gob.mx\/sesesp\/wp-content\/uploads\/sites\/16\/2019\/07\/FORTASEG.pdf\"><i class=\"far fa-file-pdf fa-2x\">&nbsp;<\/i><\/a><\/td>\n<\/tr>\n<tr class=\"row-3\">\n\t<td class=\"column-1\">C\u00e1talogo de Conceptos FORTASEG<\/td><td class=\"column-2\"><a target=\"_blank\" href=\"https:\/\/www.oaxaca.gob.mx\/sesesp\/wp-content\/uploads\/sites\/16\/2019\/07\/Catalogo_de_Bienes_Servicios_e_Infraestructura_del_FORTASEG_2019.xls\"><i class=\"far fa-file-pdf fa-2x\">&nbsp;<\/i><\/a><\/td>\n<\/tr>\n<tr class=\"row-4\">\n\t<td class=\"column-1\">Presentaciones FORTASEG <\/td><td class=\"column-2\"><a target=\"_blank\" href=\"https:\/\/www.oaxaca.gob.mx\/sesesp\/wp-content\/uploads\/sites\/16\/2019\/07\/PRESENTACION_FASP-FORTASEG_2019.pdf\"><i class=\"far fa-file-pdf fa-2x\">&nbsp;<\/i><\/a><\/td>\n<\/tr>\n<tr class=\"row-5\">\n\t<td class=\"column-1\">Convenio FORTASEG<\/td><td class=\"column-2\"><a target=\"_blank\" href=\"https:\/\/www.oaxaca.gob.mx\/sesesp\/wp-content\/uploads\/sites\/16\/2019\/07\/Convenio-Esp.-de-Adhesi\u00f3n-Fortaseg-2019.pdf\"><i class=\"far fa-file-pdf fa-2x\">&nbsp;<\/i><\/a><\/td>\n<\/tr>\n<tr class=\"row-6\">\n\t<td class=\"column-1\">Anexo FORTASEG OAXACA<\/td><td class=\"column-2\"><a target=\"_blank\" href=\"https:\/\/www.oaxaca.gob.mx\/sesesp\/wp-content\/uploads\/sites\/16\/2019\/08\/ANEXO-FORTASEG-OAXACA-2019.pdf\"><i class=\"far fa-file-pdf fa-2x\">&nbsp;<\/i><\/a><\/td>\n<\/tr>\n<tr class=\"row-7\">\n\t<td class=\"column-1\">Anexo  FORTASEG JUCHITAN<\/td><td class=\"column-2\"><a target=\"_blank\" href=\"https:\/\/www.oaxaca.gob.mx\/sesesp\/wp-content\/uploads\/sites\/16\/2019\/08\/ANEXO-JUCHITAN.pdf\"><i class=\"far fa-file-pdf fa-2x\">&nbsp;<\/i><\/a><\/td>\n<\/tr>\n<tr class=\"row-8\">\n\t<td class=\"column-1\">Anexo FORTASEG SALINA CRUZ<\/td><td class=\"column-2\"><a target=\"_blank\" href=\"https:\/\/www.oaxaca.gob.mx\/sesesp\/wp-content\/uploads\/sites\/16\/2019\/08\/ANEXO-SALINA-CRUZ.pdf\"><i class=\"far fa-file-pdf fa-2x\">&nbsp;<\/i><\/a><\/td>\n<\/tr>\n<tr class=\"row-9\">\n\t<td class=\"column-1\">Anexo FORTASEG SANTA LUCIA<\/td><td class=\"column-2\"><a target=\"_blank\" href=\"https:\/\/www.oaxaca.gob.mx\/sesesp\/wp-content\/uploads\/sites\/16\/2019\/08\/ANEXO-SANTA-LUCIA.pdf\"><i class=\"far fa-file-pdf fa-2x\">&nbsp;<\/i><\/a><\/td>\n<\/tr>\n<tr class=\"row-10\">\n\t<td class=\"column-1\">Anexo FORTASEG TUXTEPEC<\/td><td class=\"column-2\"><a target=\"_blank\" href=\"https:\/\/www.oaxaca.gob.mx\/sesesp\/wp-content\/uploads\/sites\/16\/2019\/08\/ANEXO-TUXTEPEC.pdf\"><i class=\"far fa-file-pdf fa-2x\">&nbsp;<\/i><\/a><\/td>\n<\/tr>\n<tr class=\"row-11\">\n\t<td class=\"column-1\">Anexo FORTASEG XOXOCOTLAN<\/td><td class=\"column-2\"><a target=\"_blank\" href=\"https:\/\/www.oaxaca.gob.mx\/sesesp\/wp-content\/uploads\/sites\/16\/2019\/08\/ANEXO-XOXOCOTLAN.pdf\"><i class=\"far fa-file-pdf fa-2x\">&nbsp;<\/i><\/a><\/td>\n<\/tr>\n<\/tbody>\n<\/table>\n<!-- #tablepress-5 from cache -->\n","protected":false},"excerpt":{"rendered":"<p>&nbsp; \u00bfQue es el FORTASEG? El FORTASEG es un subsidio que se otorga a los municipios y, en su caso, a los estados, cuando \u00e9stos ejercen la funci\u00f3n de seguridad p\u00fablica en lugar de los primeros o coordinados con ellos, para el Fortalecimiento de los temas de Seguridad. Con este subsidio se cubren aspectos de [&hellip;]<\/p>\n","protected":false},"author":1,"featured_media":0,"parent":0,"menu_order":0,"comment_status":"closed","ping_status":"closed","template":"","meta":{"episode_type":"","audio_file":"","podmotor_file_id":"","podmotor_episode_id":"","cover_image":"","cover_image_id":"","duration":"","filesize":"","filesize_raw":"","date_recorded":"","explicit":"","block":"","itunes_episode_number":"","itunes_title":"","itunes_season_number":"","itunes_episode_type":"","footnotes":""},"categories":[],"tags":[],"class_list":["post-47","page","type-page","status-publish","hentry"],"acf":[],"publishpress_future_action":{"enabled":false,"date":"2026-05-14 04:53:24","action":"change-status","newStatus":"draft","terms":[],"taxonomy":"category","extraData":[]},"publishpress_future_workflow_manual_trigger":{"enabledWorkflows":[]},"_links":{"self":[{"href":"https:\/\/www.oaxaca.gob.mx\/sesesp\/wp-json\/wp\/v2\/pages\/47","targetHints":{"allow":["GET"]}}],"collection":[{"href":"https:\/\/www.oaxaca.gob.mx\/sesesp\/wp-json\/wp\/v2\/pages"}],"about":[{"href":"https:\/\/www.oaxaca.gob.mx\/sesesp\/wp-json\/wp\/v2\/types\/page"}],"author":[{"embeddable":true,"href":"https:\/\/www.oaxaca.gob.mx\/sesesp\/wp-json\/wp\/v2\/users\/1"}],"replies":[{"embeddable":true,"href":"https:\/\/www.oaxaca.gob.mx\/sesesp\/wp-json\/wp\/v2\/comments?post=47"}],"version-history":[{"count":9,"href":"https:\/\/www.oaxaca.gob.mx\/sesesp\/wp-json\/wp\/v2\/pages\/47\/revisions"}],"predecessor-version":[{"id":1278,"href":"https:\/\/www.oaxaca.gob.mx\/sesesp\/wp-json\/wp\/v2\/pages\/47\/revisions\/1278"}],"wp:attachment":[{"href":"https:\/\/www.oaxaca.gob.mx\/sesesp\/wp-json\/wp\/v2\/media?parent=47"}],"wp:term":[{"taxonomy":"category","embeddable":true,"href":"https:\/\/www.oaxaca.gob.mx\/sesesp\/wp-json\/wp\/v2\/categories?post=47"},{"taxonomy":"post_tag","embeddable":true,"href":"https:\/\/www.oaxaca.gob.mx\/sesesp\/wp-json\/wp\/v2\/tags?post=47"}],"curies":[{"name":"wp","href":"https:\/\/api.w.org\/{rel}","templated":true}]}}