{"id":259,"date":"2018-04-04T12:11:16","date_gmt":"2018-04-04T18:11:16","guid":{"rendered":"http:\/\/www.secretariadoejecutivo.oaxaca.gob.mx\/?page_id=259"},"modified":"2019-06-20T22:22:13","modified_gmt":"2019-06-20T20:22:13","slug":"c3","status":"publish","type":"page","link":"https:\/\/www.oaxaca.gob.mx\/sesesp\/c3\/","title":{"rendered":"CENTRO ESTATAL DE EVALUACI\u00d3N Y CONTROL DE CONFIANZA"},"content":{"rendered":"<p>El Secretariado Ejecutivo del Sistema Estatal de Seguridad P\u00fablica bajo su dependencia jer\u00e1rquica tiene al Centro Estatal de Evaluaci\u00f3n y Control de Confianza de Oaxaca (C3), mismo que cuenta con acreditaci\u00f3n vigente, de conformidad a lo establecido en los art\u00edculos 21 y 22, fracciones I, III, IV, VI y VII de la Ley General del Sistema Nacional de Seguridad P\u00fablica.<\/p>\n<p><img loading=\"lazy\" decoding=\"async\" class=\"alignnone size-medium wp-image-1039\" src=\"https:\/\/www.oaxaca.gob.mx\/sesesp\/wp-content\/uploads\/sites\/16\/2019\/06\/FACHADA-300x200.jpg\" alt=\"\" width=\"300\" height=\"200\" srcset=\"https:\/\/www.oaxaca.gob.mx\/sesesp\/wp-content\/uploads\/sites\/16\/2019\/06\/FACHADA-300x200.jpg 300w, https:\/\/www.oaxaca.gob.mx\/sesesp\/wp-content\/uploads\/sites\/16\/2019\/06\/FACHADA-768x512.jpg 768w, https:\/\/www.oaxaca.gob.mx\/sesesp\/wp-content\/uploads\/sites\/16\/2019\/06\/FACHADA.jpg 829w\" sizes=\"auto, (max-width: 300px) 100vw, 300px\" \/><br \/>\nEsta Instituci\u00f3n realiza las evaluaciones de control de confianza a personal en el \u00e1mbito de seguridad p\u00fablica, para perfiles tanto de nuevo ingreso, permanencia u orientadas a casos particulares para la toma de decisiones con efectos de ascenso, asignaci\u00f3n de nuevas responsabilidades, funciones especializadas y\/o acceso a informaci\u00f3n confidencial.<\/p>\n<p>Aunado a lo anterior, participa en forma coordinada en acciones de certificaci\u00f3n de los integrantes de las Instituciones de Seguridad P\u00fablica Estatal, Municipal, auxiliares de \u00e9stas, as\u00ed como de instituciones y empresas de Seguridad Privada, que presten sus servicios dentro del Estado.<\/p>\n<p><img loading=\"lazy\" decoding=\"async\" class=\"alignnone wp-image-1041 \" src=\"https:\/\/www.oaxaca.gob.mx\/sesesp\/wp-content\/uploads\/sites\/16\/2019\/06\/MISION-_burned.jpg\" alt=\"\" width=\"332\" height=\"433\" srcset=\"https:\/\/www.oaxaca.gob.mx\/sesesp\/wp-content\/uploads\/sites\/16\/2019\/06\/MISION-_burned.jpg 621w, https:\/\/www.oaxaca.gob.mx\/sesesp\/wp-content\/uploads\/sites\/16\/2019\/06\/MISION-_burned-230x300.jpg 230w\" sizes=\"auto, (max-width: 332px) 100vw, 332px\" \/><\/p>\n<p><strong>\u00bfA qui\u00e9nes eval\u00faa el centro estatal de evaluaci\u00f3n y control de confianza del secretariado ejecutivo del sistema estatal de seguridad p\u00fablica?<\/strong><\/p>\n<p>Con fundamento en los art\u00edculos 26 y 99, en analog\u00eda con el art\u00edculo 7, fracciones XIV, XV y XXXI, de la Ley del Sistema Estatal de Seguridad P\u00fablica de Oaxaca:<\/p>\n<p><img loading=\"lazy\" decoding=\"async\" class=\"alignnone wp-image-1044\" src=\"https:\/\/www.oaxaca.gob.mx\/sesesp\/wp-content\/uploads\/sites\/16\/2019\/06\/EVALUAN_burned-300x192.jpg\" alt=\"\" width=\"364\" height=\"233\" srcset=\"https:\/\/www.oaxaca.gob.mx\/sesesp\/wp-content\/uploads\/sites\/16\/2019\/06\/EVALUAN_burned-300x192.jpg 300w, https:\/\/www.oaxaca.gob.mx\/sesesp\/wp-content\/uploads\/sites\/16\/2019\/06\/EVALUAN_burned.jpg 759w\" sizes=\"auto, (max-width: 364px) 100vw, 364px\" \/><\/p>\n<p>&nbsp;<\/p>\n<p><strong>\u00bfCu\u00e1les son los<\/strong> <strong>ex\u00e1menes y evaluaciones que aplica el centro estatal?<\/strong><\/p>\n<p>Como lo establece el art\u00edculo 33 de la Ley del Sistema Estatal de Seguridad P\u00fablica de Oaxaca:<\/p>\n<p><img loading=\"lazy\" decoding=\"async\" class=\"alignnone wp-image-1045\" src=\"https:\/\/www.oaxaca.gob.mx\/sesesp\/wp-content\/uploads\/sites\/16\/2019\/06\/REQUISITOS_burned-300x243.jpg\" alt=\"\" width=\"347\" height=\"281\" srcset=\"https:\/\/www.oaxaca.gob.mx\/sesesp\/wp-content\/uploads\/sites\/16\/2019\/06\/REQUISITOS_burned-300x243.jpg 300w, https:\/\/www.oaxaca.gob.mx\/sesesp\/wp-content\/uploads\/sites\/16\/2019\/06\/REQUISITOS_burned-768x622.jpg 768w, https:\/\/www.oaxaca.gob.mx\/sesesp\/wp-content\/uploads\/sites\/16\/2019\/06\/REQUISITOS_burned.jpg 821w\" sizes=\"auto, (max-width: 347px) 100vw, 347px\" \/><\/p>\n<p><strong>\u00bfPara qu\u00e9 sirven las evaluaciones de control de confianza?<\/strong><br \/>\nPara reconocer habilidades, destrezas y actitudes e identificar riesgos que obstruyan el cumplimiento de las funciones de los integrantes y aspirantes de las Instituciones de seguridad P\u00fablica para contribuir con el fortalecimiento a la seguridad p\u00fablica.<\/p>\n<p>La evaluaci\u00f3n de control de confianza se realiza por un equipo de trabajo competente y plenamente certificado en las siguientes \u00e1reas t\u00e9cnicas:<\/p>\n<p><img loading=\"lazy\" decoding=\"async\" class=\"alignnone  wp-image-1047\" src=\"https:\/\/www.oaxaca.gob.mx\/sesesp\/wp-content\/uploads\/sites\/16\/2019\/06\/areas_burned-300x174.jpg\" alt=\"\" width=\"448\" height=\"260\" srcset=\"https:\/\/www.oaxaca.gob.mx\/sesesp\/wp-content\/uploads\/sites\/16\/2019\/06\/areas_burned-300x174.jpg 300w, https:\/\/www.oaxaca.gob.mx\/sesesp\/wp-content\/uploads\/sites\/16\/2019\/06\/areas_burned-768x446.jpg 768w, https:\/\/www.oaxaca.gob.mx\/sesesp\/wp-content\/uploads\/sites\/16\/2019\/06\/areas_burned.jpg 901w\" sizes=\"auto, (max-width: 448px) 100vw, 448px\" \/><\/p>\n<p><strong>CERTIFICADO \u00daNICO POLICIAL<\/strong><\/p>\n<p><img loading=\"lazy\" decoding=\"async\" class=\"alignnone  wp-image-1048\" src=\"https:\/\/www.oaxaca.gob.mx\/sesesp\/wp-content\/uploads\/sites\/16\/2019\/06\/certifcado_burned-300x276.jpg\" alt=\"\" width=\"364\" height=\"335\" srcset=\"https:\/\/www.oaxaca.gob.mx\/sesesp\/wp-content\/uploads\/sites\/16\/2019\/06\/certifcado_burned-300x276.jpg 300w, https:\/\/www.oaxaca.gob.mx\/sesesp\/wp-content\/uploads\/sites\/16\/2019\/06\/certifcado_burned-768x706.jpg 768w, https:\/\/www.oaxaca.gob.mx\/sesesp\/wp-content\/uploads\/sites\/16\/2019\/06\/certifcado_burned-1024x941.jpg 1024w, https:\/\/www.oaxaca.gob.mx\/sesesp\/wp-content\/uploads\/sites\/16\/2019\/06\/certifcado_burned.jpg 1300w\" sizes=\"auto, (max-width: 364px) 100vw, 364px\" \/><\/p>\n<p>&nbsp;<\/p>\n<p>\u00bfCu\u00e1les son los requisitos para obtener el CUP?<\/a><br \/>\nhttps:\/\/www.oaxaca.gob.mx\/sesesp\/wp-content\/uploads\/sites\/16\/2019\/06\/REQUISITOS-PARA-OBTENER-EL-CUP.pdf<\/p>\n<p>El Secretariado Ejecutivo Del Sistema Estatal De Seguridad P\u00fablica, Convoca A Formar Parte Del  C3 Oaxaca.<\/a><br \/>\nhttps:\/\/www.oaxaca.gob.mx\/sesesp\/wp-content\/uploads\/sites\/16\/2019\/06\/REQUISITOS-PARA-INGRESAR-A-C3.pdf<\/p>\n","protected":false},"excerpt":{"rendered":"<p>El Secretariado Ejecutivo del Sistema Estatal de Seguridad P\u00fablica bajo su dependencia jer\u00e1rquica tiene al Centro Estatal de Evaluaci\u00f3n y Control de Confianza de Oaxaca (C3), mismo que cuenta con acreditaci\u00f3n vigente, de conformidad a lo establecido en los art\u00edculos 21 y 22, fracciones I, III, IV, VI y VII de la Ley General del [&hellip;]<\/p>\n","protected":false},"author":1,"featured_media":0,"parent":0,"menu_order":0,"comment_status":"closed","ping_status":"closed","template":"","meta":{"episode_type":"","audio_file":"","podmotor_file_id":"","podmotor_episode_id":"","cover_image":"","cover_image_id":"","duration":"","filesize":"","filesize_raw":"","date_recorded":"","explicit":"","block":"","itunes_episode_number":"","itunes_title":"","itunes_season_number":"","itunes_episode_type":"","footnotes":""},"categories":[],"tags":[],"class_list":["post-259","page","type-page","status-publish","hentry"],"acf":[],"publishpress_future_action":{"enabled":false,"date":"2026-05-14 04:53:23","action":"change-status","newStatus":"draft","terms":[],"taxonomy":"category","extraData":[]},"publishpress_future_workflow_manual_trigger":{"enabledWorkflows":[]},"_links":{"self":[{"href":"https:\/\/www.oaxaca.gob.mx\/sesesp\/wp-json\/wp\/v2\/pages\/259","targetHints":{"allow":["GET"]}}],"collection":[{"href":"https:\/\/www.oaxaca.gob.mx\/sesesp\/wp-json\/wp\/v2\/pages"}],"about":[{"href":"https:\/\/www.oaxaca.gob.mx\/sesesp\/wp-json\/wp\/v2\/types\/page"}],"author":[{"embeddable":true,"href":"https:\/\/www.oaxaca.gob.mx\/sesesp\/wp-json\/wp\/v2\/users\/1"}],"replies":[{"embeddable":true,"href":"https:\/\/www.oaxaca.gob.mx\/sesesp\/wp-json\/wp\/v2\/comments?post=259"}],"version-history":[{"count":10,"href":"https:\/\/www.oaxaca.gob.mx\/sesesp\/wp-json\/wp\/v2\/pages\/259\/revisions"}],"predecessor-version":[{"id":1055,"href":"https:\/\/www.oaxaca.gob.mx\/sesesp\/wp-json\/wp\/v2\/pages\/259\/revisions\/1055"}],"wp:attachment":[{"href":"https:\/\/www.oaxaca.gob.mx\/sesesp\/wp-json\/wp\/v2\/media?parent=259"}],"wp:term":[{"taxonomy":"category","embeddable":true,"href":"https:\/\/www.oaxaca.gob.mx\/sesesp\/wp-json\/wp\/v2\/categories?post=259"},{"taxonomy":"post_tag","embeddable":true,"href":"https:\/\/www.oaxaca.gob.mx\/sesesp\/wp-json\/wp\/v2\/tags?post=259"}],"curies":[{"name":"wp","href":"https:\/\/api.w.org\/{rel}","templated":true}]}}