{"id":1240,"date":"2019-07-26T18:48:11","date_gmt":"2019-07-26T23:48:11","guid":{"rendered":"https:\/\/www.oaxaca.gob.mx\/sesesp\/?page_id=1240"},"modified":"2025-05-28T17:29:44","modified_gmt":"2025-05-28T23:29:44","slug":"archivo","status":"publish","type":"page","link":"https:\/\/www.oaxaca.gob.mx\/sesesp\/archivo\/","title":{"rendered":"Archivo"},"content":{"rendered":"<nav style=\"margin-bottom: 30px\">\n<div id=\"nav-tab\" class=\"nav nav-tabs\" role=\"tablist\"><a id=\"nav_tab_uno\" class=\"nav-item nav-link active\" role=\"tab\" href=\"#nav_uno\" data-toggle=\"tab\">Programas<\/a><br \/>\n<a id=\"nav_tab_dos\" class=\"nav-item nav-link\" role=\"tab\" href=\"#nav_dos\" data-toggle=\"tab\">CADIDO<\/a><br \/>\n<a id=\"nav_tab_tres\" class=\"nav-item nav-link\" role=\"tab\" href=\"#nav_tres\" data-toggle=\"tab\">CGCA<\/a><br \/>\n<a id=\"nav_tab_cuatro\" class=\"nav-item nav-link\" role=\"tab\" href=\"#nav_cuatro\" data-toggle=\"tab\">PADA<\/a><\/div>\n<\/nav>\n<div id=\"nav-tabContent\" class=\"tab-content\">\n<div id=\"nav_uno\" class=\"tab-pane fade show active\" role=\"tabpanel\" aria-labelledby=\"nav_tab_uno\">\n<h4><\/h4>\n<p>ACTA DE BAJA DOCUMENTAL SESESP<\/p>\n<p><a href=\"https:\/\/www.oaxaca.gob.mx\/sesesp\/wp-content\/uploads\/sites\/16\/2025\/04\/ACTA-BAJA-DOCUMENTAL-SESESP-CEECC-2025-ANEXO-SEGUNDA-SESION-comprimido.pdf\">Inventario de baja documental SESESP 2025 <\/a><\/p>\n<p><a href=\"https:\/\/www.oaxaca.gob.mx\/sesesp\/wp-content\/uploads\/sites\/16\/2019\/07\/INVENTARIO-DE-BAJA.pdf\">Inventario de baja documental SESESP 2019 parte 1<\/a><br \/>\n<a href=\"https:\/\/www.oaxaca.gob.mx\/sesesp\/wp-content\/uploads\/sites\/16\/2019\/07\/INVENTARIO-DE-BAJA-DOCUMENTAL-SESESP-2019-parte-2.pdf\">Inventario de baja documental SESESP 2019 parte 2<\/a><\/p>\n<\/div>\n<div id=\"nav_dos\" class=\"tab-pane fade\" role=\"tabpanel\" aria-labelledby=\"nav_tab_dos\">\n<h4><\/h4>\n<p>Cat\u00e1logo de Disposici\u00f3n Documental<\/p>\n<p><a href=\"https:\/\/www.oaxaca.gob.mx\/sesesp\/wp-content\/uploads\/sites\/16\/2022\/11\/CADIDO-SESESP-2022_.pdf\">https:\/\/www.oaxaca.gob.mx\/sesesp\/wp-content\/uploads\/sites\/16\/2022\/11\/CADIDO-SESESP-2022_.pdf<\/a><\/p>\n<p><a href=\"https:\/\/www.oaxaca.gob.mx\/sesesp\/wp-content\/uploads\/sites\/16\/2021\/06\/CADIDO-SESESP-2021.pdf\">https:\/\/www.oaxaca.gob.mx\/sesesp\/wp-content\/uploads\/sites\/16\/2021\/06\/CADIDO-SESESP-2021.pdf<\/a><\/p>\n<p><a href=\"https:\/\/www.oaxaca.gob.mx\/sesesp\/wp-content\/uploads\/sites\/16\/2020\/11\/CADIDO-DEL-SESESP-2020.pdf\">https:\/\/www.oaxaca.gob.mx\/sesesp\/wp-content\/uploads\/sites\/16\/2020\/11\/CADIDO-DEL-SESESP-2020.pdf<\/a><\/p>\n<\/div>\n<div id=\"nav_tres\" class=\"tab-pane fade\" role=\"tabpanel\" aria-labelledby=\"nav_tab_tres\">\n<h4><\/h4>\n<p>Cuadro General de Clasificaci\u00f3n Archiv\u00edstica<\/p>\n<p><a href=\"https:\/\/www.oaxaca.gob.mx\/sesesp\/wp-content\/uploads\/sites\/16\/2022\/11\/CUADRO-GENERAL-DE-CLASIFICACION-ARCHIVISTICA-2022.pdf\">https:\/\/www.oaxaca.gob.mx\/sesesp\/wp-content\/uploads\/sites\/16\/2022\/11\/CUADRO-GENERAL-DE-CLASIFICACION-ARCHIVISTICA-2022.pdf<\/a><\/p>\n<p><a href=\"https:\/\/www.oaxaca.gob.mx\/sesesp\/wp-content\/uploads\/sites\/16\/2021\/06\/CUADRO-GENERAL-DE-CALSIFICACION-ARCHIVISTICA-2021-SESESP.pdf\">https:\/\/www.oaxaca.gob.mx\/sesesp\/wp-content\/uploads\/sites\/16\/2021\/06\/CUADRO-GENERAL-DE-CALSIFICACION-ARCHIVISTICA-2021-SESESP.pdf<\/a><\/p>\n<p><a href=\"https:\/\/www.oaxaca.gob.mx\/sesesp\/wp-content\/uploads\/sites\/16\/2020\/03\/CUADRO-GENERAL-DE-CLASIFICACION-ARCHIVISTICA-2020_1.pdf\">https:\/\/www.oaxaca.gob.mx\/sesesp\/wp-content\/uploads\/sites\/16\/2020\/03\/CUADRO-GENERAL-DE-CLASIFICACION-ARCHIVISTICA-2020_1.pdf<\/a><\/p>\n<\/div>\n<div id=\"nav_cuatro\" class=\"tab-pane fade\" role=\"tabpanel\" aria-labelledby=\"nav_tab_cuatro\">\n<h4><\/h4>\n<p>Programa Anual de Desarrollo Archiv\u00edstico<br \/>\n\n<table id=\"tablepress-25\" class=\"tablepress tablepress-id-25\">\n<thead>\n<tr class=\"row-1\">\n\t<td class=\"column-1\"><\/td><td class=\"column-2\"><\/td>\n<\/tr>\n<\/thead>\n<tbody class=\"row-striping row-hover\">\n<tr class=\"row-2\">\n\t<td class=\"column-1\">Programa Anual de Desarrollo Archiv\u00edstico 2021<\/td><td class=\"column-2\"><a target=\"_blank\" href=\"https:\/\/www.oaxaca.gob.mx\/sesesp\/wp-content\/uploads\/sites\/16\/2021\/04\/SESESP-\u00b4PROYECTO-PADA-21-ENERO-2021-respaldo.pdf\" rel=\"noopener\"><i class=\"far fa-file-pdf fa-2x\">&nbsp;<\/i><\/a><\/td>\n<\/tr>\n<tr class=\"row-3\">\n\t<td class=\"column-1\">Programa Anual de Desarrollo Archiv\u00edstico 2022<\/td><td class=\"column-2\"><a target=\"_blank\" href=\"https:\/\/www.oaxaca.gob.mx\/sesesp\/wp-content\/uploads\/sites\/16\/2022\/03\/PROGRAMA-ANUAL-DE-DESARROLLO-ARCHIVISTICO-SESESP-2022.pdf\" rel=\"noopener\"><i class=\"far fa-file-pdf fa-2x\">&nbsp;<\/i><\/a><\/td>\n<\/tr>\n<\/tbody>\n<\/table>\n<!-- #tablepress-25 from cache -->\n<\/div>\n<\/div>\n","protected":false},"excerpt":{"rendered":"<p>Programas CADIDO CGCA PADA ACTA DE BAJA DOCUMENTAL SESESP Inventario de baja documental SESESP 2025 Inventario de baja documental SESESP 2019 parte 1 Inventario de baja documental SESESP 2019 parte 2 Cat\u00e1logo de Disposici\u00f3n Documental Cuadro General de Clasificaci\u00f3n Archiv\u00edstica Programa Anual de Desarrollo Archiv\u00edstico<\/p>\n","protected":false},"author":15,"featured_media":0,"parent":0,"menu_order":0,"comment_status":"closed","ping_status":"closed","template":"","meta":{"episode_type":"","audio_file":"","podmotor_file_id":"","podmotor_episode_id":"","cover_image":"","cover_image_id":"","duration":"","filesize":"","filesize_raw":"","date_recorded":"","explicit":"","block":"","itunes_episode_number":"","itunes_title":"","itunes_season_number":"","itunes_episode_type":"","footnotes":""},"categories":[],"tags":[],"class_list":["post-1240","page","type-page","status-publish","hentry"],"acf":[],"publishpress_future_action":{"enabled":false,"date":"2026-05-11 07:17:48","action":"change-status","newStatus":"draft","terms":[],"taxonomy":"category","extraData":[]},"publishpress_future_workflow_manual_trigger":{"enabledWorkflows":[]},"_links":{"self":[{"href":"https:\/\/www.oaxaca.gob.mx\/sesesp\/wp-json\/wp\/v2\/pages\/1240","targetHints":{"allow":["GET"]}}],"collection":[{"href":"https:\/\/www.oaxaca.gob.mx\/sesesp\/wp-json\/wp\/v2\/pages"}],"about":[{"href":"https:\/\/www.oaxaca.gob.mx\/sesesp\/wp-json\/wp\/v2\/types\/page"}],"author":[{"embeddable":true,"href":"https:\/\/www.oaxaca.gob.mx\/sesesp\/wp-json\/wp\/v2\/users\/15"}],"replies":[{"embeddable":true,"href":"https:\/\/www.oaxaca.gob.mx\/sesesp\/wp-json\/wp\/v2\/comments?post=1240"}],"version-history":[{"count":2,"href":"https:\/\/www.oaxaca.gob.mx\/sesesp\/wp-json\/wp\/v2\/pages\/1240\/revisions"}],"predecessor-version":[{"id":8416,"href":"https:\/\/www.oaxaca.gob.mx\/sesesp\/wp-json\/wp\/v2\/pages\/1240\/revisions\/8416"}],"wp:attachment":[{"href":"https:\/\/www.oaxaca.gob.mx\/sesesp\/wp-json\/wp\/v2\/media?parent=1240"}],"wp:term":[{"taxonomy":"category","embeddable":true,"href":"https:\/\/www.oaxaca.gob.mx\/sesesp\/wp-json\/wp\/v2\/categories?post=1240"},{"taxonomy":"post_tag","embeddable":true,"href":"https:\/\/www.oaxaca.gob.mx\/sesesp\/wp-json\/wp\/v2\/tags?post=1240"}],"curies":[{"name":"wp","href":"https:\/\/api.w.org\/{rel}","templated":true}]}}