{"id":11,"date":"2017-04-28T10:31:34","date_gmt":"2017-04-28T16:31:34","guid":{"rendered":"http:\/\/www.secretariadoejecutivo.oaxaca.gob.mx\/?page_id=11"},"modified":"2019-07-25T14:25:15","modified_gmt":"2019-07-25T19:25:15","slug":"mision-y-vision","status":"publish","type":"page","link":"https:\/\/www.oaxaca.gob.mx\/sesesp\/mision-y-vision\/","title":{"rendered":"Misi\u00f3n,  Visi\u00f3n y Objetivos"},"content":{"rendered":"<br \/>\n<h4>Misi\u00f3n<\/h4>\n<p>Coordinar los organismos encargados de la seguridad p\u00fablica de los tres \u00f3rdenes de gobierno y de la sociedad, mediante pol\u00edticas, lineamientos, la ejecuci\u00f3n de ejes estrat\u00e9gicos y acciones que fortalezcan el desempe\u00f1o institucional.<\/p>\n<h4>Visi\u00f3n<\/h4>\n<p>Ser una instancia interinstitucional del Estado reconocida por su liderazgo y efectividad, mediante el profesionalismo, legalidad, racionalidad y honestidad, capaz de satisfacer las necesidades de la sociedad en materia de Seguridad P\u00fablica.<\/p>\n<h4>Objetivo General<\/h4>\n<p>Coordinar, planear y ejecutar, las acciones que se deriven de los programas y acuerdos del Sistema Nacional de Seguridad P\u00fablica en el \u00e1mbito Estatal, as\u00ed como la colaboraci\u00f3n y participaci\u00f3n ciudadana, teniendo como principal finalidad salvaguardar la integridad, derechos y garant\u00edas individuales de las personas, la preservaci\u00f3n de la libertad, el orden y la paz p\u00fablica.\t\t<\/p>\n","protected":false},"excerpt":{"rendered":"<p>Misi\u00f3n Coordinar los organismos encargados de la seguridad p\u00fablica de los tres \u00f3rdenes de gobierno y de la sociedad, mediante pol\u00edticas, lineamientos, la ejecuci\u00f3n de ejes estrat\u00e9gicos y acciones que fortalezcan el desempe\u00f1o institucional. Visi\u00f3n Ser una instancia interinstitucional del Estado reconocida por su liderazgo y efectividad, mediante el profesionalismo, legalidad, racionalidad y honestidad, capaz [&hellip;]<\/p>\n","protected":false},"author":1,"featured_media":0,"parent":0,"menu_order":0,"comment_status":"closed","ping_status":"closed","template":"","meta":{"episode_type":"","audio_file":"","podmotor_file_id":"","podmotor_episode_id":"","cover_image":"","cover_image_id":"","duration":"","filesize":"","filesize_raw":"","date_recorded":"","explicit":"","block":"","itunes_episode_number":"","itunes_title":"","itunes_season_number":"","itunes_episode_type":"","footnotes":""},"categories":[],"tags":[],"class_list":["post-11","page","type-page","status-publish","hentry"],"acf":[],"publishpress_future_action":{"enabled":false,"date":"2026-04-25 23:52:36","action":"change-status","newStatus":"draft","terms":[],"taxonomy":"category","extraData":[]},"publishpress_future_workflow_manual_trigger":{"enabledWorkflows":[]},"_links":{"self":[{"href":"https:\/\/www.oaxaca.gob.mx\/sesesp\/wp-json\/wp\/v2\/pages\/11","targetHints":{"allow":["GET"]}}],"collection":[{"href":"https:\/\/www.oaxaca.gob.mx\/sesesp\/wp-json\/wp\/v2\/pages"}],"about":[{"href":"https:\/\/www.oaxaca.gob.mx\/sesesp\/wp-json\/wp\/v2\/types\/page"}],"author":[{"embeddable":true,"href":"https:\/\/www.oaxaca.gob.mx\/sesesp\/wp-json\/wp\/v2\/users\/1"}],"replies":[{"embeddable":true,"href":"https:\/\/www.oaxaca.gob.mx\/sesesp\/wp-json\/wp\/v2\/comments?post=11"}],"version-history":[{"count":1,"href":"https:\/\/www.oaxaca.gob.mx\/sesesp\/wp-json\/wp\/v2\/pages\/11\/revisions"}],"predecessor-version":[{"id":1234,"href":"https:\/\/www.oaxaca.gob.mx\/sesesp\/wp-json\/wp\/v2\/pages\/11\/revisions\/1234"}],"wp:attachment":[{"href":"https:\/\/www.oaxaca.gob.mx\/sesesp\/wp-json\/wp\/v2\/media?parent=11"}],"wp:term":[{"taxonomy":"category","embeddable":true,"href":"https:\/\/www.oaxaca.gob.mx\/sesesp\/wp-json\/wp\/v2\/categories?post=11"},{"taxonomy":"post_tag","embeddable":true,"href":"https:\/\/www.oaxaca.gob.mx\/sesesp\/wp-json\/wp\/v2\/tags?post=11"}],"curies":[{"name":"wp","href":"https:\/\/api.w.org\/{rel}","templated":true}]}}