{"id":875,"date":"2025-04-23T18:22:04","date_gmt":"2025-04-23T16:22:04","guid":{"rendered":"https:\/\/www.oaxaca.gob.mx\/sep\/?page_id=875"},"modified":"2025-04-23T18:22:04","modified_gmt":"2025-04-23T16:22:04","slug":"subsecretaria-de-planeacion-para-la-educacion-media-superior-y-superior","status":"publish","type":"page","link":"https:\/\/www.oaxaca.gob.mx\/sep\/subsecretaria-de-planeacion-para-la-educacion-media-superior-y-superior\/","title":{"rendered":"Subsecretar\u00eda de Planeaci\u00f3n para la Educaci\u00f3n Media Superior y Superior"},"content":{"rendered":"","protected":false},"excerpt":{"rendered":"","protected":false},"author":1,"featured_media":0,"parent":0,"menu_order":0,"comment_status":"closed","ping_status":"closed","template":"","meta":{"episode_type":"","audio_file":"","podmotor_file_id":"","podmotor_episode_id":"","cover_image":"","cover_image_id":"","duration":"","filesize":"","filesize_raw":"","date_recorded":"","explicit":"","block":"","itunes_episode_number":"","itunes_title":"","itunes_season_number":"","itunes_episode_type":"","footnotes":""},"categories":[],"tags":[],"class_list":["post-875","page","type-page","status-publish","hentry"],"acf":[],"publishpress_future_action":{"enabled":false,"date":"2026-04-25 23:53:03","action":"change-status","newStatus":"draft","terms":[],"taxonomy":"category","extraData":[]},"publishpress_future_workflow_manual_trigger":{"enabledWorkflows":[]},"_links":{"self":[{"href":"https:\/\/www.oaxaca.gob.mx\/sep\/wp-json\/wp\/v2\/pages\/875","targetHints":{"allow":["GET"]}}],"collection":[{"href":"https:\/\/www.oaxaca.gob.mx\/sep\/wp-json\/wp\/v2\/pages"}],"about":[{"href":"https:\/\/www.oaxaca.gob.mx\/sep\/wp-json\/wp\/v2\/types\/page"}],"author":[{"embeddable":true,"href":"https:\/\/www.oaxaca.gob.mx\/sep\/wp-json\/wp\/v2\/users\/1"}],"replies":[{"embeddable":true,"href":"https:\/\/www.oaxaca.gob.mx\/sep\/wp-json\/wp\/v2\/comments?post=875"}],"version-history":[{"count":1,"href":"https:\/\/www.oaxaca.gob.mx\/sep\/wp-json\/wp\/v2\/pages\/875\/revisions"}],"predecessor-version":[{"id":876,"href":"https:\/\/www.oaxaca.gob.mx\/sep\/wp-json\/wp\/v2\/pages\/875\/revisions\/876"}],"wp:attachment":[{"href":"https:\/\/www.oaxaca.gob.mx\/sep\/wp-json\/wp\/v2\/media?parent=875"}],"wp:term":[{"taxonomy":"category","embeddable":true,"href":"https:\/\/www.oaxaca.gob.mx\/sep\/wp-json\/wp\/v2\/categories?post=875"},{"taxonomy":"post_tag","embeddable":true,"href":"https:\/\/www.oaxaca.gob.mx\/sep\/wp-json\/wp\/v2\/tags?post=875"}],"curies":[{"name":"wp","href":"https:\/\/api.w.org\/{rel}","templated":true}]}}