{"id":856,"date":"2025-04-23T17:57:38","date_gmt":"2025-04-23T15:57:38","guid":{"rendered":"https:\/\/www.oaxaca.gob.mx\/sep\/?page_id=856"},"modified":"2025-04-23T11:59:21","modified_gmt":"2025-04-23T17:59:21","slug":"direcciones-y-subdirecciones","status":"publish","type":"page","link":"https:\/\/www.oaxaca.gob.mx\/sep\/direcciones-y-subdirecciones\/","title":{"rendered":"Direcciones y SubSecretarias"},"content":{"rendered":"<ul>\n<li><a href=\"\/sep\/direccion-administrativa\" target=\"_blank\" rel=\"noopener noreferrer\">Direcci\u00f3n Administrativa<\/a><\/li>\n<li><a href=\"\/sep\/subsecretaria-de-politicas-transversales\" target=\"_blank\" rel=\"noopener noreferrer\">Subsecretar\u00eda de Pol\u00edticas Transversales<\/a><\/li>\n<ul>\n<li><a href=\"\/sep\/direccion-de-politicas-transversales-en-educacion\/\" target=\"_blank\" rel=\"noopener noreferrer\">Direcci\u00f3n de Pol\u00edticas Transversales en Educaci\u00f3n<\/a><\/li>\n<li><a href=\"\/sep\/direccion-de-cooperacion-e-intercambio-cientifico\/\" target=\"_blank\" rel=\"noopener noreferrer\">Direcci\u00f3n de Cooperaci\u00f3n e Intercambio Cient\u00edfico<\/a><\/li>\n<\/ul>\n<li><a href=\"\/sep\/subsecretaria-de-interculturalidad-y-atencion-al-rezago-educativo\/\" target=\"_blank\" rel=\"noopener noreferrer\">Subsecretar\u00eda de Interculturalidad y Atenci\u00f3n al Rezago Educativo<\/a><\/li>\n<li><a href=\"\/sep\/coordinacion-de-alfabetizacion-para-el-bienestar\/\" target=\"_blank\" rel=\"noopener noreferrer\">Coordinaci\u00f3n de Alfabetizaci\u00f3n Para el Bienestar<\/a><\/li>\n<li><a href=\"\/sep\/direccion-de-interculturalizacion-de-la-educacion\/\" target=\"_blank\" rel=\"noopener noreferrer\">Direcci\u00f3n de Interculturalizaci\u00f3n de la Educaci\u00f3n<\/a><\/li>\n<li><a href=\"\/sep\/direccion-de-atencion-al-rezago-educativo\/\" target=\"_blank\" rel=\"noopener noreferrer\">Direcci\u00f3n de Atenci\u00f3n al Rezago Educativo<\/a><\/li>\n<li><a href=\"\/sep\/subsecretaria-de-planeacion-para-la-educacion-media-superior-y-superior\/\" target=\"_blank\" rel=\"noopener noreferrer\">Subsecretar\u00eda de Planeaci\u00f3n para la Educaci\u00f3n Media Superior y Superior<\/a><\/li>\n<li><a href=\"\/sep\/direccion-de-planeacion-programacion-y-evaluacion\/\" target=\"_blank\" rel=\"noopener noreferrer\">Direcci\u00f3n de Planeaci\u00f3n, Programaci\u00f3n y Evaluaci\u00f3n<\/a><\/li>\n<li><a href=\"\/sep\/direccion-de-educacion-media-superior\/\" target=\"_blank\" rel=\"noopener noreferrer\">Direcci\u00f3n de Educaci\u00f3n Media Superior<\/a><\/li>\n<li><a href=\"\/sep\/direccion-de-educacion-superior\/\" target=\"_blank\" rel=\"noopener noreferrer\">Direcci\u00f3n de Educaci\u00f3n Superior<\/a><\/li>\n<\/ul>\n","protected":false},"excerpt":{"rendered":"<p>Direcci\u00f3n Administrativa Subsecretar\u00eda de Pol\u00edticas Transversales Direcci\u00f3n de Pol\u00edticas Transversales en Educaci\u00f3n Direcci\u00f3n de Cooperaci\u00f3n e Intercambio Cient\u00edfico Subsecretar\u00eda de Interculturalidad y Atenci\u00f3n al Rezago Educativo Coordinaci\u00f3n de Alfabetizaci\u00f3n Para el Bienestar Direcci\u00f3n de Interculturalizaci\u00f3n de la Educaci\u00f3n Direcci\u00f3n de Atenci\u00f3n al Rezago Educativo Subsecretar\u00eda de Planeaci\u00f3n para la Educaci\u00f3n Media Superior y Superior Direcci\u00f3n [&hellip;]<\/p>\n","protected":false},"author":1,"featured_media":0,"parent":0,"menu_order":0,"comment_status":"closed","ping_status":"closed","template":"","meta":{"episode_type":"","audio_file":"","podmotor_file_id":"","podmotor_episode_id":"","cover_image":"","cover_image_id":"","duration":"","filesize":"","filesize_raw":"","date_recorded":"","explicit":"","block":"","itunes_episode_number":"","itunes_title":"","itunes_season_number":"","itunes_episode_type":"","footnotes":""},"categories":[],"tags":[],"class_list":["post-856","page","type-page","status-publish","hentry"],"acf":[],"publishpress_future_action":{"enabled":false,"date":"2026-04-25 23:51:33","action":"change-status","newStatus":"draft","terms":[],"taxonomy":"category","extraData":[]},"publishpress_future_workflow_manual_trigger":{"enabledWorkflows":[]},"_links":{"self":[{"href":"https:\/\/www.oaxaca.gob.mx\/sep\/wp-json\/wp\/v2\/pages\/856","targetHints":{"allow":["GET"]}}],"collection":[{"href":"https:\/\/www.oaxaca.gob.mx\/sep\/wp-json\/wp\/v2\/pages"}],"about":[{"href":"https:\/\/www.oaxaca.gob.mx\/sep\/wp-json\/wp\/v2\/types\/page"}],"author":[{"embeddable":true,"href":"https:\/\/www.oaxaca.gob.mx\/sep\/wp-json\/wp\/v2\/users\/1"}],"replies":[{"embeddable":true,"href":"https:\/\/www.oaxaca.gob.mx\/sep\/wp-json\/wp\/v2\/comments?post=856"}],"version-history":[{"count":3,"href":"https:\/\/www.oaxaca.gob.mx\/sep\/wp-json\/wp\/v2\/pages\/856\/revisions"}],"predecessor-version":[{"id":896,"href":"https:\/\/www.oaxaca.gob.mx\/sep\/wp-json\/wp\/v2\/pages\/856\/revisions\/896"}],"wp:attachment":[{"href":"https:\/\/www.oaxaca.gob.mx\/sep\/wp-json\/wp\/v2\/media?parent=856"}],"wp:term":[{"taxonomy":"category","embeddable":true,"href":"https:\/\/www.oaxaca.gob.mx\/sep\/wp-json\/wp\/v2\/categories?post=856"},{"taxonomy":"post_tag","embeddable":true,"href":"https:\/\/www.oaxaca.gob.mx\/sep\/wp-json\/wp\/v2\/tags?post=856"}],"curies":[{"name":"wp","href":"https:\/\/api.w.org\/{rel}","templated":true}]}}