{"id":71,"date":"2024-01-22T22:12:26","date_gmt":"2024-01-22T21:12:26","guid":{"rendered":"https:\/\/www.oaxaca.gob.mx\/sep\/?page_id=71"},"modified":"2024-10-18T20:19:22","modified_gmt":"2024-10-18T18:19:22","slug":"boletines-de-prensa","status":"publish","type":"page","link":"https:\/\/www.oaxaca.gob.mx\/sep\/boletines-de-prensa\/","title":{"rendered":"Boletines de prensa"},"content":{"rendered":"\n\n<div class=\"su-posts su-posts-default-loop \">\n\n\t\n\t\t\t\t\t\n\t\t\t\n\t\t\t<div id=\"su-post-628\" class=\"su-post \">\n\n\t\t\t\t\t\t\t\t\t<a class=\"su-post-thumbnail\" href=\"https:\/\/www.oaxaca.gob.mx\/sep\/plan-anual-de-la-secretaria-de-educacion-publica\/\"><img loading=\"lazy\" decoding=\"async\" width=\"670\" height=\"348\" src=\"https:\/\/www.oaxaca.gob.mx\/sep\/wp-content\/uploads\/sites\/97\/2024\/12\/PLAN-ANUAL-SEP-OAXACA-BANNER.png\" class=\"attachment-post-thumbnail size-post-thumbnail wp-post-image\" alt=\"\" srcset=\"https:\/\/www.oaxaca.gob.mx\/sep\/wp-content\/uploads\/sites\/97\/2024\/12\/PLAN-ANUAL-SEP-OAXACA-BANNER.png 670w, https:\/\/www.oaxaca.gob.mx\/sep\/wp-content\/uploads\/sites\/97\/2024\/12\/PLAN-ANUAL-SEP-OAXACA-BANNER-300x156.png 300w\" sizes=\"auto, (max-width: 670px) 100vw, 670px\" \/><\/a>\n\t\t\t\t\n\t\t\t\t<h2 class=\"su-post-title\"><a href=\"https:\/\/www.oaxaca.gob.mx\/sep\/plan-anual-de-la-secretaria-de-educacion-publica\/\">PLAN ANUAL DE LA SECRETAR\u00cdA DE EDUCACI\u00d3N P\u00daBLICA<\/a><\/h2>\n\n\t\t\t\t<div class=\"su-post-meta\">\n\t\t\t\t\tPublicado: 17 de diciembre de 2024\t\t\t\t<\/div>\n\n\t\t\t\t<div class=\"su-post-excerpt\">\n\t\t\t\t\t\t\t\t\t<\/div>\n\n\t\t\t\t\t\t\t\t\t<a href=\"https:\/\/www.oaxaca.gob.mx\/sep\/plan-anual-de-la-secretaria-de-educacion-publica\/#respond\" class=\"su-post-comments-link\">0 comentarios<\/a>\n\t\t\t\t\n\t\t\t<\/div>\n\n\t\t\t\t\t\n\t\t\t\n\t\t\t<div id=\"su-post-623\" class=\"su-post \">\n\n\t\t\t\t\t\t\t\t\t<a class=\"su-post-thumbnail\" href=\"https:\/\/www.oaxaca.gob.mx\/sep\/protocolo-de-quejas\/\"><img loading=\"lazy\" decoding=\"async\" width=\"670\" height=\"348\" src=\"https:\/\/www.oaxaca.gob.mx\/sep\/wp-content\/uploads\/sites\/97\/2024\/12\/protocolo-de-quejas-SEP-OAXACA-BANNER.png\" class=\"attachment-post-thumbnail size-post-thumbnail wp-post-image\" alt=\"\" srcset=\"https:\/\/www.oaxaca.gob.mx\/sep\/wp-content\/uploads\/sites\/97\/2024\/12\/protocolo-de-quejas-SEP-OAXACA-BANNER.png 670w, https:\/\/www.oaxaca.gob.mx\/sep\/wp-content\/uploads\/sites\/97\/2024\/12\/protocolo-de-quejas-SEP-OAXACA-BANNER-300x156.png 300w\" sizes=\"auto, (max-width: 670px) 100vw, 670px\" \/><\/a>\n\t\t\t\t\n\t\t\t\t<h2 class=\"su-post-title\"><a href=\"https:\/\/www.oaxaca.gob.mx\/sep\/protocolo-de-quejas\/\">PROTOCOLO DE QUEJAS<\/a><\/h2>\n\n\t\t\t\t<div class=\"su-post-meta\">\n\t\t\t\t\tPublicado: 17 de diciembre de 2024\t\t\t\t<\/div>\n\n\t\t\t\t<div class=\"su-post-excerpt\">\n\t\t\t\t\t\t\t\t\t<\/div>\n\n\t\t\t\t\t\t\t\t\t<a href=\"https:\/\/www.oaxaca.gob.mx\/sep\/protocolo-de-quejas\/#respond\" class=\"su-post-comments-link\">0 comentarios<\/a>\n\t\t\t\t\n\t\t\t<\/div>\n\n\t\t\t\t\t\n\t\t\t\n\t\t\t<div id=\"su-post-619\" class=\"su-post \">\n\n\t\t\t\t\t\t\t\t\t<a class=\"su-post-thumbnail\" href=\"https:\/\/www.oaxaca.gob.mx\/sep\/marco-juridico-sep-oaxaca\/\"><img loading=\"lazy\" decoding=\"async\" width=\"670\" height=\"348\" src=\"https:\/\/www.oaxaca.gob.mx\/sep\/wp-content\/uploads\/sites\/97\/2024\/12\/marco-juridico-SEP-OAXACA-BANNER.png\" class=\"attachment-post-thumbnail size-post-thumbnail wp-post-image\" alt=\"\" srcset=\"https:\/\/www.oaxaca.gob.mx\/sep\/wp-content\/uploads\/sites\/97\/2024\/12\/marco-juridico-SEP-OAXACA-BANNER.png 670w, https:\/\/www.oaxaca.gob.mx\/sep\/wp-content\/uploads\/sites\/97\/2024\/12\/marco-juridico-SEP-OAXACA-BANNER-300x156.png 300w\" sizes=\"auto, (max-width: 670px) 100vw, 670px\" \/><\/a>\n\t\t\t\t\n\t\t\t\t<h2 class=\"su-post-title\"><a href=\"https:\/\/www.oaxaca.gob.mx\/sep\/marco-juridico-sep-oaxaca\/\">MARCO JURIDICO SEP OAXACA<\/a><\/h2>\n\n\t\t\t\t<div class=\"su-post-meta\">\n\t\t\t\t\tPublicado: 17 de diciembre de 2024\t\t\t\t<\/div>\n\n\t\t\t\t<div class=\"su-post-excerpt\">\n\t\t\t\t\t\t\t\t\t<\/div>\n\n\t\t\t\t\t\t\t\t\t<a href=\"https:\/\/www.oaxaca.gob.mx\/sep\/marco-juridico-sep-oaxaca\/#respond\" class=\"su-post-comments-link\">0 comentarios<\/a>\n\t\t\t\t\n\t\t\t<\/div>\n\n\t\t\t\t\t\n\t\t\t\n\t\t\t<div id=\"su-post-616\" class=\"su-post \">\n\n\t\t\t\t\t\t\t\t\t<a class=\"su-post-thumbnail\" href=\"https:\/\/www.oaxaca.gob.mx\/sep\/reglamento-interno-de-la-secretaria-de-educacion-publica\/\"><img loading=\"lazy\" decoding=\"async\" width=\"670\" height=\"348\" src=\"https:\/\/www.oaxaca.gob.mx\/sep\/wp-content\/uploads\/sites\/97\/2024\/12\/REGLAMENTO-INTERNO-DE-LA-SEP-OAXACA-BANNER.png\" class=\"attachment-post-thumbnail size-post-thumbnail wp-post-image\" alt=\"\" srcset=\"https:\/\/www.oaxaca.gob.mx\/sep\/wp-content\/uploads\/sites\/97\/2024\/12\/REGLAMENTO-INTERNO-DE-LA-SEP-OAXACA-BANNER.png 670w, https:\/\/www.oaxaca.gob.mx\/sep\/wp-content\/uploads\/sites\/97\/2024\/12\/REGLAMENTO-INTERNO-DE-LA-SEP-OAXACA-BANNER-300x156.png 300w\" sizes=\"auto, (max-width: 670px) 100vw, 670px\" \/><\/a>\n\t\t\t\t\n\t\t\t\t<h2 class=\"su-post-title\"><a href=\"https:\/\/www.oaxaca.gob.mx\/sep\/reglamento-interno-de-la-secretaria-de-educacion-publica\/\">REGLAMENTO INTERNO DE LA SECRETAR\u00cdA DE EDUCACI\u00d3N P\u00daBLICA<\/a><\/h2>\n\n\t\t\t\t<div class=\"su-post-meta\">\n\t\t\t\t\tPublicado: 17 de diciembre de 2024\t\t\t\t<\/div>\n\n\t\t\t\t<div class=\"su-post-excerpt\">\n\t\t\t\t\t\t\t\t\t<\/div>\n\n\t\t\t\t\t\t\t\t\t<a href=\"https:\/\/www.oaxaca.gob.mx\/sep\/reglamento-interno-de-la-secretaria-de-educacion-publica\/#respond\" class=\"su-post-comments-link\">0 comentarios<\/a>\n\t\t\t\t\n\t\t\t<\/div>\n\n\t\t\t\t\t\n\t\t\t\n\t\t\t<div id=\"su-post-423\" class=\"su-post \">\n\n\t\t\t\t\n\t\t\t\t<h2 class=\"su-post-title\"><a href=\"https:\/\/www.oaxaca.gob.mx\/sep\/comunicado-9-2024-levantamiento-estadistico\/\">COMUNICADO 9-2024 LEVANTAMIENTO ESTAD\u00cdSTICO<\/a><\/h2>\n\n\t\t\t\t<div class=\"su-post-meta\">\n\t\t\t\t\tPublicado: 18 de octubre de 2024\t\t\t\t<\/div>\n\n\t\t\t\t<div class=\"su-post-excerpt\">\n\t\t\t\t\t\t\t\t\t<\/div>\n\n\t\t\t\t\t\t\t\t\t<a href=\"https:\/\/www.oaxaca.gob.mx\/sep\/comunicado-9-2024-levantamiento-estadistico\/#respond\" class=\"su-post-comments-link\">0 comentarios<\/a>\n\t\t\t\t\n\t\t\t<\/div>\n\n\t\t\t\t\t\n\t\t\t\n\t\t\t<div id=\"su-post-100\" class=\"su-post \">\n\n\t\t\t\t\t\t\t\t\t<a class=\"su-post-thumbnail\" href=\"https:\/\/www.oaxaca.gob.mx\/sep\/se-crea-el-programa-inscripcioncero\/\"><img loading=\"lazy\" decoding=\"async\" width=\"670\" height=\"348\" src=\"https:\/\/www.oaxaca.gob.mx\/sep\/wp-content\/uploads\/sites\/97\/2024\/01\/firma-de-convenio-sep-fundacion-por-mexico.png\" class=\"attachment-post-thumbnail size-post-thumbnail wp-post-image\" alt=\"Firma de convenio SEP-Fundaci\u00f3n por M\u00e9xico\" srcset=\"https:\/\/www.oaxaca.gob.mx\/sep\/wp-content\/uploads\/sites\/97\/2024\/01\/firma-de-convenio-sep-fundacion-por-mexico.png 670w, https:\/\/www.oaxaca.gob.mx\/sep\/wp-content\/uploads\/sites\/97\/2024\/01\/firma-de-convenio-sep-fundacion-por-mexico-300x156.png 300w\" sizes=\"auto, (max-width: 670px) 100vw, 670px\" \/><\/a>\n\t\t\t\t\n\t\t\t\t<h2 class=\"su-post-title\"><a href=\"https:\/\/www.oaxaca.gob.mx\/sep\/se-crea-el-programa-inscripcioncero\/\">FIRMA DE CONVENIO ENTRE LA SEP Y LA FUNDACIO\u0301N POR ME\u0301XICO<\/a><\/h2>\n\n\t\t\t\t<div class=\"su-post-meta\">\n\t\t\t\t\tPublicado: 23 de enero de 2024\t\t\t\t<\/div>\n\n\t\t\t\t<div class=\"su-post-excerpt\">\n\t\t\t\t\t<p>La Secretar\u00eda de Educaci\u00f3n P\u00fablica y Por M\u00e9xico Fundaci\u00f3n unen esfuerzos mediante un Convenio de Colaboraci\u00f3n suscrito por la secretaria Delfina Guzm\u00e1n, la Presidenta de la Fundaci\u00f3n, Karla Ivett Mawcinitt Bueno y, atestiguado por la Secretaria Saymi Pineda Velasco. El objetivo es impulsar el desarrollo de programas educativos y proporcionar competencias laborales que faciliten la [&hellip;]<\/p>\n\t\t\t\t<\/div>\n\n\t\t\t\t\t\t\t\t\t<a href=\"https:\/\/www.oaxaca.gob.mx\/sep\/se-crea-el-programa-inscripcioncero\/#respond\" class=\"su-post-comments-link\">0 comentarios<\/a>\n\t\t\t\t\n\t\t\t<\/div>\n\n\t\t\t\t\t\n\t\t\t\n\t\t\t<div id=\"su-post-97\" class=\"su-post \">\n\n\t\t\t\t\t\t\t\t\t<a class=\"su-post-thumbnail\" href=\"https:\/\/www.oaxaca.gob.mx\/sep\/entrega-de-equipo-de-computo-mobiliario-materiales-de-oficina-y-papeleria\/\"><img loading=\"lazy\" decoding=\"async\" width=\"670\" height=\"348\" src=\"https:\/\/www.oaxaca.gob.mx\/sep\/wp-content\/uploads\/sites\/97\/2024\/10\/PROGRAMA-INTERNET-PARA-TODOS.png\" class=\"attachment-post-thumbnail size-post-thumbnail wp-post-image\" alt=\"\" srcset=\"https:\/\/www.oaxaca.gob.mx\/sep\/wp-content\/uploads\/sites\/97\/2024\/10\/PROGRAMA-INTERNET-PARA-TODOS.png 670w, https:\/\/www.oaxaca.gob.mx\/sep\/wp-content\/uploads\/sites\/97\/2024\/10\/PROGRAMA-INTERNET-PARA-TODOS-300x156.png 300w\" sizes=\"auto, (max-width: 670px) 100vw, 670px\" \/><\/a>\n\t\t\t\t\n\t\t\t\t<h2 class=\"su-post-title\"><a href=\"https:\/\/www.oaxaca.gob.mx\/sep\/entrega-de-equipo-de-computo-mobiliario-materiales-de-oficina-y-papeleria\/\">PRESENTACI\u00d3N DEL PROGRAMA INTERNET PARA TODOS<\/a><\/h2>\n\n\t\t\t\t<div class=\"su-post-meta\">\n\t\t\t\t\tPublicado: 23 de enero de 2024\t\t\t\t<\/div>\n\n\t\t\t\t<div class=\"su-post-excerpt\">\n\t\t\t\t\t<p>\u00a1Oaxaca avanza hacia un futuro m\u00e1s conectado! El d\u00eda de hoy, el Ing. Salom\u00f3n Jara Cruz, Gobernador del Estado, realiz\u00f3 la entrega de kits de comunicaci\u00f3n en conjunto con la Mtra. Delfina Guzm\u00e1n, Secretaria de la Secretar\u00eda de Educaci\u00f3n P\u00fablica, y el Ing. Moises Ju\u00e1rez, Director General de la DGTID, para llevar conectividad Wi-Fi a [&hellip;]<\/p>\n\t\t\t\t<\/div>\n\n\t\t\t\t\t\t\t\t\t<a href=\"https:\/\/www.oaxaca.gob.mx\/sep\/entrega-de-equipo-de-computo-mobiliario-materiales-de-oficina-y-papeleria\/#respond\" class=\"su-post-comments-link\">0 comentarios<\/a>\n\t\t\t\t\n\t\t\t<\/div>\n\n\t\t\t\t\t\n\t\t\t\n\t\t\t<div id=\"su-post-81\" class=\"su-post \">\n\n\t\t\t\t\t\t\t\t\t<a class=\"su-post-thumbnail\" href=\"https:\/\/www.oaxaca.gob.mx\/sep\/nos-complace-compartir-los-resultados-de-la-consulta-para-la-creacion-de-la-afrouniversidad\/\"><img loading=\"lazy\" decoding=\"async\" width=\"253\" height=\"158\" src=\"https:\/\/www.oaxaca.gob.mx\/sep\/wp-content\/uploads\/sites\/97\/2024\/01\/253x158-noticia-3-afrouniversidad.png\" class=\"attachment-post-thumbnail size-post-thumbnail wp-post-image\" alt=\"\" \/><\/a>\n\t\t\t\t\n\t\t\t\t<h2 class=\"su-post-title\"><a href=\"https:\/\/www.oaxaca.gob.mx\/sep\/nos-complace-compartir-los-resultados-de-la-consulta-para-la-creacion-de-la-afrouniversidad\/\">Nos complace compartir los resultados de la consulta para la creaci\u00f3n de la #AfroUniversidad.<\/a><\/h2>\n\n\t\t\t\t<div class=\"su-post-meta\">\n\t\t\t\t\tPublicado: 23 de enero de 2024\t\t\t\t<\/div>\n\n\t\t\t\t<div class=\"su-post-excerpt\">\n\t\t\t\t\t<p>Nos complace compartir los resultados de la consulta para la creaci\u00f3n de la #AfroUniversidad. Este logro representa un hito significativo en el fortalecimiento de la educaci\u00f3n, inclusi\u00f3n y promoci\u00f3n de la identidad afrodescendiente en nuestra regi\u00f3n. Nos enorgullece compartir que el proyecto fue aprobado por unanimidad, sin ning\u00fan voto en contra, lo cual refleja la [&hellip;]<\/p>\n\t\t\t\t<\/div>\n\n\t\t\t\t\t\t\t\t\t<a href=\"https:\/\/www.oaxaca.gob.mx\/sep\/nos-complace-compartir-los-resultados-de-la-consulta-para-la-creacion-de-la-afrouniversidad\/#respond\" class=\"su-post-comments-link\">0 comentarios<\/a>\n\t\t\t\t\n\t\t\t<\/div>\n\n\t\t\t\t\t\n\t\t\t\n\t\t\t<div id=\"su-post-78\" class=\"su-post \">\n\n\t\t\t\t\t\t\t\t\t<a class=\"su-post-thumbnail\" href=\"https:\/\/www.oaxaca.gob.mx\/sep\/el-gobierno-de-la-transformacion-pone-como-prioridad-la-educacion-de-las-juventudes-del-nivel-medio-superior-y-superior\/\"><img loading=\"lazy\" decoding=\"async\" width=\"670\" height=\"348\" src=\"https:\/\/www.oaxaca.gob.mx\/sep\/wp-content\/uploads\/sites\/97\/2024\/01\/slide-programa-alfabetizacion-para-el-bienestar.png\" class=\"attachment-post-thumbnail size-post-thumbnail wp-post-image\" alt=\"PROGRAMA ALFABETIZACION PARA EL BIENESTAR\" srcset=\"https:\/\/www.oaxaca.gob.mx\/sep\/wp-content\/uploads\/sites\/97\/2024\/01\/slide-programa-alfabetizacion-para-el-bienestar.png 670w, https:\/\/www.oaxaca.gob.mx\/sep\/wp-content\/uploads\/sites\/97\/2024\/01\/slide-programa-alfabetizacion-para-el-bienestar-300x156.png 300w\" sizes=\"auto, (max-width: 670px) 100vw, 670px\" \/><\/a>\n\t\t\t\t\n\t\t\t\t<h2 class=\"su-post-title\"><a href=\"https:\/\/www.oaxaca.gob.mx\/sep\/el-gobierno-de-la-transformacion-pone-como-prioridad-la-educacion-de-las-juventudes-del-nivel-medio-superior-y-superior\/\">PROGRAMA ALFABETIZACI\u00d3N PARA EL BIENESTAR<\/a><\/h2>\n\n\t\t\t\t<div class=\"su-post-meta\">\n\t\t\t\t\tPublicado: 23 de enero de 2024\t\t\t\t<\/div>\n\n\t\t\t\t<div class=\"su-post-excerpt\">\n\t\t\t\t\t<p>\u00a1La educaci\u00f3n es una de las bases de la #PrimaveraOaxaque\u00f1a! El gobernador Salom\u00f3n Jara Cruz encabez\u00f3 el inicio del programa \u00abAlfabetizaci\u00f3n para el Bienestar\u00bb. Esta estrategia integral atender\u00e1 en su primera etapa a 100 municipios con mayor \u00edndice de analfabetismo y se desarrollar\u00e1 de manera coordinada entre la Secretar\u00eda de Educaci\u00f3n P\u00fablica y el IEEA [&hellip;]<\/p>\n\t\t\t\t<\/div>\n\n\t\t\t\t\t\t\t\t\t<a href=\"https:\/\/www.oaxaca.gob.mx\/sep\/el-gobierno-de-la-transformacion-pone-como-prioridad-la-educacion-de-las-juventudes-del-nivel-medio-superior-y-superior\/#respond\" class=\"su-post-comments-link\">0 comentarios<\/a>\n\t\t\t\t\n\t\t\t<\/div>\n\n\t\t\t\t\t\n\t\t\t\n\t\t\t<div id=\"su-post-73\" class=\"su-post \">\n\n\t\t\t\t\t\t\t\t\t<a class=\"su-post-thumbnail\" href=\"https:\/\/www.oaxaca.gob.mx\/sep\/dia-historico-para-la-agencia-de-la-canada-del-marquez\/\"><img loading=\"lazy\" decoding=\"async\" width=\"253\" height=\"158\" src=\"https:\/\/www.oaxaca.gob.mx\/sep\/wp-content\/uploads\/sites\/97\/2024\/01\/noticia1.jpg\" class=\"attachment-post-thumbnail size-post-thumbnail wp-post-image\" alt=\"\" \/><\/a>\n\t\t\t\t\n\t\t\t\t<h2 class=\"su-post-title\"><a href=\"https:\/\/www.oaxaca.gob.mx\/sep\/dia-historico-para-la-agencia-de-la-canada-del-marquez\/\">D\u00eda Hist\u00f3rico para la Agencia de la Ca\u00f1ada del Marqu\u00e9z<\/a><\/h2>\n\n\t\t\t\t<div class=\"su-post-meta\">\n\t\t\t\t\tPublicado: 22 de enero de 2024\t\t\t\t<\/div>\n\n\t\t\t\t<div class=\"su-post-excerpt\">\n\t\t\t\t\t<p>Hoy es un d\u00eda Hist\u00f3rico para la Agencia de la Ca\u00f1ada del Marqu\u00e9z, nos encontramos muy agradecidos con el Gobernador Salom\u00f3n Jara Cruz por el apoyo a trav\u00e9s del CABIEN (Caminos Bienestar) por esta primera etapa en la construcci\u00f3n de la carretera artesanal de 2 km de longitud con un espesor de 20 cm en [&hellip;]<\/p>\n\t\t\t\t<\/div>\n\n\t\t\t\t\t\t\t\t\t<a href=\"https:\/\/www.oaxaca.gob.mx\/sep\/dia-historico-para-la-agencia-de-la-canada-del-marquez\/#respond\" class=\"su-post-comments-link\">0 comentarios<\/a>\n\t\t\t\t\n\t\t\t<\/div>\n\n\t\t\n\t\n<\/div>\n\n","protected":false},"excerpt":{"rendered":"","protected":false},"author":1,"featured_media":0,"parent":0,"menu_order":0,"comment_status":"closed","ping_status":"closed","template":"","meta":{"episode_type":"","audio_file":"","podmotor_file_id":"","podmotor_episode_id":"","cover_image":"","cover_image_id":"","duration":"","filesize":"","filesize_raw":"","date_recorded":"","explicit":"","block":"","itunes_episode_number":"","itunes_title":"","itunes_season_number":"","itunes_episode_type":"","footnotes":""},"categories":[],"tags":[],"class_list":["post-71","page","type-page","status-publish","hentry"],"acf":[],"publishpress_future_action":{"enabled":false,"date":"2026-04-25 23:51:11","action":"change-status","newStatus":"draft","terms":[],"taxonomy":"category","extraData":[]},"publishpress_future_workflow_manual_trigger":{"enabledWorkflows":[]},"_links":{"self":[{"href":"https:\/\/www.oaxaca.gob.mx\/sep\/wp-json\/wp\/v2\/pages\/71","targetHints":{"allow":["GET"]}}],"collection":[{"href":"https:\/\/www.oaxaca.gob.mx\/sep\/wp-json\/wp\/v2\/pages"}],"about":[{"href":"https:\/\/www.oaxaca.gob.mx\/sep\/wp-json\/wp\/v2\/types\/page"}],"author":[{"embeddable":true,"href":"https:\/\/www.oaxaca.gob.mx\/sep\/wp-json\/wp\/v2\/users\/1"}],"replies":[{"embeddable":true,"href":"https:\/\/www.oaxaca.gob.mx\/sep\/wp-json\/wp\/v2\/comments?post=71"}],"version-history":[{"count":2,"href":"https:\/\/www.oaxaca.gob.mx\/sep\/wp-json\/wp\/v2\/pages\/71\/revisions"}],"predecessor-version":[{"id":422,"href":"https:\/\/www.oaxaca.gob.mx\/sep\/wp-json\/wp\/v2\/pages\/71\/revisions\/422"}],"wp:attachment":[{"href":"https:\/\/www.oaxaca.gob.mx\/sep\/wp-json\/wp\/v2\/media?parent=71"}],"wp:term":[{"taxonomy":"category","embeddable":true,"href":"https:\/\/www.oaxaca.gob.mx\/sep\/wp-json\/wp\/v2\/categories?post=71"},{"taxonomy":"post_tag","embeddable":true,"href":"https:\/\/www.oaxaca.gob.mx\/sep\/wp-json\/wp\/v2\/tags?post=71"}],"curies":[{"name":"wp","href":"https:\/\/api.w.org\/{rel}","templated":true}]}}