{"id":68,"date":"2024-01-22T19:16:28","date_gmt":"2024-01-22T18:16:28","guid":{"rendered":"https:\/\/www.oaxaca.gob.mx\/sep\/?page_id=68"},"modified":"2024-01-22T19:16:28","modified_gmt":"2024-01-22T18:16:28","slug":"mapa-del-sitio","status":"publish","type":"page","link":"https:\/\/www.oaxaca.gob.mx\/sep\/mapa-del-sitio\/","title":{"rendered":"Mapa del Sitio"},"content":{"rendered":"<div class=\"wsp-container\"><h2 class=\"wsp-pages-title\">P\u00e1ginas<\/h2>\n<ul class=\"wsp-pages-list\">\n<li class=\"page_item page-item-31\"><a href=\"https:\/\/www.oaxaca.gob.mx\/sep\/quienes-somos\/\">\u00bfQuienes Somos?<\/a><\/li>\n<li class=\"page_item page-item-122\"><a href=\"https:\/\/www.oaxaca.gob.mx\/sep\/aviso-de-privacidad\/\">Aviso de Privacidad<\/a><\/li>\n<li class=\"page_item page-item-71\"><a href=\"https:\/\/www.oaxaca.gob.mx\/sep\/boletines-de-prensa\/\">Boletines de prensa<\/a><\/li>\n<li class=\"page_item page-item-387\"><a href=\"https:\/\/www.oaxaca.gob.mx\/sep\/centros-de-asesoria-de-preparatoria-abierta\/\">CENTROS DE ASESOR\u00cdA DE PREPARATORIA ABIERTA<\/a><\/li>\n<li class=\"page_item page-item-22\"><a href=\"https:\/\/www.oaxaca.gob.mx\/sep\/sisei-sistema-de-etica\/\">Comit\u00e9 de \u00c9tica<\/a><\/li>\n<li class=\"page_item page-item-48\"><a href=\"https:\/\/www.oaxaca.gob.mx\/sep\/contacto\/\">Contacto<\/a><\/li>\n<li class=\"page_item page-item-869\"><a href=\"https:\/\/www.oaxaca.gob.mx\/sep\/coordinacion-de-alfabetizacion-para-el-bienestar\/\">Coordinaci\u00f3n de Alfabetizaci\u00f3n Para el Bienestar<\/a><\/li>\n<li class=\"page_item page-item-113\"><a href=\"https:\/\/www.oaxaca.gob.mx\/sep\/transparencia\/\">CUMPLIMIENTO DE OBLIGACIONES DE TRANSPARENCIA<\/a><\/li>\n<li class=\"page_item page-item-20\"><a href=\"https:\/\/www.oaxaca.gob.mx\/sep\/datos-de-interes\/\">Datos de Inter\u00e9s<\/a><\/li>\n<li class=\"page_item page-item-859\"><a href=\"https:\/\/www.oaxaca.gob.mx\/sep\/direccion-administrativa\/\">Direcci\u00f3n Administrativa<\/a><\/li>\n<li class=\"page_item page-item-873\"><a href=\"https:\/\/www.oaxaca.gob.mx\/sep\/direccion-de-atencion-al-rezago-educativo\/\">Direcci\u00f3n de Atenci\u00f3n al Rezago Educativo<\/a><\/li>\n<li class=\"page_item page-item-865\"><a href=\"https:\/\/www.oaxaca.gob.mx\/sep\/direccion-de-cooperacion-e-intercambio-cientifico\/\">Direcci\u00f3n de Cooperaci\u00f3n e Intercambio Cient\u00edfico<\/a><\/li>\n<li class=\"page_item page-item-879\"><a href=\"https:\/\/www.oaxaca.gob.mx\/sep\/direccion-de-educacion-media-superior\/\">Direcci\u00f3n de Educaci\u00f3n Media Superior<\/a><\/li>\n<li class=\"page_item page-item-881\"><a href=\"https:\/\/www.oaxaca.gob.mx\/sep\/direccion-de-educacion-superior\/\">Direcci\u00f3n de Educaci\u00f3n Superior<\/a><\/li>\n<li class=\"page_item page-item-871\"><a href=\"https:\/\/www.oaxaca.gob.mx\/sep\/direccion-de-interculturalizacion-de-la-educacion\/\">Direcci\u00f3n de Interculturalizaci\u00f3n de la Educaci\u00f3n<\/a><\/li>\n<li class=\"page_item page-item-877\"><a href=\"https:\/\/www.oaxaca.gob.mx\/sep\/direccion-de-planeacion-programacion-y-evaluacion\/\">Direcci\u00f3n de Planeaci\u00f3n, Programaci\u00f3n y Evaluaci\u00f3n<\/a><\/li>\n<li class=\"page_item page-item-863\"><a href=\"https:\/\/www.oaxaca.gob.mx\/sep\/direccion-de-politicas-transversales-en-educacion\/\">Direcci\u00f3n de Pol\u00edticas Transversales en Educaci\u00f3n<\/a><\/li>\n<li class=\"page_item page-item-856\"><a href=\"https:\/\/www.oaxaca.gob.mx\/sep\/direcciones-y-subdirecciones\/\">Direcciones y SubSecretarias<\/a><\/li>\n<li class=\"page_item page-item-10\"><a href=\"https:\/\/www.oaxaca.gob.mx\/sep\/directorio\/\">Directorio<\/a><\/li>\n<li class=\"page_item page-item-12\"><a href=\"https:\/\/www.oaxaca.gob.mx\/sep\/estructura-organica\/\">Estructura Org\u00e1nica<\/a><\/li>\n<li class=\"page_item page-item-6\"><a href=\"https:\/\/www.oaxaca.gob.mx\/sep\/funciones\/\">Funciones<\/a><\/li>\n<li class=\"page_item page-item-107\"><a href=\"https:\/\/www.oaxaca.gob.mx\/sep\/galeria\/\">Galer\u00eda<\/a><\/li>\n<li class=\"page_item page-item-38\"><a href=\"https:\/\/www.oaxaca.gob.mx\/sep\/\">Inicio<\/a><\/li>\n<li class=\"page_item page-item-68\"><a href=\"https:\/\/www.oaxaca.gob.mx\/sep\/mapa-del-sitio\/\">Mapa del Sitio<\/a><\/li>\n<li class=\"page_item page-item-149\"><a href=\"https:\/\/www.oaxaca.gob.mx\/sep\/marco-juridico\/\">Marco Jur\u00eddico<\/a><\/li>\n<li class=\"page_item page-item-4\"><a href=\"https:\/\/www.oaxaca.gob.mx\/sep\/mision-vision-y-objetivos\/\">Misi\u00f3n, Visi\u00f3n y Objetivos<\/a><\/li>\n<li class=\"page_item page-item-2\"><a href=\"https:\/\/www.oaxaca.gob.mx\/sep\/pagina-ejemplo\/\">P\u00e1gina de ejemplo<\/a><\/li>\n<li class=\"page_item page-item-204\"><a href=\"https:\/\/www.oaxaca.gob.mx\/sep\/pebeso\/\">PEBESO<\/a><\/li>\n<li class=\"page_item page-item-376\"><a href=\"https:\/\/www.oaxaca.gob.mx\/sep\/plan-de-estudios-por-asignaturas\/\">PLAN DE ESTUDIOS POR ASIGNATURAS<\/a><\/li>\n<li class=\"page_item page-item-200\"><a href=\"https:\/\/www.oaxaca.gob.mx\/sep\/preparatoria-abierta\/\">Preparatoria Abierta<\/a><\/li>\n<li class=\"page_item page-item-193\"><a href=\"https:\/\/www.oaxaca.gob.mx\/sep\/programacion-y-evaluacion\/\">Programaci\u00f3n y Evaluaci\u00f3n<\/a><\/li>\n<li class=\"page_item page-item-202\"><a href=\"https:\/\/www.oaxaca.gob.mx\/sep\/quejas-instituciones-particulares-con-rvoe\/\">Quejas Instituciones particulares con RVOE<\/a><\/li>\n<li class=\"page_item page-item-659\"><a href=\"https:\/\/www.oaxaca.gob.mx\/sep\/quejas-y-sugerencias\/\">Quejas y Sugerencias<\/a><\/li>\n<li class=\"page_item page-item-24\"><a href=\"https:\/\/www.oaxaca.gob.mx\/sep\/scco-sistema-de-control-de-carga-de-obligaciones-de-transparencia\/\">SCCO (Sistema de Control de Carga de Obligaciones de Transparencia)<\/a><\/li>\n<li class=\"page_item page-item-1654\"><a href=\"https:\/\/www.oaxaca.gob.mx\/sep\/sirvoe\/\">sirvoe<\/a><\/li>\n<li class=\"page_item page-item-197\"><a href=\"https:\/\/www.oaxaca.gob.mx\/sep\/sistema-estatal-de-validacion-de-titulos-electronicos-sevte-de-instituciones-particulares-incorporadas-al-gobierno-del-estado\/\">SISTEMA ESTATAL DE VALIDACI\u00d3N DE TITULOS ELECTR\u00d3NICOS (SEVTE) DE INSTITUCIONES PARTICULARES INCORPORADAS AL GOBIERNO DEL ESTADO.<\/a><\/li>\n<li class=\"page_item page-item-867\"><a href=\"https:\/\/www.oaxaca.gob.mx\/sep\/subsecretaria-de-interculturalidad-y-atencion-al-rezago-educativo\/\">Subsecretar\u00eda de Interculturalidad y Atenci\u00f3n al Rezago Educativo<\/a><\/li>\n<li class=\"page_item page-item-875\"><a href=\"https:\/\/www.oaxaca.gob.mx\/sep\/subsecretaria-de-planeacion-para-la-educacion-media-superior-y-superior\/\">Subsecretar\u00eda de Planeaci\u00f3n para la Educaci\u00f3n Media Superior y Superior<\/a><\/li>\n<li class=\"page_item page-item-861\"><a href=\"https:\/\/www.oaxaca.gob.mx\/sep\/subsecretaria-de-politicas-transversales\/\">Subsecretar\u00eda de Pol\u00edticas Transversales<\/a><\/li>\n<li class=\"page_item page-item-8\"><a href=\"https:\/\/www.oaxaca.gob.mx\/sep\/titular-de-la-dependencia\/\">Titular de la Dependencia<\/a><\/li>\n<li class=\"page_item page-item-195\"><a href=\"https:\/\/www.oaxaca.gob.mx\/sep\/tramites-y-servicios\/\">Tr\u00e1mites y Servicios<\/a><\/li>\n<\/ul>\n<\/div>\n","protected":false},"excerpt":{"rendered":"","protected":false},"author":1,"featured_media":0,"parent":0,"menu_order":0,"comment_status":"closed","ping_status":"closed","template":"","meta":{"episode_type":"","audio_file":"","podmotor_file_id":"","podmotor_episode_id":"","cover_image":"","cover_image_id":"","duration":"","filesize":"","filesize_raw":"","date_recorded":"","explicit":"","block":"","itunes_episode_number":"","itunes_title":"","itunes_season_number":"","itunes_episode_type":"","footnotes":""},"categories":[],"tags":[],"class_list":["post-68","page","type-page","status-publish","hentry"],"acf":[],"publishpress_future_action":{"enabled":false,"date":"2026-04-25 21:49:05","action":"change-status","newStatus":"draft","terms":[],"taxonomy":"category","extraData":[]},"publishpress_future_workflow_manual_trigger":{"enabledWorkflows":[]},"_links":{"self":[{"href":"https:\/\/www.oaxaca.gob.mx\/sep\/wp-json\/wp\/v2\/pages\/68","targetHints":{"allow":["GET"]}}],"collection":[{"href":"https:\/\/www.oaxaca.gob.mx\/sep\/wp-json\/wp\/v2\/pages"}],"about":[{"href":"https:\/\/www.oaxaca.gob.mx\/sep\/wp-json\/wp\/v2\/types\/page"}],"author":[{"embeddable":true,"href":"https:\/\/www.oaxaca.gob.mx\/sep\/wp-json\/wp\/v2\/users\/1"}],"replies":[{"embeddable":true,"href":"https:\/\/www.oaxaca.gob.mx\/sep\/wp-json\/wp\/v2\/comments?post=68"}],"version-history":[{"count":2,"href":"https:\/\/www.oaxaca.gob.mx\/sep\/wp-json\/wp\/v2\/pages\/68\/revisions"}],"predecessor-version":[{"id":70,"href":"https:\/\/www.oaxaca.gob.mx\/sep\/wp-json\/wp\/v2\/pages\/68\/revisions\/70"}],"wp:attachment":[{"href":"https:\/\/www.oaxaca.gob.mx\/sep\/wp-json\/wp\/v2\/media?parent=68"}],"wp:term":[{"taxonomy":"category","embeddable":true,"href":"https:\/\/www.oaxaca.gob.mx\/sep\/wp-json\/wp\/v2\/categories?post=68"},{"taxonomy":"post_tag","embeddable":true,"href":"https:\/\/www.oaxaca.gob.mx\/sep\/wp-json\/wp\/v2\/tags?post=68"}],"curies":[{"name":"wp","href":"https:\/\/api.w.org\/{rel}","templated":true}]}}