{"id":6,"date":"2024-01-16T17:24:41","date_gmt":"2024-01-16T16:24:41","guid":{"rendered":"https:\/\/www.oaxaca.gob.mx\/sep\/?page_id=6"},"modified":"2024-01-16T17:24:41","modified_gmt":"2024-01-16T16:24:41","slug":"funciones","status":"publish","type":"page","link":"https:\/\/www.oaxaca.gob.mx\/sep\/funciones\/","title":{"rendered":"Funciones"},"content":{"rendered":"<ol>\n<li>Proponer, planear y definir la pol\u00edtica educativa estatal y emitir las directrices necesarias para su aplicaci\u00f3n, en coordinaci\u00f3n con las autoridades en materia educativa y con apego a lo dispuesto en la Constituci\u00f3n federal, las leyes federales, los tratados internacionales en materia de derechos humanos, la Constituci\u00f3n local, la legislaci\u00f3n estatal, decretos, reglamentos y dem\u00e1s disposiciones aplicables en materia educativa;<\/li>\n<li>Promover acciones para que la pol\u00edtica educativa estatal contribuya a garantizar el desarrollo arm\u00f3nico de todas las facultades del ser humano y fomentar en las personas el amor a la patria, la conciencia de la solidaridad internacional, la independencia, la libertad, la justicia, la interculturalidad, el respeto a los valores tradicionales de cada etnia, regi\u00f3n y en general del Estado, as\u00ed como el cumplimiento de los fines y objetivos de la educaci\u00f3n en la entidad;<\/li>\n<\/ol>\n<p><strong>lll.<\/strong> Vigilar y garantizar que la educaci\u00f3n en el Estado sea universal e inclusiva, con la finalidad de. evitar toda forma de discriminaci\u00f3n, exclusi\u00f3n o condicionamiento estructural que se conviertan en barreras al aprendizaje y\/o a la participaci\u00f3n;<\/p>\n<ol>\n<li>Proponer y fomentar la impartici\u00f3n de conocimientos aplicables a la transformaci\u00f3n pol\u00edtica, social y econ\u00f3mica para beneficio de la poblaci\u00f3n oaxaque\u00f1a;<\/li>\n<li>Promover pol\u00edticas p\u00fablicas para garantizar la gratuidad, laicidad y libertad de creencias, alentando el fortalecimiento y la difusi\u00f3n de la diversidad cultural;<\/li>\n<li>Contribuir al desarrollo de la ciencia, la tecnolog\u00eda y la innovaci\u00f3n, en coordinaci\u00f3n con las autoridades educativas de la materia y las dem\u00e1s que integren la Administraci\u00f3n P\u00fablica del Estado;<\/li>\n<\/ol>\n<p>VII. Coadyuvar con las autoridades en materia educativa, a garantizar que la educaci\u00f3n que impartan los particulares, cumpla con los fines, criterios y registro de validez oficial, seg\u00fan corresponda;<\/p>\n<p><strong>Vlll.<\/strong> Dar seguimiento al cumplimiento de los principios, acuerdos y lineamientos, as\u00ed como de los planes y programas de estudio aplicables-al sistema educativo estatal, en los tipos y modalidades que lo conforman, en coordinaci\u00f3n con la Federaci\u00f3n y con las autoridades estatales en materia educativa, de conformidad con la legislaci\u00f3n de la materia;<\/p>\n<ol>\n<li>Contribuir al desarrollo y fortalecimiento de los procesos que tengan por objeto recabar la opini\u00f3n de los diversos sectores sociales involucrados en la educaci\u00f3n, respecto a los planes y programas de estudio de: los distintos tipos y modalidades, en coordinaci\u00f3n con las autoridades educativas y en los t\u00e9rminos de la legislaci\u00f3n de la materia; cumplimiento y seguimiento de las atribuciones conferidas al Ejecutivo del Estado en la Constituci\u00f3n federal, la Constituci\u00f3n local y la legislaci\u00f3n de la materia;<\/li>\n<li>Establecer un marco de colaboraci\u00f3n y acciones de vinculaci\u00f3n efectivas para el cumplimiento y seguimiento de las atribuciones conferidas al Ejecutivo del Estado en la Constituci\u00f3n federal, la Constituci\u00f3n local y la legislaci\u00f3n de la materia;<\/li>\n<li>Proponer y celebrar convenios y acuerdos con la Federaci\u00f3n, las Entidades federativas y los Municipios; as\u00ed como realizar gestiones ante las instancias competentes para. contribuir a mejorar los servicios educativos en el Estado de Oaxaca y la operaci\u00f3n del sistema educativo estatal, conforme a la legislaci\u00f3n de la materia;<\/li>\n<\/ol>\n<p><strong>XII.<\/strong> Promover la incorporaci\u00f3n del principio de interculturalidad en los contenidos regionales que hayan de incluirse en los planes y programas de estudio, en coordinaci\u00f3n con las instancias correspondientes y de conformidad con la legislaci\u00f3n de la materia;<\/p>\n<p><strong>XIII.<\/strong> Impulsar acciones y eventos que tiendan al fortalecimiento de la educaci\u00f3n en el Estado y al respeto, preservaci\u00f3n y desarrollo de las culturas de los pueblos y comunidades ind\u00edgenas y afromexicanas;<\/p>\n<p><strong>XIV.<\/strong> Emitir recomendaciones para optimizar la vigencia de los principios de la educaci\u00f3n que imparta en el Estado;<\/p>\n<ol>\n<li>Impulsar las acciones necesarias para incrementar la eficacia y el fortalecimiento del sistema educativo estatal; y<\/li>\n<\/ol>\n<p><strong>XVI.<\/strong> Las dem\u00e1s que prevea la Constituci\u00f3n federal, los tratados internaciones en materia de derechos humanos, las leyes federales, la constituci\u00f3n local, la presente Ley y dem\u00e1s leyes locales, decretos y las disposiciones aplicables.<\/p>\n","protected":false},"excerpt":{"rendered":"<p>Proponer, planear y definir la pol\u00edtica educativa estatal y emitir las directrices necesarias para su aplicaci\u00f3n, en coordinaci\u00f3n con las autoridades en materia educativa y con apego a lo dispuesto en la Constituci\u00f3n federal, las leyes federales, los tratados internacionales en materia de derechos humanos, la Constituci\u00f3n local, la legislaci\u00f3n estatal, decretos, reglamentos y dem\u00e1s [&hellip;]<\/p>\n","protected":false},"author":1,"featured_media":0,"parent":0,"menu_order":0,"comment_status":"closed","ping_status":"closed","template":"","meta":{"episode_type":"","audio_file":"","podmotor_file_id":"","podmotor_episode_id":"","cover_image":"","cover_image_id":"","duration":"","filesize":"","filesize_raw":"","date_recorded":"","explicit":"","block":"","itunes_episode_number":"","itunes_title":"","itunes_season_number":"","itunes_episode_type":"","footnotes":""},"categories":[],"tags":[],"class_list":["post-6","page","type-page","status-publish","hentry"],"acf":[],"publishpress_future_action":{"enabled":false,"date":"2026-04-25 23:51:32","action":"change-status","newStatus":"draft","terms":[],"taxonomy":"category","extraData":[]},"publishpress_future_workflow_manual_trigger":{"enabledWorkflows":[]},"_links":{"self":[{"href":"https:\/\/www.oaxaca.gob.mx\/sep\/wp-json\/wp\/v2\/pages\/6","targetHints":{"allow":["GET"]}}],"collection":[{"href":"https:\/\/www.oaxaca.gob.mx\/sep\/wp-json\/wp\/v2\/pages"}],"about":[{"href":"https:\/\/www.oaxaca.gob.mx\/sep\/wp-json\/wp\/v2\/types\/page"}],"author":[{"embeddable":true,"href":"https:\/\/www.oaxaca.gob.mx\/sep\/wp-json\/wp\/v2\/users\/1"}],"replies":[{"embeddable":true,"href":"https:\/\/www.oaxaca.gob.mx\/sep\/wp-json\/wp\/v2\/comments?post=6"}],"version-history":[{"count":1,"href":"https:\/\/www.oaxaca.gob.mx\/sep\/wp-json\/wp\/v2\/pages\/6\/revisions"}],"predecessor-version":[{"id":7,"href":"https:\/\/www.oaxaca.gob.mx\/sep\/wp-json\/wp\/v2\/pages\/6\/revisions\/7"}],"wp:attachment":[{"href":"https:\/\/www.oaxaca.gob.mx\/sep\/wp-json\/wp\/v2\/media?parent=6"}],"wp:term":[{"taxonomy":"category","embeddable":true,"href":"https:\/\/www.oaxaca.gob.mx\/sep\/wp-json\/wp\/v2\/categories?post=6"},{"taxonomy":"post_tag","embeddable":true,"href":"https:\/\/www.oaxaca.gob.mx\/sep\/wp-json\/wp\/v2\/tags?post=6"}],"curies":[{"name":"wp","href":"https:\/\/api.w.org\/{rel}","templated":true}]}}