{"id":4,"date":"2024-01-16T17:19:56","date_gmt":"2024-01-16T16:19:56","guid":{"rendered":"https:\/\/www.oaxaca.gob.mx\/sep\/?page_id=4"},"modified":"2025-12-22T12:31:51","modified_gmt":"2025-12-22T18:31:51","slug":"mision-vision-y-objetivos","status":"publish","type":"page","link":"https:\/\/www.oaxaca.gob.mx\/sep\/mision-vision-y-objetivos\/","title":{"rendered":"Misi\u00f3n, Visi\u00f3n y Objetivos"},"content":{"rendered":"<p><strong>MISI\u00d3N: <\/strong><\/p>\n<p>Garantizar la impartici\u00f3n y acceso a una educaci\u00f3n p\u00fablica de calidad, que promueva principios de interculturalidad y el desarrollo integral del ser humano, a trav\u00e9s del fortalecimiento de la formaci\u00f3n y pr\u00e1ctica docente, con base en la solidaridad, la inclusi\u00f3n, el respeto a los valores c\u00edvicos y \u00e9tnicos para lograr el bienestar de la poblaci\u00f3n Oaxaque\u00f1a.<\/p>\n<p><strong>VISI\u00d3N:<\/strong><\/p>\n<p>Promover, planear y definir pol\u00edticas p\u00fablicas educativas con base humanista, para formar mejores ciudadanas y ciudadanos, garantizando en todo momento la gratuidad, laicidad, libertad de creencias, y priorizar la educaci\u00f3n en el estado como una base para el desarrollo.<\/p>\n<p><strong>OBJETIVO GENERAL:<\/strong><\/p>\n<p>Aplicar los lineamientos de la pol\u00edtica educativa inherente con la norma y reglamentos tanto Federal como Estatal, para una educaci\u00f3n de acorde a los tiempos y necesidades propias del Estado.<\/p>\n<p><strong>OBJETIVO ESTRAT\u00c9GICO:<\/strong><\/p>\n<p>Crear, planear, difundir, y aplicar los lineamientos para una educaci\u00f3n de calidad, humanista e inclusiva, para las y los Oaxaque\u00f1os, sin importar raza, g\u00e9nero o condici\u00f3n social.<\/p>\n","protected":false},"excerpt":{"rendered":"<p>MISI\u00d3N: Garantizar la impartici\u00f3n y acceso a una educaci\u00f3n p\u00fablica de calidad, que promueva principios de interculturalidad y el desarrollo integral del ser humano, a trav\u00e9s del fortalecimiento de la formaci\u00f3n y pr\u00e1ctica docente, con base en la solidaridad, la inclusi\u00f3n, el respeto a los valores c\u00edvicos y \u00e9tnicos para lograr el bienestar de la [&hellip;]<\/p>\n","protected":false},"author":1,"featured_media":0,"parent":0,"menu_order":0,"comment_status":"closed","ping_status":"closed","template":"","meta":{"episode_type":"","audio_file":"","podmotor_file_id":"","podmotor_episode_id":"","cover_image":"","cover_image_id":"","duration":"","filesize":"","filesize_raw":"","date_recorded":"","explicit":"","block":"","itunes_episode_number":"","itunes_title":"","itunes_season_number":"","itunes_episode_type":"","footnotes":""},"categories":[],"tags":[],"class_list":["post-4","page","type-page","status-publish","hentry"],"acf":[],"publishpress_future_action":{"enabled":false,"date":"2026-04-25 23:51:11","action":"change-status","newStatus":"draft","terms":[],"taxonomy":"category","extraData":[]},"publishpress_future_workflow_manual_trigger":{"enabledWorkflows":[]},"_links":{"self":[{"href":"https:\/\/www.oaxaca.gob.mx\/sep\/wp-json\/wp\/v2\/pages\/4","targetHints":{"allow":["GET"]}}],"collection":[{"href":"https:\/\/www.oaxaca.gob.mx\/sep\/wp-json\/wp\/v2\/pages"}],"about":[{"href":"https:\/\/www.oaxaca.gob.mx\/sep\/wp-json\/wp\/v2\/types\/page"}],"author":[{"embeddable":true,"href":"https:\/\/www.oaxaca.gob.mx\/sep\/wp-json\/wp\/v2\/users\/1"}],"replies":[{"embeddable":true,"href":"https:\/\/www.oaxaca.gob.mx\/sep\/wp-json\/wp\/v2\/comments?post=4"}],"version-history":[{"count":3,"href":"https:\/\/www.oaxaca.gob.mx\/sep\/wp-json\/wp\/v2\/pages\/4\/revisions"}],"predecessor-version":[{"id":516,"href":"https:\/\/www.oaxaca.gob.mx\/sep\/wp-json\/wp\/v2\/pages\/4\/revisions\/516"}],"wp:attachment":[{"href":"https:\/\/www.oaxaca.gob.mx\/sep\/wp-json\/wp\/v2\/media?parent=4"}],"wp:term":[{"taxonomy":"category","embeddable":true,"href":"https:\/\/www.oaxaca.gob.mx\/sep\/wp-json\/wp\/v2\/categories?post=4"},{"taxonomy":"post_tag","embeddable":true,"href":"https:\/\/www.oaxaca.gob.mx\/sep\/wp-json\/wp\/v2\/tags?post=4"}],"curies":[{"name":"wp","href":"https:\/\/api.w.org\/{rel}","templated":true}]}}