{"id":387,"date":"2024-04-29T19:19:36","date_gmt":"2024-04-29T17:19:36","guid":{"rendered":"https:\/\/www.oaxaca.gob.mx\/sep\/?page_id=387"},"modified":"2025-11-21T14:34:21","modified_gmt":"2025-11-21T20:34:21","slug":"centros-de-asesoria-de-preparatoria-abierta","status":"publish","type":"page","link":"https:\/\/www.oaxaca.gob.mx\/sep\/centros-de-asesoria-de-preparatoria-abierta\/","title":{"rendered":"CENTROS DE ASESOR\u00cdA DE PREPARATORIA ABIERTA"},"content":{"rendered":"<p>Se considera como Centro de Asesor\u00eda a la persona f\u00edsica o moral que realiza la Gestor\u00eda de Tr\u00e1mites y proporciona asesor\u00eda acad\u00e9mica de Preparatoria Abierta al p\u00fablico en general y cuenta con un registro de autorizaci\u00f3n.<\/p>\n<p>Los Centros de Asesor\u00eda podr\u00e1n hacer la solicitud de los siguientes tr\u00e1mites y servicios, siempre y cuando, los estudiantes presenten los requisitos establecidos en las Normas de Registro y Control para el servicio educativo de Preparatoria Abierta:<\/p>\n<ul>\n<li>1.- Inscripci\u00f3n.<\/li>\n<li>2.- Solicitud de ex\u00e1menes.<\/li>\n<li>3.- Reposici\u00f3n de credencial.<\/li>\n<li>4.- Cambio de \u00c1rea.<\/li>\n<li>5.- Correcci\u00f3n de nombre.<\/li>\n<li>6.- Correcci\u00f3n de matr\u00edcula.<\/li>\n<li>7.- Actualizaci\u00f3n de historial acad\u00e9mico.<\/li>\n<li>8.- Renuncia de calificaciones.<\/li>\n<li>9.- Solicitud de constancias de estudios.<\/li>\n<\/ul>\n<p>&nbsp;<\/p>\n<p>Los Centros de Asesor\u00eda se comprometen a:<\/p>\n<p>&nbsp;<\/p>\n<p>&nbsp;<\/p>\n<ul>\n<li>1.- Orientarte para el manejo del material did\u00e1ctico de Preparatoria Abierta.<\/li>\n<li>2.- Entregarte oportunamente los documentos autorizados de los tr\u00e1mites solicitados.<\/li>\n<li>3.- Proporcionarte asesor\u00eda acad\u00e9mica para el aprendizaje de Preparatoria Abierta del Plan de Estudios Modular y por Asignaturas.<\/li>\n<li>4.- Realizar oportunamente en la oficina de Preparatoria Abierta la gestor\u00eda de tr\u00e1mites.<\/li>\n<\/ul>\n<p>&nbsp;<\/p>\n<h4><strong>Informaci\u00f3n importante<\/strong><\/h4>\n<p>&nbsp;<\/p>\n<p>Los servicios que ofrece el Centro de Asesor\u00eda Particular tendr\u00e1n un costo establecido por ellos mismos, sin intervenci\u00f3n alguna de la Secretar\u00eda de Educaci\u00f3n P\u00fablica en este aspecto.<\/p>\n<p>Ning\u00fan Centro de Asesor\u00eda est\u00e1 facultado para expedir documentos debido a que la inscripci\u00f3n, acreditaci\u00f3n y certificaci\u00f3n son competencia exclusiva de la Coordinaci\u00f3n General de Educaci\u00f3n Media Superior y Superior, Ciencia y Tecnolog\u00eda.<\/p>\n<p>No est\u00e1 permitida la retenci\u00f3n de documentos originales de los estudiantes, por lo que, si deciden darse de baja de un Centro de Asesor\u00eda podr\u00e1n tener acceso a los servicios antes mencionados en cualquier otro o si lo prefieren pueden acudir a las oficinas de Preparatoria Abierta.<\/p>\n<p>&nbsp;<\/p>\n<p>&nbsp;<\/p>\n<h3 style=\"text-align: center\"><strong>CENTROS DE ASESOR\u00cdA AUTORIZADOS<\/strong><\/h3>\n<p>&nbsp;<\/p>\n<a href=\"https:\/\/www.oaxaca.gob.mx\/sep\/wp-content\/uploads\/sites\/97\/2025\/11\/CENTROS-DE-ASESORIA-DE-PREPARATORIA-ABIERTA.pdf\" class=\"pdfemb-viewer\" style=\"\" data-width=\"max\" data-height=\"max\" data-toolbar=\"top\" data-toolbar-fixed=\"on\">CENTROS DE ASESOR\u00cdA DE PREPARATORIA ABIERTA<\/a>\n","protected":false},"excerpt":{"rendered":"<p>Se considera como Centro de Asesor\u00eda a la persona f\u00edsica o moral que realiza la Gestor\u00eda de Tr\u00e1mites y proporciona asesor\u00eda acad\u00e9mica de Preparatoria Abierta al p\u00fablico en general y cuenta con un registro de autorizaci\u00f3n. Los Centros de Asesor\u00eda podr\u00e1n hacer la solicitud de los siguientes tr\u00e1mites y servicios, siempre y cuando, los estudiantes [&hellip;]<\/p>\n","protected":false},"author":1,"featured_media":0,"parent":0,"menu_order":0,"comment_status":"closed","ping_status":"closed","template":"","meta":{"episode_type":"","audio_file":"","podmotor_file_id":"","podmotor_episode_id":"","cover_image":"","cover_image_id":"","duration":"","filesize":"","filesize_raw":"","date_recorded":"","explicit":"","block":"","itunes_episode_number":"","itunes_title":"","itunes_season_number":"","itunes_episode_type":"","footnotes":""},"categories":[],"tags":[],"class_list":["post-387","page","type-page","status-publish","hentry"],"acf":[],"publishpress_future_action":{"enabled":false,"date":"2026-04-26 00:07:12","action":"change-status","newStatus":"draft","terms":[],"taxonomy":"category","extraData":[]},"publishpress_future_workflow_manual_trigger":{"enabledWorkflows":[]},"_links":{"self":[{"href":"https:\/\/www.oaxaca.gob.mx\/sep\/wp-json\/wp\/v2\/pages\/387","targetHints":{"allow":["GET"]}}],"collection":[{"href":"https:\/\/www.oaxaca.gob.mx\/sep\/wp-json\/wp\/v2\/pages"}],"about":[{"href":"https:\/\/www.oaxaca.gob.mx\/sep\/wp-json\/wp\/v2\/types\/page"}],"author":[{"embeddable":true,"href":"https:\/\/www.oaxaca.gob.mx\/sep\/wp-json\/wp\/v2\/users\/1"}],"replies":[{"embeddable":true,"href":"https:\/\/www.oaxaca.gob.mx\/sep\/wp-json\/wp\/v2\/comments?post=387"}],"version-history":[{"count":2,"href":"https:\/\/www.oaxaca.gob.mx\/sep\/wp-json\/wp\/v2\/pages\/387\/revisions"}],"predecessor-version":[{"id":1667,"href":"https:\/\/www.oaxaca.gob.mx\/sep\/wp-json\/wp\/v2\/pages\/387\/revisions\/1667"}],"wp:attachment":[{"href":"https:\/\/www.oaxaca.gob.mx\/sep\/wp-json\/wp\/v2\/media?parent=387"}],"wp:term":[{"taxonomy":"category","embeddable":true,"href":"https:\/\/www.oaxaca.gob.mx\/sep\/wp-json\/wp\/v2\/categories?post=387"},{"taxonomy":"post_tag","embeddable":true,"href":"https:\/\/www.oaxaca.gob.mx\/sep\/wp-json\/wp\/v2\/tags?post=387"}],"curies":[{"name":"wp","href":"https:\/\/api.w.org\/{rel}","templated":true}]}}