{"id":202,"date":"2024-04-19T23:07:34","date_gmt":"2024-04-19T21:07:34","guid":{"rendered":"https:\/\/www.oaxaca.gob.mx\/sep\/?page_id=202"},"modified":"2024-04-19T23:07:34","modified_gmt":"2024-04-19T21:07:34","slug":"quejas-instituciones-particulares-con-rvoe","status":"publish","type":"page","link":"https:\/\/www.oaxaca.gob.mx\/sep\/quejas-instituciones-particulares-con-rvoe\/","title":{"rendered":"Quejas Instituciones particulares con RVOE"},"content":{"rendered":"<h2 style=\"text-align: center\">AVISO<\/h2>\n<p><strong>\u00a0<\/strong><\/p>\n<p>Derivado de las quejas por presuntas anomal\u00edas a los servicios educativos que brindan los particulares del tipo superior, esta Coordinaci\u00f3n General de Educaci\u00f3n Media Superior y Superior, Ciencia y Tecnolog\u00eda (CGEMSySCyT), pone a su disposici\u00f3n los medios oficiales por los cuales se puede verificar si las instituciones particulares cuentan con Reconocimiento de Validez Oficial de Estudios (RVOE), mismos que puede ser consultados en las siguientes ligas:<\/p>\n<p>&nbsp;<\/p>\n<p>&nbsp;<\/p>\n<p>&nbsp;<\/p>\n<ol>\n<li>\n<h5><strong>Reconocimiento de validez oficial de estudios del tipo medio superior y formaci\u00f3n para el trabajo:<\/strong><\/h5>\n<\/li>\n<\/ol>\n<h5>\u00a0 \u00a0 \u00a0 \u00a0 \u00a0 \u00a0 \u00a0 \u00a0 \u00a0 \u00a0 \u00a0 \u00a0 <strong>\u00a0LINK:<\/strong> <a style=\"font-size: 16px\" href=\"https:\/\/sirvoems.sep.gob.mx\/sirvoems\/RedirectCustomCNT?method=index\">https:\/\/sirvoems.sep.gob.mx\/sirvoems\/RedirectCustomCNT?method=index<\/a><\/h5>\n<h5><\/h5>\n<p>&nbsp;<\/p>\n<p>&nbsp;<\/p>\n<ol start=\"2\">\n<li>\n<h5><strong>Reconocimientos de validez oficial de estudios del tipo superior: <\/strong><\/h5>\n<\/li>\n<\/ol>\n<h5>\u00a0 \u00a0 \u00a0 \u00a0 \u00a0 \u00a0 \u00a0 \u00a0 \u00a0 \u00a0 \u00a0 \u00a0 \u00a0<strong> LINK:<\/strong>\u00a0 <a href=\"https:\/\/sirvoes.sep.gob.mx\/sirvoes\/mvc\/consultas\">https:\/\/sirvoes.sep.gob.mx\/sirvoes\/mvc\/consultas<\/a><\/h5>\n<h5><\/h5>\n<p>&nbsp;<\/p>\n<p>&nbsp;<\/p>\n<p>&nbsp;<\/p>\n<p>Es importante mencionar que, La Ley General de Educaci\u00f3n no establece prohibici\u00f3n expresa para las instituciones particulares de obtener el RVOE, sin embargo, los particulares que imparten estudios sin RVOE, tienen la obligaci\u00f3n de mencionar en toda su publicidad que hagan y documentaci\u00f3n que emitan su calidad de no incorporados, para evitar enga\u00f1os a los estudiantes.\u00a0El incumplimiento de esta disposici\u00f3n puede derivar en la imposici\u00f3n de las sanciones previstas en el Art\u00edculo 170 de la Ley en la materia.<\/p>\n<p>&nbsp;<\/p>\n<p>En ese sentido y de acuerdo a las facultades que confiere el Reglamento Interno de la CGEMSySCyT, esta autoridad educativa practica la supervisi\u00f3n a instituciones educativas del nivel medio superior y superior, e impone sanciones a los prestadores de servicios educativos por incumplimiento a cualquiera de las obligaciones previstas en la Ley de Educaci\u00f3n para el Estado Libre y Soberano de Oaxaca y dem\u00e1s normativa aplicable, como lo es, ostentarse como prestador de servicios educativos con RVOE, sin estarlo.<\/p>\n<p>&nbsp;<\/p>\n<p>Por lo anterior, en los casos en que los estudiantes acrediten que fueron objeto de un enga\u00f1o, la Autoridad Educativa toma medidas, dentro del marco legal, para que resulten lo menos afectados en su trayectoria acad\u00e9mica. Sin embargo, si los estudiantes ten\u00edan conocimiento desde un principio que los estudios que cursaban carec\u00edan de validez oficial y la instituci\u00f3n educativa cumpli\u00f3 con mencionar en su publicidad y documentaci\u00f3n su calidad de \u201cestudios no incorporados\u201d, queda bajo su estricta responsabilidad.<\/p>\n<p>&nbsp;<\/p>\n<p>Por lo que, si tienes alguna queja de alguna instituci\u00f3n particular es preciso realizar la consulta en las ligas que se mencionan anteriormente; si el RVOE es del tipo federal, en la siguiente liga podr\u00e1s encontrar los correos a quien dirigir la queja y los requisitos de la misma: <a href=\"https:\/\/www.sep.gob.mx\/wb\/sep1\/Contacto_DGAIR\">https:\/\/www.sep.gob.mx\/wb\/sep1\/Contacto_DGAIR<\/a>, <a href=\"https:\/\/www.gob.mx\/sep\/acciones-y-programas\/atencion-de-quejas-o-denuncias-por-parte-de-los-usuarios-de-servicios-educativos-38481\">https:\/\/www.gob.mx\/sep\/acciones-y-programas\/atencion-de-quejas-o-denuncias-por-parte-de-los-usuarios-de-servicios-educativos-38481<\/a>, en caso de que la instituci\u00f3n cuente con\u00a0 RVOE estatal, tu queja podr\u00e1 ser atendida de manera presencial con el Mtro. Oscar Gonz\u00e1lez V\u00e1squez, Jefe de la Unidad Jur\u00eddica de la CGEMSySCyT, \u00a0o bien a los siguientes correos electr\u00f3nicos: <a href=\"mailto:alcide.garcia@oaxaca.gob.mx\">alcide.garcia@oaxaca.gob.mx<\/a>, <a href=\"mailto:abel.guzman@oaxaca.gob.mx\">abel.guzman@oaxaca.gob.mx<\/a>, <a href=\"mailto:miguel.alvarez@oaxaca.gob.mx\">miguel.alvarez@oaxaca.gob.mx<\/a>, <a href=\"mailto:blanca.figueroa@oaxaca.gob.mx\">blanca.figueroa@oaxaca.gob.mx<\/a><\/p>\n<p>&nbsp;<\/p>\n<p>&nbsp;<\/p>\n","protected":false},"excerpt":{"rendered":"<p>AVISO \u00a0 Derivado de las quejas por presuntas anomal\u00edas a los servicios educativos que brindan los particulares del tipo superior, esta Coordinaci\u00f3n General de Educaci\u00f3n Media Superior y Superior, Ciencia y Tecnolog\u00eda (CGEMSySCyT), pone a su disposici\u00f3n los medios oficiales por los cuales se puede verificar si las instituciones particulares cuentan con Reconocimiento de Validez [&hellip;]<\/p>\n","protected":false},"author":1,"featured_media":0,"parent":0,"menu_order":0,"comment_status":"closed","ping_status":"closed","template":"","meta":{"episode_type":"","audio_file":"","podmotor_file_id":"","podmotor_episode_id":"","cover_image":"","cover_image_id":"","duration":"","filesize":"","filesize_raw":"","date_recorded":"","explicit":"","block":"","itunes_episode_number":"","itunes_title":"","itunes_season_number":"","itunes_episode_type":"","footnotes":""},"categories":[],"tags":[],"class_list":["post-202","page","type-page","status-publish","hentry"],"acf":[],"publishpress_future_action":{"enabled":false,"date":"2026-04-25 23:52:37","action":"change-status","newStatus":"draft","terms":[],"taxonomy":"category","extraData":[]},"publishpress_future_workflow_manual_trigger":{"enabledWorkflows":[]},"_links":{"self":[{"href":"https:\/\/www.oaxaca.gob.mx\/sep\/wp-json\/wp\/v2\/pages\/202","targetHints":{"allow":["GET"]}}],"collection":[{"href":"https:\/\/www.oaxaca.gob.mx\/sep\/wp-json\/wp\/v2\/pages"}],"about":[{"href":"https:\/\/www.oaxaca.gob.mx\/sep\/wp-json\/wp\/v2\/types\/page"}],"author":[{"embeddable":true,"href":"https:\/\/www.oaxaca.gob.mx\/sep\/wp-json\/wp\/v2\/users\/1"}],"replies":[{"embeddable":true,"href":"https:\/\/www.oaxaca.gob.mx\/sep\/wp-json\/wp\/v2\/comments?post=202"}],"version-history":[{"count":1,"href":"https:\/\/www.oaxaca.gob.mx\/sep\/wp-json\/wp\/v2\/pages\/202\/revisions"}],"predecessor-version":[{"id":203,"href":"https:\/\/www.oaxaca.gob.mx\/sep\/wp-json\/wp\/v2\/pages\/202\/revisions\/203"}],"wp:attachment":[{"href":"https:\/\/www.oaxaca.gob.mx\/sep\/wp-json\/wp\/v2\/media?parent=202"}],"wp:term":[{"taxonomy":"category","embeddable":true,"href":"https:\/\/www.oaxaca.gob.mx\/sep\/wp-json\/wp\/v2\/categories?post=202"},{"taxonomy":"post_tag","embeddable":true,"href":"https:\/\/www.oaxaca.gob.mx\/sep\/wp-json\/wp\/v2\/tags?post=202"}],"curies":[{"name":"wp","href":"https:\/\/api.w.org\/{rel}","templated":true}]}}