{"id":200,"date":"2024-04-19T23:07:08","date_gmt":"2024-04-19T21:07:08","guid":{"rendered":"https:\/\/www.oaxaca.gob.mx\/sep\/?page_id=200"},"modified":"2026-02-24T10:29:02","modified_gmt":"2026-02-24T16:29:02","slug":"preparatoria-abierta","status":"publish","type":"page","link":"https:\/\/www.oaxaca.gob.mx\/sep\/preparatoria-abierta\/","title":{"rendered":"Preparatoria Abierta"},"content":{"rendered":"<h3 style=\"text-align: center\"><div class='white' style='background:rgba(0,0,0,0); border:solid 0px rgba(0,0,0,0); border-radius:0px; padding:0px 0px 0px 0px;'>\n<div id='slider_1329' class='owl-carousel sa_owl_theme owl-pagination-true autohide-arrows' data-slider-id='slider_1329' style='visibility:hidden;'>\n<div id='slider_1329_slide01' class='sa_hover_container' style='padding:5% 5%; margin:0px 0%; background-image:url(&quot;https:\/\/www.oaxaca.gob.mx\/sep\/wp-content\/uploads\/sites\/97\/2025\/07\/Carrusel_SIGED-scaled.jpg&quot;); background-position:left top; background-size:contain; background-repeat:no-repeat; '><div class='sa_hover_buttons' style='top:50%; left:50%; margin-top:-20px; margin-left:-20px;'><div class='sa_popup_zoom_icon' onClick='open_lightbox_gallery_slider_1329(1);'><\/div><\/div>\n<p>Slide content<\/p><\/div>\n<div id='slider_1329_slide02' class='sa_hover_container' style='padding:5% 5%; margin:0px 0%; background-image:url(&quot;https:\/\/www.oaxaca.gob.mx\/sep\/wp-content\/uploads\/sites\/97\/2025\/07\/Carrusel_RVOE-scaled.jpg&quot;); background-position:left top; background-size:contain; background-repeat:no-repeat; '><div class='sa_hover_buttons' style='top:50%; left:50%; margin-top:-20px; margin-left:-20px;'><div class='sa_popup_zoom_icon' onClick='open_lightbox_gallery_slider_1329(2);'><\/div><\/div>\n<p>Slide content<\/p><\/div>\n<\/div>\n<\/div>\n<div id='lightgallery_slider_1329' style='display:none !important;'>\n<div class='lg_item' id='lightgallery_slider_1329_2' href='https:\/\/www.oaxaca.gob.mx\/sep\/wp-content\/uploads\/sites\/97\/2025\/07\/Avisos_SIGED-scaled.jpg'>slide2<\/div>\n<div class='lg_item' id='lightgallery_slider_1329_3' href='https:\/\/www.oaxaca.gob.mx\/sep\/wp-content\/uploads\/sites\/97\/2025\/07\/Avisos_RVOE-scaled.jpg'>slide3<\/div>\n<\/div>\n<script type='text\/javascript'>\n\tjQuery(document).ready(function() {\n\t\tjQuery('#slider_1329').owlCarousel({\n\t\t\titems : 1,\n\t\t\tsmartSpeed : 200,\n\t\t\tautoplay : true,\n\t\t\tautoplayTimeout : 5000,\n\t\t\tautoplayHoverPause : true,\n\t\t\tsmartSpeed : 200,\n\t\t\tfluidSpeed : 200,\n\t\t\tautoplaySpeed : 200,\n\t\t\tnavSpeed : 200,\n\t\t\tdotsSpeed : 200,\n\t\t\tloop : true,\n\t\t\tnav : true,\n\t\t\tnavText : ['Previous','Next'],\n\t\t\tdots : true,\n\t\t\tresponsiveRefreshRate : 200,\n\t\t\tslideBy : 1,\n\t\t\tmergeFit : true,\n\t\t\tautoHeight : false,\n\t\t\tmouseDrag : false,\n\t\t\ttouchDrag : true\n\t\t});\n\t\tjQuery('#slider_1329').css('visibility', 'visible');\n\t\tsa_resize_slider_1329();\n\t\twindow.addEventListener('resize', sa_resize_slider_1329);\n\t\tfunction sa_resize_slider_1329() {\n\t\t\tvar min_height = '50';\n\t\t\tvar win_width = jQuery(window).width();\n\t\t\tvar slider_width = jQuery('#slider_1329').width();\n\t\t\tif (win_width < 480) {\n\t\t\t\tvar slide_width = slider_width \/ 1;\n\t\t\t} else if (win_width < 768) {\n\t\t\t\tvar slide_width = slider_width \/ 1;\n\t\t\t} else if (win_width < 980) {\n\t\t\t\tvar slide_width = slider_width \/ 1;\n\t\t\t} else if (win_width < 1200) {\n\t\t\t\tvar slide_width = slider_width \/ 1;\n\t\t\t} else if (win_width < 1500) {\n\t\t\t\tvar slide_width = slider_width \/ 1;\n\t\t\t} else {\n\t\t\t\tvar slide_width = slider_width \/ 1;\n\t\t\t}\n\t\t\tslide_width = Math.round(slide_width);\n\t\t\tvar slide_height = '0';\n\t\t\tif (min_height == 'aspect43') {\n\t\t\t\tslide_height = (slide_width \/ 4) * 3;\t\t\t\tslide_height = Math.round(slide_height);\n\t\t\t} else if (min_height == 'aspect169') {\n\t\t\t\tslide_height = (slide_width \/ 16) * 9;\t\t\t\tslide_height = Math.round(slide_height);\n\t\t\t} else {\n\t\t\t\tslide_height = (slide_width \/ 100) * min_height;\t\t\t\tslide_height = Math.round(slide_height);\n\t\t\t}\n\t\t\tjQuery('#slider_1329 .owl-item .sa_hover_container').css('min-height', slide_height+'px');\n\t\t}\n\t\tvar owl_goto = jQuery('#slider_1329');\n\t\tjQuery('.slider_1329_goto1').click(function(event){\n\t\t\towl_goto.trigger('to.owl.carousel', 0);\n\t\t});\n\t\tjQuery('.slider_1329_goto2').click(function(event){\n\t\t\towl_goto.trigger('to.owl.carousel', 1);\n\t\t});\n\t\tvar resize_1329 = jQuery('.owl-carousel');\n\t\tresize_1329.on('initialized.owl.carousel', function(e) {\n\t\t\tif (typeof(Event) === 'function') {\n\t\t\t\twindow.dispatchEvent(new Event('resize'));\n\t\t\t} else {\n\t\t\t\tvar evt = window.document.createEvent('UIEvents');\n\t\t\t\tevt.initUIEvent('resize', true, false, window, 0);\n\t\t\t\twindow.dispatchEvent(evt);\n\t\t\t}\n\t\t});\n\t});\n<\/script>\n<script type='text\/javascript'>\njQuery(document).ready(function() {\nlightGallery(document.getElementById('lightgallery_slider_1329'), {\n\tplugins: [lgVideo, lgZoom, lgAutoplay],\n\tautoplayFirstVideo: true,\n\tselector: '.lg_item',\n\tlicenseKey: '60F5F1E7-E8034357-B387117F-3E9CE6DA'\n});\n});\nfunction open_lightbox_gallery_slider_1329(slide) {\n\tslide_num = slide + 1;\n\tvar popup_cssid = 'lightgallery_slider_1329' + '_' + slide_num;\n\tdocument.getElementById(popup_cssid).click();\n}\n<\/script>\n<a href=\"https:\/\/www.facebook.com\/people\/Preparatoria-Abierta-Oaxaca\/61573524688702\/\"><img loading=\"lazy\" decoding=\"async\" class=\"https:\/\/www.facebook.com\/people\/Preparatoria-Abierta-Oaxaca\/61573524688702\/ wp-image-1358 size-full aligncenter\" title=\"https:\/\/www.facebook.com\/people\/Preparatoria-Abierta-Oaxaca\/61573524688702\/\" src=\"https:\/\/www.oaxaca.gob.mx\/sep\/wp-content\/uploads\/sites\/97\/2025\/08\/Captura-de-pantalla-2025-08-01-151737.png\" alt=\"\" width=\"377\" height=\"89\" srcset=\"https:\/\/www.oaxaca.gob.mx\/sep\/wp-content\/uploads\/sites\/97\/2025\/08\/Captura-de-pantalla-2025-08-01-151737.png 377w, https:\/\/www.oaxaca.gob.mx\/sep\/wp-content\/uploads\/sites\/97\/2025\/08\/Captura-de-pantalla-2025-08-01-151737-300x71.png 300w\" sizes=\"auto, (max-width: 377px) 100vw, 377px\" \/><\/a><\/h3>\n<h3 style=\"text-align: center\"><strong>\u00bfQUI\u00c9NES SOMOS?<\/strong><\/h3>\n<p>&nbsp;<\/p>\n<p>La Preparatoria Abierta es un servicio educativo\u00a0 de modalidad NO ESCOLARIZADA que ofrece la Coordinaci\u00f3n General de Educaci\u00f3n Media Superior y Superior, Ciencia y Tecnolog\u00eda, para atender a quienes desean iniciar, continuar o concluir\u00a0sus estudios de educaci\u00f3n media superior, lo que\u00a0le permite al estudiante elegir tiempos y formas para acreditar el Plan de Estudios.<\/p>\n<p>&nbsp;<\/p>\n<h3 style=\"text-align: center\"><strong>VENTAJAS DE ESTUDIAR EN PREPARATORIA ABIERTA<\/strong><\/h3>\n<p>&nbsp;<\/p>\n<ul>\n<li>1.-\u00a0 \u00a0 No hay examen de admisi\u00f3n.<br \/>\n2.-\u00a0 \u00a0No se exige promedio m\u00ednimo para ingresar.<br \/>\n3.-\u00a0 \u00a0Inscripci\u00f3n gratuita y disponible todo el a\u00f1o.<br \/>\n4.-\u00a0 \u00a0Concluye tus estudios sin importar tu edad.<br \/>\n5.-\u00a0 \u00a0Convi\u00e9rtete en el o la protagonista de tu aprendizaje.<br \/>\n6.-\u00a0 \u00a0Elige tu trayectoria, lugar y horario de estudio.<br \/>\n7.-\u00a0 \u00a0Avanza a tu propio ritmo.<br \/>\n8.-\u00a0 \u00a0Decide cu\u00e1ndo presentar tus ex\u00e1menes.<br \/>\n9.-\u00a0 \u00a0Se ajusta a tu tiempo y necesidades.<br \/>\n10.- No se establecen tiempos para concluir tus estudios.<br \/>\n11.- El certificado tiene validez oficial en todo el pa\u00eds.<\/li>\n<\/ul>\n<p>&nbsp;<\/p>\n<p style=\"text-align: center\">\n<table id=\"tablepress-9\" class=\"tablepress tablepress-id-9\">\n<tbody class=\"row-striping row-hover\">\n<tr class=\"row-1\">\n\t<td class=\"column-1\">Reporte de avance de gesti\u00f3n 1 trimestre<\/td><td class=\"column-2\"><a href=\"\/sep\/wp-content\/uploads\/sites\/97\/2024\/04\/AvanceGestionT1_2020_122.pdf\" target=\"_blank\" rel=\"noopener\"><i class=\"far fa-file-pdf fa-2x\">&nbsp;<\/i><\/a><br \/>\n<\/td>\n<\/tr>\n<tr class=\"row-2\">\n\t<td class=\"column-1\">Reporte de avance de gesti\u00f3n 2 trimestre<\/td><td class=\"column-2\"><a href=\"\/sep\/wp-content\/uploads\/sites\/97\/2024\/04\/AvanceGestionT2_2020_122.pdf\" target=\"_blank\" rel=\"noopener\"><i class=\"far fa-file-pdf fa-2x\">&nbsp;<\/i><\/a><\/td>\n<\/tr>\n<tr class=\"row-3\">\n\t<td class=\"column-1\">Reporte de avance de gesti\u00f3n 3 trimestre<\/td><td class=\"column-2\"><a href=\"\/sep\/wp-content\/uploads\/sites\/97\/2024\/04\/AvanceGestionT3_2020_122.pdf\" target=\"_blank\" rel=\"noopener\"><i class=\"far fa-file-pdf fa-2x\">&nbsp;<\/i><\/a><\/td>\n<\/tr>\n<tr class=\"row-4\">\n\t<td class=\"column-1\">Reporte de avance de gesti\u00f3n 4 trimestre<\/td><td class=\"column-2\"><a href=\"\/sep\/wp-content\/uploads\/sites\/97\/2024\/04\/AvanceGestionT4_2020_122.pdf\" target=\"_blank\" rel=\"noopener\"><i class=\"far fa-file-pdf fa-2x\">&nbsp;<\/i><\/a><\/td>\n<\/tr>\n<\/tbody>\n<\/table>\n<!-- #tablepress-9 from cache -->\n<p>&nbsp;<\/p>\n<p style=\"text-align: center\">\n<table id=\"tablepress-10\" class=\"tablepress tablepress-id-10\">\n<thead>\n<tr class=\"row-1\">\n\t<th class=\"column-1\">CLAVE<\/th><th class=\"column-2\">CONCEPTO<\/th><th class=\"column-3\">No. UMA<\/th>\n<\/tr>\n<\/thead>\n<tbody class=\"row-striping row-hover\">\n<tr class=\"row-2\">\n\t<td class=\"column-1\">3JBAAF004<\/td><td class=\"column-2\">Solicitud de ex\u00e1menes ordinarios y extempor\u00e1neos del Subsistema de preparatoria abierta.<\/td><td class=\"column-3\">0.90<\/td>\n<\/tr>\n<tr class=\"row-3\">\n\t<td class=\"column-1\">3JBAAF005<\/td><td class=\"column-2\">Consulta de registro de Control Escolar de educaci\u00f3n media superior.<\/td><td class=\"column-3\">3.00<\/td>\n<\/tr>\n<tr class=\"row-4\">\n\t<td class=\"column-1\">3JBAAF012<\/td><td class=\"column-2\">Expedici\u00f3n de certificado de terminaci\u00f3n de estudios, y\/o certificado parcial y\/o duplicado de certificado de preparatoria abierta.<br \/>\r\n<\/td><td class=\"column-3\">1.00<\/td>\n<\/tr>\n<tr class=\"row-5\">\n\t<td class=\"column-1\">3JBAAF013<\/td><td class=\"column-2\">Reposici\u00f3n de credencial de preparatoria abierta.<\/td><td class=\"column-3\">1.00<\/td>\n<\/tr>\n<tr class=\"row-6\">\n\t<td class=\"column-1\">3JBAAF027<\/td><td class=\"column-2\">Expedici\u00f3n de constancias de estudios de preparatoria abierta<\/td><td class=\"column-3\">1.00<\/td>\n<\/tr>\n<\/tbody>\n<tfoot>\n<tr class=\"row-7\">\n\t<th class=\"column-1\">3JBAAF029<\/th><th class=\"column-2\">Autorizaci\u00f3n para la operaci\u00f3n de centros de asesor\u00eda particulares de preparatoria abierta.<\/th><th class=\"column-3\">20.00<\/th>\n<\/tr>\n<\/tfoot>\n<\/table>\n<!-- #tablepress-10 from cache -->\n<p>&nbsp;<\/p>\n<p>&nbsp;<\/p>\n<p style=\"text-align: center\">\n<table id=\"tablepress-24\" class=\"tablepress tablepress-id-24\">\n<thead>\n<tr class=\"row-1\">\n\t<th class=\"column-1\"><div class=\"su-button-center\"><a href=\"https:\/\/www.oaxaca.gob.mx\/sep\/calendarios-de-examenes\/\" class=\"su-button su-button-style-ghost  .button { display: inline-block; padding: 15px 25px; font-size: 24px; cursor: pointer; text-align: center; text-decoration: none; outline: none; color: #fff; background-color: #4CAF50; border: none; border-radius: 15px; box-shadow: 0 9px #999; } .button:hover {background-color: #3e8e41} .button:active { background-color: #3e8e41; box-shadow: 0 5px #666; transform: translateY(4px); } \" style=\"color:#000000;background-color:#9D2449;border-color:#7e1d3b;border-radius:56px\" target=\"_blank\" rel=\"noopener noreferrer\"><span style=\"color:#000000;padding:0px 26px;font-size:20px;line-height:40px;border-color:#bb6680;border-radius:56px;text-shadow:none\">  CALENDARIOS DE EX\u00c1MENES<\/span><\/a><\/div><\/th><td class=\"column-2\"><\/td><th class=\"column-3\"><div class=\"su-button-center\"><a href=\"https:\/\/www.oaxaca.gob.mx\/sep\/plan-de-estudios-modular\/\" class=\"su-button su-button-style-ghost  .button { display: inline-block; padding: 15px 25px; font-size: 24px; cursor: pointer; text-align: center; text-decoration: none; outline: none; color: #fff; background-color: #4CAF50; border: none; border-radius: 15px; box-shadow: 0 9px #999; } .button:hover {background-color: #3e8e41} .button:active { background-color: #3e8e41; box-shadow: 0 5px #666; transform: translateY(4px); } \" style=\"color:#000000;background-color:#9D2449;border-color:#7e1d3b;border-radius:56px\" target=\"_blank\" rel=\"noopener noreferrer\"><span style=\"color:#000000;padding:0px 26px;font-size:20px;line-height:40px;border-color:#bb6680;border-radius:56px;text-shadow:none\">  PLAN DE ESTUDIOS MODULAR <\/span><\/a><\/div><\/th>\n<\/tr>\n<\/thead>\n<tbody class=\"row-striping row-hover\">\n<\/tbody>\n<\/table>\n<!-- #tablepress-24 from cache -->\n<p>&nbsp;<\/p>\n<p style=\"text-align: center\">\n<table id=\"tablepress-26\" class=\"tablepress tablepress-id-26\">\n<thead>\n<tr class=\"row-1\">\n\t<th class=\"column-1\"><div class=\"su-button-center\"><a href=\"https:\/\/www.oaxaca.gob.mx\/sep\/mi-entorno-virtual-de-aprendizaje\/\" class=\"su-button su-button-style-ghost  .button { display: inline-block; padding: 15px 25px; font-size: 24px; cursor: pointer; text-align: center; text-decoration: none; outline: none; color: #fff; background-color: #4CAF50; border: none; border-radius: 15px; box-shadow: 0 9px #999; } .button:hover {background-color: #3e8e41} .button:active { background-color: #3e8e41; box-shadow: 0 5px #666; transform: translateY(4px); } \" style=\"color:#000000;background-color:#9D2449;border-color:#7e1d3b;border-radius:56px\" target=\"_blank\" rel=\"noopener noreferrer\"><span style=\"color:#000000;padding:0px 26px;font-size:20px;line-height:40px;border-color:#bb6680;border-radius:56px;text-shadow:none\">  MI ENTORNO VIRTUAL DE APRENDIZAJE<\/span><\/a><\/div><\/th><th class=\"column-2\"><div class=\"su-button-center\"><a href=\"https:\/\/www.oaxaca.gob.mx\/sep\/plan-de-estudios-por-asignaturas\/\" class=\"su-button su-button-style-ghost  .button { display: inline-block; padding: 15px 25px; font-size: 24px; cursor: pointer; text-align: center; text-decoration: none; outline: none; color: #fff; background-color: #4CAF50; border: none; border-radius: 15px; box-shadow: 0 9px #999; } .button:hover {background-color: #3e8e41} .button:active { background-color: #3e8e41; box-shadow: 0 5px #666; transform: translateY(4px); } \" style=\"color:#000000;background-color:#9D2449;border-color:#7e1d3b;border-radius:56px\" target=\"_blank\" rel=\"noopener noreferrer\"><span style=\"color:#000000;padding:0px 26px;font-size:20px;line-height:40px;border-color:#bb6680;border-radius:56px;text-shadow:none\">  PLAN DE ESTUDIOS POR ASIGNATURAS<\/span><\/a><\/div><\/th>\n<\/tr>\n<\/thead>\n<tbody class=\"row-striping row-hover\">\n<\/tbody>\n<\/table>\n<!-- #tablepress-26 from cache -->\n<p>&nbsp;<\/p>\n<h4><strong>\u00a1INICIA TUS ESTUDIOS!<\/strong><\/h4>\n<p>Si eres aspirante a ingresar a Preparatoria Abierta, asiste a la pl\u00e1tica informativa los d\u00edas martes a las 09:00 horas (llegar 20 minutos antes), en las oficinas ubicadas en\u00a0Calzada Porfirio D\u00edaz No. 803, Colonia Reforma, Oaxaca de Ju\u00e1rez, Oaxaca. C.P. 68050<\/p>\n<p>Realiza tu registro al n\u00famero telef\u00f3nico 951 132 4825.<\/p>\n<h4><strong>INSCRIPCI\u00d3N<\/strong><\/h4>\n<p>La inscripci\u00f3n es gratuita, el tr\u00e1mite puede efectuarse en cualquier \u00e9poca del a\u00f1o, excepto en d\u00edas inh\u00e1biles de acuerdo al calendario oficial de la Secretar\u00eda de Educaci\u00f3n P\u00fablica. Se puede solicitar en la oficina de Preparatoria Abierta, presentando los siguientes documentos:<\/p>\n<ol>\n<li>Comprobante de asistencia a la pl\u00e1tica informativa.<\/li>\n<li>Acta de nacimiento (original y copia)<\/li>\n<li>Certificado de Secundaria (original y copia)<\/li>\n<li>Clave \u00danica de Registro de Poblaci\u00f3n (CURP)<\/li>\n<li>Copia de Identificaci\u00f3n oficial vigente (INE), si eres mayor de edad<\/li>\n<li>Cuatro fotograf\u00edas tama\u00f1o infantil recientes e iguales, en blanco y negro, de frente y con el rostro descubierto, con ropa clara, en terminado mate. (NO INSTANT\u00c1NEAS)<\/li>\n<\/ol>\n<p>Si realizaste estudios de nivel bachillerato en otra instituci\u00f3n tambi\u00e9n deber\u00e1s presentar en original y copia:<\/p>\n<ol>\n<li>Resoluci\u00f3n de Equivalencia de Estudios y\/o Revalidaci\u00f3n de Estudios.<\/li>\n<li>Certificado Parcial que sirvi\u00f3 de antecedente para la emisi\u00f3n de la Equivalencia y\/o Revalidaci\u00f3n de Estudios.<\/li>\n<\/ol>\n<p>&nbsp;<\/p>\n<h4 style=\"text-align: center\"><strong>HORARIO DE ATENCI\u00d3N: LUNES \u2013 VIERNES 08:00 \u2013 15:00 HRS.<\/strong><\/h4>\n<p>&nbsp;<\/p>\n<div class=\"su-button-center\"><a href=\"https:\/\/www.oaxaca.gob.mx\/sep\/centros-de-asesoria-de-preparatoria-abierta\/\" class=\"su-button su-button-style-ghost  .button { display: inline-block; padding: 15px 25px; font-size: 24px; cursor: pointer; text-align: center; text-decoration: none; outline: none; color: #fff; background-color: #4CAF50; border: none; border-radius: 15px; box-shadow: 0 9px #999; } .button:hover {background-color: #3e8e41} .button:active { background-color: #3e8e41; box-shadow: 0 5px #666; transform: translateY(4px); } \" style=\"color:#000000;background-color:#9D2449;border-color:#7e1d3b;border-radius:56px\" target=\"_blank\" rel=\"noopener noreferrer\"><span style=\"color:#000000;padding:0px 26px;font-size:20px;line-height:40px;border-color:#bb6680;border-radius:56px;text-shadow:none\"> CENTROS DE ASESOR\u00cdA DE PREPARATORIA ABIERTA <\/span><\/a><\/div>\n<p>&nbsp;<\/p>\n<p>&nbsp;<\/p>\n<p>&nbsp;<\/p>\n<p>&nbsp;<\/p>\n<p>&nbsp;<\/p>\n","protected":false},"excerpt":{"rendered":"<p>\u00bfQUI\u00c9NES SOMOS? &nbsp; La Preparatoria Abierta es un servicio educativo\u00a0 de modalidad NO ESCOLARIZADA que ofrece la Coordinaci\u00f3n General de Educaci\u00f3n Media Superior y Superior, Ciencia y Tecnolog\u00eda, para atender a quienes desean iniciar, continuar o concluir\u00a0sus estudios de educaci\u00f3n media superior, lo que\u00a0le permite al estudiante elegir tiempos y formas para acreditar el Plan [&hellip;]<\/p>\n","protected":false},"author":1,"featured_media":0,"parent":0,"menu_order":0,"comment_status":"closed","ping_status":"closed","template":"","meta":{"episode_type":"","audio_file":"","podmotor_file_id":"","podmotor_episode_id":"","cover_image":"","cover_image_id":"","duration":"","filesize":"","filesize_raw":"","date_recorded":"","explicit":"","block":"","itunes_episode_number":"","itunes_title":"","itunes_season_number":"","itunes_episode_type":"","footnotes":""},"categories":[],"tags":[],"class_list":["post-200","page","type-page","status-publish","hentry"],"acf":[],"publishpress_future_action":{"enabled":false,"date":"2026-04-25 23:53:03","action":"change-status","newStatus":"draft","terms":[],"taxonomy":"category","extraData":[]},"publishpress_future_workflow_manual_trigger":{"enabledWorkflows":[]},"_links":{"self":[{"href":"https:\/\/www.oaxaca.gob.mx\/sep\/wp-json\/wp\/v2\/pages\/200","targetHints":{"allow":["GET"]}}],"collection":[{"href":"https:\/\/www.oaxaca.gob.mx\/sep\/wp-json\/wp\/v2\/pages"}],"about":[{"href":"https:\/\/www.oaxaca.gob.mx\/sep\/wp-json\/wp\/v2\/types\/page"}],"author":[{"embeddable":true,"href":"https:\/\/www.oaxaca.gob.mx\/sep\/wp-json\/wp\/v2\/users\/1"}],"replies":[{"embeddable":true,"href":"https:\/\/www.oaxaca.gob.mx\/sep\/wp-json\/wp\/v2\/comments?post=200"}],"version-history":[{"count":3,"href":"https:\/\/www.oaxaca.gob.mx\/sep\/wp-json\/wp\/v2\/pages\/200\/revisions"}],"predecessor-version":[{"id":1850,"href":"https:\/\/www.oaxaca.gob.mx\/sep\/wp-json\/wp\/v2\/pages\/200\/revisions\/1850"}],"wp:attachment":[{"href":"https:\/\/www.oaxaca.gob.mx\/sep\/wp-json\/wp\/v2\/media?parent=200"}],"wp:term":[{"taxonomy":"category","embeddable":true,"href":"https:\/\/www.oaxaca.gob.mx\/sep\/wp-json\/wp\/v2\/categories?post=200"},{"taxonomy":"post_tag","embeddable":true,"href":"https:\/\/www.oaxaca.gob.mx\/sep\/wp-json\/wp\/v2\/tags?post=200"}],"curies":[{"name":"wp","href":"https:\/\/api.w.org\/{rel}","templated":true}]}}