{"id":197,"date":"2024-04-19T23:06:39","date_gmt":"2024-04-19T21:06:39","guid":{"rendered":"https:\/\/www.oaxaca.gob.mx\/sep\/?page_id=197"},"modified":"2024-04-26T19:06:53","modified_gmt":"2024-04-26T17:06:53","slug":"sistema-estatal-de-validacion-de-titulos-electronicos-sevte-de-instituciones-particulares-incorporadas-al-gobierno-del-estado","status":"publish","type":"page","link":"https:\/\/www.oaxaca.gob.mx\/sep\/sistema-estatal-de-validacion-de-titulos-electronicos-sevte-de-instituciones-particulares-incorporadas-al-gobierno-del-estado\/","title":{"rendered":"SISTEMA ESTATAL DE VALIDACI\u00d3N DE TITULOS ELECTR\u00d3NICOS (SEVTE) DE INSTITUCIONES PARTICULARES INCORPORADAS AL GOBIERNO DEL ESTADO."},"content":{"rendered":"<hr \/>\n<h3><strong>\u00bfQu\u00e9 es el SEVTE?<\/strong><\/h3>\n<p>&nbsp;<\/p>\n<p>Es un sistema que permite validar la autenticidad de los t\u00edtulos profesionales electr\u00f3nicos, que las Instituciones particulares, incorporadas al Gobierno del Estado de Oaxaca, expiden a partir del 01 de octubre de 2018, de conformidad con Decreto por el que se reforman y derogan diversas disposiciones del Reglamento de la Ley Reglamentaria del Art\u00edculo 5\u00b0. Constitucional, Relativo al Ejercicio de las Profesiones en el Distrito Federal, publicado en el Diario Oficial de la federaci\u00f3n el 5 de abril de 2018, as\u00ed como el aviso por el que da a conocer el est\u00e1ndar para la recepci\u00f3n en formato electr\u00f3nico de los t\u00edtulos profesionales o grados acad\u00e9micos, para efectos de su registro ante la Direcci\u00f3n General de Profesiones (DGP) e igualmente el est\u00e1ndar oficial de la c\u00e9dula electr\u00f3nica.<\/p>\n<p>&nbsp;<\/p>\n<p>&nbsp;<\/p>\n<h3><strong>Objetivo<\/strong><\/h3>\n<p>&nbsp;<\/p>\n<p>Dar certeza a los profesionistas de Instituciones particulares incorporadas al Gobierno del Estado de Oaxaca, del registro de su t\u00edtulo profesional ante la Direcci\u00f3n General de Profesiones, para la obtenci\u00f3n de su c\u00e9dula profesional electr\u00f3nica.<\/p>\n<h3><\/h3>\n<h3><\/h3>\n<p>&nbsp;<\/p>\n<p>&nbsp;<\/p>\n<h3><strong>Fundamento legal<\/strong><\/h3>\n<p>&nbsp;<\/p>\n<ul>\n<li>Art\u00edculos 4\u00b0 y 5\u00b0 de la Ley del Ejercicio Profesional en el Estado de Oaxaca de fecha 13 de noviembre de 2010.<\/li>\n<\/ul>\n<p>&nbsp;<\/p>\n<ul>\n<li>Art\u00edculos 23 y 66 de la Ley de Educaci\u00f3n para el Estado Libre y Soberano de Oaxaca.<\/li>\n<\/ul>\n<p>&nbsp;<\/p>\n<ul>\n<li>DOF 05\/04\/18 &#8211; Decreto por el que se reforman y derogan diversas disposiciones del Reglamento de la Ley Reglamentaria del Art\u00edculo 5\u00b0 Constitucional, relativo al ejercicio de las profesiones en el Distrito Federal<\/li>\n<\/ul>\n<p>&nbsp;<\/p>\n<ul>\n<li>DOF 13\/04\/18 &#8211; AVISO por el que se da a conocer el est\u00e1ndar para la recepci\u00f3n en forma electr\u00f3nica de los t\u00edtulos profesionales o grados acad\u00e9micos, para efectos de su registro ante la Direcci\u00f3n General de Profesiones.<\/li>\n<\/ul>\n<p>&nbsp;<\/p>\n<div class=\"su-button-center\"><a href=\"https:\/\/www.oaxaca.gob.mx\/sep\/wp-content\/uploads\/sites\/97\/2024\/04\/INSTITUCIONES-INCORPORADAS-AL-GOBIERNO-DEL-ESTADO.pdf\" class=\"su-button su-button-style-3d  .button { display: inline-block; padding: 15px 25px; font-size: 24px; cursor: pointer; text-align: center; text-decoration: none; outline: none; color: #fff; background-color: #4CAF50; border: none; border-radius: 15px; box-shadow: 0 9px #999; } .button:hover {background-color: #3e8e41} .button:active { background-color: #3e8e41; box-shadow: 0 5px #666; transform: translateY(4px); }  su-button-wide\" style=\"color:#000000;background-color:#e9eb23;border-color:#bbbc1c;border-radius:71px\" target=\"_blank\" rel=\"noopener noreferrer\"><span style=\"color:#000000;padding:0px 32px;font-size:23px;line-height:46px;border-color:#f0f165;border-radius:71px;text-shadow:none\"> Instituciones particulares incorporadas al Gobierno del Estado<\/span><\/a><\/div>\n<p>&nbsp;<\/p>\n<div class=\"su-button-center\"><a href=\"http:\/\/www.titulacioncgemsyscytoax.com.mx\/validaTitulo\" class=\"su-button su-button-style-3d  .button { display: inline-block; padding: 15px 25px; font-size: 24px; cursor: pointer; text-align: center; text-decoration: none; outline: none; color: #fff; background-color: #4CAF50; border: none; border-radius: 15px; box-shadow: 0 9px #999; } .button:hover {background-color: #3e8e41} .button:active { background-color: #3e8e41; box-shadow: 0 5px #666; transform: translateY(4px); }  su-button-wide\" style=\"color:#FFFFFF;background-color:#31d625;border-color:#28ac1e;border-radius:71px\" target=\"_blank\" rel=\"noopener noreferrer\"><span style=\"color:#FFFFFF;padding:0px 32px;font-size:23px;line-height:46px;border-color:#6fe367;border-radius:71px;text-shadow:none\"> Consultar mi t\u00edtulo<\/span><\/a><\/div>\n<p>&nbsp;<\/p>\n<div class=\"su-button-center\"><a href=\"https:\/\/msirepve.sep.gob.mx\/validacionelectronica\/publico\/startCedulaElectronica!startWizard.action\" class=\"su-button su-button-style-3d  .button {   display: inline-block;   padding: 15px 25px;   font-size: 24px;   cursor: pointer;   text-align: center;\t   text-decoration: none;   outline: none;   color: #fff;   background-color: #4CAF50;   border: none;   border-radius: 15px;   box-shadow: 0 9px #999; }  .button:hover {background-color: #3e8e41}  .button:active {   background-color: #3e8e41;   box-shadow: 0 5px #666;   transform: translateY(4px); }  su-button-wide\" style=\"color:#000000;background-color:#ff7130;border-color:#cc5b27;border-radius:71px\" target=\"_blank\" rel=\"noopener noreferrer\"><span style=\"color:#000000;padding:0px 32px;font-size:23px;line-height:46px;border-color:#ff9c6f;border-radius:71px;text-shadow:none\"> Realiza tu tr\u00e1mite de c\u00e9dula profesional Nota: Es necesario tener a la mano tu CURP y tu e. Firma vigente al momento de realizar el tr\u00e1mite<\/span><\/a><\/div>\n<p>&nbsp;<\/p>\n<p>&nbsp;<\/p>\n<p>&nbsp;<\/p>\n","protected":false},"excerpt":{"rendered":"<p>\u00bfQu\u00e9 es el SEVTE? &nbsp; Es un sistema que permite validar la autenticidad de los t\u00edtulos profesionales electr\u00f3nicos, que las Instituciones particulares, incorporadas al Gobierno del Estado de Oaxaca, expiden a partir del 01 de octubre de 2018, de conformidad con Decreto por el que se reforman y derogan diversas disposiciones del Reglamento de la [&hellip;]<\/p>\n","protected":false},"author":1,"featured_media":0,"parent":0,"menu_order":0,"comment_status":"closed","ping_status":"closed","template":"","meta":{"episode_type":"","audio_file":"","podmotor_file_id":"","podmotor_episode_id":"","cover_image":"","cover_image_id":"","duration":"","filesize":"","filesize_raw":"","date_recorded":"","explicit":"","block":"","itunes_episode_number":"","itunes_title":"","itunes_season_number":"","itunes_episode_type":"","footnotes":""},"categories":[],"tags":[],"class_list":["post-197","page","type-page","status-publish","hentry"],"acf":[],"publishpress_future_action":{"enabled":false,"date":"2026-04-25 23:53:56","action":"change-status","newStatus":"draft","terms":[],"taxonomy":"category","extraData":[]},"publishpress_future_workflow_manual_trigger":{"enabledWorkflows":[]},"_links":{"self":[{"href":"https:\/\/www.oaxaca.gob.mx\/sep\/wp-json\/wp\/v2\/pages\/197","targetHints":{"allow":["GET"]}}],"collection":[{"href":"https:\/\/www.oaxaca.gob.mx\/sep\/wp-json\/wp\/v2\/pages"}],"about":[{"href":"https:\/\/www.oaxaca.gob.mx\/sep\/wp-json\/wp\/v2\/types\/page"}],"author":[{"embeddable":true,"href":"https:\/\/www.oaxaca.gob.mx\/sep\/wp-json\/wp\/v2\/users\/1"}],"replies":[{"embeddable":true,"href":"https:\/\/www.oaxaca.gob.mx\/sep\/wp-json\/wp\/v2\/comments?post=197"}],"version-history":[{"count":2,"href":"https:\/\/www.oaxaca.gob.mx\/sep\/wp-json\/wp\/v2\/pages\/197\/revisions"}],"predecessor-version":[{"id":335,"href":"https:\/\/www.oaxaca.gob.mx\/sep\/wp-json\/wp\/v2\/pages\/197\/revisions\/335"}],"wp:attachment":[{"href":"https:\/\/www.oaxaca.gob.mx\/sep\/wp-json\/wp\/v2\/media?parent=197"}],"wp:term":[{"taxonomy":"category","embeddable":true,"href":"https:\/\/www.oaxaca.gob.mx\/sep\/wp-json\/wp\/v2\/categories?post=197"},{"taxonomy":"post_tag","embeddable":true,"href":"https:\/\/www.oaxaca.gob.mx\/sep\/wp-json\/wp\/v2\/tags?post=197"}],"curies":[{"name":"wp","href":"https:\/\/api.w.org\/{rel}","templated":true}]}}