{"id":195,"date":"2024-04-19T23:05:55","date_gmt":"2024-04-19T21:05:55","guid":{"rendered":"https:\/\/www.oaxaca.gob.mx\/sep\/?page_id=195"},"modified":"2024-04-26T00:44:02","modified_gmt":"2024-04-25T22:44:02","slug":"tramites-y-servicios","status":"publish","type":"page","link":"https:\/\/www.oaxaca.gob.mx\/sep\/tramites-y-servicios\/","title":{"rendered":"Tr\u00e1mites y Servicios"},"content":{"rendered":"<h3>UMA<\/h3>\n<p>El valor diario de la UMA vigente a partir del 1\u00ba de febrero de 2023, es de <b>$103.74<\/b>.<\/p>\n<p>&nbsp;<\/p>\n<p>&nbsp;<\/p>\n<h4>DEPARTAMENTO DE PREPARATORIA ABIERTA<\/h4>\n<p>&nbsp;<\/p>\n\n<table id=\"tablepress-10\" class=\"tablepress tablepress-id-10\">\n<thead>\n<tr class=\"row-1\">\n\t<th class=\"column-1\">CLAVE<\/th><th class=\"column-2\">CONCEPTO<\/th><th class=\"column-3\">No. UMA<\/th>\n<\/tr>\n<\/thead>\n<tbody class=\"row-striping row-hover\">\n<tr class=\"row-2\">\n\t<td class=\"column-1\">3JBAAF004<\/td><td class=\"column-2\">Solicitud de ex\u00e1menes ordinarios y extempor\u00e1neos del Subsistema de preparatoria abierta.<\/td><td class=\"column-3\">0.90<\/td>\n<\/tr>\n<tr class=\"row-3\">\n\t<td class=\"column-1\">3JBAAF005<\/td><td class=\"column-2\">Consulta de registro de Control Escolar de educaci\u00f3n media superior.<\/td><td class=\"column-3\">3.00<\/td>\n<\/tr>\n<tr class=\"row-4\">\n\t<td class=\"column-1\">3JBAAF012<\/td><td class=\"column-2\">Expedici\u00f3n de certificado de terminaci\u00f3n de estudios, y\/o certificado parcial y\/o duplicado de certificado de preparatoria abierta.<br \/>\r\n<\/td><td class=\"column-3\">1.00<\/td>\n<\/tr>\n<tr class=\"row-5\">\n\t<td class=\"column-1\">3JBAAF013<\/td><td class=\"column-2\">Reposici\u00f3n de credencial de preparatoria abierta.<\/td><td class=\"column-3\">1.00<\/td>\n<\/tr>\n<tr class=\"row-6\">\n\t<td class=\"column-1\">3JBAAF027<\/td><td class=\"column-2\">Expedici\u00f3n de constancias de estudios de preparatoria abierta<\/td><td class=\"column-3\">1.00<\/td>\n<\/tr>\n<\/tbody>\n<tfoot>\n<tr class=\"row-7\">\n\t<th class=\"column-1\">3JBAAF029<\/th><th class=\"column-2\">Autorizaci\u00f3n para la operaci\u00f3n de centros de asesor\u00eda particulares de preparatoria abierta.<\/th><th class=\"column-3\">20.00<\/th>\n<\/tr>\n<\/tfoot>\n<\/table>\n<!-- #tablepress-10 from cache -->\n<p>&nbsp;<\/p>\n<h4>DEPARTAMENTO DE INCORPORACI\u00d3N DEL TIPO MEDIO SUPERIOR, SUPERIOR Y CAPACITACI\u00d3N PARA EL TRABAJO DE ESCUELAS PARTICULARES<\/h4>\n<p>&nbsp;<\/p>\n\n<table id=\"tablepress-12\" class=\"tablepress tablepress-id-12\">\n<thead>\n<tr class=\"row-1\">\n\t<th class=\"column-1\">CLAVE<\/th><th class=\"column-2\">CONCEPTO<\/th><th class=\"column-3\">No. UMA<\/th>\n<\/tr>\n<\/thead>\n<tbody class=\"row-striping row-hover\">\n<tr class=\"row-2\">\n\t<td class=\"column-1\"><\/td><td class=\"column-2\">EDUCACI\u00d3N MEDIA SUPERIOR.<\/td><td class=\"column-3\"><\/td>\n<\/tr>\n<tr class=\"row-3\">\n\t<td class=\"column-1\">3JBAAF001<\/td><td class=\"column-2\">Acuerdo de Reconocimiento de Validez Oficial de Estudios por cambio de: titular, domicilio, apertura de un nuevo plantel, de alguna oficina, anexo o extensi\u00f3n, cambio al plan y programas de estudio.<\/td><td class=\"column-3\">20.00<\/td>\n<\/tr>\n<tr class=\"row-4\">\n\t<td class=\"column-1\">3JBAAF002<\/td><td class=\"column-2\">Reconocimiento de Validez Oficial de Estudios del nivel medio superior.<\/td><td class=\"column-3\">90.00<\/td>\n<\/tr>\n<tr class=\"row-5\">\n\t<td class=\"column-1\">3JBAAF003<\/td><td class=\"column-2\">Reconocimiento de Validez Oficial de Estudios de Capacitaci\u00f3n para el Trabajo.<\/td><td class=\"column-3\">34.00<\/td>\n<\/tr>\n<tr class=\"row-6\">\n\t<td class=\"column-1\">3JBAAF021<\/td><td class=\"column-2\">Autorizaci\u00f3n de calendarios de actividades acad\u00e9micas para instituciones de educaci\u00f3n media superior con reconocimiento de validez oficial de estudios.<\/td><td class=\"column-3\">1.00<\/td>\n<\/tr>\n<tr class=\"row-7\">\n\t<td class=\"column-1\">3JBAAF022<\/td><td class=\"column-2\">Autorizaci\u00f3n de nombramiento o cambio de director de escuelas o instituciones particulares de educaci\u00f3n media superior.<\/td><td class=\"column-3\">5.00<\/td>\n<\/tr>\n<tr class=\"row-8\">\n\t<td class=\"column-1\">3JBAAF023<\/td><td class=\"column-2\">Autorizaci\u00f3n de cambios que no requieran reconocimiento de validez oficial de estudios, como reapertura, cambio de turno, horario, g\u00e9nero del alumnado, nombre de la instituci\u00f3n educativa, actualizaci\u00f3n de plantilla docente, reglamento institucional o manual de organizaci\u00f3n.<\/td><td class=\"column-3\">10.00<\/td>\n<\/tr>\n<tr class=\"row-9\">\n\t<td class=\"column-1\">3JBAAF024<\/td><td class=\"column-2\">Autorizaci\u00f3n de actualizaci\u00f3n al plan y programa de estudios de educaci\u00f3n media superior.<\/td><td class=\"column-3\">12.00<\/td>\n<\/tr>\n<tr class=\"row-10\">\n\t<td class=\"column-1\">3JBAAF025<\/td><td class=\"column-2\">Autorizaci\u00f3n de ampliaci\u00f3n de domicilio o establecimiento de un plantel adicional respecto de un plan y programa de estudios con reconocimiento de validez oficial.<\/td><td class=\"column-3\">28.00<\/td>\n<\/tr>\n<tr class=\"row-11\">\n\t<td class=\"column-1\"><\/td><td class=\"column-2\">EDUCACI\u00d3N SUPERIOR.<\/td><td class=\"column-3\"><\/td>\n<\/tr>\n<tr class=\"row-12\">\n\t<td class=\"column-1\">3JBAAG001<\/td><td class=\"column-2\">Reconocimiento de Validez Oficial de Estudios del tipo superior.<\/td><td class=\"column-3\">153.00<\/td>\n<\/tr>\n<tr class=\"row-13\">\n\t<td class=\"column-1\">3JBAAG006<\/td><td class=\"column-2\">Actualizaci\u00f3n a planes y programas de Estudios de Educaci\u00f3n Superior con Reconocimiento de Validez Oficial de Estudios.<\/td><td class=\"column-3\">67.00<\/td>\n<\/tr>\n<tr class=\"row-14\">\n\t<td class=\"column-1\">3JBAAG007<\/td><td class=\"column-2\">Cambio al acuerdo de Reconocimiento de Validez  Oficial de Estudios del tipo superior, por cambio de titular, del nombre de la instituci\u00f3n, del domicilio o ampliaci\u00f3n del plantel y nuevo plantel, por modificaci\u00f3n al plan y programas de estudio.<\/td><td class=\"column-3\">68.00<\/td>\n<\/tr>\n<tr class=\"row-15\">\n\t<td class=\"column-1\">3JBAAG032<\/td><td class=\"column-2\">Autorizaci\u00f3n de calendarios de actividades acad\u00e9micas para instituciones de educaci\u00f3n superior con reconocimiento de validez oficial de estudios.<\/td><td class=\"column-3\">1.00<\/td>\n<\/tr>\n<tr class=\"row-16\">\n\t<td class=\"column-1\">3JBAAG033<\/td><td class=\"column-2\">Autorizaci\u00f3n de actualizaciones a la plantilla docente, reglamento institucional o manual de organizaci\u00f3n para programas educativos con reconocimiento de validez oficial.<\/td><td class=\"column-3\">10.00<\/td>\n<\/tr>\n<tr class=\"row-17\">\n\t<td class=\"column-1\">3JBAAG035<\/td><td class=\"column-2\">Validaci\u00f3n, autentificaci\u00f3n y registro de nuevos planes y programas de estudio de tipo superior<\/td><td class=\"column-3\">1.00<\/td>\n<\/tr>\n<tr class=\"row-18\">\n\t<td class=\"column-1\"><\/td><td class=\"column-2\">OTROS TR\u00c1MITES Y SERVICIOS<\/td><td class=\"column-3\"><\/td>\n<\/tr>\n<tr class=\"row-19\">\n\t<td class=\"column-1\">3JBAAH005<\/td><td class=\"column-2\">Compulsa de documentos de educaci\u00f3n media superior y superior, por hoja.<\/td><td class=\"column-3\">0.17<\/td>\n<\/tr>\n<tr class=\"row-20\">\n\t<td class=\"column-1\">3JBAAH010<\/td><td class=\"column-2\">Autorizaci\u00f3n de nombramiento o cambio de director de escuelas particulares de educaci\u00f3n superior.<\/td><td class=\"column-3\">5.00<\/td>\n<\/tr>\n<tr class=\"row-21\">\n\t<td class=\"column-1\">3JBAAH018<\/td><td class=\"column-2\">Pago por autorizaci\u00f3n de cambios que no requieren Reconocimientos de Validez Oficial de Estudios del tipo superior por cada uno de los siguientes conceptos: ampliaci\u00f3n de domicilio, extensi\u00f3n de instalaciones del plantel, denominaci\u00f3n del plantel, denominaci\u00f3n de los programas de estudios o criterios para la evaluaci\u00f3n de los programas de estudio.<\/td><td class=\"column-3\">20.00<\/td>\n<\/tr>\n<\/tbody>\n<\/table>\n<!-- #tablepress-12 from cache -->\n<p>&nbsp;<\/p>\n<h4>DEPARTAMENTO DE PLANEACI\u00d3N Y ESTAD\u00cdSTICA EDUCATIVA<\/h4>\n\n<table id=\"tablepress-13\" class=\"tablepress tablepress-id-13\">\n<thead>\n<tr class=\"row-1\">\n\t<th class=\"column-1\">CLAVE<\/th><th class=\"column-2\">CONCEPTO<\/th><th class=\"column-3\">No. UMA<\/th>\n<\/tr>\n<\/thead>\n<tbody class=\"row-striping row-hover\">\n<tr class=\"row-2\">\n\t<td class=\"column-1\">3JBAAH014<\/td><td class=\"column-2\">Otorgamiento de clave de centro de trabajo a instituciones de educaci\u00f3n media superior y superior incorporadas al Gobierno del Estado de Oaxaca, con reconocimiento de validez oficial de estudios.<\/td><td class=\"column-3\">5.00<\/td>\n<\/tr>\n<tr class=\"row-3\">\n\t<td class=\"column-1\">3JBAAH015<\/td><td class=\"column-2\">Actualizaci\u00f3n en el cat\u00e1logo de centros de trabajo a instituciones de educaci\u00f3n media superior y superior incorporadas al Gobierno del Estado de Oaxaca, con reconocimiento de validez oficial de estudios.<\/td><td class=\"column-3\">4.00<\/td>\n<\/tr>\n<tr class=\"row-4\">\n\t<td class=\"column-1\">3JBAAH016<\/td><td class=\"column-2\">Autorizaci\u00f3n de sellos oficiales a las instituciones de     educaci\u00f3n media superior y superior incorporadas al Gobierno   del Estado de Oaxaca, con reconocimiento de validez Oficial de estudios.<\/td><td class=\"column-3\">3.00<\/td>\n<\/tr>\n<\/tbody>\n<\/table>\n<!-- #tablepress-13 from cache -->\n<p>&nbsp;<\/p>\n<h4>DEPARTAMENTO DE PROFESIONES Y VISITAS DE INSPECCI\u00d3N<\/h4>\n\n<table id=\"tablepress-16\" class=\"tablepress tablepress-id-16\">\n<thead>\n<tr class=\"row-1\">\n\t<th class=\"column-1\">CLAVE<\/th><th class=\"column-2\">DESCRIPCI\u00d3N<\/th><th class=\"column-3\">UMA<\/th>\n<\/tr>\n<\/thead>\n<tbody class=\"row-striping row-hover\">\n<tr class=\"row-2\">\n\t<td class=\"column-1\">3JBAAF009<\/td><td class=\"column-2\">Visita de Inspecci\u00f3n y Vigilancia aInstituciones con Reconocimiento de Validez Oficial de Estudios del Nivel Medio Superior, por alumno:<\/td><td class=\"column-3\">0.50<\/td>\n<\/tr>\n<tr class=\"row-3\">\n\t<td class=\"column-1\">3JBAAF011<\/td><td class=\"column-2\">Visitas de inspec. a instit. que solicitan recono. de validez oficial de estudios y\/o ampliaci\u00f3n de domic. del nivel medio superior y de capacit. Para el trabajo<\/td><td class=\"column-3\">22.00<\/td>\n<\/tr>\n<tr class=\"row-4\">\n\t<td class=\"column-1\">3JBAAG005<\/td><td class=\"column-2\">Dictamen  t\u00e9cnico de estudios  de licenciatura  realizados  en el extranjero  para efectuar  estudios  de posgrado  sin ejercer  profesionalmente  en M\u00e9xico:<\/td><td class=\"column-3\">13.00<\/td>\n<\/tr>\n<tr class=\"row-5\">\n\t<td class=\"column-1\">3JBAAG008<\/td><td class=\"column-2\">Visitas de inspecci\u00f3n y vigilancia a instituciones con reconocimiento de validez oficial de estudios del tipo superior, por  alumno:<\/td><td class=\"column-3\">2.00<\/td>\n<\/tr>\n<tr class=\"row-6\">\n\t<td class=\"column-1\">3JBAAG010<\/td><td class=\"column-2\">Visitas  de inspecci\u00f3n  para verificar  el cumplimiento  de los requisitos  para el tr\u00e1mite de reconocimiento  de validez oficial de estudios  del tipo superior, por visita:<\/td><td class=\"column-3\">22.00<\/td>\n<\/tr>\n<tr class=\"row-7\">\n\t<td class=\"column-1\">3JBAAG011<\/td><td class=\"column-2\">Expedici\u00f3n  de  certificaci\u00f3n   de  acta  de  examen  profesional  de  licenciatura,   a  egresados  de   instituciones   liquidadas  y\/o  clausuradas  con reconocimiento de validez oficial de estudios otorgado por el gobierno del estado de Oaxaca:<\/td><td class=\"column-3\">6.00<\/td>\n<\/tr>\n<tr class=\"row-8\">\n\t<td class=\"column-1\">3JBAAG014<\/td><td class=\"column-2\">Expedici\u00f3n de certificaci\u00f3n de t\u00edtulo profesional de licenciatura, a egresados de instituciones liquidadas y\/o clausuradas con reconocimiento de validez oficial de estudios otorgado por el gobierno del estado de Oaxaca:<\/td><td class=\"column-3\">6.00<\/td>\n<\/tr>\n<tr class=\"row-9\">\n\t<td class=\"column-1\">3JBAAG037<\/td><td class=\"column-2\">Otorgamiento  de t\u00edtulo  profesional  de licenciatura,  a egresados  de instituciones  liquidadas  y\/o clausuradas  con reconocimiento  de validez oficial de estudios otorgado por el gobierno del estado; y tr\u00e1mite de t\u00edtulo electr\u00f3nico para emisi\u00f3n de c\u00e9dula profesional<\/td><td class=\"column-3\">20.00<\/td>\n<\/tr>\n<tr class=\"row-10\">\n\t<td class=\"column-1\">3JBAAG022<\/td><td class=\"column-2\">Registro de examen profesional de grado<\/td><td class=\"column-3\">4.00<\/td>\n<\/tr>\n<tr class=\"row-11\">\n\t<td class=\"column-1\">3JBAAG023<\/td><td class=\"column-2\">Autorizaci\u00f3n temporal para ejercer como pasante<\/td><td class=\"column-3\">6.00<\/td>\n<\/tr>\n<tr class=\"row-12\">\n\t<td class=\"column-1\">3JBAAG024<\/td><td class=\"column-2\">Constancia de registro de t\u00edtulo profesional y no sanci\u00f3n<\/td><td class=\"column-3\">3.00<\/td>\n<\/tr>\n<tr class=\"row-13\">\n\t<td class=\"column-1\">3JBAAG025<\/td><td class=\"column-2\">Registro y autenticaci\u00f3n de t\u00edtulo<\/td><td class=\"column-3\">14.00<\/td>\n<\/tr>\n<tr class=\"row-14\">\n\t<td class=\"column-1\">3JBAAG026<\/td><td class=\"column-2\">Dev. De documentos originales por el reg. De t\u00edtulo profesional y grados<\/td><td class=\"column-3\">0.90<\/td>\n<\/tr>\n<tr class=\"row-15\">\n\t<td class=\"column-1\">3JBAAG038<\/td><td class=\"column-2\">Expedici\u00f3n,  autenticaci\u00f3n   y  otorgamiento  del  t\u00edtulo  profesional,  grado  acad\u00e9mico  y\/o  diploma  de  especialidad,  maestr\u00eda  o  doctorado,  a egresados de instituciones liquidadas y\/o clausuradas con reconocimiento  de validez oficial de estudios otorgado por el gobierno del estado y tr\u00e1mite de t\u00edtulo electr\u00f3nico para emisi\u00f3n de c\u00e9dula profesional:<\/td><td class=\"column-3\">25.00<\/td>\n<\/tr>\n<tr class=\"row-16\">\n\t<td class=\"column-1\">3JBAAG034<\/td><td class=\"column-2\">Registro  y  autenticaci\u00f3n  de  diploma  de  especialidad  del  nivel  superior  de  instituciones  con  reconocimiento  de  validez  oficial  de  estudios otorgados por el gobierno del estado<\/td><td class=\"column-3\">14.26<\/td>\n<\/tr>\n<tr class=\"row-17\">\n\t<td class=\"column-1\">3JBAAH003<\/td><td class=\"column-2\">Registro de derechos de diploma de especialidad a nivel licenciatura:<\/td><td class=\"column-3\">16.00<\/td>\n<\/tr>\n<tr class=\"row-18\">\n\t<td class=\"column-1\">3JBAAH006<\/td><td class=\"column-2\">Registro de firmas de nuevos directivos de instituciones educativas con reconocimiento  de validez oficial de estudios otorgado por el gobierno del estado de Oaxaca:<\/td><td class=\"column-3\">4.00<\/td>\n<\/tr>\n<tr class=\"row-19\">\n\t<td class=\"column-1\">3JBAAH008<\/td><td class=\"column-2\">Enmiendas al registro profesional en relaci\u00f3n con el t\u00edtulo profesional o grado acad\u00e9mico:<\/td><td class=\"column-3\">14.00<\/td>\n<\/tr>\n<tr class=\"row-20\">\n\t<td class=\"column-1\">3JBAAH020<\/td><td class=\"column-2\">Gesti\u00f3n de tr\u00e1mite de c\u00e9dula profesional electr\u00f3nica.<\/td><td class=\"column-3\">6.00<\/td>\n<\/tr>\n<tr class=\"row-21\">\n\t<td class=\"column-1\">3JBAAH019<\/td><td class=\"column-2\">Registro y autenticaci\u00f3n de grados (maestr\u00eda y doctorado) y tr\u00e1mite de t\u00edtulo electr\u00f3nico para emisi\u00f3n de c\u00e9dula profesional<\/td><td class=\"column-3\">25.00<\/td>\n<\/tr>\n<tr class=\"row-22\">\n\t<td class=\"column-1\">3JBAAH013<\/td><td class=\"column-2\">Visitas de inspecci\u00f3n a instituciones que solicitan reconocimiento de validez oficial de estudios y\/o ampliaci\u00f3n de domicilio del nivel superior<\/td><td class=\"column-3\">22.00<\/td>\n<\/tr>\n<\/tbody>\n<\/table>\n<!-- #tablepress-16 from cache -->\n<p>&nbsp;<\/p>\n<p>&nbsp;<\/p>\n<h4>DEPARTAMENTO DE SERVICIOS ESCOLARES REVALIDACI\u00d3N Y EQUIVALENCIAS<\/h4>\n<p>&nbsp;<\/p>\n\n<table id=\"tablepress-18\" class=\"tablepress tablepress-id-18\">\n<thead>\n<tr class=\"row-1\">\n\t<th class=\"column-1\">CLAVE<\/th><th class=\"column-2\">CONCEPTO<\/th><th class=\"column-3\">No. UMA<\/th>\n<\/tr>\n<\/thead>\n<tbody class=\"row-striping row-hover\">\n<tr class=\"row-2\">\n\t<td class=\"column-1\"><\/td><td class=\"column-2\">EDUCACI\u00d3N MEDIA SUPERIOR.<\/td><td class=\"column-3\"><\/td>\n<\/tr>\n<tr class=\"row-3\">\n\t<td class=\"column-1\">3JBAAF005<\/td><td class=\"column-2\">Consulta de registro de Control Escolar de educaci\u00f3n media superior.<\/td><td class=\"column-3\">3.00<\/td>\n<\/tr>\n<tr class=\"row-4\">\n\t<td class=\"column-1\">3JBAAF006<\/td><td class=\"column-2\">Equivalencia de estudios.<\/td><td class=\"column-3\">7.00<\/td>\n<\/tr>\n<tr class=\"row-5\">\n\t<td class=\"column-1\">3JBAAF007<\/td><td class=\"column-2\">Duplicado de equivalencia de estudios.<\/td><td class=\"column-3\">4.00<\/td>\n<\/tr>\n<tr class=\"row-6\">\n\t<td class=\"column-1\">3JBAAF008<\/td><td class=\"column-2\">Consulta de archivo de revalidaci\u00f3n y equivalencia de educaci\u00f3n media superior<\/td><td class=\"column-3\">0.20<\/td>\n<\/tr>\n<tr class=\"row-7\">\n\t<td class=\"column-1\">3JBAAF010<\/td><td class=\"column-2\">Validaci\u00f3n y seguimiento de expediente  por alumno inscrito en cada ejercicio escolar, para instituciones particulares con Reconocimiento de Validez Oficial de Estudios de nivel medio superior o Capacitaci\u00f3n para el Trabajo.<\/td><td class=\"column-3\">0.50<\/td>\n<\/tr>\n<tr class=\"row-8\">\n\t<td class=\"column-1\">3JBAAF014<\/td><td class=\"column-2\">Expedici\u00f3n de Certificado de Estudios (Duplicado de Certificado de Terminaci\u00f3n de Estudios o Certificado Parcial) de educaci\u00f3n media superior (bachillerato); a egresados de instituciones liquidadas y\/o clausuradas con Reconocimiento de Validez Oficial de Estudios otorgado por el Gobierno del Estado de Oaxaca.<\/td><td class=\"column-3\">4.00<\/td>\n<\/tr>\n<tr class=\"row-9\">\n\t<td class=\"column-1\">3JBAAF015<\/td><td class=\"column-2\">Expedici\u00f3n o validaci\u00f3n de Constancias de Antecedentes Escolares de estudios de educaci\u00f3n media superior (Bachillerato) cursados en instituciones liquidadas y\/o clausuradas con Reconocimiento de Validez Oficial de Estudios otorgado por el Gobierno del Estado de Oaxaca.<\/td><td class=\"column-3\">3.00<\/td>\n<\/tr>\n<tr class=\"row-10\">\n\t<td class=\"column-1\">3JBAAF016<\/td><td class=\"column-2\">Revalidaci\u00f3n de Estudios de nivel medio superior.<\/td><td class=\"column-3\">7.00<\/td>\n<\/tr>\n<tr class=\"row-11\">\n\t<td class=\"column-1\">3JBAAF017<\/td><td class=\"column-2\">Duplicado de revalidaci\u00f3n de estudios de nivel medio superior.<br \/>\r\n<\/td><td class=\"column-3\">4.00<\/td>\n<\/tr>\n<tr class=\"row-12\">\n\t<td class=\"column-1\">3JBAAF018<\/td><td class=\"column-2\">Expedici\u00f3n y\/o autentificaci\u00f3n de certificado de terminaci\u00f3n de estudios de nivel medio superior.<\/td><td class=\"column-3\">4.00<\/td>\n<\/tr>\n<tr class=\"row-13\">\n\t<td class=\"column-1\">3JBAAF019<\/td><td class=\"column-2\">Registro de examen extraordinario y\/o extempor\u00e1neo y\/o t\u00edtulo de suficiencia de educaci\u00f3n media superior por materia.<\/td><td class=\"column-3\">0.90<\/td>\n<\/tr>\n<tr class=\"row-14\">\n\t<td class=\"column-1\">3JBAAF020<\/td><td class=\"column-2\">Registro y autenticaci\u00f3n de Certificado de terminaci\u00f3n o diplomas de instituciones de Capacitaci\u00f3n para el Trabajo.<\/td><td class=\"column-3\">1.50<\/td>\n<\/tr>\n<tr class=\"row-15\">\n\t<td class=\"column-1\">3JBAAF028<\/td><td class=\"column-2\">Reposici\u00f3n de certificado de educaci\u00f3n media superior por correcci\u00f3n de datos.<\/td><td class=\"column-3\">4.00<\/td>\n<\/tr>\n<tr class=\"row-16\">\n\t<td class=\"column-1\"><\/td><td class=\"column-2\">EDUCACI\u00d3N SUPERIOR.<\/td><td class=\"column-3\"><\/td>\n<\/tr>\n<tr class=\"row-17\">\n\t<td class=\"column-1\">3JBAAG002<\/td><td class=\"column-2\">Consulta de archivo escolar de educaci\u00f3n superior.<\/td><td class=\"column-3\">3.00<\/td>\n<\/tr>\n<tr class=\"row-18\">\n\t<td class=\"column-1\">3JBAAG003<\/td><td class=\"column-2\">Equivalencia de estudios del tipo superior.<\/td><td class=\"column-3\">18.00<\/td>\n<\/tr>\n<tr class=\"row-19\">\n\t<td class=\"column-1\">3JBAAG004<\/td><td class=\"column-2\">Duplicado de resoluci\u00f3n de equivalencia o revalidaci\u00f3n de estudios del tipo superior.<\/td><td class=\"column-3\">2.00<\/td>\n<\/tr>\n<tr class=\"row-20\">\n\t<td class=\"column-1\">3JBAAG009<\/td><td class=\"column-2\">Validaci\u00f3n y seguimiento de expediente por alumno inscrito en cada ejercicio escolar a instituciones particulares con Reconocimiento de Validez Oficial de Estudios del tipo superior.<\/td><td class=\"column-3\">2.00<\/td>\n<\/tr>\n<tr class=\"row-21\">\n\t<td class=\"column-1\">3JBAAG012<\/td><td class=\"column-2\">Expedici\u00f3n de Certificaci\u00f3n de Estudios (Duplicado de  Certificado de Terminaci\u00f3n de Estudios o Certificado Parcial) de educaci\u00f3n superior (licenciatura), a egresados de instituciones  liquidadas y\/o clausuradas con Reconocimiento de  Validez Oficial de Estudios otorgado por el Gobierno del Estado de Oaxaca.<\/td><td class=\"column-3\">5.00<\/td>\n<\/tr>\n<tr class=\"row-22\">\n\t<td class=\"column-1\">3JBAAG013<\/td><td class=\"column-2\">Expedici\u00f3n de Certificado de Estudios (Duplicado de Certificado de Terminaci\u00f3n de Estudios o Certificado Parcial) de educaci\u00f3n superior (posgrado), a egresados de instituciones liquidadas y\/o clausuradas con Reconocimiento de Validez Oficial de Estudios otorgado por el Gobierno del Estado de Oaxaca.<\/td><td class=\"column-3\">5.00<\/td>\n<\/tr>\n<tr class=\"row-23\">\n\t<td class=\"column-1\">3JBAAG015<\/td><td class=\"column-2\">Expedici\u00f3n de Constancia de Antecedentes Escolares            de Estudios de Educaci\u00f3n Superior (licenciatura), cursados en instituciones liquidadas y\/o clausuradas con Reconocimiento de Validez Oficial de Estudios otorgado por el Gobierno del Estado de Oaxaca.<\/td><td class=\"column-3\">3.00<\/td>\n<\/tr>\n<tr class=\"row-24\">\n\t<td class=\"column-1\">3JBAAG016<\/td><td class=\"column-2\">Expedici\u00f3n de Constancia de Antecedentes Escolares de Estudios de Educaci\u00f3n Superior (posgrado), cursados en instituciones liquidadas y\/o clausuradas con Reconocimiento de Validez Oficial de Estudios otorgado por el Gobierno del Estado de Oaxaca.<\/td><td class=\"column-3\">3.00<\/td>\n<\/tr>\n<tr class=\"row-25\">\n\t<td class=\"column-1\">3JBAAG018<\/td><td class=\"column-2\">Revalidaci\u00f3n de estudios del tipo superior, total o parcial.<\/td><td class=\"column-3\">28.00<\/td>\n<\/tr>\n<tr class=\"row-26\">\n\t<td class=\"column-1\">3JBAAG020<\/td><td class=\"column-2\">Duplicado de resoluci\u00f3n de revalidaci\u00f3n del tipo superior<\/td><td class=\"column-3\">2.00<\/td>\n<\/tr>\n<tr class=\"row-27\">\n\t<td class=\"column-1\">3JBAAG021<\/td><td class=\"column-2\">Registro de examen extraordinario y\/o extempor\u00e1neo y\/o de t\u00edtulo de suficiencia de educaci\u00f3n superior por materia.<\/td><td class=\"column-3\">2.00<\/td>\n<\/tr>\n<tr class=\"row-28\">\n\t<td class=\"column-1\">3JBAAG029<\/td><td class=\"column-2\">Solicitud de duplicado de resoluciones de revalidaci\u00f3n y equivalencias de estudio.<\/td><td class=\"column-3\">3.00<\/td>\n<\/tr>\n<tr class=\"row-29\">\n\t<td class=\"column-1\">3JBAAG031<\/td><td class=\"column-2\">Registro y autenticaci\u00f3n de Certificado de Terminaci\u00f3n de Estudios y Certificaci\u00f3n de Estudios de instituciones de tipo superior vigentes.<\/td><td class=\"column-3\">4.00<\/td>\n<\/tr>\n<tr class=\"row-30\">\n\t<td class=\"column-1\"><\/td><td class=\"column-2\">OTROS TR\u00c1MITES Y SERVICIOS<\/td><td class=\"column-3\"><\/td>\n<\/tr>\n<tr class=\"row-31\">\n\t<td class=\"column-1\">3JBAAH002<\/td><td class=\"column-2\">Registro de Asociaciones Civiles como Asociaci\u00f3n de Profesionistas o Colegio de Profesionistas en el Estados de Oaxaca.<\/td><td class=\"column-3\">150.00<\/td>\n<\/tr>\n<tr class=\"row-32\">\n\t<td class=\"column-1\">3JBAAH007<\/td><td class=\"column-2\">Expedici\u00f3n de autorizaci\u00f3n para el ejercicio de una especialidad o autorizaci\u00f3n para constituir un colegio de profesionistas y\/o Enmiendas al registro profesional en relaci\u00f3n a las Asociaciones de Profesionistas y Colegios de Profesionistas<\/td><td class=\"column-3\">14.00<\/td>\n<\/tr>\n<\/tbody>\n<\/table>\n<!-- #tablepress-18 from cache -->\n<p>&nbsp;<\/p>\n<p>&nbsp;<\/p>\n","protected":false},"excerpt":{"rendered":"<p>UMA El valor diario de la UMA vigente a partir del 1\u00ba de febrero de 2023, es de $103.74. &nbsp; &nbsp; DEPARTAMENTO DE PREPARATORIA ABIERTA &nbsp; &nbsp; DEPARTAMENTO DE INCORPORACI\u00d3N DEL TIPO MEDIO SUPERIOR, SUPERIOR Y CAPACITACI\u00d3N PARA EL TRABAJO DE ESCUELAS PARTICULARES &nbsp; &nbsp; DEPARTAMENTO DE PLANEACI\u00d3N Y ESTAD\u00cdSTICA EDUCATIVA &nbsp; DEPARTAMENTO DE PROFESIONES [&hellip;]<\/p>\n","protected":false},"author":1,"featured_media":0,"parent":0,"menu_order":0,"comment_status":"closed","ping_status":"closed","template":"","meta":{"episode_type":"","audio_file":"","podmotor_file_id":"","podmotor_episode_id":"","cover_image":"","cover_image_id":"","duration":"","filesize":"","filesize_raw":"","date_recorded":"","explicit":"","block":"","itunes_episode_number":"","itunes_title":"","itunes_season_number":"","itunes_episode_type":"","footnotes":""},"categories":[],"tags":[],"class_list":["post-195","page","type-page","status-publish","hentry"],"acf":[],"publishpress_future_action":{"enabled":false,"date":"2026-04-25 23:56:34","action":"change-status","newStatus":"draft","terms":[],"taxonomy":"category","extraData":[]},"publishpress_future_workflow_manual_trigger":{"enabledWorkflows":[]},"_links":{"self":[{"href":"https:\/\/www.oaxaca.gob.mx\/sep\/wp-json\/wp\/v2\/pages\/195","targetHints":{"allow":["GET"]}}],"collection":[{"href":"https:\/\/www.oaxaca.gob.mx\/sep\/wp-json\/wp\/v2\/pages"}],"about":[{"href":"https:\/\/www.oaxaca.gob.mx\/sep\/wp-json\/wp\/v2\/types\/page"}],"author":[{"embeddable":true,"href":"https:\/\/www.oaxaca.gob.mx\/sep\/wp-json\/wp\/v2\/users\/1"}],"replies":[{"embeddable":true,"href":"https:\/\/www.oaxaca.gob.mx\/sep\/wp-json\/wp\/v2\/comments?post=195"}],"version-history":[{"count":3,"href":"https:\/\/www.oaxaca.gob.mx\/sep\/wp-json\/wp\/v2\/pages\/195\/revisions"}],"predecessor-version":[{"id":289,"href":"https:\/\/www.oaxaca.gob.mx\/sep\/wp-json\/wp\/v2\/pages\/195\/revisions\/289"}],"wp:attachment":[{"href":"https:\/\/www.oaxaca.gob.mx\/sep\/wp-json\/wp\/v2\/media?parent=195"}],"wp:term":[{"taxonomy":"category","embeddable":true,"href":"https:\/\/www.oaxaca.gob.mx\/sep\/wp-json\/wp\/v2\/categories?post=195"},{"taxonomy":"post_tag","embeddable":true,"href":"https:\/\/www.oaxaca.gob.mx\/sep\/wp-json\/wp\/v2\/tags?post=195"}],"curies":[{"name":"wp","href":"https:\/\/api.w.org\/{rel}","templated":true}]}}