{"id":904,"date":"2017-04-27T15:24:13","date_gmt":"2017-04-27T21:24:13","guid":{"rendered":"http:\/\/www.sevitra.oaxaca.gob.mx\/?page_id=904"},"modified":"2019-08-06T09:58:19","modified_gmt":"2019-08-06T14:58:19","slug":"correccion-de-nombre-de-asociacion-civil","status":"publish","type":"page","link":"https:\/\/www.oaxaca.gob.mx\/semovi\/correccion-de-nombre-de-asociacion-civil\/","title":{"rendered":"Correcci\u00f3n de Nombre de Agrupaci\u00f3n"},"content":{"rendered":"<p><strong><span style=\"color: #c41318\">Descripci\u00f3n del Tr\u00e1mite<\/span><\/strong><\/p>\n<p>&nbsp;<\/p>\n<p><strong><span style=\"color: #c41318\">Formatos<\/span><\/strong><\/p>\n<table width=\"100%\">\n<tbody>\n<tr>\n<td width=\"50%\">\n<p style=\"text-align: justify\">Formato de Correcci\u00f3n de Nombre de Agrupaci\u00f3n<\/p>\n<\/td>\n<td><a href=\"https:\/\/www.oaxaca.gob.mx\/semovi\/wp-content\/uploads\/sites\/34\/2019\/08\/FORMATO-6-CORRECCION-DE-NOMBRE-DE-ASOCIACION-CIVIL-2019.pdf\" target=\"_blank\" rel=\"noopener noreferrer\"><img loading=\"lazy\" decoding=\"async\" class=\"alignnone aligncenter\" src=\"http:\/\/www.sevitra.oaxaca.gob.mx\/wp-content\/plugins\/legislacion\/img\/descargar.png\" alt=\"\" width=\"30\" height=\"30\" \/><\/a><a target=\"https:\/\/www.oaxaca.gob.mx\/semovi\/wp-content\/uploads\/sites\/34\/2019\/08\/FORMATO-6-CORRECCION-DE-NOMBRE-DE-ASOCIACION-CIVIL-2019.pdf\" rel=\"noopener noreferrer\"><br \/>\n<\/a><\/td>\n<\/tr>\n<\/tbody>\n<\/table>\n<p>&nbsp;<\/p>\n<p>&nbsp;<\/p>\n<p><strong><span style=\"color: #c41318\">Nota:<\/span><\/strong> El formato puede ser rellenado de manera digital.<\/p>\n<p>&nbsp;<\/p>\n<p><strong><span style=\"color: #c41318\">Requisitos<\/span><\/strong><\/p>\n<div class=\"col-md-12\"><a href=\"https:\/\/www.oaxaca.gob.mx\/semovi\/wp-content\/uploads\/sites\/34\/2019\/08\/06_CORRECCION-DE-NOMBRE.png\"><img loading=\"lazy\" decoding=\"async\" class=\"img-responsive aligncenter wp-image-889 size-full\" src=\"https:\/\/www.oaxaca.gob.mx\/semovi\/wp-content\/uploads\/sites\/34\/2019\/08\/06_CORRECCION-DE-NOMBRE.png\" alt=\"\" width=\"800\" height=\"600\" \/><\/a><\/div>\n<p>&nbsp;<\/p>\n<p><strong><span style=\"color: #c41318\">NOTA:<\/span><\/strong><\/p>\n<p>Para mayor informaci\u00f3n puede comunicarse a<\/p>\n<p>TELEFONO: 01 (951) 501 66 91 Ext 1622<\/p>\n<p>Correo electr\u00f3nico: <a href=\"mailto:controldetransporte@sevitraoaxaca.gob.mx\">controldetransporte@sevitraoaxaca.gob.mx<\/a><\/p>\n","protected":false},"excerpt":{"rendered":"<p>Descripci\u00f3n del Tr\u00e1mite &nbsp; Formatos Formato de Correcci\u00f3n de Nombre de Agrupaci\u00f3n &nbsp; &nbsp; Nota: El formato puede ser rellenado de manera digital. &nbsp; Requisitos &nbsp; NOTA: Para mayor informaci\u00f3n puede comunicarse a TELEFONO: 01 (951) 501 66 91 Ext 1622 Correo electr\u00f3nico: controldetransporte@sevitraoaxaca.gob.mx<\/p>\n","protected":false},"author":1,"featured_media":0,"parent":0,"menu_order":0,"comment_status":"closed","ping_status":"closed","template":"","meta":{"episode_type":"","audio_file":"","podmotor_file_id":"","podmotor_episode_id":"","cover_image":"","cover_image_id":"","duration":"","filesize":"","filesize_raw":"","date_recorded":"","explicit":"","block":"","itunes_episode_number":"","itunes_title":"","itunes_season_number":"","itunes_episode_type":"","footnotes":""},"categories":[],"tags":[],"class_list":["post-904","page","type-page","status-publish","hentry"],"acf":[],"publishpress_future_action":{"enabled":false,"date":"2026-04-11 03:56:39","action":"change-status","newStatus":"draft","terms":[],"taxonomy":"category","extraData":[]},"publishpress_future_workflow_manual_trigger":{"enabledWorkflows":[]},"_links":{"self":[{"href":"https:\/\/www.oaxaca.gob.mx\/semovi\/wp-json\/wp\/v2\/pages\/904","targetHints":{"allow":["GET"]}}],"collection":[{"href":"https:\/\/www.oaxaca.gob.mx\/semovi\/wp-json\/wp\/v2\/pages"}],"about":[{"href":"https:\/\/www.oaxaca.gob.mx\/semovi\/wp-json\/wp\/v2\/types\/page"}],"author":[{"embeddable":true,"href":"https:\/\/www.oaxaca.gob.mx\/semovi\/wp-json\/wp\/v2\/users\/1"}],"replies":[{"embeddable":true,"href":"https:\/\/www.oaxaca.gob.mx\/semovi\/wp-json\/wp\/v2\/comments?post=904"}],"version-history":[{"count":2,"href":"https:\/\/www.oaxaca.gob.mx\/semovi\/wp-json\/wp\/v2\/pages\/904\/revisions"}],"predecessor-version":[{"id":5332,"href":"https:\/\/www.oaxaca.gob.mx\/semovi\/wp-json\/wp\/v2\/pages\/904\/revisions\/5332"}],"wp:attachment":[{"href":"https:\/\/www.oaxaca.gob.mx\/semovi\/wp-json\/wp\/v2\/media?parent=904"}],"wp:term":[{"taxonomy":"category","embeddable":true,"href":"https:\/\/www.oaxaca.gob.mx\/semovi\/wp-json\/wp\/v2\/categories?post=904"},{"taxonomy":"post_tag","embeddable":true,"href":"https:\/\/www.oaxaca.gob.mx\/semovi\/wp-json\/wp\/v2\/tags?post=904"}],"curies":[{"name":"wp","href":"https:\/\/api.w.org\/{rel}","templated":true}]}}