{"id":6975,"date":"2020-09-01T18:47:44","date_gmt":"2020-09-01T23:47:44","guid":{"rendered":"https:\/\/www.oaxaca.gob.mx\/semovi\/?page_id=6975"},"modified":"2020-09-02T16:12:14","modified_gmt":"2020-09-02T21:12:14","slug":"registro-de-vehiculos-ensamblados-servicio-particular","status":"publish","type":"page","link":"https:\/\/www.oaxaca.gob.mx\/semovi\/registro-de-vehiculos-ensamblados-servicio-particular\/","title":{"rendered":"REGISTRO DE VEH\u00cdCULOS ENSAMBLADOS. SERVICIO PARTICULAR"},"content":{"rendered":"<div class=\"container-fluid\">\n<div class=\"row\">\n<div class=\"col-md-12\">\n<h3>Tramite presencial<\/h3>\n<ol>\n<li><strong>Asiste<\/strong> con la documentaci\u00f3n del tr\u00e1mite al m\u00f3dulo de atenci\u00f3n de la SEMOVI.<\/li>\n<li><strong>Entrega<\/strong> la documentaci\u00f3n correspondiente.<\/li>\n<li><strong>Recibe<\/strong> tu Acuse.<\/li>\n<\/ol>\n<h3><strong>Requisitos para el Tr\u00e1mite:<\/strong><\/h3>\n<p><img decoding=\"async\" class=\"img-fluid\" src=\"https:\/\/www.oaxaca.gob.mx\/semovi\/wp-content\/uploads\/sites\/34\/2019\/08\/RegVeh_PARTICULAR_PFM.png\" alt=\"Bootstrap Image Preview\" \/><\/p>\n<h3><strong>D\u00edas y horario de atenci\u00f3n<\/strong><\/h3>\n<p class=\"text-info\">Lunes a Viernes de 9:00hrs. a 17:00hrs.<\/p>\n<h3><strong>\u00bfEn d\u00f3nde llevo acabo mi tr\u00e1mite?<\/strong><\/h3>\n<ol>\n<li>Av. Carlos Gracida No. 9 San Antonio de la Cal, Oaxaca. Veh\u00edculos de Servicio P\u00fablico<\/li>\n<li>M\u00f3dulo Monte Alban. Calzada Madero 1336 Centro Oaxaca. Veh\u00edculos de Servicio Particular. Veh\u00edculos Extranjeros.<\/li>\n<li>Calle de Libres 606, Centro, Oaxaca. Veh\u00edculos Servicio Particular<\/li>\n<li>Av. Ferrocarril 2014, Santa Cruz Amilpas, Oax. Veh\u00edculos de Servicio a Empresas y Gobierno del Estado.<\/li>\n<li>Y los diferentes m\u00f3dulos en el interior del Estado<\/li>\n<\/ol>\n<h3><strong>\u00c1rea donde se proporciona el servicio:<\/strong><\/h3>\n<p>Departamento de Emplacamiento, Permisos y Tarjetas de Circulaci\u00f3n<\/p>\n<h3><strong>Nombre del responsable del \u00e1rea donde se proporciona el tr\u00e1mite<\/strong><\/h3>\n<p><strong>Jos\u00e9 Gerardo Flores Caballero<\/strong>&nbsp;<br \/>\nDirector de Licencias y Emplacamiento Veh\u00edcular<\/p>\n<h3><strong>Nombre y puesto del responsable del tr\u00e1mite<\/strong><\/h3>\n<p><strong>L.A. Georgina Cort\u00e9s Mendoza<\/strong>&nbsp;<br \/>\nJefe del Depto. de Emplacamiento, Permisos y Tarjetas de Circulaci\u00f3n<\/p>\n<h3><strong>Dudas y sugerencias<\/strong><\/h3>\n<p>Departamento de Licencias<\/p>\n<p>Av. Carlos Gracida No. 9 San Antonio de la Cal, Oaxaca.&nbsp;<\/p>\n<p>Tel: 01 (951) 5016691 Ext 1637<\/p>\n<\/div>\n<\/div>\n<\/div>\n","protected":false},"excerpt":{"rendered":"<p>Tramite presencial Asiste con la documentaci\u00f3n del tr\u00e1mite al m\u00f3dulo de atenci\u00f3n de la SEMOVI. Entrega la documentaci\u00f3n correspondiente. Recibe tu Acuse. Requisitos para el Tr\u00e1mite: D\u00edas y horario de atenci\u00f3n Lunes a Viernes de 9:00hrs. a 17:00hrs. \u00bfEn d\u00f3nde llevo acabo mi tr\u00e1mite? Av. Carlos Gracida No. 9 San Antonio de la Cal, Oaxaca. [&hellip;]<\/p>\n","protected":false},"author":42,"featured_media":0,"parent":0,"menu_order":0,"comment_status":"closed","ping_status":"closed","template":"","meta":{"episode_type":"","audio_file":"","podmotor_file_id":"","podmotor_episode_id":"","cover_image":"","cover_image_id":"","duration":"","filesize":"","filesize_raw":"","date_recorded":"","explicit":"","block":"","itunes_episode_number":"","itunes_title":"","itunes_season_number":"","itunes_episode_type":"","footnotes":""},"categories":[],"tags":[],"class_list":["post-6975","page","type-page","status-publish","hentry"],"acf":[],"publishpress_future_action":{"enabled":false,"date":"2026-04-11 00:00:07","action":"change-status","newStatus":"draft","terms":[],"taxonomy":"category","extraData":[]},"publishpress_future_workflow_manual_trigger":{"enabledWorkflows":[]},"_links":{"self":[{"href":"https:\/\/www.oaxaca.gob.mx\/semovi\/wp-json\/wp\/v2\/pages\/6975","targetHints":{"allow":["GET"]}}],"collection":[{"href":"https:\/\/www.oaxaca.gob.mx\/semovi\/wp-json\/wp\/v2\/pages"}],"about":[{"href":"https:\/\/www.oaxaca.gob.mx\/semovi\/wp-json\/wp\/v2\/types\/page"}],"author":[{"embeddable":true,"href":"https:\/\/www.oaxaca.gob.mx\/semovi\/wp-json\/wp\/v2\/users\/42"}],"replies":[{"embeddable":true,"href":"https:\/\/www.oaxaca.gob.mx\/semovi\/wp-json\/wp\/v2\/comments?post=6975"}],"version-history":[{"count":6,"href":"https:\/\/www.oaxaca.gob.mx\/semovi\/wp-json\/wp\/v2\/pages\/6975\/revisions"}],"predecessor-version":[{"id":6985,"href":"https:\/\/www.oaxaca.gob.mx\/semovi\/wp-json\/wp\/v2\/pages\/6975\/revisions\/6985"}],"wp:attachment":[{"href":"https:\/\/www.oaxaca.gob.mx\/semovi\/wp-json\/wp\/v2\/media?parent=6975"}],"wp:term":[{"taxonomy":"category","embeddable":true,"href":"https:\/\/www.oaxaca.gob.mx\/semovi\/wp-json\/wp\/v2\/categories?post=6975"},{"taxonomy":"post_tag","embeddable":true,"href":"https:\/\/www.oaxaca.gob.mx\/semovi\/wp-json\/wp\/v2\/tags?post=6975"}],"curies":[{"name":"wp","href":"https:\/\/api.w.org\/{rel}","templated":true}]}}