{"id":666,"date":"2017-04-18T14:14:05","date_gmt":"2017-04-18T20:14:05","guid":{"rendered":"http:\/\/www.sevitra.oaxaca.gob.mx\/?page_id=666"},"modified":"2017-04-18T14:14:05","modified_gmt":"2017-04-18T20:14:05","slug":"permiso-provisional","status":"publish","type":"page","link":"https:\/\/www.oaxaca.gob.mx\/semovi\/permiso-provisional\/","title":{"rendered":"Permiso Provisional"},"content":{"rendered":"<p>\t\t\t\t<strong><span style=\"color: #c41318\">Objetivo<\/span><\/strong><\/p>\n<p style=\"text-align: justify\">Asegurar la continuidad de la prestaci\u00f3n del servicio p\u00fablico de transporte en conformidad con el art 94 de la Ley de Transporte del Estado de Oaxaca as\u00ed como asegurar sus derechos establecidos en el art\u00edculo 120 de la Ley de Transporte del Estado de Oaxaca.<\/p>\n<p>&nbsp;<\/p>\n<p><strong><span style=\"color: #c41318\">A considerar:<\/span><\/strong><\/p>\n<p style=\"text-align: justify\">La Secretar\u00eda podr\u00e1 otorgar permisos provisionales cuando exista una necesidad eventual, emergente o extraordinaria de transporte en cualquiera de sus modalidades, que rebase la capacidad de los concesionarios.<br \/>\nLa Secretar\u00eda podr\u00e1 expedir permisos provisionales a los concesionarios para asegurar la continuidad del servicio cuando se encuentre en proceso alg\u00fan tr\u00e1mite administrativo relacionado con el t\u00edtulo de concesi\u00f3n otorgado.<\/p>\n<p>&nbsp;<\/p>\n<p><strong><span style=\"color: #c41318\">Requisitos:<\/span><\/strong><\/p>\n<ul>\n<li style=\"text-align: justify\">Solicitud personal dirigida al Secretario de Vialidad y Transporte Ing. Francisco Javier Garc\u00eda L\u00f3pez, con atenci\u00f3n al Director de Concesiones Lic. Carlos Abdelkarin V\u00e1zquez Guerra, debiendo anexar en original y copia (anotar n\u00famero telef\u00f3nico del interesado Identificaci\u00f3n oficial: Credencial de elector, pasaporte, cartilla de servicio militar, cedula profesional.<\/li>\n<li>Licencia de conducir vigente del Estado de Oaxaca.<\/li>\n<li>Factura de la Unidad: En caso de presentar carta factura deber\u00e1 anexar la copia sin valor de la factura.<\/li>\n<li>P\u00f3liza de seguro vigente: con responsabilidad civil del pasajero de 3160 SMGVDF, responsabilidad civil por da\u00f1os a terceros y muerte al conductor<\/li>\n<\/ul>\n","protected":false},"excerpt":{"rendered":"<p>Objetivo Asegurar la continuidad de la prestaci\u00f3n del servicio p\u00fablico de transporte en conformidad con el art 94 de la Ley de Transporte del Estado de Oaxaca as\u00ed como asegurar sus derechos establecidos en el art\u00edculo 120 de la Ley de Transporte del Estado de Oaxaca. &nbsp; A considerar: La Secretar\u00eda podr\u00e1 otorgar permisos provisionales [&hellip;]<\/p>\n","protected":false},"author":1,"featured_media":0,"parent":0,"menu_order":0,"comment_status":"closed","ping_status":"closed","template":"","meta":{"episode_type":"","audio_file":"","podmotor_file_id":"","podmotor_episode_id":"","cover_image":"","cover_image_id":"","duration":"","filesize":"","filesize_raw":"","date_recorded":"","explicit":"","block":"","itunes_episode_number":"","itunes_title":"","itunes_season_number":"","itunes_episode_type":"","footnotes":""},"categories":[],"tags":[],"class_list":["post-666","page","type-page","status-publish","hentry"],"acf":[],"publishpress_future_action":{"enabled":false,"date":"2026-04-10 11:16:53","action":"change-status","newStatus":"draft","terms":[],"taxonomy":"category","extraData":[]},"publishpress_future_workflow_manual_trigger":{"enabledWorkflows":[]},"_links":{"self":[{"href":"https:\/\/www.oaxaca.gob.mx\/semovi\/wp-json\/wp\/v2\/pages\/666","targetHints":{"allow":["GET"]}}],"collection":[{"href":"https:\/\/www.oaxaca.gob.mx\/semovi\/wp-json\/wp\/v2\/pages"}],"about":[{"href":"https:\/\/www.oaxaca.gob.mx\/semovi\/wp-json\/wp\/v2\/types\/page"}],"author":[{"embeddable":true,"href":"https:\/\/www.oaxaca.gob.mx\/semovi\/wp-json\/wp\/v2\/users\/1"}],"replies":[{"embeddable":true,"href":"https:\/\/www.oaxaca.gob.mx\/semovi\/wp-json\/wp\/v2\/comments?post=666"}],"version-history":[{"count":0,"href":"https:\/\/www.oaxaca.gob.mx\/semovi\/wp-json\/wp\/v2\/pages\/666\/revisions"}],"wp:attachment":[{"href":"https:\/\/www.oaxaca.gob.mx\/semovi\/wp-json\/wp\/v2\/media?parent=666"}],"wp:term":[{"taxonomy":"category","embeddable":true,"href":"https:\/\/www.oaxaca.gob.mx\/semovi\/wp-json\/wp\/v2\/categories?post=666"},{"taxonomy":"post_tag","embeddable":true,"href":"https:\/\/www.oaxaca.gob.mx\/semovi\/wp-json\/wp\/v2\/tags?post=666"}],"curies":[{"name":"wp","href":"https:\/\/api.w.org\/{rel}","templated":true}]}}