{"id":564,"date":"2017-04-10T14:57:59","date_gmt":"2017-04-10T20:57:59","guid":{"rendered":"http:\/\/www.sevitra.oaxaca.gob.mx\/?page_id=564"},"modified":"2017-04-10T14:57:59","modified_gmt":"2017-04-10T20:57:59","slug":"objetivo","status":"publish","type":"page","link":"https:\/\/www.oaxaca.gob.mx\/semovi\/objetivo\/","title":{"rendered":"Educaci\u00f3n y Vinculaci\u00f3n"},"content":{"rendered":"<div class=\"row\">\n<div class=\"col-3\">\n<div class=\"nav flex-column nav-pills\" id=\"v-pills-tab\" role=\"tablist\"><a class=\"nav-link active\" style=\"padding: 10px;width: 100%\" data-toggle=\"pill\" role=\"tab\" href=\"#objetivo\"> Objetivo<\/a><a class=\"nav-link\" style=\"padding: 10px;width: 100%\" data-toggle=\"pill\" role=\"tab\" href=\"#misionvision\"> Misi\u00f3n y Visi\u00f3n<\/a><a class=\"nav-link\" style=\"padding: 10px;width: 100%\" data-toggle=\"pill\" role=\"tab\" href=\"#funciones\"> Funciones<\/a><a class=\"nav-link\" style=\"padding: 10px;width: 100%\" data-toggle=\"pill\" role=\"tab\" href=\"#noticias\"> Noticias de Capacitaci\u00f3n<\/a><\/div>\n<\/div>\n<div class=\"col-9\">\n<div class=\"tab-content interno1\" style=\"padding-top: 24px\">\n<div id=\"objetivo\" class=\"tab-pane container active\">\n<p style=\"text-align: center\"><span style=\"color: #8d3b88\"><strong>Objetivo<\/strong><\/span><\/p>\n<p>Desarrollar y promover programas de capacitaci\u00f3n para mejorar la prestaci\u00f3n del servicio del transporte p\u00fablico con la finalidad de fomentar una cultura vial y as\u00ed minimizar los riesgos de accidentes viales.\n<\/p><\/div>\n<div id=\"misionvision\" class=\"tab-pane container\">\n<p style=\"text-align: center\"><span style=\"color: #8d3b88\"><strong>Misi\u00f3n<\/strong><\/span><\/p>\n<p>Contribuir al desarrollo integral del conductor del transporte p\u00fablico, por medio de programas de capacitaci\u00f3n y certificaci\u00f3n que impacten los niveles de productividad para el logro de los objetivos en beneficio de la ciudadan\u00eda Oaxaque\u00f1a.<\/p>\n<p style=\"text-align: center\"><span style=\"color: #8d3b88\"><strong>Visi\u00f3n<\/strong><\/span><\/p>\n<p>Certificar a conductores del transporte p\u00fablico en competencias laborales con el prop\u00f3sito de disminuir el \u00edndice de accidentes viales.\n<\/p><\/div>\n<div id=\"funciones\" class=\"tab-pane container\">\n<p style=\"text-align: center\"><span style=\"color: #8d3b88\"><strong>Funciones<\/strong><\/span><\/p>\n<ul class=\"listas-geo\">\n<li>Promover y fomentar el desarrollo del factor Humano que presta sus servicios en el transporte p\u00fablico en sus diferentes modalidades.<\/li>\n<\/ul>\n<ul class=\"listas-geo\">\n<li>Atender las solicitudes de capacitaci\u00f3n de las diferentes regiones del estado, en materia del transporte p\u00fablico en sus diferentes modalidades.<\/li>\n<\/ul>\n<ul class=\"listas-geo\">\n<li>Dise\u00f1ar el modelo de capacitaci\u00f3n para su aplicaci\u00f3n en la Secretaria de Vialidad y Transporte.<\/li>\n<\/ul>\n<ul class=\"listas-geo\">\n<li>Coordinar los diversos cursos de capacitaci\u00f3n para su atenci\u00f3n en los municipios solicitantes.<\/li>\n<\/ul>\n<ul class=\"listas-geo\">\n<li>Gestionar los tr\u00e1mites administrativos correspondientes para la liberaci\u00f3n de recursos financieros y materiales para la ejecuci\u00f3n de los cursos.<\/li>\n<\/ul>\n<ul class=\"listas-geo\">\n<li>Resguardar la documentaci\u00f3n que soporta la evidencia de cada uno de los cursos impartidos.(listas de asistencia y c\u00e9dulas de registro de cada participante con documentaci\u00f3n personal anexa)<\/li>\n<\/ul>\n<ul class=\"listas-geo\">\n<li>Integrar el expediente del conductor capacitado (C\u00e9dula de identificaci\u00f3n del capacitando, curp o IFE, dos fotograf\u00edas tama\u00f1o infantil opcional a colores o blanco y negro, y copia de la concesi\u00f3n seg\u00fan sea el caso)<\/li>\n<\/ul>\n<ul class=\"listas-geo\">\n<li>Validar la correcta entrega de los tarjetones y constancias a los conductores capacitados.<\/li>\n<\/ul>\n<ul class=\"listas-geo\">\n<li>Impulsar y articular todos los nuevos proyectos que el \u00e1rea t\u00e9cnica dise\u00f1e o genere para incremento de la competitividad del autotransporte y la profesionalizaci\u00f3n del Capital Humano adscrito a las Organizaciones prestadoras de servicio de transporte.<\/li>\n<\/ul>\n<ul class=\"listas-geo\">\n<li>Gestionar la obtenci\u00f3n de apoyos institucionales de organismos p\u00fablicos y privados, con la finalidad de brindar capacitaci\u00f3n y formaci\u00f3n al Factor Humano prestador de los servicios de transporte p\u00fablico en todas sus modalidades.<\/li>\n<\/ul>\n<ul class=\"listas-geo\">\n<li>Promover al interior de las organizaciones prestadoras de los servicios de transporte la generaci\u00f3n de una nueva cultura en la prestaci\u00f3n de servicios.<\/li>\n<\/ul>\n<ul class=\"listas-geo\">\n<li>Las dem\u00e1s funciones afines que le sean asignadas por delegaci\u00f3n o por disposici\u00f3n legal.<\/li>\n<\/ul>\n<\/div>\n<div id=\"noticias\" class=\"tab-pane container\">\n<p style=\"text-align: center\"><span style=\"color: #8d3b88\"><strong>Noticias de Capacitaci\u00f3n<\/strong><\/span><\/p>\n[posts posts_per_page=\u00bb6&#8243; tax_term=\u00bb11&#8243; order=\u00bbdesc\u00bb template=\u00bbtemplates\/default-loop.php\u00bb]\n<\/div>\n<\/div>\n<\/div>\n<\/div>\n","protected":false},"excerpt":{"rendered":"<p>Objetivo Misi\u00f3n y Visi\u00f3n Funciones Noticias de Capacitaci\u00f3n Objetivo Desarrollar y promover programas de capacitaci\u00f3n para mejorar la prestaci\u00f3n del servicio del transporte p\u00fablico con la finalidad de fomentar una cultura vial y as\u00ed minimizar los riesgos de accidentes viales. Misi\u00f3n Contribuir al desarrollo integral del conductor del transporte p\u00fablico, por medio de programas de [&hellip;]<\/p>\n","protected":false},"author":1,"featured_media":0,"parent":0,"menu_order":0,"comment_status":"closed","ping_status":"closed","template":"","meta":{"episode_type":"","audio_file":"","podmotor_file_id":"","podmotor_episode_id":"","cover_image":"","cover_image_id":"","duration":"","filesize":"","filesize_raw":"","date_recorded":"","explicit":"","block":"","itunes_episode_number":"","itunes_title":"","itunes_season_number":"","itunes_episode_type":"","footnotes":""},"categories":[],"tags":[],"class_list":["post-564","page","type-page","status-publish","hentry"],"acf":[],"publishpress_future_action":{"enabled":false,"date":"2026-04-10 18:57:28","action":"change-status","newStatus":"draft","terms":[],"taxonomy":"category","extraData":[]},"publishpress_future_workflow_manual_trigger":{"enabledWorkflows":[]},"_links":{"self":[{"href":"https:\/\/www.oaxaca.gob.mx\/semovi\/wp-json\/wp\/v2\/pages\/564","targetHints":{"allow":["GET"]}}],"collection":[{"href":"https:\/\/www.oaxaca.gob.mx\/semovi\/wp-json\/wp\/v2\/pages"}],"about":[{"href":"https:\/\/www.oaxaca.gob.mx\/semovi\/wp-json\/wp\/v2\/types\/page"}],"author":[{"embeddable":true,"href":"https:\/\/www.oaxaca.gob.mx\/semovi\/wp-json\/wp\/v2\/users\/1"}],"replies":[{"embeddable":true,"href":"https:\/\/www.oaxaca.gob.mx\/semovi\/wp-json\/wp\/v2\/comments?post=564"}],"version-history":[{"count":0,"href":"https:\/\/www.oaxaca.gob.mx\/semovi\/wp-json\/wp\/v2\/pages\/564\/revisions"}],"wp:attachment":[{"href":"https:\/\/www.oaxaca.gob.mx\/semovi\/wp-json\/wp\/v2\/media?parent=564"}],"wp:term":[{"taxonomy":"category","embeddable":true,"href":"https:\/\/www.oaxaca.gob.mx\/semovi\/wp-json\/wp\/v2\/categories?post=564"},{"taxonomy":"post_tag","embeddable":true,"href":"https:\/\/www.oaxaca.gob.mx\/semovi\/wp-json\/wp\/v2\/tags?post=564"}],"curies":[{"name":"wp","href":"https:\/\/api.w.org\/{rel}","templated":true}]}}