{"id":5395,"date":"2019-08-22T13:22:10","date_gmt":"2019-08-22T18:22:10","guid":{"rendered":"https:\/\/www.oaxaca.gob.mx\/semovi\/?page_id=5395"},"modified":"2021-10-12T13:37:55","modified_gmt":"2021-10-12T18:37:55","slug":"atencion-ciudadana","status":"publish","type":"page","link":"https:\/\/www.oaxaca.gob.mx\/semovi\/atencion-ciudadana\/","title":{"rendered":"Atenci\u00f3n Ciudadana"},"content":{"rendered":"<p>El \u00e1rea de Atenci\u00f3n Ciudadana de la Secretar\u00eda de Movilidad es el canal que proporciona informaci\u00f3n de calidad al usuario a trav\u00e9s de una atenci\u00f3n personalizada, aqu\u00ed podr\u00e1s presentar las quejas, peticiones y sugerencias referentes al servicio de Transporte P\u00fablico.<br \/>\nSu principal objetivo es brindar informaci\u00f3n oportuna sobre los tr\u00e1mites y servicios proporcionados por la Secretar\u00eda.<\/p>\n<p><span style=\"color: #ff0000\"><strong>M\u00f3dulos de Atenci\u00f3n<\/strong><\/span><\/p>\n<p>&nbsp;<\/p>\n<div class=\"row\">\n<div class=\"col-3\">\n<div id=\"v-pills-tab\" class=\"nav flex-column nav-pills\" role=\"tablist\"><a class=\"nav-link active\" style=\"padding: 10px;width: 100%\" role=\"tab\" href=\"#uno\" data-toggle=\"pill\"> M\u00f3dulos de Licencias<\/a><a class=\"nav-link\" style=\"padding: 10px;width: 100%\" role=\"tab\" href=\"#dos\" data-toggle=\"pill\">M\u00f3dulos de Atenci\u00f3n Emplacamiento<\/a><a class=\"nav-link\" style=\"padding: 10px;width: 100%\" role=\"tab\" href=\"#tres\" data-toggle=\"pill\"> M\u00f3dulo de Atenci\u00f3n Control de Transporte<\/a><a class=\"nav-link\" style=\"padding: 10px;width: 100%\" role=\"tab\" href=\"#cuatro\" data-toggle=\"pill\"> M\u00f3dulo de Atenci\u00f3n Concesiones<\/a><br \/>\n<a class=\"nav-link\" style=\"padding: 10px;width: 100%\" role=\"tab\" href=\"#cinco\" data-toggle=\"pill\"> M\u00f3dulo de Atenci\u00f3n Planeaci\u00f3n y Evaluaci\u00f3n.<\/a><br \/>\n<a class=\"nav-link\" style=\"padding: 10px;width: 100%\" role=\"tab\" href=\"#seis\" data-toggle=\"pill\"> M\u00f3dulo de Atenci\u00f3n Educaci\u00f3n y Vinculaci\u00f3n.<\/a><br \/>\n<a class=\"nav-link\" style=\"padding: 10px;width: 100%\" role=\"tab\" href=\"#siete\" data-toggle=\"pill\"> Atenci\u00f3n CAT SEMOVI<\/a><br \/>\n<a class=\"nav-link\" style=\"padding: 10px;width: 100%\" role=\"tab\" href=\"#ocho\" data-toggle=\"pill\"> Atenci\u00f3n FACEBOOK INBOX<\/a><br \/>\n<a class=\"nav-link\" style=\"padding: 10px;width: 100%\" role=\"tab\" href=\"#nueve\" data-toggle=\"pill\"> Buz\u00f3n de QUEJAS Y SUGERENCIAS v\u00eda mensaje de WHATSAPP<\/a><\/div>\n<\/div>\n<div class=\"col-9\">\n<div class=\"tab-content\">\n<div role=\"tabpanel\"><\/div>\n<div id=\"uno\" class=\"tab-pane fade show active\" role=\"tabpanel\">\n<p><img loading=\"lazy\" decoding=\"async\" width=\"822\" height=\"642\" class=\"size-medium wp-image-5893 aligncenter\" src=\"https:\/\/www.oaxaca.gob.mx\/semovi\/wp-content\/uploads\/sites\/34\/2019\/11\/modulos_Mesa-de-trabajo-1.png\" alt=\"\" srcset=\"https:\/\/www.oaxaca.gob.mx\/semovi\/wp-content\/uploads\/sites\/34\/2019\/11\/modulos_Mesa-de-trabajo-1.png 822w, https:\/\/www.oaxaca.gob.mx\/semovi\/wp-content\/uploads\/sites\/34\/2019\/11\/modulos_Mesa-de-trabajo-1-300x234.png 300w, https:\/\/www.oaxaca.gob.mx\/semovi\/wp-content\/uploads\/sites\/34\/2019\/11\/modulos_Mesa-de-trabajo-1-768x600.png 768w\" sizes=\"auto, (max-width: 822px) 100vw, 822px\" \/><\/p>\n<p>&nbsp;<\/p>\n<\/div>\n<div id=\"dos\" class=\"tab-pane fade show\" role=\"tabpanel\">\n<p><img decoding=\"async\" class=\"size-medium wp-image-5893 aligncenter\" src=\"https:\/\/www.oaxaca.gob.mx\/semovi\/wp-content\/uploads\/sites\/34\/2019\/11\/emplacamiento.png\" alt=\"\" \/><\/p>\n<\/div>\n<div id=\"tres\" class=\"tab-pane fade show\" role=\"tabpanel\">\n<p><img decoding=\"async\" class=\"size-medium wp-image-5893 aligncenter\" src=\"https:\/\/www.oaxaca.gob.mx\/semovi\/wp-content\/uploads\/sites\/34\/2019\/11\/control-de-transporte.png\" alt=\"\" \/><\/p>\n<\/div>\n<div id=\"cuatro\" class=\"tab-pane fade show\" role=\"tabpanel\">\n<p><img decoding=\"async\" class=\"size-medium wp-image-5893 aligncenter\" src=\"https:\/\/www.oaxaca.gob.mx\/semovi\/wp-content\/uploads\/sites\/34\/2019\/11\/CONCE.png\" alt=\"\" \/><\/p>\n<\/div>\n<div id=\"cinco\" class=\"tab-pane fade show\" role=\"tabpanel\">\n<p><img decoding=\"async\" class=\"size-medium wp-image-5893 aligncenter\" src=\"https:\/\/www.oaxaca.gob.mx\/semovi\/wp-content\/uploads\/sites\/34\/2019\/11\/planeaci\u00f3n-y-evaluaci\u00f3n.png\" alt=\"\" \/><\/p>\n<\/div>\n<div id=\"seis\" class=\"tab-pane fade show\" role=\"tabpanel\">\n<p><img decoding=\"async\" class=\"size-medium wp-image-5893 aligncenter\" src=\"https:\/\/www.oaxaca.gob.mx\/semovi\/wp-content\/uploads\/sites\/34\/2019\/11\/EDUC-Y-VINC.png\" alt=\"\" \/><\/p>\n<\/div>\n<div id=\"seis\" class=\"tab-pane fade show\" role=\"tabpanel\">\n<p><img decoding=\"async\" class=\"size-medium wp-image-5893 aligncenter\" src=\"https:\/\/www.oaxaca.gob.mx\/semovi\/wp-content\/uploads\/sites\/34\/2019\/11\/EDUC-Y-VINC.png\" alt=\"\" \/><\/p>\n<\/div>\n<div id=\"siete\" class=\"tab-pane fade show\" role=\"tabpanel\">\n<p><img decoding=\"async\" class=\"size-medium wp-image-5893 aligncenter\" src=\"https:\/\/www.oaxaca.gob.mx\/semovi\/wp-content\/uploads\/sites\/34\/2021\/10\/catatencionciudadana.jpeg\" alt=\"\" \/><\/p>\n<\/div>\n<div id=\"ocho\" class=\"tab-pane fade show\" role=\"tabpanel\">\n<p><img decoding=\"async\" class=\"size-medium wp-image-5893 aligncenter\" src=\"https:\/\/www.oaxaca.gob.mx\/semovi\/wp-content\/uploads\/sites\/34\/2019\/11\/FACEBOOK-INBOX.png\" alt=\"\" \/><\/p>\n<\/div>\n<div id=\"nueve\" class=\"tab-pane fade show\" role=\"tabpanel\">\n<p><img decoding=\"async\" class=\"size-medium wp-image-5893 aligncenter\" src=\"https:\/\/www.oaxaca.gob.mx\/semovi\/wp-content\/uploads\/sites\/34\/2021\/10\/catatencionciudadana.jpeg\" alt=\"\" \/><\/p>\n<\/div>\n<\/div>\n<\/div>\n<\/div>\n<p>&nbsp;<\/p>\n<ul>\n<li><span style=\"color: #ff0000\">Preguntas frecuentes<\/span><\/li>\n<\/ul>\n<p>Desplegar un pdf con preguntas frecuentes<\/p>\n<p><strong>\u00a0<\/strong><\/p>\n<p>Sitios de Inter\u00e9s<\/p>\n<p><a href=\"https:\/\/www.finanzasoaxaca.gob.mx\/\">https:\/\/www.finanzasoaxaca.gob.mx\/<\/a><\/p>\n<p><a href=\"https:\/\/sspo.gob.mx\/\">https:\/\/sspo.gob.mx\/<\/a><\/p>\n<p>&nbsp;<\/p>\n<p>http:\/\/fge.oaxaca.gob.mx<\/p>\n<p>Llama al 089 si eres v\u00edctima o testigo de un delito.<\/p>\n","protected":false},"excerpt":{"rendered":"<p>El \u00e1rea de Atenci\u00f3n Ciudadana de la Secretar\u00eda de Movilidad es el canal que proporciona informaci\u00f3n de calidad al usuario a trav\u00e9s de una atenci\u00f3n personalizada, aqu\u00ed podr\u00e1s presentar las quejas, peticiones y sugerencias referentes al servicio de Transporte P\u00fablico. Su principal objetivo es brindar informaci\u00f3n oportuna sobre los tr\u00e1mites y servicios proporcionados por la [&hellip;]<\/p>\n","protected":false},"author":42,"featured_media":0,"parent":0,"menu_order":0,"comment_status":"closed","ping_status":"closed","template":"","meta":{"episode_type":"","audio_file":"","podmotor_file_id":"","podmotor_episode_id":"","cover_image":"","cover_image_id":"","duration":"","filesize":"","filesize_raw":"","date_recorded":"","explicit":"","block":"","itunes_episode_number":"","itunes_title":"","itunes_season_number":"","itunes_episode_type":"","footnotes":""},"categories":[],"tags":[],"class_list":["post-5395","page","type-page","status-publish","hentry"],"acf":[],"publishpress_future_action":{"enabled":false,"date":"2026-05-14 06:23:43","action":"change-status","newStatus":"draft","terms":[],"taxonomy":"category","extraData":[]},"publishpress_future_workflow_manual_trigger":{"enabledWorkflows":[]},"_links":{"self":[{"href":"https:\/\/www.oaxaca.gob.mx\/semovi\/wp-json\/wp\/v2\/pages\/5395","targetHints":{"allow":["GET"]}}],"collection":[{"href":"https:\/\/www.oaxaca.gob.mx\/semovi\/wp-json\/wp\/v2\/pages"}],"about":[{"href":"https:\/\/www.oaxaca.gob.mx\/semovi\/wp-json\/wp\/v2\/types\/page"}],"author":[{"embeddable":true,"href":"https:\/\/www.oaxaca.gob.mx\/semovi\/wp-json\/wp\/v2\/users\/42"}],"replies":[{"embeddable":true,"href":"https:\/\/www.oaxaca.gob.mx\/semovi\/wp-json\/wp\/v2\/comments?post=5395"}],"version-history":[{"count":12,"href":"https:\/\/www.oaxaca.gob.mx\/semovi\/wp-json\/wp\/v2\/pages\/5395\/revisions"}],"predecessor-version":[{"id":8405,"href":"https:\/\/www.oaxaca.gob.mx\/semovi\/wp-json\/wp\/v2\/pages\/5395\/revisions\/8405"}],"wp:attachment":[{"href":"https:\/\/www.oaxaca.gob.mx\/semovi\/wp-json\/wp\/v2\/media?parent=5395"}],"wp:term":[{"taxonomy":"category","embeddable":true,"href":"https:\/\/www.oaxaca.gob.mx\/semovi\/wp-json\/wp\/v2\/categories?post=5395"},{"taxonomy":"post_tag","embeddable":true,"href":"https:\/\/www.oaxaca.gob.mx\/semovi\/wp-json\/wp\/v2\/tags?post=5395"}],"curies":[{"name":"wp","href":"https:\/\/api.w.org\/{rel}","templated":true}]}}