{"id":369,"date":"2017-03-15T11:15:29","date_gmt":"2017-03-15T17:15:29","guid":{"rendered":"http:\/\/www.sevitra.oaxaca.gob.mx\/?page_id=369"},"modified":"2017-03-15T11:15:29","modified_gmt":"2017-03-15T17:15:29","slug":"transferencia-por-fallecimiento","status":"publish","type":"page","link":"https:\/\/www.oaxaca.gob.mx\/semovi\/transferencia-por-fallecimiento\/","title":{"rendered":"Transferencia por Fallecimiento"},"content":{"rendered":"<p>\t\t\t\t<strong><span style=\"color: #c41318\"><b>Descripci\u00f3n de Tr\u00e1mite<\/b><\/span><\/strong><\/p>\n<p style=\"text-align: justify\">Los familiares no pierden sus Derechos y obligaciones derivadas de la concesi\u00f3n y contin\u00faan prestando el Servicio P\u00fablico de Transporte y as\u00ed garantizar una Certeza Jur\u00eddica.<br \/>\nAl fallecimiento del Titular de la Concesi\u00f3n, se deber\u00e1 comunicarlo por escrito a la Secretar\u00eda, dentro de los SESENTA D\u00cdAS SIGUIENTES y solicitar la transferencia de la concesi\u00f3n, de no hacerlo ser\u00e1n acreedores a una infracci\u00f3n correspondiente y de los da\u00f1os y perjuicios que se causen por esta emisi\u00f3n, como lo establece el Cap\u00edtulo D\u00e9cimo Sexto del Art\u00edculo 106 del Reglamento Interno de la Secretar\u00eda de Vialidad y Transporte.\n<\/p>\n<p>&nbsp;<\/p>\n<p><strong><b><span style=\"color: #c41318\">Requisitos para el Tr\u00e1mite<\/span><\/b><\/strong><\/p>\n<p>&nbsp;<\/p>\n<div class=\"col-md-12\"><a href=\"https:\/\/www.oaxaca.gob.mx\/semovi\/wp-content\/uploads\/sites\/34\/2018\/04\/TRANSFERENCIA_CONCESION_VEDA.png\"><img loading=\"lazy\" decoding=\"async\" class=\"img-responsive aligncenter\" src=\"https:\/\/www.oaxaca.gob.mx\/semovi\/wp-content\/uploads\/sites\/34\/2018\/04\/TRANSFERENCIA_CONCESION_VEDA.png\" alt=\"transferenciafallecimiento\" width=\"793\" height=\"612\" \/><\/a><\/div>\n<p><span style=\"color: #c41318\"><b><strong>D\u00edas y horario de atenci\u00f3n<\/strong><\/b><\/span><\/p>\n<p>Lunes a Viernes de 9:00 a 14:30 horas<\/p>\n<p>&nbsp;<\/p>\n<p><span style=\"color: #c41318\"><b><strong>Lugar donde se proporciona el tr\u00e1mite<\/strong><\/b><\/span><\/p>\n<p>Av. Carlos Gracida No. 9 San Antonio de la Cal, Oaxaca. (Edificio 2 &#8211; Planta baja)<\/p>\n<p>&nbsp;<\/p>\n<p><span style=\"color: #c41318\"><b><strong>Nombre de los Titulares <\/strong><\/b><\/span><\/p>\n<p><b>Lic. Alejandro Villanueva L\u00f3pez<\/b><br \/>\nEncargado del Despacho de la Secretar\u00eda de Vialidad y Transporte<\/p>\n<p><b>Lic. Jorge Ismael Flores Avenda\u00f1o<\/b><br \/>\nDirector de Concesiones<br \/>\n&nbsp;<\/p>\n<p><span style=\"color: #c41318\"><b><strong>\u00c1rea donde se proporciona el servicio<\/strong><\/b><\/span><\/p>\n<p>Depto. de Transferencia de Concesiones<\/p>\n<p>&nbsp;<\/p>\n<p><span style=\"color: #c41318\"><b><strong>Nombre del responsable del \u00e1rea donde se proporciona el tr\u00e1mite<\/strong><\/b><\/span><\/p>\n<p><b>Lic. Marco Antonio Guzm\u00e1n Antonio <\/b><br \/>\nJefe del Depto. de Transferencia de Concesiones<\/p>\n","protected":false},"excerpt":{"rendered":"<p>Descripci\u00f3n de Tr\u00e1mite Los familiares no pierden sus Derechos y obligaciones derivadas de la concesi\u00f3n y contin\u00faan prestando el Servicio P\u00fablico de Transporte y as\u00ed garantizar una Certeza Jur\u00eddica. Al fallecimiento del Titular de la Concesi\u00f3n, se deber\u00e1 comunicarlo por escrito a la Secretar\u00eda, dentro de los SESENTA D\u00cdAS SIGUIENTES y solicitar la transferencia de [&hellip;]<\/p>\n","protected":false},"author":1,"featured_media":0,"parent":0,"menu_order":0,"comment_status":"closed","ping_status":"closed","template":"","meta":{"episode_type":"","audio_file":"","podmotor_file_id":"","podmotor_episode_id":"","cover_image":"","cover_image_id":"","duration":"","filesize":"","filesize_raw":"","date_recorded":"","explicit":"","block":"","itunes_episode_number":"","itunes_title":"","itunes_season_number":"","itunes_episode_type":"","footnotes":""},"categories":[],"tags":[],"class_list":["post-369","page","type-page","status-publish","hentry"],"acf":[],"publishpress_future_action":{"enabled":false,"date":"2026-04-11 05:57:30","action":"change-status","newStatus":"draft","terms":[],"taxonomy":"category","extraData":[]},"publishpress_future_workflow_manual_trigger":{"enabledWorkflows":[]},"_links":{"self":[{"href":"https:\/\/www.oaxaca.gob.mx\/semovi\/wp-json\/wp\/v2\/pages\/369","targetHints":{"allow":["GET"]}}],"collection":[{"href":"https:\/\/www.oaxaca.gob.mx\/semovi\/wp-json\/wp\/v2\/pages"}],"about":[{"href":"https:\/\/www.oaxaca.gob.mx\/semovi\/wp-json\/wp\/v2\/types\/page"}],"author":[{"embeddable":true,"href":"https:\/\/www.oaxaca.gob.mx\/semovi\/wp-json\/wp\/v2\/users\/1"}],"replies":[{"embeddable":true,"href":"https:\/\/www.oaxaca.gob.mx\/semovi\/wp-json\/wp\/v2\/comments?post=369"}],"version-history":[{"count":0,"href":"https:\/\/www.oaxaca.gob.mx\/semovi\/wp-json\/wp\/v2\/pages\/369\/revisions"}],"wp:attachment":[{"href":"https:\/\/www.oaxaca.gob.mx\/semovi\/wp-json\/wp\/v2\/media?parent=369"}],"wp:term":[{"taxonomy":"category","embeddable":true,"href":"https:\/\/www.oaxaca.gob.mx\/semovi\/wp-json\/wp\/v2\/categories?post=369"},{"taxonomy":"post_tag","embeddable":true,"href":"https:\/\/www.oaxaca.gob.mx\/semovi\/wp-json\/wp\/v2\/tags?post=369"}],"curies":[{"name":"wp","href":"https:\/\/api.w.org\/{rel}","templated":true}]}}