{"id":3241,"date":"2018-08-20T14:03:17","date_gmt":"2018-08-20T20:03:17","guid":{"rendered":"http:\/\/www.semovi.oaxaca.gob.mx\/?page_id=3241"},"modified":"2018-08-20T14:03:17","modified_gmt":"2018-08-20T20:03:17","slug":"denuncia-por-incumplimiento","status":"publish","type":"page","link":"https:\/\/www.oaxaca.gob.mx\/semovi\/denuncia-por-incumplimiento\/","title":{"rendered":"Denuncia por Incumplimiento"},"content":{"rendered":"<ol>\n<li style=\"text-align: justify\">\u00bfQUE ES? Cualquier persona podr\u00e1 denunciar ante el instituto, la falta de publicaci\u00f3n en los portales electr\u00f3nicos de los sujetos obligados, de las obligaciones de transparencia comunes y especificas que prev\u00e9n, la Ley General de Transparencia y Acceso a la Informaci\u00f3n P\u00fablica y dem\u00e1s disposiciones aplicables.<\/li>\n<\/ol>\n<p style=\"text-align: justify\">Informaci\u00f3n Publica: Todo archivo, registro o dato contenido en cualquier medio que los sujetos obligados generen, obtengan, adquieran, transformen por cualquier titulo, con excepci\u00f3n de la que tenga el car\u00e1cter de confidencial y reservado.<\/p>\n<p>Para interponer una denuncia por incumplimiento, descarga el formato y env\u00edalo al siguiente\u00a0 correo electr\u00f3nico<\/p>\n<p>&nbsp;<\/p>\n<p>&nbsp;<\/p>\n<table width=\"100%\">\n<tbody>\n<tr>\n<td width=\"50%\">\n<p style=\"text-align: justify\">Formato de Denuncia:<\/p>\n<\/td>\n<td><a href=\"https:\/\/www.oaxaca.gob.mx\/semovi\/wp-content\/uploads\/sites\/34\/2018\/08\/formato-de-denuncia.pdf\" target=\"_blank\" rel=\"noopener noreferrer\"><img loading=\"lazy\" decoding=\"async\" class=\"alignnone aligncenter\" src=\"http:\/\/www.sevitra.oaxaca.gob.mx\/wp-content\/plugins\/legislacion\/img\/descargar.png\" alt=\"\" width=\"30\" height=\"30\" \/><\/a><a target=\"https:\/\/www.oaxaca.gob.mx\/semovi\/wp-content\/uploads\/sites\/34\/2018\/08\/formato-de-denuncia.pdf\" rel=\"noopener noreferrer\"><br \/>\n<\/a><\/td>\n<\/tr>\n<\/tbody>\n<\/table>\n<p><a href=\"mailto:denuncia@iaipoaxaca.org.mx\">denuncia@iaipoaxaca.org.mx<\/a><\/p>\n<p>&nbsp;<\/p>\n<table width=\"100%\">\n<tbody>\n<tr>\n<td width=\"50%\">\n<p style=\"text-align: justify\">Lineamientos que establecen el procedimiento de denuncia:<\/p>\n<\/td>\n<td><a href=\"https:\/\/www.oaxaca.gob.mx\/semovi\/wp-content\/uploads\/sites\/34\/2018\/08\/LINEAMIENTOS_DEL_PROCEDIMIENTO_DE_DENUNCIA.pdf\" target=\"_blank\" rel=\"noopener noreferrer\"><img loading=\"lazy\" decoding=\"async\" class=\"alignnone aligncenter\" src=\"http:\/\/www.sevitra.oaxaca.gob.mx\/wp-content\/plugins\/legislacion\/img\/descargar.png\" alt=\"\" width=\"30\" height=\"30\" \/><\/a><a target=\"https:\/\/www.oaxaca.gob.mx\/semovi\/wp-content\/uploads\/sites\/34\/2018\/08\/LINEAMIENTOS_DEL_PROCEDIMIENTO_DE_DENUNCIA.pdf\" rel=\"noopener noreferrer\"><br \/>\n<\/a><\/td>\n<\/tr>\n<tr>\n<td colspan=\"2\"><\/td>\n<\/tr>\n<\/tbody>\n<\/table>\n<div class=\"row\">\n<div class=\"col-md-2 col-md-offset-5\"><a href=\"http:\/\/www.semovi.oaxaca.gob.mx\/\" rel=\"http:\/\/www.semovi.oaxaca.gob.mx\/\"><img loading=\"lazy\" decoding=\"async\" class=\"wp-image-3255 size-full aligncenter\" src=\"https:\/\/www.oaxaca.gob.mx\/semovi\/wp-content\/uploads\/sites\/34\/2018\/08\/atras.png\" alt=\"atras\" width=\"100\" height=\"49\" \/><\/a><\/div>\n<\/div>\n<ul>\n<li style=\"text-align: justify\">Procedimiento para presentar una denuncia por incumpliento de obligaciones de transparencia, en el siguiente link: <a href=\"http:\/\/iaipoaxaca.org.mx\/transparencia\/denuncia\">http:\/\/iaipoaxaca.org.mx\/transparencia\/denuncia<\/a><\/li>\n<\/ul>\n<p>&nbsp;\t\t<\/p>\n","protected":false},"excerpt":{"rendered":"<p>\u00bfQUE ES? Cualquier persona podr\u00e1 denunciar ante el instituto, la falta de publicaci\u00f3n en los portales electr\u00f3nicos de los sujetos obligados, de las obligaciones de transparencia comunes y especificas que prev\u00e9n, la Ley General de Transparencia y Acceso a la Informaci\u00f3n P\u00fablica y dem\u00e1s disposiciones aplicables. Informaci\u00f3n Publica: Todo archivo, registro o dato contenido en [&hellip;]<\/p>\n","protected":false},"author":1,"featured_media":0,"parent":0,"menu_order":0,"comment_status":"closed","ping_status":"closed","template":"","meta":{"episode_type":"","audio_file":"","podmotor_file_id":"","podmotor_episode_id":"","cover_image":"","cover_image_id":"","duration":"","filesize":"","filesize_raw":"","date_recorded":"","explicit":"","block":"","itunes_episode_number":"","itunes_title":"","itunes_season_number":"","itunes_episode_type":"","footnotes":""},"categories":[],"tags":[],"class_list":["post-3241","page","type-page","status-publish","hentry"],"acf":[],"publishpress_future_action":{"enabled":false,"date":"2026-04-13 03:07:32","action":"change-status","newStatus":"draft","terms":[],"taxonomy":"category","extraData":[]},"publishpress_future_workflow_manual_trigger":{"enabledWorkflows":[]},"_links":{"self":[{"href":"https:\/\/www.oaxaca.gob.mx\/semovi\/wp-json\/wp\/v2\/pages\/3241","targetHints":{"allow":["GET"]}}],"collection":[{"href":"https:\/\/www.oaxaca.gob.mx\/semovi\/wp-json\/wp\/v2\/pages"}],"about":[{"href":"https:\/\/www.oaxaca.gob.mx\/semovi\/wp-json\/wp\/v2\/types\/page"}],"author":[{"embeddable":true,"href":"https:\/\/www.oaxaca.gob.mx\/semovi\/wp-json\/wp\/v2\/users\/1"}],"replies":[{"embeddable":true,"href":"https:\/\/www.oaxaca.gob.mx\/semovi\/wp-json\/wp\/v2\/comments?post=3241"}],"version-history":[{"count":0,"href":"https:\/\/www.oaxaca.gob.mx\/semovi\/wp-json\/wp\/v2\/pages\/3241\/revisions"}],"wp:attachment":[{"href":"https:\/\/www.oaxaca.gob.mx\/semovi\/wp-json\/wp\/v2\/media?parent=3241"}],"wp:term":[{"taxonomy":"category","embeddable":true,"href":"https:\/\/www.oaxaca.gob.mx\/semovi\/wp-json\/wp\/v2\/categories?post=3241"},{"taxonomy":"post_tag","embeddable":true,"href":"https:\/\/www.oaxaca.gob.mx\/semovi\/wp-json\/wp\/v2\/tags?post=3241"}],"curies":[{"name":"wp","href":"https:\/\/api.w.org\/{rel}","templated":true}]}}