{"id":238,"date":"2017-03-08T14:52:41","date_gmt":"2017-03-08T20:52:41","guid":{"rendered":"http:\/\/www.sevitra.oaxaca.gob.mx\/?page_id=238"},"modified":"2022-04-01T15:00:27","modified_gmt":"2022-04-01T21:00:27","slug":"mision-2","status":"publish","type":"page","link":"https:\/\/www.oaxaca.gob.mx\/semovi\/mision-2\/","title":{"rendered":"Misi\u00f3n, visi\u00f3n y objetivo"},"content":{"rendered":"<p><strong>Misi\u00f3n<\/strong><\/p>\n<p style=\"text-align: justify\">Somos una Dependencia del Poder Ejecutivo, que establece las bases y directrices para planificar, regular, administrar, controlar, crear, supervisar, fomentar y gestionar la movilidad de personas; de los bienes y mercanc\u00edas por medios terrestres, proporcionando la identidad del servicio de transporte p\u00fablico y privado, los servicios auxiliares y conexos que operan en las v\u00edas p\u00fablicas que corresponden a la jurisdicci\u00f3n Estatal.<\/p>\n<p><strong>Visi\u00f3n<\/strong><\/p>\n<p style=\"text-align: justify\">Ser una Instituci\u00f3n cercana a la comunidad, incluyente, con leyes que respondan a las necesidades de la poblaci\u00f3n, de aplicaci\u00f3n correcta y expedita que garanticen el derecho humano a la movilidad de manera digna y segura, con alto desarrollo administrativo, contando con recursos humanos capacitados, honestos y comprometidos con los objetivos del sector para proporcionar un servicio de calidad, aplicando la jerarqu\u00eda que cada modo de transporte tiene respecto a los otros dentro de la Pir\u00e1mide de Movilidad.<\/p>\n<p><strong>Objetivo General<\/strong><br \/>\nRegular y controlar la prestaci\u00f3n de los Servicios de Transporte de Pasajeros y de Carga en el territorio del Estado de Oaxaca, en todas sus modalidades, as\u00ed como el equipamiento auxiliar de transporte, sea cualesquiera el tipo de veh\u00edculos y sus sistemas de propulsi\u00f3n, a fin de que de manera regular, permanente, continua, uniforme e ininterrumpida se satisfagan las necesidades de la poblaci\u00f3n.<\/p>\n","protected":false},"excerpt":{"rendered":"<p>Misi\u00f3n Somos una Dependencia del Poder Ejecutivo, que establece las bases y directrices para planificar, regular, administrar, controlar, crear, supervisar, fomentar y gestionar la movilidad de personas; de los bienes y mercanc\u00edas por medios terrestres, proporcionando la identidad del servicio de transporte p\u00fablico y privado, los servicios auxiliares y conexos que operan en las v\u00edas [&hellip;]<\/p>\n","protected":false},"author":1,"featured_media":0,"parent":0,"menu_order":0,"comment_status":"closed","ping_status":"closed","template":"","meta":{"episode_type":"","audio_file":"","podmotor_file_id":"","podmotor_episode_id":"","cover_image":"","cover_image_id":"","duration":"","filesize":"","filesize_raw":"","date_recorded":"","explicit":"","block":"","itunes_episode_number":"","itunes_title":"","itunes_season_number":"","itunes_episode_type":"","footnotes":""},"categories":[],"tags":[],"class_list":["post-238","page","type-page","status-publish","hentry"],"acf":[],"publishpress_future_action":{"enabled":false,"date":"2026-04-11 00:27:27","action":"change-status","newStatus":"draft","terms":[],"taxonomy":"category","extraData":[]},"publishpress_future_workflow_manual_trigger":{"enabledWorkflows":[]},"_links":{"self":[{"href":"https:\/\/www.oaxaca.gob.mx\/semovi\/wp-json\/wp\/v2\/pages\/238","targetHints":{"allow":["GET"]}}],"collection":[{"href":"https:\/\/www.oaxaca.gob.mx\/semovi\/wp-json\/wp\/v2\/pages"}],"about":[{"href":"https:\/\/www.oaxaca.gob.mx\/semovi\/wp-json\/wp\/v2\/types\/page"}],"author":[{"embeddable":true,"href":"https:\/\/www.oaxaca.gob.mx\/semovi\/wp-json\/wp\/v2\/users\/1"}],"replies":[{"embeddable":true,"href":"https:\/\/www.oaxaca.gob.mx\/semovi\/wp-json\/wp\/v2\/comments?post=238"}],"version-history":[{"count":2,"href":"https:\/\/www.oaxaca.gob.mx\/semovi\/wp-json\/wp\/v2\/pages\/238\/revisions"}],"predecessor-version":[{"id":8727,"href":"https:\/\/www.oaxaca.gob.mx\/semovi\/wp-json\/wp\/v2\/pages\/238\/revisions\/8727"}],"wp:attachment":[{"href":"https:\/\/www.oaxaca.gob.mx\/semovi\/wp-json\/wp\/v2\/media?parent=238"}],"wp:term":[{"taxonomy":"category","embeddable":true,"href":"https:\/\/www.oaxaca.gob.mx\/semovi\/wp-json\/wp\/v2\/categories?post=238"},{"taxonomy":"post_tag","embeddable":true,"href":"https:\/\/www.oaxaca.gob.mx\/semovi\/wp-json\/wp\/v2\/tags?post=238"}],"curies":[{"name":"wp","href":"https:\/\/api.w.org\/{rel}","templated":true}]}}