{"id":23,"date":"2016-02-18T00:53:20","date_gmt":"2016-02-18T06:53:20","guid":{"rendered":"http:\/\/www.sevitra.oaxaca.gob.mx\/?page_id=23"},"modified":"2016-02-18T00:53:20","modified_gmt":"2016-02-18T06:53:20","slug":"antecedentes-historicos","status":"publish","type":"page","link":"https:\/\/www.oaxaca.gob.mx\/semovi\/antecedentes-historicos\/","title":{"rendered":"Antecedentes Historicos"},"content":{"rendered":"<p>\t\t\t\tEl transporte en el Estado de Oaxaca hasta el 2013 era regulado por la Ley de Tr\u00e1nsito del Estado, publicada en el Peri\u00f3dico Oficial del Gobierno del Estado con fecha cinco de julio de 1969, mediante decreto n\u00famero 62, as\u00ed mismo la entidad que lo regulaba era la Coordinaci\u00f3n de Transporte del Estado (COTRAN).<\/p>\n<p>La Secretar\u00eda de Vialidad y Transporte es una dependencia que surge mediante decreto 1073 publicado el 10 de marzo del 2012 en el Peri\u00f3dico Oficial del Gobierno del Estado, en donde se reforman y adicional diversas disposiciones a la Ley Org\u00e1nica del Poder Ejecutivo del Estado.<\/p>\n<p>Mediante decreto n\u00famero 2082 de fecha 9 de diciembre del 2013 se public\u00f3 en el Peri\u00f3dico Oficial, la Ley de Transporte del Estado de Oaxaca, misma que entr\u00f3 en vigor a los noventa d\u00edas siguientes a su publicaci\u00f3n.<\/p>\n<p>Con fecha 06 de marzo de 2015, se public\u00f3 el Reglamento Interior de la Secretari\u0301a de Vialidad y Transporte, para darle sustento legal al actuar interno de la Instituci\u00f3n, el cual tiene por objeto regir su organizaci\u00f3n y funcionamiento, como dependencia del Poder Ejecutivo Estatal, as\u00ed como determinar la competencia, estructura y atribuciones de su estructura.\t\t<\/p>\n","protected":false},"excerpt":{"rendered":"<p>El transporte en el Estado de Oaxaca hasta el 2013 era regulado por la Ley de Tr\u00e1nsito del Estado, publicada en el Peri\u00f3dico Oficial del Gobierno del Estado con fecha cinco de julio de 1969, mediante decreto n\u00famero 62, as\u00ed mismo la entidad que lo regulaba era la Coordinaci\u00f3n de Transporte del Estado (COTRAN). La [&hellip;]<\/p>\n","protected":false},"author":1,"featured_media":0,"parent":0,"menu_order":0,"comment_status":"closed","ping_status":"closed","template":"","meta":{"episode_type":"","audio_file":"","podmotor_file_id":"","podmotor_episode_id":"","cover_image":"","cover_image_id":"","duration":"","filesize":"","filesize_raw":"","date_recorded":"","explicit":"","block":"","itunes_episode_number":"","itunes_title":"","itunes_season_number":"","itunes_episode_type":"","footnotes":""},"categories":[],"tags":[],"class_list":["post-23","page","type-page","status-publish","hentry"],"acf":[],"publishpress_future_action":{"enabled":false,"date":"2026-05-24 00:03:00","action":"change-status","newStatus":"draft","terms":[],"taxonomy":"category","extraData":[]},"publishpress_future_workflow_manual_trigger":{"enabledWorkflows":[]},"_links":{"self":[{"href":"https:\/\/www.oaxaca.gob.mx\/semovi\/wp-json\/wp\/v2\/pages\/23","targetHints":{"allow":["GET"]}}],"collection":[{"href":"https:\/\/www.oaxaca.gob.mx\/semovi\/wp-json\/wp\/v2\/pages"}],"about":[{"href":"https:\/\/www.oaxaca.gob.mx\/semovi\/wp-json\/wp\/v2\/types\/page"}],"author":[{"embeddable":true,"href":"https:\/\/www.oaxaca.gob.mx\/semovi\/wp-json\/wp\/v2\/users\/1"}],"replies":[{"embeddable":true,"href":"https:\/\/www.oaxaca.gob.mx\/semovi\/wp-json\/wp\/v2\/comments?post=23"}],"version-history":[{"count":0,"href":"https:\/\/www.oaxaca.gob.mx\/semovi\/wp-json\/wp\/v2\/pages\/23\/revisions"}],"wp:attachment":[{"href":"https:\/\/www.oaxaca.gob.mx\/semovi\/wp-json\/wp\/v2\/media?parent=23"}],"wp:term":[{"taxonomy":"category","embeddable":true,"href":"https:\/\/www.oaxaca.gob.mx\/semovi\/wp-json\/wp\/v2\/categories?post=23"},{"taxonomy":"post_tag","embeddable":true,"href":"https:\/\/www.oaxaca.gob.mx\/semovi\/wp-json\/wp\/v2\/tags?post=23"}],"curies":[{"name":"wp","href":"https:\/\/api.w.org\/{rel}","templated":true}]}}