{"id":2162,"date":"2018-01-18T15:00:44","date_gmt":"2018-01-18T21:00:44","guid":{"rendered":"http:\/\/www.sevitra.oaxaca.gob.mx\/?page_id=2162"},"modified":"2018-01-18T15:00:44","modified_gmt":"2018-01-18T21:00:44","slug":"direccion-juridica","status":"publish","type":"page","link":"https:\/\/www.oaxaca.gob.mx\/semovi\/direccion-juridica\/","title":{"rendered":"Direccion Juridica"},"content":{"rendered":"<nav>\n<div class=\"nav nav-tabs\" id=\"nav-tab\" role=\"tablist\">\n    <a class=\"nav-item nav-link active\" id=\"nav-one-tab\" href=\"#nav-one\" data-toggle=\"tab\" role=\"tab\">DIRECCI\u00d3N JUR\u00cdDICA<\/a><br \/>\n    <a class=\"nav-item nav-link\" id=\"nav-two-tab\" href=\"#nav-two\" data-toggle=\"tab\" role=\"tab\">DEPARTAMENTOS<\/a>\n  <\/div>\n<\/nav>\n<div class=\"tab-content\" id=\"nav-tabContent\">\n<div class=\"tab-pane fade show active\" id=\"nav-one\" role=\"tabpanel\">\n<div class=\"card\" style=\"border-top-style: hidden\">\n<div class=\"card-body\">\n<div class=\"btn-toolbar\" role=\"toolbar\">\n<div class=\"btn-group btn-group-sm mr-2\" role=\"group\">\n            <a href=\"\/semovi\/direccion-juridica\" class=\"btn btn-info active\">Descripci\u00f3n<\/a>\n          <\/div>\n<div class=\"btn-group btn-group-sm mr-2\" role=\"group\">\n            <a href=\"\/semovi\/mision\" class=\"btn btn-info\">Misi\u00f3n y Visi\u00f3n<\/a>\n          <\/div>\n<div class=\"btn-group btn-group-sm mr-2\" role=\"group\">\n            <a href=\"\/semovi\/organigrama-2-2\" class=\"btn btn-info\">Organigrama<\/a>\n          <\/div>\n<div class=\"btn-group btn-group-sm mr-2\" role=\"group\">\n            <a href=\"\/semovi\/facultades\" class=\"btn btn-info\">Facultades<\/a>\n          <\/div>\n<div class=\"btn-group btn-group-sm mr-2\" role=\"group\">\n            <a href=\"\/semovi\/procedimientos-operativos\" class=\"btn btn-info\">Procesos Operativos<\/a>\n          <\/div>\n<div class=\"btn-group btn-group-sm mr-2\" role=\"group\">\n            <a href=\"\/semovi\/ordenamientos-juridicos\" class=\"btn btn-info\">Ordenamientos Jur\u00eddicos<\/a>\n          <\/div>\n<\/p><\/div>\n<div class=\"btn-toolbar\" role=\"toolbar\" style=\"margin-top: 10px\">\n<div class=\"btn-group btn-group-sm mr-2\" role=\"group\">\n            <a href=\"\/semovi\/asuntos-atendidos-2017\" class=\"btn btn-info\">Asuntos Atendidos 2017<\/a>\n          <\/div>\n<div class=\"btn-group btn-group-sm mr-2\" role=\"group\">\n            <a href=\"\/semovi\/objetivos-2018\" class=\"btn btn-info\">Objetivos 2018<\/a>\n          <\/div>\n<div class=\"btn-group btn-group-sm mr-2\" role=\"group\">\n            <a href=\"\/semovi\/metas-2\" class=\"btn btn-info\">Metas<\/a>\n          <\/div>\n<\/p><\/div>\n<\/p><\/div>\n<\/p><\/div>\n<\/p><\/div>\n<div class=\"tab-pane fade\" id=\"nav-two\" role=\"tabpanel\">\n<div class=\"card\" style=\"border-top-style: hidden\">\n<div class=\"card-body\">\n<div class=\"btn-toolbar\" role=\"toolbar\">\n<div class=\"btn-group btn-group-sm mr-2\" role=\"group\">\n            <a href=\"\/semovi\/depto-asuntos-juridicos-y-derechos-humanos\" class=\"btn btn-info\">Depto. Asuntos Jur\u00eddicos y Derechos Humanos<\/a>\n          <\/div>\n<div class=\"btn-group btn-group-sm mr-2\" role=\"group\">\n            <a href=\"\/semovi\/depto-contencioso-administrativo-y-de-amparos\" class=\"btn btn-info\">Depto. Contencioso Administrativo y de Amparos<\/a>\n          <\/div>\n<div class=\"btn-group btn-group-sm mr-2\" role=\"group\">\n            <a href=\"\/semovi\/mision-3\" class=\"btn btn-info\">Unidad de Transparencia<\/a>\n          <\/div>\n<\/p><\/div>\n<\/p><\/div>\n<\/p><\/div>\n<\/p><\/div>\n<\/div>\n<p>\nDesarrollar y promover programas de capacitaci\u00f3n para mejorar la prestaci\u00f3n del servicio del transporte p\u00fablico con la finalidad de fomentar una cultura vial y as\u00ed minimizar los riesgos de accidentes viales.<\/p>\n","protected":false},"excerpt":{"rendered":"<p>DIRECCI\u00d3N JUR\u00cdDICA DEPARTAMENTOS Descripci\u00f3n Misi\u00f3n y Visi\u00f3n Organigrama Facultades Procesos Operativos Ordenamientos Jur\u00eddicos Asuntos Atendidos 2017 Objetivos 2018 Metas Depto. Asuntos Jur\u00eddicos y Derechos Humanos Depto. Contencioso Administrativo y de Amparos Unidad de Transparencia Desarrollar y promover programas de capacitaci\u00f3n para mejorar la prestaci\u00f3n del servicio del transporte p\u00fablico con la finalidad de fomentar una [&hellip;]<\/p>\n","protected":false},"author":1,"featured_media":0,"parent":0,"menu_order":0,"comment_status":"closed","ping_status":"closed","template":"","meta":{"episode_type":"","audio_file":"","podmotor_file_id":"","podmotor_episode_id":"","cover_image":"","cover_image_id":"","duration":"","filesize":"","filesize_raw":"","date_recorded":"","explicit":"","block":"","itunes_episode_number":"","itunes_title":"","itunes_season_number":"","itunes_episode_type":"","footnotes":""},"categories":[],"tags":[],"class_list":["post-2162","page","type-page","status-publish","hentry"],"acf":[],"publishpress_future_action":{"enabled":false,"date":"2026-05-20 09:38:10","action":"change-status","newStatus":"draft","terms":[],"taxonomy":"category","extraData":[]},"publishpress_future_workflow_manual_trigger":{"enabledWorkflows":[]},"_links":{"self":[{"href":"https:\/\/www.oaxaca.gob.mx\/semovi\/wp-json\/wp\/v2\/pages\/2162","targetHints":{"allow":["GET"]}}],"collection":[{"href":"https:\/\/www.oaxaca.gob.mx\/semovi\/wp-json\/wp\/v2\/pages"}],"about":[{"href":"https:\/\/www.oaxaca.gob.mx\/semovi\/wp-json\/wp\/v2\/types\/page"}],"author":[{"embeddable":true,"href":"https:\/\/www.oaxaca.gob.mx\/semovi\/wp-json\/wp\/v2\/users\/1"}],"replies":[{"embeddable":true,"href":"https:\/\/www.oaxaca.gob.mx\/semovi\/wp-json\/wp\/v2\/comments?post=2162"}],"version-history":[{"count":1,"href":"https:\/\/www.oaxaca.gob.mx\/semovi\/wp-json\/wp\/v2\/pages\/2162\/revisions"}],"predecessor-version":[{"id":6223,"href":"https:\/\/www.oaxaca.gob.mx\/semovi\/wp-json\/wp\/v2\/pages\/2162\/revisions\/6223"}],"wp:attachment":[{"href":"https:\/\/www.oaxaca.gob.mx\/semovi\/wp-json\/wp\/v2\/media?parent=2162"}],"wp:term":[{"taxonomy":"category","embeddable":true,"href":"https:\/\/www.oaxaca.gob.mx\/semovi\/wp-json\/wp\/v2\/categories?post=2162"},{"taxonomy":"post_tag","embeddable":true,"href":"https:\/\/www.oaxaca.gob.mx\/semovi\/wp-json\/wp\/v2\/tags?post=2162"}],"curies":[{"name":"wp","href":"https:\/\/api.w.org\/{rel}","templated":true}]}}