{"id":2126,"date":"2018-01-18T13:36:53","date_gmt":"2018-01-18T19:36:53","guid":{"rendered":"http:\/\/www.sevitra.oaxaca.gob.mx\/?page_id=2126"},"modified":"2018-01-18T13:36:53","modified_gmt":"2018-01-18T19:36:53","slug":"metas-2","status":"publish","type":"page","link":"https:\/\/www.oaxaca.gob.mx\/semovi\/metas-2\/","title":{"rendered":"Metas"},"content":{"rendered":"<nav>\n<div class=\"nav nav-tabs\" id=\"nav-tab\" role=\"tablist\">\n    <a class=\"nav-item nav-link active\" id=\"nav-one-tab\" href=\"#nav-one\" data-toggle=\"tab\" role=\"tab\">DIRECCI\u00d3N JUR\u00cdDICA<\/a><br \/>\n    <a class=\"nav-item nav-link\" id=\"nav-two-tab\" href=\"#nav-two\" data-toggle=\"tab\" role=\"tab\">DEPARTAMENTOS<\/a>\n  <\/div>\n<\/nav>\n<div class=\"tab-content\" id=\"nav-tabContent\">\n<div class=\"tab-pane fade show active\" id=\"nav-one\" role=\"tabpanel\">\n<div class=\"card\" style=\"border-top-style: hidden\">\n<div class=\"card-body\">\n<div class=\"btn-toolbar\" role=\"toolbar\">\n<div class=\"btn-group btn-group-sm mr-2\" role=\"group\">\n            <a href=\"\/semovi\/direccion-juridica\" class=\"btn btn-info\">Descripci\u00f3n<\/a>\n          <\/div>\n<div class=\"btn-group btn-group-sm mr-2\" role=\"group\">\n            <a href=\"\/semovi\/mision\" class=\"btn btn-info\">Misi\u00f3n y Visi\u00f3n<\/a>\n          <\/div>\n<div class=\"btn-group btn-group-sm mr-2\" role=\"group\">\n            <a href=\"\/semovi\/organigrama-2-2\" class=\"btn btn-info\">Organigrama<\/a>\n          <\/div>\n<div class=\"btn-group btn-group-sm mr-2\" role=\"group\">\n            <a href=\"\/semovi\/facultades\" class=\"btn btn-info\">Facultades<\/a>\n          <\/div>\n<div class=\"btn-group btn-group-sm mr-2\" role=\"group\">\n            <a href=\"\/semovi\/procedimientos-operativos\" class=\"btn btn-info\">Procesos Operativos<\/a>\n          <\/div>\n<div class=\"btn-group btn-group-sm mr-2\" role=\"group\">\n            <a href=\"\/semovi\/ordenamientos-juridicos\" class=\"btn btn-info\">Ordenamientos Jur\u00eddicos<\/a>\n          <\/div>\n<\/p><\/div>\n<div class=\"btn-toolbar\" role=\"toolbar\" style=\"margin-top: 10px\">\n<div class=\"btn-group btn-group-sm mr-2\" role=\"group\">\n            <a href=\"\/semovi\/asuntos-atendidos-2017\" class=\"btn btn-info\">Asuntos Atendidos 2017<\/a>\n          <\/div>\n<div class=\"btn-group btn-group-sm mr-2\" role=\"group\">\n            <a href=\"\/semovi\/objetivos-2018\" class=\"btn btn-info\">Objetivos 2018<\/a>\n          <\/div>\n<div class=\"btn-group btn-group-sm mr-2\" role=\"group\">\n            <a href=\"\/semovi\/metas-2\" class=\"btn btn-info active\">Metas<\/a>\n          <\/div>\n<\/p><\/div>\n<\/p><\/div>\n<\/p><\/div>\n<\/p><\/div>\n<div class=\"tab-pane fade\" id=\"nav-two\" role=\"tabpanel\">\n<div class=\"card\" style=\"border-top-style: hidden\">\n<div class=\"card-body\">\n<div class=\"btn-toolbar\" role=\"toolbar\">\n<div class=\"btn-group btn-group-sm mr-2\" role=\"group\">\n            <a href=\"\/semovi\/depto-asuntos-juridicos-y-derechos-humanos\" class=\"btn btn-info\">Depto. Asuntos Jur\u00eddicos y Derechos Humanos<\/a>\n          <\/div>\n<div class=\"btn-group btn-group-sm mr-2\" role=\"group\">\n            <a href=\"\/semovi\/depto-contencioso-administrativo-y-de-amparos\" class=\"btn btn-info\">Depto. Contencioso Administrativo y de Amparos<\/a>\n          <\/div>\n<div class=\"btn-group btn-group-sm mr-2\" role=\"group\">\n            <a href=\"\/semovi\/mision-3\" class=\"btn btn-info\">Unidad de Transparencia<\/a>\n          <\/div>\n<\/p><\/div>\n<\/p><\/div>\n<\/p><\/div>\n<\/p><\/div>\n<\/div>\n<div style=\"margin-top: 20px\">\n<h5 class=\"entry-title\"><\/h5>\n<ul class=\"listas-geo\">\n<li>Dar certeza Jur\u00eddica a los actos de la Secretar\u00eda de Vialidad y Transporte.<\/li>\n<li>Asesorar a las \u00e1reas administrativas que integran la Secretar\u00eda de Vialidad y Transporte.<\/li>\n<li>Ejercer la representaci\u00f3n jur\u00eddica de la Secretar\u00eda de Vialidad y Transporte.<\/li>\n<li>Analizar, formular y proponer los proyectos de iniciativas de Ley, Decretos, Acuerdos, Reglamentos que sean necesarios para el correcto funcionamiento de la Dependencia.<\/li>\n<li>Dar celeridad a la validaci\u00f3n de los tr\u00e1mites generados por la Direcci\u00f3n de Concesiones.<\/li>\n<li>Ser el \u00f3rgano administrativo coadyuvante en la integraci\u00f3n de procedimientos de responsabilidad.<\/li>\n<li>Ser la autoridad encargada de proyectar resoluciones administrativas, cuando este facultada para ello.<\/li>\n<li>Integral los expedientes e instruir los procedimientos legales.<\/li>\n<li>Validar los actos de las \u00e1reas administrativas de la Secretar\u00eda de Vialidad y Transporte.<\/li>\n<li>Integrar y registrar las disposiciones de car\u00e1cter general que emita la Secretar\u00eda de Vialidad y Transporte.<\/li>\n<li>Dar cumplimiento a\u00a0 un n\u00famero aproximado\u00a0 las sentencias dictadas en contra de la SEVITRA\u00a0 por el Tribunal de lo Contencioso Administrativo y de Cuentas de los a\u00f1os 2013 a 2016.<\/li>\n<li>Litigar\u00a0 los asuntos que se encuentran en tr\u00e1mite en el<a href=\"http:\/\/www.sevitra.oaxaca.gob.mx\/wp-admin\/edit.php?post_type=page&amp;orderby=date&amp;order=desc\">Fecha<\/a> Tribunal de lo Contencioso Administrativo y de Cuentas de los a\u00f1os 2013 a 2017.<\/li>\n<li>Responder de manera inmediata a los informes previos y justificados en los Juicios de Amparo en donde la SEVITRA es autoridad demandada.<\/li>\n<li>Dar seguimiento\u00a0 a las denuncias que han sido presentadas por la SEVITRA ante la Fiscal\u00eda General del Estado.<\/li>\n<li>Llevar un adecuado registro de control y estad\u00edstica de los asuntos contencioso administrativo y de amparos que se tramitan en el departamento, especialmente de las suspensiones.<\/li>\n<li>Atender de manera pronta al p\u00fablico.<\/li>\n<li>Promover capacitaciones para el desarrollo de conocimientos de los servidores p\u00fablicos que fungen como enlaces de la Unidades Administrativas, as\u00ed como del personal que integra la Unidad de Transparencia.<\/li>\n<li>Fomento a los usuarios sobre su derecho al acceso a la Informaci\u00f3n P\u00fablica.<\/li>\n<li>Administrar de manera eficiente la informaci\u00f3n en la Plataforma Nacional de Transparencia, Sistema de Portales de Obligaciones de Transparencia e INFOMEX.<\/li>\n<\/ul>\n<\/div>\n","protected":false},"excerpt":{"rendered":"<p>DIRECCI\u00d3N JUR\u00cdDICA DEPARTAMENTOS Descripci\u00f3n Misi\u00f3n y Visi\u00f3n Organigrama Facultades Procesos Operativos Ordenamientos Jur\u00eddicos Asuntos Atendidos 2017 Objetivos 2018 Metas Depto. Asuntos Jur\u00eddicos y Derechos Humanos Depto. Contencioso Administrativo y de Amparos Unidad de Transparencia Dar certeza Jur\u00eddica a los actos de la Secretar\u00eda de Vialidad y Transporte. Asesorar a las \u00e1reas administrativas que integran la [&hellip;]<\/p>\n","protected":false},"author":1,"featured_media":0,"parent":0,"menu_order":0,"comment_status":"closed","ping_status":"closed","template":"","meta":{"episode_type":"","audio_file":"","podmotor_file_id":"","podmotor_episode_id":"","cover_image":"","cover_image_id":"","duration":"","filesize":"","filesize_raw":"","date_recorded":"","explicit":"","block":"","itunes_episode_number":"","itunes_title":"","itunes_season_number":"","itunes_episode_type":"","footnotes":""},"categories":[],"tags":[],"class_list":["post-2126","page","type-page","status-publish","hentry"],"acf":[],"publishpress_future_action":{"enabled":false,"date":"2026-05-20 10:43:56","action":"change-status","newStatus":"draft","terms":[],"taxonomy":"category","extraData":[]},"publishpress_future_workflow_manual_trigger":{"enabledWorkflows":[]},"_links":{"self":[{"href":"https:\/\/www.oaxaca.gob.mx\/semovi\/wp-json\/wp\/v2\/pages\/2126","targetHints":{"allow":["GET"]}}],"collection":[{"href":"https:\/\/www.oaxaca.gob.mx\/semovi\/wp-json\/wp\/v2\/pages"}],"about":[{"href":"https:\/\/www.oaxaca.gob.mx\/semovi\/wp-json\/wp\/v2\/types\/page"}],"author":[{"embeddable":true,"href":"https:\/\/www.oaxaca.gob.mx\/semovi\/wp-json\/wp\/v2\/users\/1"}],"replies":[{"embeddable":true,"href":"https:\/\/www.oaxaca.gob.mx\/semovi\/wp-json\/wp\/v2\/comments?post=2126"}],"version-history":[{"count":0,"href":"https:\/\/www.oaxaca.gob.mx\/semovi\/wp-json\/wp\/v2\/pages\/2126\/revisions"}],"wp:attachment":[{"href":"https:\/\/www.oaxaca.gob.mx\/semovi\/wp-json\/wp\/v2\/media?parent=2126"}],"wp:term":[{"taxonomy":"category","embeddable":true,"href":"https:\/\/www.oaxaca.gob.mx\/semovi\/wp-json\/wp\/v2\/categories?post=2126"},{"taxonomy":"post_tag","embeddable":true,"href":"https:\/\/www.oaxaca.gob.mx\/semovi\/wp-json\/wp\/v2\/tags?post=2126"}],"curies":[{"name":"wp","href":"https:\/\/api.w.org\/{rel}","templated":true}]}}