{"id":2118,"date":"2018-01-18T13:09:37","date_gmt":"2018-01-18T19:09:37","guid":{"rendered":"http:\/\/www.sevitra.oaxaca.gob.mx\/?page_id=2118"},"modified":"2018-01-18T13:09:37","modified_gmt":"2018-01-18T19:09:37","slug":"procedimientos-operativos","status":"publish","type":"page","link":"https:\/\/www.oaxaca.gob.mx\/semovi\/procedimientos-operativos\/","title":{"rendered":"Procesos Operativos que lleva a cabo esta Direcci\u00f3n"},"content":{"rendered":"<nav>\n<div class=\"nav nav-tabs\" id=\"nav-tab\" role=\"tablist\">\n    <a class=\"nav-item nav-link active\" id=\"nav-one-tab\" href=\"#nav-one\" data-toggle=\"tab\" role=\"tab\">DIRECCI\u00d3N JUR\u00cdDICA<\/a><br \/>\n    <a class=\"nav-item nav-link\" id=\"nav-two-tab\" href=\"#nav-two\" data-toggle=\"tab\" role=\"tab\">DEPARTAMENTOS<\/a>\n  <\/div>\n<\/nav>\n<div class=\"tab-content\" id=\"nav-tabContent\">\n<div class=\"tab-pane fade show active\" id=\"nav-one\" role=\"tabpanel\">\n<div class=\"card\" style=\"border-top-style: hidden\">\n<div class=\"card-body\">\n<div class=\"btn-toolbar\" role=\"toolbar\">\n<div class=\"btn-group btn-group-sm mr-2\" role=\"group\">\n            <a href=\"\/semovi\/direccion-juridica\" class=\"btn btn-info\">Descripci\u00f3n<\/a>\n          <\/div>\n<div class=\"btn-group btn-group-sm mr-2\" role=\"group\">\n            <a href=\"\/semovi\/mision\" class=\"btn btn-info\">Misi\u00f3n y Visi\u00f3n<\/a>\n          <\/div>\n<div class=\"btn-group btn-group-sm mr-2\" role=\"group\">\n            <a href=\"\/semovi\/organigrama-2-2\" class=\"btn btn-info\">Organigrama<\/a>\n          <\/div>\n<div class=\"btn-group btn-group-sm mr-2\" role=\"group\">\n            <a href=\"\/semovi\/facultades\" class=\"btn btn-info\">Facultades<\/a>\n          <\/div>\n<div class=\"btn-group btn-group-sm mr-2\" role=\"group\">\n            <a href=\"\/semovi\/procedimientos-operativos\" class=\"btn btn-info active\">Procesos Operativos<\/a>\n          <\/div>\n<div class=\"btn-group btn-group-sm mr-2\" role=\"group\">\n            <a href=\"\/semovi\/ordenamientos-juridicos\" class=\"btn btn-info\">Ordenamientos Jur\u00eddicos<\/a>\n          <\/div>\n<\/p><\/div>\n<div class=\"btn-toolbar\" role=\"toolbar\" style=\"margin-top: 10px\">\n<div class=\"btn-group btn-group-sm mr-2\" role=\"group\">\n            <a href=\"\/semovi\/asuntos-atendidos-2017\" class=\"btn btn-info\">Asuntos Atendidos 2017<\/a>\n          <\/div>\n<div class=\"btn-group btn-group-sm mr-2\" role=\"group\">\n            <a href=\"\/semovi\/objetivos-2018\" class=\"btn btn-info\">Objetivos 2018<\/a>\n          <\/div>\n<div class=\"btn-group btn-group-sm mr-2\" role=\"group\">\n            <a href=\"\/semovi\/metas-2\" class=\"btn btn-info\">Metas<\/a>\n          <\/div>\n<\/p><\/div>\n<\/p><\/div>\n<\/p><\/div>\n<\/p><\/div>\n<div class=\"tab-pane fade\" id=\"nav-two\" role=\"tabpanel\">\n<div class=\"card\" style=\"border-top-style: hidden\">\n<div class=\"card-body\">\n<div class=\"btn-toolbar\" role=\"toolbar\">\n<div class=\"btn-group btn-group-sm mr-2\" role=\"group\">\n            <a href=\"\/semovi\/depto-asuntos-juridicos-y-derechos-humanos\" class=\"btn btn-info\">Depto. Asuntos Jur\u00eddicos y Derechos Humanos<\/a>\n          <\/div>\n<div class=\"btn-group btn-group-sm mr-2\" role=\"group\">\n            <a href=\"\/semovi\/depto-contencioso-administrativo-y-de-amparos\" class=\"btn btn-info\">Depto. Contencioso Administrativo y de Amparos<\/a>\n          <\/div>\n<div class=\"btn-group btn-group-sm mr-2\" role=\"group\">\n            <a href=\"\/semovi\/mision-3\" class=\"btn btn-info\">Unidad de Transparencia<\/a>\n          <\/div>\n<\/p><\/div>\n<\/p><\/div>\n<\/p><\/div>\n<\/p><\/div>\n<\/div>\n<div style=\"margin-top: 20px\">\n<h5 class=\"entry-title\"><\/h5>\n<ul class=\"listas-geo\">\n<li>Recursos de Revisi\u00f3n.<\/li>\n<li>Expedientes de extinci\u00f3n de dominio.<\/li>\n<li>Coadyuvancia en expedientes de responsabilidad iniciados en la Secretar\u00eda de la Contralor\u00eda y Transparencia Gubernamental.<\/li>\n<li>Procedimientos que inicien los organismos constitucionales en materia de Derechos Humanos.<\/li>\n<li>Expedientes indiciarios de aplicaci\u00f3n de sanciones administrativas en materia de Vialidad y Transporte.<\/li>\n<li>Cuadernos de Antecedentes.<\/li>\n<li>Atenci\u00f3n a promociones en materia de Derechos de Petici\u00f3n.<\/li>\n<li>Atenci\u00f3n y seguimiento a peticiones y requerimientos de Autoridades Jurisdiccionales, Administrativas e Investigadoras, de los 3 Niveles de Gobierno.<\/li>\n<li>Procedimientos de revocaci\u00f3n de T\u00edtulos de Concesi\u00f3n.<\/li>\n<li>Coadyuvancia en los expedientes laborales que la Secretar\u00eda de Vialidad y Transporte sea parte.<\/li>\n<li>Asesor\u00edas a las \u00c1reas Administrativas de la Secretar\u00eda en asuntos de su competencia, a petici\u00f3n de las mismas.<\/li>\n<li>Estructuraci\u00f3n e integraci\u00f3n de iniciativas de Leyes, decretos, acuerdos, reglamentos y dem\u00e1s instrumentos legales, que emita la Secretar\u00eda de Vialidad y Transporte.<\/li>\n<li>Opiniones jur\u00eddicas en materia administrativa y en materia de contratos y convenios.<\/li>\n<li>Imposici\u00f3n de multas administrativas conforme al Reglamento de la Ley de Transporte del Estado.<\/li>\n<li>Expedientes de Juicios de Amparo.<\/li>\n<li>Expedientes de juicios ante el Tribunal de lo Contencioso Administrativo y de cuentas.<\/li>\n<li>Representaci\u00f3n y defensa de la Secretar\u00eda de Vialidad y Transporte en los juicios contenciosos tramitados.<\/li>\n<li>Iniciar, integrar y participar con el MP en la investigaci\u00f3n.<\/li>\n<li>Expedientes en materia de transparencia y acceso a la Inf. Pub.<\/li>\n<li>Expedientes laborales.<\/li>\n<li>Desahogo de diligencias y atenci\u00f3n permanente al p\u00fablico en general.<\/li>\n<\/ul>\n<\/div>\n","protected":false},"excerpt":{"rendered":"<p>DIRECCI\u00d3N JUR\u00cdDICA DEPARTAMENTOS Descripci\u00f3n Misi\u00f3n y Visi\u00f3n Organigrama Facultades Procesos Operativos Ordenamientos Jur\u00eddicos Asuntos Atendidos 2017 Objetivos 2018 Metas Depto. Asuntos Jur\u00eddicos y Derechos Humanos Depto. Contencioso Administrativo y de Amparos Unidad de Transparencia Recursos de Revisi\u00f3n. Expedientes de extinci\u00f3n de dominio. Coadyuvancia en expedientes de responsabilidad iniciados en la Secretar\u00eda de la Contralor\u00eda y [&hellip;]<\/p>\n","protected":false},"author":1,"featured_media":0,"parent":0,"menu_order":0,"comment_status":"closed","ping_status":"closed","template":"","meta":{"episode_type":"","audio_file":"","podmotor_file_id":"","podmotor_episode_id":"","cover_image":"","cover_image_id":"","duration":"","filesize":"","filesize_raw":"","date_recorded":"","explicit":"","block":"","itunes_episode_number":"","itunes_title":"","itunes_season_number":"","itunes_episode_type":"","footnotes":""},"categories":[],"tags":[],"class_list":["post-2118","page","type-page","status-publish","hentry"],"acf":[],"publishpress_future_action":{"enabled":false,"date":"2026-05-20 10:44:26","action":"change-status","newStatus":"draft","terms":[],"taxonomy":"category","extraData":[]},"publishpress_future_workflow_manual_trigger":{"enabledWorkflows":[]},"_links":{"self":[{"href":"https:\/\/www.oaxaca.gob.mx\/semovi\/wp-json\/wp\/v2\/pages\/2118","targetHints":{"allow":["GET"]}}],"collection":[{"href":"https:\/\/www.oaxaca.gob.mx\/semovi\/wp-json\/wp\/v2\/pages"}],"about":[{"href":"https:\/\/www.oaxaca.gob.mx\/semovi\/wp-json\/wp\/v2\/types\/page"}],"author":[{"embeddable":true,"href":"https:\/\/www.oaxaca.gob.mx\/semovi\/wp-json\/wp\/v2\/users\/1"}],"replies":[{"embeddable":true,"href":"https:\/\/www.oaxaca.gob.mx\/semovi\/wp-json\/wp\/v2\/comments?post=2118"}],"version-history":[{"count":0,"href":"https:\/\/www.oaxaca.gob.mx\/semovi\/wp-json\/wp\/v2\/pages\/2118\/revisions"}],"wp:attachment":[{"href":"https:\/\/www.oaxaca.gob.mx\/semovi\/wp-json\/wp\/v2\/media?parent=2118"}],"wp:term":[{"taxonomy":"category","embeddable":true,"href":"https:\/\/www.oaxaca.gob.mx\/semovi\/wp-json\/wp\/v2\/categories?post=2118"},{"taxonomy":"post_tag","embeddable":true,"href":"https:\/\/www.oaxaca.gob.mx\/semovi\/wp-json\/wp\/v2\/tags?post=2118"}],"curies":[{"name":"wp","href":"https:\/\/api.w.org\/{rel}","templated":true}]}}